{"id":3726,"date":"2024-03-14T09:30:24","date_gmt":"2024-03-14T06:30:24","guid":{"rendered":"https:\/\/drcengizhan.com\/?page_id=3726"},"modified":"2024-09-23T16:27:18","modified_gmt":"2024-09-23T13:27:18","slug":"popo-estetigi-sonuclari","status":"publish","type":"page","link":"https:\/\/drcengizhan.com\/tr\/oncesi-sonrasi\/popo-estetigi-sonuclari\/","title":{"rendered":"Popo Esteti\u011fi Sonu\u00e7lar\u0131"},"content":{"rendered":"\t\t<div data-elementor-type=\"wp-page\" data-elementor-id=\"3726\" class=\"elementor elementor-3726 elementor-3715\" data-elementor-post-type=\"page\">\n\t\t\t\t<div class=\"elementor-element elementor-element-9889cc9 e-flex e-con-boxed e-con e-parent\" data-id=\"9889cc9\" data-element_type=\"container\" data-e-type=\"container\">\n\t\t\t\t\t<div class=\"e-con-inner\">\n\t\t\t\t<div class=\"elementor-element elementor-element-75082d54 elementor-widget elementor-widget-text-editor\" data-id=\"75082d54\" data-element_type=\"widget\" data-e-type=\"widget\" data-widget_type=\"text-editor.default\">\n\t\t\t\t<div class=\"elementor-widget-container\">\n\t\t\t\t\t\t\t\t\t\n<p>The results of <a href=\"https:\/\/drcengizhan.com\/brazilian-butt-lift\/\">Brazilian Butt Lift<\/a> procedures in Turkey are truly impressive! These images serve as evidence that many people&#8217;s dreams have become a reality. The expertise of aesthetic professionals and the satisfaction of patients are evident in each image. Demonstrating that achieving the buttocks of your dreams is possible, these images reflect the remarkable success of Brazilian Butt Lift procedures in Turkey.<\/p>\n\n<p><strong>Aesthetic Transformation Stories<\/strong><\/p>\n\t\t\t\t\t\t\t\t<\/div>\n\t\t\t\t<\/div>\n\t\t\t\t\t<\/div>\n\t\t\t\t<\/div>\n\t\t<div class=\"elementor-element elementor-element-b69e433 e-flex e-con-boxed e-con e-parent\" data-id=\"b69e433\" data-element_type=\"container\" data-e-type=\"container\">\n\t\t\t\t\t<div class=\"e-con-inner\">\n\t\t\t\t<div class=\"elementor-element elementor-element-620681b gallery-spacing-custom elementor-widget elementor-widget-image-gallery\" data-id=\"620681b\" data-element_type=\"widget\" data-e-type=\"widget\" data-widget_type=\"image-gallery.default\">\n\t\t\t\t<div class=\"elementor-widget-container\">\n\t\t\t\t\t\t\t<div class=\"elementor-image-gallery\">\n\t\t\t\n\t\t<style>\n\t\t\t#gallery-1 {\n\t\t\t\tmargin: auto;\n\t\t\t}\n\t\t\t#gallery-1 .gallery-item {\n\t\t\t\tfloat: left;\n\t\t\t\tmargin-top: 10px;\n\t\t\t\ttext-align: center;\n\t\t\t\twidth: 33%;\n\t\t\t}\n\t\t\t#gallery-1 img {\n\t\t\t\tborder: 2px solid #cfcfcf;\n\t\t\t}\n\t\t\t#gallery-1 .gallery-caption {\n\t\t\t\tmargin-left: 0;\n\t\t\t}\n\t\t\t\/* see gallery_shortcode() in wp-includes\/media.php *\/\n\t\t<\/style>\n\t\t<div id='gallery-1' class='gallery galleryid-3726 gallery-columns-3 gallery-size-2048x2048'><dl class='gallery-item'>\n\t\t\t<dt class='gallery-icon landscape'>\n\t\t\t\t<a data-elementor-open-lightbox=\"yes\" data-elementor-lightbox-slideshow=\"620681b\" data-elementor-lightbox-title=\"bbl3\" data-e-action-hash=\"#elementor-action%3Aaction%3Dlightbox%26settings%3DeyJpZCI6MjExNDgsInVybCI6Imh0dHBzOlwvXC9kcmNlbmdpemhhbi5jb21cL3dwLWNvbnRlbnRcL3VwbG9hZHNcLzIwMjRcLzAzXC9iYmwzLmpwZyIsInNsaWRlc2hvdyI6IjYyMDY4MWIifQ%3D%3D\" href='https:\/\/drcengizhan.com\/wp-content\/uploads\/2024\/03\/bbl3.jpg'><img fetchpriority=\"high\" width=\"1080\" height=\"1080\" src=\"https:\/\/drcengizhan.com\/wp-content\/uploads\/2024\/03\/bbl3.jpg\" class=\"attachment-2048x2048 size-2048x2048\" alt=\"\" decoding=\"async\" srcset=\"https:\/\/drcengizhan.com\/wp-content\/uploads\/2024\/03\/bbl3.jpg 1080w, https:\/\/drcengizhan.com\/wp-content\/uploads\/2024\/03\/bbl3-300x300.jpg 300w, https:\/\/drcengizhan.com\/wp-content\/uploads\/2024\/03\/bbl3-1024x1024.jpg 1024w, https:\/\/drcengizhan.com\/wp-content\/uploads\/2024\/03\/bbl3-150x150.jpg 150w, https:\/\/drcengizhan.com\/wp-content\/uploads\/2024\/03\/bbl3-768x768.jpg 768w\" sizes=\"(max-width: 1080px) 100vw, 1080px\" \/><\/a>\n\t\t\t<\/dt><\/dl><dl class='gallery-item'>\n\t\t\t<dt class='gallery-icon landscape'>\n\t\t\t\t<a data-elementor-open-lightbox=\"yes\" data-elementor-lightbox-slideshow=\"620681b\" data-elementor-lightbox-title=\"bbl2\" data-e-action-hash=\"#elementor-action%3Aaction%3Dlightbox%26settings%3DeyJpZCI6MjExNDUsInVybCI6Imh0dHBzOlwvXC9kcmNlbmdpemhhbi5jb21cL3dwLWNvbnRlbnRcL3VwbG9hZHNcLzIwMjRcLzAzXC9iYmwyLmpwZyIsInNsaWRlc2hvdyI6IjYyMDY4MWIifQ%3D%3D\" href='https:\/\/drcengizhan.com\/wp-content\/uploads\/2024\/03\/bbl2.jpg'><img width=\"1080\" height=\"1080\" src=\"https:\/\/drcengizhan.com\/wp-content\/uploads\/2024\/03\/bbl2.jpg\" class=\"attachment-2048x2048 size-2048x2048\" alt=\"\" decoding=\"async\" srcset=\"https:\/\/drcengizhan.com\/wp-content\/uploads\/2024\/03\/bbl2.jpg 1080w, https:\/\/drcengizhan.com\/wp-content\/uploads\/2024\/03\/bbl2-300x300.jpg 300w, https:\/\/drcengizhan.com\/wp-content\/uploads\/2024\/03\/bbl2-1024x1024.jpg 1024w, https:\/\/drcengizhan.com\/wp-content\/uploads\/2024\/03\/bbl2-150x150.jpg 150w, https:\/\/drcengizhan.com\/wp-content\/uploads\/2024\/03\/bbl2-768x768.jpg 768w\" sizes=\"(max-width: 1080px) 100vw, 1080px\" \/><\/a>\n\t\t\t<\/dt><\/dl><dl class='gallery-item'>\n\t\t\t<dt class='gallery-icon landscape'>\n\t\t\t\t<a data-elementor-open-lightbox=\"yes\" data-elementor-lightbox-slideshow=\"620681b\" data-elementor-lightbox-title=\"bbl5\" data-e-action-hash=\"#elementor-action%3Aaction%3Dlightbox%26settings%3DeyJpZCI6MjExNDIsInVybCI6Imh0dHBzOlwvXC9kcmNlbmdpemhhbi5jb21cL3dwLWNvbnRlbnRcL3VwbG9hZHNcLzIwMjRcLzAzXC9iYmw1LmpwZyIsInNsaWRlc2hvdyI6IjYyMDY4MWIifQ%3D%3D\" href='https:\/\/drcengizhan.com\/wp-content\/uploads\/2024\/03\/bbl5.jpg'><img width=\"1080\" height=\"1080\" src=\"https:\/\/drcengizhan.com\/wp-content\/uploads\/2024\/03\/bbl5.jpg\" class=\"attachment-2048x2048 size-2048x2048\" alt=\"\" decoding=\"async\" srcset=\"https:\/\/drcengizhan.com\/wp-content\/uploads\/2024\/03\/bbl5.jpg 1080w, https:\/\/drcengizhan.com\/wp-content\/uploads\/2024\/03\/bbl5-300x300.jpg 300w, https:\/\/drcengizhan.com\/wp-content\/uploads\/2024\/03\/bbl5-1024x1024.jpg 1024w, https:\/\/drcengizhan.com\/wp-content\/uploads\/2024\/03\/bbl5-150x150.jpg 150w, https:\/\/drcengizhan.com\/wp-content\/uploads\/2024\/03\/bbl5-768x768.jpg 768w\" sizes=\"(max-width: 1080px) 100vw, 1080px\" \/><\/a>\n\t\t\t<\/dt><\/dl><br style=\"clear: both\" \/><dl class='gallery-item'>\n\t\t\t<dt class='gallery-icon landscape'>\n\t\t\t\t<a data-elementor-open-lightbox=\"yes\" data-elementor-lightbox-slideshow=\"620681b\" data-elementor-lightbox-title=\"bbl6\" data-e-action-hash=\"#elementor-action%3Aaction%3Dlightbox%26settings%3DeyJpZCI6MjExMzksInVybCI6Imh0dHBzOlwvXC9kcmNlbmdpemhhbi5jb21cL3dwLWNvbnRlbnRcL3VwbG9hZHNcLzIwMjRcLzAzXC9iYmw2LmpwZyIsInNsaWRlc2hvdyI6IjYyMDY4MWIifQ%3D%3D\" href='https:\/\/drcengizhan.com\/wp-content\/uploads\/2024\/03\/bbl6.jpg'><img loading=\"lazy\" width=\"1080\" height=\"1080\" src=\"https:\/\/drcengizhan.com\/wp-content\/uploads\/2024\/03\/bbl6.jpg\" class=\"attachment-2048x2048 size-2048x2048\" alt=\"\" decoding=\"async\" srcset=\"https:\/\/drcengizhan.com\/wp-content\/uploads\/2024\/03\/bbl6.jpg 1080w, https:\/\/drcengizhan.com\/wp-content\/uploads\/2024\/03\/bbl6-300x300.jpg 300w, https:\/\/drcengizhan.com\/wp-content\/uploads\/2024\/03\/bbl6-1024x1024.jpg 1024w, https:\/\/drcengizhan.com\/wp-content\/uploads\/2024\/03\/bbl6-150x150.jpg 150w, https:\/\/drcengizhan.com\/wp-content\/uploads\/2024\/03\/bbl6-768x768.jpg 768w\" sizes=\"(max-width: 1080px) 100vw, 1080px\" \/><\/a>\n\t\t\t<\/dt><\/dl><dl class='gallery-item'>\n\t\t\t<dt class='gallery-icon landscape'>\n\t\t\t\t<a data-elementor-open-lightbox=\"yes\" data-elementor-lightbox-slideshow=\"620681b\" data-elementor-lightbox-title=\"bbl4\" data-e-action-hash=\"#elementor-action%3Aaction%3Dlightbox%26settings%3DeyJpZCI6MjExMzYsInVybCI6Imh0dHBzOlwvXC9kcmNlbmdpemhhbi5jb21cL3dwLWNvbnRlbnRcL3VwbG9hZHNcLzIwMjRcLzAzXC9iYmw0LmpwZyIsInNsaWRlc2hvdyI6IjYyMDY4MWIifQ%3D%3D\" href='https:\/\/drcengizhan.com\/wp-content\/uploads\/2024\/03\/bbl4.jpg'><img loading=\"lazy\" width=\"1080\" height=\"1080\" src=\"https:\/\/drcengizhan.com\/wp-content\/uploads\/2024\/03\/bbl4.jpg\" class=\"attachment-2048x2048 size-2048x2048\" alt=\"\" decoding=\"async\" srcset=\"https:\/\/drcengizhan.com\/wp-content\/uploads\/2024\/03\/bbl4.jpg 1080w, https:\/\/drcengizhan.com\/wp-content\/uploads\/2024\/03\/bbl4-300x300.jpg 300w, https:\/\/drcengizhan.com\/wp-content\/uploads\/2024\/03\/bbl4-1024x1024.jpg 1024w, https:\/\/drcengizhan.com\/wp-content\/uploads\/2024\/03\/bbl4-150x150.jpg 150w, https:\/\/drcengizhan.com\/wp-content\/uploads\/2024\/03\/bbl4-768x768.jpg 768w\" sizes=\"(max-width: 1080px) 100vw, 1080px\" \/><\/a>\n\t\t\t<\/dt><\/dl><dl class='gallery-item'>\n\t\t\t<dt class='gallery-icon landscape'>\n\t\t\t\t<a data-elementor-open-lightbox=\"yes\" data-elementor-lightbox-slideshow=\"620681b\" data-elementor-lightbox-title=\"bb1\" data-e-action-hash=\"#elementor-action%3Aaction%3Dlightbox%26settings%3DeyJpZCI6MjExMzMsInVybCI6Imh0dHBzOlwvXC9kcmNlbmdpemhhbi5jb21cL3dwLWNvbnRlbnRcL3VwbG9hZHNcLzIwMjRcLzAzXC9iYjEuanBnIiwic2xpZGVzaG93IjoiNjIwNjgxYiJ9\" href='https:\/\/drcengizhan.com\/wp-content\/uploads\/2024\/03\/bb1.jpg'><img loading=\"lazy\" width=\"1080\" height=\"1080\" src=\"https:\/\/drcengizhan.com\/wp-content\/uploads\/2024\/03\/bb1.jpg\" class=\"attachment-2048x2048 size-2048x2048\" alt=\"\" decoding=\"async\" srcset=\"https:\/\/drcengizhan.com\/wp-content\/uploads\/2024\/03\/bb1.jpg 1080w, https:\/\/drcengizhan.com\/wp-content\/uploads\/2024\/03\/bb1-300x300.jpg 300w, https:\/\/drcengizhan.com\/wp-content\/uploads\/2024\/03\/bb1-1024x1024.jpg 1024w, https:\/\/drcengizhan.com\/wp-content\/uploads\/2024\/03\/bb1-150x150.jpg 150w, https:\/\/drcengizhan.com\/wp-content\/uploads\/2024\/03\/bb1-768x768.jpg 768w\" sizes=\"(max-width: 1080px) 100vw, 1080px\" \/><\/a>\n\t\t\t<\/dt><\/dl><br style=\"clear: both\" \/>\n\t\t<\/div>\n\t\t<\/div>\n\t\t\t\t\t\t<\/div>\n\t\t\t\t<\/div>\n\t\t\t\t\t<\/div>\n\t\t\t\t<\/div>\n\t\t\t\t<\/div>\n\t\t","protected":false},"excerpt":{"rendered":"<p>\u00d6ncesi ve Sonras\u0131: Estetik D\u00f6n\u00fc\u015f\u00fcm Hikayeleri Ho\u015f geldin! Dr. Cengizhan Ekizceli&#8217;nin estetik cerrahi uzmanl\u0131\u011f\u0131n\u0131n yaratt\u0131\u011f\u0131 d\u00f6n\u00fc\u015f\u00fcm hikayelerini bu sayfada ke\u015ffedin. Estetik prosed\u00fcrlerin getirdi\u011fi etkileyici de\u011fi\u015fikliklere tan\u0131k olmak i\u00e7in hastalar\u0131m\u0131z\u0131n \u00f6ncesi ve sonras\u0131 g\u00f6r\u00fcnt\u00fclerini ke\u015ffedin.<\/p>\n","protected":false},"author":1,"featured_media":0,"parent":24476,"menu_order":0,"comment_status":"closed","ping_status":"closed","template":"","meta":{"footnotes":""},"class_list":["post-3726","page","type-page","status-publish","hentry"],"yoast_head":"<!-- This site is optimized with the Yoast SEO Premium plugin v27.3 (Yoast SEO v27.4) - https:\/\/yoast.com\/product\/yoast-seo-premium-wordpress\/ -->\n<title>Popo Esteti\u011fi Sonu\u00e7lar\u0131 - Dr. Cengizhan Ekizceli<\/title>\n<meta name=\"description\" content=\"Popo esteti\u011fi sonu\u00e7lar\u0131, operasyon \u00f6ncesi ve sonras\u0131 g\u00f6r\u00fcn\u00fcmdeki d\u00f6n\u00fc\u015f\u00fcmleri g\u00f6stererek do\u011fal ve estetik bir g\u00f6r\u00fcn\u00fcm elde edildi\u011fini kan\u0131tlar.\" \/>\n<meta name=\"robots\" content=\"index, follow, max-snippet:-1, max-image-preview:large, max-video-preview:-1\" \/>\n<link rel=\"canonical\" href=\"https:\/\/drcengizhan.com\/tr\/oncesi-sonrasi\/popo-estetigi-sonuclari\/\" \/>\n<meta property=\"og:locale\" content=\"tr_TR\" \/>\n<meta property=\"og:type\" content=\"article\" \/>\n<meta property=\"og:title\" content=\"Popo Esteti\u011fi Sonu\u00e7lar\u0131\" \/>\n<meta property=\"og:description\" content=\"Popo esteti\u011fi sonu\u00e7lar\u0131, operasyon \u00f6ncesi ve sonras\u0131 g\u00f6r\u00fcn\u00fcmdeki d\u00f6n\u00fc\u015f\u00fcmleri g\u00f6stererek do\u011fal ve estetik bir g\u00f6r\u00fcn\u00fcm elde edildi\u011fini kan\u0131tlar.\" \/>\n<meta property=\"og:url\" content=\"https:\/\/drcengizhan.com\/tr\/oncesi-sonrasi\/popo-estetigi-sonuclari\/\" \/>\n<meta property=\"og:site_name\" content=\"Dr. Cengizhan Ekizceli\" \/>\n<meta property=\"article:publisher\" content=\"https:\/\/www.facebook.com\/drcengizhan\/\" \/>\n<meta property=\"article:modified_time\" content=\"2024-09-23T13:27:18+00:00\" \/>\n<meta property=\"og:image\" content=\"https:\/\/drcengizhan.com\/wp-content\/uploads\/2024\/03\/bbl3-1024x1024.jpg\" \/>\n<meta name=\"twitter:card\" content=\"summary_large_image\" \/>\n<script type=\"application\/ld+json\" class=\"yoast-schema-graph\">{\"@context\":\"https:\\\/\\\/schema.org\",\"@graph\":[{\"@type\":\"WebPage\",\"@id\":\"https:\\\/\\\/drcengizhan.com\\\/tr\\\/oncesi-sonrasi\\\/popo-estetigi-sonuclari\\\/\",\"url\":\"https:\\\/\\\/drcengizhan.com\\\/tr\\\/oncesi-sonrasi\\\/popo-estetigi-sonuclari\\\/\",\"name\":\"Popo Esteti\u011fi Sonu\u00e7lar\u0131 - Dr. Cengizhan Ekizceli\",\"isPartOf\":{\"@id\":\"https:\\\/\\\/drcengizhan.com\\\/tr\\\/#website\"},\"primaryImageOfPage\":{\"@id\":\"https:\\\/\\\/drcengizhan.com\\\/tr\\\/oncesi-sonrasi\\\/popo-estetigi-sonuclari\\\/#primaryimage\"},\"image\":{\"@id\":\"https:\\\/\\\/drcengizhan.com\\\/tr\\\/oncesi-sonrasi\\\/popo-estetigi-sonuclari\\\/#primaryimage\"},\"thumbnailUrl\":\"https:\\\/\\\/drcengizhan.com\\\/wp-content\\\/uploads\\\/2024\\\/03\\\/bbl3-1024x1024.jpg\",\"datePublished\":\"2024-03-14T06:30:24+00:00\",\"dateModified\":\"2024-09-23T13:27:18+00:00\",\"description\":\"Popo esteti\u011fi sonu\u00e7lar\u0131, operasyon \u00f6ncesi ve sonras\u0131 g\u00f6r\u00fcn\u00fcmdeki d\u00f6n\u00fc\u015f\u00fcmleri g\u00f6stererek do\u011fal ve estetik bir g\u00f6r\u00fcn\u00fcm elde edildi\u011fini kan\u0131tlar.\",\"breadcrumb\":{\"@id\":\"https:\\\/\\\/drcengizhan.com\\\/tr\\\/oncesi-sonrasi\\\/popo-estetigi-sonuclari\\\/#breadcrumb\"},\"inLanguage\":\"tr\",\"potentialAction\":[{\"@type\":\"ReadAction\",\"target\":[\"https:\\\/\\\/drcengizhan.com\\\/tr\\\/oncesi-sonrasi\\\/popo-estetigi-sonuclari\\\/\"]}]},{\"@type\":\"ImageObject\",\"inLanguage\":\"tr\",\"@id\":\"https:\\\/\\\/drcengizhan.com\\\/tr\\\/oncesi-sonrasi\\\/popo-estetigi-sonuclari\\\/#primaryimage\",\"url\":\"https:\\\/\\\/drcengizhan.com\\\/wp-content\\\/uploads\\\/2024\\\/03\\\/bbl3-1024x1024.jpg\",\"contentUrl\":\"https:\\\/\\\/drcengizhan.com\\\/wp-content\\\/uploads\\\/2024\\\/03\\\/bbl3-1024x1024.jpg\"},{\"@type\":\"BreadcrumbList\",\"@id\":\"https:\\\/\\\/drcengizhan.com\\\/tr\\\/oncesi-sonrasi\\\/popo-estetigi-sonuclari\\\/#breadcrumb\",\"itemListElement\":[{\"@type\":\"ListItem\",\"position\":1,\"name\":\"Home\",\"item\":\"https:\\\/\\\/drcengizhan.com\\\/tr\\\/\"},{\"@type\":\"ListItem\",\"position\":2,\"name\":\"\u00d6ncesi Sonras\u0131\",\"item\":\"https:\\\/\\\/drcengizhan.com\\\/tr\\\/before-after\\\/\"},{\"@type\":\"ListItem\",\"position\":3,\"name\":\"Popo Esteti\u011fi Sonu\u00e7lar\u0131\"}]},{\"@type\":\"WebSite\",\"@id\":\"https:\\\/\\\/drcengizhan.com\\\/tr\\\/#website\",\"url\":\"https:\\\/\\\/drcengizhan.com\\\/tr\\\/\",\"name\":\"Dr. Cengizhan Ekizceli\",\"description\":\"Plastic Surgeon in Turkey\",\"publisher\":{\"@id\":\"https:\\\/\\\/drcengizhan.com\\\/tr\\\/#organization\"},\"potentialAction\":[{\"@type\":\"SearchAction\",\"target\":{\"@type\":\"EntryPoint\",\"urlTemplate\":\"https:\\\/\\\/drcengizhan.com\\\/tr\\\/?s={search_term_string}\"},\"query-input\":{\"@type\":\"PropertyValueSpecification\",\"valueRequired\":true,\"valueName\":\"search_term_string\"}}],\"inLanguage\":\"tr\"},{\"@type\":\"Organization\",\"@id\":\"https:\\\/\\\/drcengizhan.com\\\/tr\\\/#organization\",\"name\":\"Dr. Cengizhan Ekizceli\",\"url\":\"https:\\\/\\\/drcengizhan.com\\\/tr\\\/\",\"logo\":{\"@type\":\"ImageObject\",\"inLanguage\":\"tr\",\"@id\":\"https:\\\/\\\/drcengizhan.com\\\/tr\\\/#\\\/schema\\\/logo\\\/image\\\/\",\"url\":\"https:\\\/\\\/drcengizhan.com\\\/wp-content\\\/uploads\\\/2024\\\/07\\\/drce_yatay_logo-e1721899271292.webp\",\"contentUrl\":\"https:\\\/\\\/drcengizhan.com\\\/wp-content\\\/uploads\\\/2024\\\/07\\\/drce_yatay_logo-e1721899271292.webp\",\"width\":960,\"height\":307,\"caption\":\"Dr. Cengizhan Ekizceli\"},\"image\":{\"@id\":\"https:\\\/\\\/drcengizhan.com\\\/tr\\\/#\\\/schema\\\/logo\\\/image\\\/\"},\"sameAs\":[\"https:\\\/\\\/www.facebook.com\\\/drcengizhan\\\/\"]}]}<\/script>\n<!-- \/ Yoast SEO Premium plugin. -->","yoast_head_json":{"title":"Popo Esteti\u011fi Sonu\u00e7lar\u0131 - Dr. Cengizhan Ekizceli","description":"Popo esteti\u011fi sonu\u00e7lar\u0131, operasyon \u00f6ncesi ve sonras\u0131 g\u00f6r\u00fcn\u00fcmdeki d\u00f6n\u00fc\u015f\u00fcmleri g\u00f6stererek do\u011fal ve estetik bir g\u00f6r\u00fcn\u00fcm elde edildi\u011fini kan\u0131tlar.","robots":{"index":"index","follow":"follow","max-snippet":"max-snippet:-1","max-image-preview":"max-image-preview:large","max-video-preview":"max-video-preview:-1"},"canonical":"https:\/\/drcengizhan.com\/tr\/oncesi-sonrasi\/popo-estetigi-sonuclari\/","og_locale":"tr_TR","og_type":"article","og_title":"Popo Esteti\u011fi Sonu\u00e7lar\u0131","og_description":"Popo esteti\u011fi sonu\u00e7lar\u0131, operasyon \u00f6ncesi ve sonras\u0131 g\u00f6r\u00fcn\u00fcmdeki d\u00f6n\u00fc\u015f\u00fcmleri g\u00f6stererek do\u011fal ve estetik bir g\u00f6r\u00fcn\u00fcm elde edildi\u011fini kan\u0131tlar.","og_url":"https:\/\/drcengizhan.com\/tr\/oncesi-sonrasi\/popo-estetigi-sonuclari\/","og_site_name":"Dr. Cengizhan Ekizceli","article_publisher":"https:\/\/www.facebook.com\/drcengizhan\/","article_modified_time":"2024-09-23T13:27:18+00:00","og_image":[{"url":"https:\/\/drcengizhan.com\/wp-content\/uploads\/2024\/03\/bbl3-1024x1024.jpg","type":"","width":"","height":""}],"twitter_card":"summary_large_image","schema":{"@context":"https:\/\/schema.org","@graph":[{"@type":"WebPage","@id":"https:\/\/drcengizhan.com\/tr\/oncesi-sonrasi\/popo-estetigi-sonuclari\/","url":"https:\/\/drcengizhan.com\/tr\/oncesi-sonrasi\/popo-estetigi-sonuclari\/","name":"Popo Esteti\u011fi Sonu\u00e7lar\u0131 - Dr. Cengizhan Ekizceli","isPartOf":{"@id":"https:\/\/drcengizhan.com\/tr\/#website"},"primaryImageOfPage":{"@id":"https:\/\/drcengizhan.com\/tr\/oncesi-sonrasi\/popo-estetigi-sonuclari\/#primaryimage"},"image":{"@id":"https:\/\/drcengizhan.com\/tr\/oncesi-sonrasi\/popo-estetigi-sonuclari\/#primaryimage"},"thumbnailUrl":"https:\/\/drcengizhan.com\/wp-content\/uploads\/2024\/03\/bbl3-1024x1024.jpg","datePublished":"2024-03-14T06:30:24+00:00","dateModified":"2024-09-23T13:27:18+00:00","description":"Popo esteti\u011fi sonu\u00e7lar\u0131, operasyon \u00f6ncesi ve sonras\u0131 g\u00f6r\u00fcn\u00fcmdeki d\u00f6n\u00fc\u015f\u00fcmleri g\u00f6stererek do\u011fal ve estetik bir g\u00f6r\u00fcn\u00fcm elde edildi\u011fini kan\u0131tlar.","breadcrumb":{"@id":"https:\/\/drcengizhan.com\/tr\/oncesi-sonrasi\/popo-estetigi-sonuclari\/#breadcrumb"},"inLanguage":"tr","potentialAction":[{"@type":"ReadAction","target":["https:\/\/drcengizhan.com\/tr\/oncesi-sonrasi\/popo-estetigi-sonuclari\/"]}]},{"@type":"ImageObject","inLanguage":"tr","@id":"https:\/\/drcengizhan.com\/tr\/oncesi-sonrasi\/popo-estetigi-sonuclari\/#primaryimage","url":"https:\/\/drcengizhan.com\/wp-content\/uploads\/2024\/03\/bbl3-1024x1024.jpg","contentUrl":"https:\/\/drcengizhan.com\/wp-content\/uploads\/2024\/03\/bbl3-1024x1024.jpg"},{"@type":"BreadcrumbList","@id":"https:\/\/drcengizhan.com\/tr\/oncesi-sonrasi\/popo-estetigi-sonuclari\/#breadcrumb","itemListElement":[{"@type":"ListItem","position":1,"name":"Home","item":"https:\/\/drcengizhan.com\/tr\/"},{"@type":"ListItem","position":2,"name":"\u00d6ncesi Sonras\u0131","item":"https:\/\/drcengizhan.com\/tr\/before-after\/"},{"@type":"ListItem","position":3,"name":"Popo Esteti\u011fi Sonu\u00e7lar\u0131"}]},{"@type":"WebSite","@id":"https:\/\/drcengizhan.com\/tr\/#website","url":"https:\/\/drcengizhan.com\/tr\/","name":"Dr. Cengizhan Ekizceli","description":"Plastic Surgeon in Turkey","publisher":{"@id":"https:\/\/drcengizhan.com\/tr\/#organization"},"potentialAction":[{"@type":"SearchAction","target":{"@type":"EntryPoint","urlTemplate":"https:\/\/drcengizhan.com\/tr\/?s={search_term_string}"},"query-input":{"@type":"PropertyValueSpecification","valueRequired":true,"valueName":"search_term_string"}}],"inLanguage":"tr"},{"@type":"Organization","@id":"https:\/\/drcengizhan.com\/tr\/#organization","name":"Dr. Cengizhan Ekizceli","url":"https:\/\/drcengizhan.com\/tr\/","logo":{"@type":"ImageObject","inLanguage":"tr","@id":"https:\/\/drcengizhan.com\/tr\/#\/schema\/logo\/image\/","url":"https:\/\/drcengizhan.com\/wp-content\/uploads\/2024\/07\/drce_yatay_logo-e1721899271292.webp","contentUrl":"https:\/\/drcengizhan.com\/wp-content\/uploads\/2024\/07\/drce_yatay_logo-e1721899271292.webp","width":960,"height":307,"caption":"Dr. Cengizhan Ekizceli"},"image":{"@id":"https:\/\/drcengizhan.com\/tr\/#\/schema\/logo\/image\/"},"sameAs":["https:\/\/www.facebook.com\/drcengizhan\/"]}]}},"_links":{"self":[{"href":"https:\/\/drcengizhan.com\/tr\/wp-json\/wp\/v2\/pages\/3726","targetHints":{"allow":["GET"]}}],"collection":[{"href":"https:\/\/drcengizhan.com\/tr\/wp-json\/wp\/v2\/pages"}],"about":[{"href":"https:\/\/drcengizhan.com\/tr\/wp-json\/wp\/v2\/types\/page"}],"author":[{"embeddable":true,"href":"https:\/\/drcengizhan.com\/tr\/wp-json\/wp\/v2\/users\/1"}],"replies":[{"embeddable":true,"href":"https:\/\/drcengizhan.com\/tr\/wp-json\/wp\/v2\/comments?post=3726"}],"version-history":[{"count":0,"href":"https:\/\/drcengizhan.com\/tr\/wp-json\/wp\/v2\/pages\/3726\/revisions"}],"up":[{"embeddable":true,"href":"https:\/\/drcengizhan.com\/tr\/wp-json\/wp\/v2\/pages\/24476"}],"wp:attachment":[{"href":"https:\/\/drcengizhan.com\/tr\/wp-json\/wp\/v2\/media?parent=3726"}],"curies":[{"name":"wp","href":"https:\/\/api.w.org\/{rel}","templated":true}]}}