{"id":27459,"date":"2024-06-16T09:24:12","date_gmt":"2024-06-16T06:24:12","guid":{"rendered":"https:\/\/drcengizhan.com\/new\/?page_id=27459"},"modified":"2024-09-23T16:14:17","modified_gmt":"2024-09-23T13:14:17","slug":"sac-ekimi","status":"publish","type":"page","link":"https:\/\/drcengizhan.com\/tr\/sac-ekimi\/","title":{"rendered":"Sa\u00e7 Ekimi"},"content":{"rendered":"<p><b>Sa\u00e7 d\u00f6k\u00fclmesi<\/b>, bir\u00e7ok ki\u015fi i\u00e7in \u00f6zg\u00fcven ve benlik sayg\u0131s\u0131n\u0131 etkileyen \u00f6nemli bir stres kayna\u011f\u0131 olabilir. Buna kar\u015f\u0131n, sa\u00e7 ekimi ameliyat\u0131 ile sa\u00e7 \u00e7izgisini yeniden olu\u015fturmak ve daha dolgun bir sa\u00e7lara kavu\u015fmak art\u0131k hayal de\u011fil! Bu yaz\u0131m\u0131z, sa\u00e7 ekiminin en son tekniklerinden dikkat edilmesi gereken noktalara kadar \u00e7e\u015fitli detay\u0131 ele alacakt\u0131r.<\/p>\n<h2>Sa\u00e7 Ekimi Nedir?<\/h2>\n<p>Sa\u00e7 ekimi, v\u00fccudun bir b\u00f6lgesinden (genellikle ba\u015f\u0131n arka veya yan k\u0131s\u0131mlar\u0131ndan) al\u0131nan sa\u00e7 k\u00f6klerinin (<i>folik\u00fcller<\/i>), <b>seyrelme <\/b>veya <b>kellik <\/b>ya\u015fanan b\u00f6lgelere aktar\u0131ld\u0131\u011f\u0131 cerrahi bir i\u015flemdir. Bu s\u00fcre\u00e7, sa\u00e7 d\u00f6k\u00fclmesine neden olan hormonlara diren\u00e7li olan belirli sa\u00e7l\u0131 deri b\u00f6lgelerinden yararlanarak, kellik veya seyrek sa\u00e7 sorunlar\u0131na kal\u0131c\u0131 bir \u00e7\u00f6z\u00fcm sunar.<\/p>\n<h2>Sa\u00e7 Ekimi T\u00fcrleri<\/h2>\n<p>Ba\u015fl\u0131ca iki t\u00fcr sa\u00e7 ekimi prosed\u00fcr\u00fc vard\u0131r:<\/p>\n<h3>Folik\u00fcler \u00dcnite Transplantasyonu (FUT)<\/h3>\n<p>FUT, don\u00f6r b\u00f6lgeden sa\u00e7 folik\u00fclleri i\u00e7eren bir deri \u015feridinin \u00e7\u0131kar\u0131lmas\u0131d\u0131r. Bu \u015ferit daha sonra ekim i\u015flemi i\u00e7in tek tek folik\u00fcler birimlere (\u00fcnitelere) b\u00f6l\u00fcn\u00fcr. Bu y\u00f6ntem tek bir seansta \u00e7ok say\u0131da greft elde edilmesini sa\u011flasa da, don\u00f6r b\u00f6lgede belirgin bir kesi izi b\u0131rak\u0131r.<\/p>\n<h3>Folik\u00fcler \u00dcnite Ekstraksiyonu (FUE)<\/h3>\n<p>FUE, k\u00fc\u00e7\u00fck bir ara\u00e7 kullan\u0131larak don\u00f6r b\u00f6lgeden do\u011frudan tek tek sa\u00e7 folik\u00fcllerinin \u00e7\u0131kar\u0131ld\u0131\u011f\u0131 <b>daha modern<\/b> bir tekniktir. Bu y\u00f6ntem <b>kesi izini en aza indirir<\/b> ve <b>daha h\u0131zl\u0131 bir iyile\u015fme s\u00fcresi sa\u011flar.<\/b> FUE, do\u011fal g\u00f6r\u00fcn\u00fcml\u00fc sonu\u00e7lar\u0131 ve iyile\u015fme s\u0131ras\u0131nda daha az rahats\u0131zl\u0131k vermesi nedeniyle pop\u00fcler bir tercihtir.<br \/>\nBunlar\u0131n yan\u0131 s\u0131ra, FUE&#8217;nin geli\u015fmi\u015f bir tekni\u011fi bulunur:<\/p>\n<ol>\n<li aria-level=\"1\"><b>Direkt Sa\u00e7 Ekimi (DHI)<\/b>: Bu teknik, ucunda i\u00e7i bo\u015f bir i\u011fne bulunan kalem benzeri bir alet olan \u00f6zel <b>Choi kalemi<\/b> ile uygulan\u0131r. Choi kalemi, sa\u00e7 folik\u00fcllerinin e\u015f zamanl\u0131 olarak \u00e7\u0131kar\u0131lmas\u0131na ve ekilmesine olanak tan\u0131r, bu da sa\u00e7 greftlerinin v\u00fccut d\u0131\u015f\u0131nda ge\u00e7irdi\u011fi s\u00fcreyi azalt\u0131r ve b\u00f6ylece daha iyi sonu\u00e7lar al\u0131nabilir.<\/li>\n<\/ol>\n<h2>Sa\u00e7 Ekimi Ameliyat\u0131n\u0131n A\u015famalar\u0131<\/h2>\n<p>Sa\u00e7 ekimi s\u00fcreci genellikle \u015fu a\u015famalar\u0131 i\u00e7erir:<\/p>\n<ol>\n<li aria-level=\"1\"><b>Kons\u00fcltasyon ve Planlama:<\/b> Cerrah, hastan\u0131n sa\u00e7 d\u00f6k\u00fclme modelini, don\u00f6r b\u00f6lgesini ve genel sa\u011fl\u0131k durumunu de\u011ferlendirerek en iyi yakla\u015f\u0131m\u0131 belirler.<\/li>\n<li aria-level=\"1\"><b>Haz\u0131rl\u0131k: <\/b>Don\u00f6r ve al\u0131c\u0131 b\u00f6lgeler temizlenir ve i\u015flem i\u00e7in haz\u0131rlan\u0131r.<\/li>\n<li aria-level=\"1\"><b>Greft \u00c7\u0131karma:<\/b> FUT veya FUE y\u00f6ntemi kullan\u0131larak don\u00f6r b\u00f6lgeden sa\u00e7 folik\u00fclleri \u00e7\u0131kar\u0131l\u0131r.<\/li>\n<li aria-level=\"1\"><b>Greft Haz\u0131rl\u0131\u011f\u0131:<\/b> \u00c7\u0131kar\u0131lan folik\u00fcller transplantasyon i\u00e7in dikkatle haz\u0131rlan\u0131r.<\/li>\n<li aria-level=\"1\"><b>Al\u0131c\u0131 B\u00f6lge Olu\u015fturma:<\/b> Sa\u00e7 greftlerini almak i\u00e7in seyrek b\u00f6lgelerde k\u00fc\u00e7\u00fck kesiler yap\u0131l\u0131r.<\/li>\n<li aria-level=\"1\"><b>Greft Yerle\u015ftirme:<\/b> Haz\u0131rlanan folik\u00fcller al\u0131c\u0131 b\u00f6lgelere dikkatle yerle\u015ftirilir.<\/li>\n<li aria-level=\"1\"><b>Ameliyat Sonras\u0131 Bak\u0131m:<\/b> Sa\u00e7l\u0131 deri temizlenir ve evde uzun vadeli bak\u0131ma ili\u015fkin talimatlar verilir.<\/li>\n<\/ol>\n<h2>Sa\u00e7 Ekimi Sonras\u0131 \u0130yile\u015fme<\/h2>\n<p>Sa\u00e7 ekimi sonras\u0131 iyile\u015fme genellikle kolay olarak nitelendirilir, ancak ameliyat sonras\u0131 talimatlara dikkatle ve sab\u0131rla uymay\u0131 gerektirir:<\/p>\n<ul>\n<li aria-level=\"1\"><b>\u0130lk Birka\u00e7 G\u00fcn:<\/b> Biraz \u015fi\u015fme ve rahats\u0131zl\u0131k beklenebilir. Nakil yap\u0131lan b\u00f6lgenin temizli\u011fi ve bak\u0131m\u0131 i\u00e7in cerrah\u0131n talimatlar\u0131n\u0131 takip edin.<\/li>\n<li aria-level=\"1\"><b>\u0130lk \u0130ki Hafta:<\/b> Nakledilen sa\u00e7lar d\u00f6k\u00fclmeye ba\u015flar, bu s\u00fcrecin normal bir par\u00e7as\u0131d\u0131r.<\/li>\n<li aria-level=\"1\"><b>2-3. Aylar:<\/b> Yeni sa\u00e7 b\u00fcy\u00fcmesi ba\u015flar, ancak ba\u015flang\u0131\u00e7ta ince ve d\u00fczensiz olabilir.<\/li>\n<li aria-level=\"1\"><b>6-12. Aylar:<\/b> Sa\u00e7 yo\u011funlu\u011fu ve g\u00f6r\u00fcn\u00fcm\u00fcnde belirgin bir iyile\u015fme fark edilir.<\/li>\n<li aria-level=\"1\"><b>12-18. Aylar:<\/b> Nakil i\u015fleminin nihai sonu\u00e7lar\u0131 genellikle g\u00f6r\u00fcn\u00fcr hale gelir.<\/li>\n<\/ul>\n<h2>Sa\u00e7 Ekimi \u00dccretleri<\/h2>\n<p><b>Sa\u00e7 ekimi fiyat\u0131<\/b>, sa\u00e7 kayb\u0131n\u0131n derecesi, gerekli greft say\u0131s\u0131, kullan\u0131lan teknik ve klini\u011fin konumu gibi fakt\u00f6rlere ba\u011fl\u0131 olarak geni\u015f bir yelpazede de\u011fi\u015febilir. Genel olarak, fiyatlar $3.000 ila $19.000 aras\u0131nda de\u011fi\u015fmekle birlikte ortalama fiyat $7.300 olarak hesaplanm\u0131\u015ft\u0131r (kaynak: <a href=\"https:\/\/www.realself.com\/surgical\/hair-transplant-surgery#how-much-it-costs\">RealSelf<\/a>).<\/p>\n<h2>Sa\u00e7 Ekimi \u00d6ncesi ve Sonras\u0131 \u00d6rnekleri<\/h2>\n<p>\u00d6ncesi ve sonras\u0131 foto\u011fraflar\u0131, bir sa\u00e7 ekimi i\u015fleminin potansiyel sonu\u00e7lar\u0131n\u0131 anlamak i\u00e7in olduk\u00e7a \u00f6nemlidir. Sizler de a\u015fa\u011f\u0131da derlenen Dr. Cengizhan Ekizceli\u2019ye ait \u00f6rneklere g\u00f6z atabilirsiniz!<\/p>\n<h2>SSS<\/h2>\n<ul>\n<li aria-level=\"1\"><b>T\u00fcrkiye&#8217;de sa\u00e7 ekiminin ortalama maliyeti nedir?<\/b><\/li>\n<\/ul>\n<p>T\u00fcrkiye&#8217;de sa\u00e7 ekiminin ortalama maliyeti <b>$2.000 ila $5.000<\/b> aras\u0131nda de\u011fi\u015fmektedir ve bu, bir\u00e7ok Avrupa \u00fclkesine g\u00f6re \u00f6nemli \u00f6l\u00e7\u00fcde d\u00fc\u015f\u00fckt\u00fcr. Bu rekabet\u00e7i fiyatland\u0131rma, y\u00fcksek kaliteli bak\u0131mla birle\u015fti\u011finde, T\u00fcrkiye&#8217;nin sa\u00e7 ekimi prosed\u00fcrleri i\u00e7in pop\u00fcler bir destinasyon haline gelmesine katk\u0131da bulunmu\u015ftur.<\/p>\n<ul>\n<li aria-level=\"1\"><b>Sa\u00e7 ekimi prosed\u00fcr\u00fc ne kadar s\u00fcrer?<\/b><\/li>\n<\/ul>\n<p>Tipik bir sa\u00e7 ekimi seans\u0131, nakledilen greft say\u0131s\u0131na ve kullan\u0131lan tekni\u011fe ba\u011fl\u0131 olarak <b>4 ila 8 saat<\/b> aras\u0131nda s\u00fcrebilir.<\/p>\n<ul>\n<li aria-level=\"1\"><b>Sa\u00e7 ekimi kal\u0131c\u0131 m\u0131d\u0131r?<\/b><\/li>\n<\/ul>\n<p><b>Evet<\/b>, sa\u00e7 ekimleri kal\u0131c\u0131 olarak kabul edilir. Nakledilen sa\u00e7lar kelle\u015fmeye diren\u00e7li alanlardan al\u0131nd\u0131\u011f\u0131 i\u00e7in yeni yerinde b\u00fcy\u00fcmeye devam eder.<\/p>\n<ul>\n<li aria-level=\"1\"><b>Sa\u00e7 ekimi ameliyat\u0131 ile ili\u015fkili riskler var m\u0131d\u0131r?<\/b><\/li>\n<\/ul>\n<p>Genellikle g\u00fcvenli olmakla birlikte, potansiyel riskler aras\u0131nda <i>enfeksiyon, yara izi olu\u015fumu, do\u011fal olmayan sa\u00e7 b\u00fcy\u00fcmesi<\/i> ve nadir durumlarda <i>nakledilen sa\u00e7\u0131n b\u00fcy\u00fcmemesi<\/i> say\u0131labilir.<\/p>\n<ul>\n<li aria-level=\"1\"><b>Sa\u00e7 ekiminden ne kadar s\u00fcre sonra normale d\u00f6nebilirim?<\/b><\/li>\n<\/ul>\n<p>\u00c7o\u011fu hasta, i\u015flerinin\/hayat tarzlar\u0131n\u0131n niteli\u011fine ve nakil kapsam\u0131na ba\u011fl\u0131 olarak prosed\u00fcrden 3-7 g\u00fcn sonra i\u015fe\/normal rutinlerine d\u00f6nebilir.<\/p>\n","protected":false},"excerpt":{"rendered":"<p>Sa\u00e7 d\u00f6k\u00fclmesi, bir\u00e7ok ki\u015fi i\u00e7in \u00f6zg\u00fcven ve benlik sayg\u0131s\u0131n\u0131 etkileyen \u00f6nemli bir stres kayna\u011f\u0131 olabilir. Buna kar\u015f\u0131n, sa\u00e7 ekimi ameliyat\u0131 ile sa\u00e7 \u00e7izgisini yeniden olu\u015fturmak ve daha dolgun bir sa\u00e7lara kavu\u015fmak art\u0131k hayal de\u011fil! Bu yaz\u0131m\u0131z, sa\u00e7 ekiminin en son tekniklerinden dikkat edilmesi gereken noktalara kadar \u00e7e\u015fitli detay\u0131 ele alacakt\u0131r. Sa\u00e7 Ekimi Nedir? Sa\u00e7 ekimi,&hellip;<\/p>\n","protected":false},"author":7,"featured_media":22423,"parent":0,"menu_order":4,"comment_status":"closed","ping_status":"closed","template":"","meta":{"footnotes":""},"class_list":["post-27459","page","type-page","status-publish","has-post-thumbnail","hentry","description-off"],"yoast_head":"<!-- This site is optimized with the Yoast SEO Premium plugin v27.3 (Yoast SEO v27.4) - https:\/\/yoast.com\/product\/yoast-seo-premium-wordpress\/ -->\n<title>Sa\u00e7 Ekimi - Dr. Cengizhan Ekizceli<\/title>\n<meta name=\"description\" content=\"Sa\u00e7 ekimi, do\u011fal sa\u00e7 yo\u011funlu\u011funu geri kazand\u0131rarak kal\u0131c\u0131 ve do\u011fal sonu\u00e7lar elde etmenizi sa\u011flar; ki\u015fiye \u00f6zel \u00e7\u00f6z\u00fcmler sunar.\" \/>\n<meta name=\"robots\" content=\"index, follow, max-snippet:-1, max-image-preview:large, max-video-preview:-1\" \/>\n<link rel=\"canonical\" href=\"https:\/\/drcengizhan.com\/tr\/sac-ekimi\/\" \/>\n<meta property=\"og:locale\" content=\"tr_TR\" \/>\n<meta property=\"og:type\" content=\"article\" \/>\n<meta property=\"og:title\" content=\"Sa\u00e7 Ekimi\" \/>\n<meta property=\"og:description\" content=\"Sa\u00e7 ekimi, do\u011fal sa\u00e7 yo\u011funlu\u011funu geri kazand\u0131rarak kal\u0131c\u0131 ve do\u011fal sonu\u00e7lar elde etmenizi sa\u011flar; ki\u015fiye \u00f6zel \u00e7\u00f6z\u00fcmler sunar.\" \/>\n<meta property=\"og:url\" content=\"https:\/\/drcengizhan.com\/tr\/sac-ekimi\/\" \/>\n<meta property=\"og:site_name\" content=\"Dr. Cengizhan Ekizceli\" \/>\n<meta property=\"article:publisher\" content=\"https:\/\/www.facebook.com\/drcengizhan\/\" \/>\n<meta property=\"article:modified_time\" content=\"2024-09-23T13:14:17+00:00\" \/>\n<meta property=\"og:image\" content=\"https:\/\/drcengizhan.com\/wp-content\/uploads\/2024\/06\/web-drce-hair.jpg\" \/>\n\t<meta property=\"og:image:width\" content=\"1500\" \/>\n\t<meta property=\"og:image:height\" content=\"1000\" \/>\n\t<meta property=\"og:image:type\" content=\"image\/jpeg\" \/>\n<meta name=\"twitter:card\" content=\"summary_large_image\" \/>\n<script type=\"application\/ld+json\" class=\"yoast-schema-graph\">{\"@context\":\"https:\\\/\\\/schema.org\",\"@graph\":[{\"@type\":\"WebPage\",\"@id\":\"https:\\\/\\\/drcengizhan.com\\\/tr\\\/sac-ekimi\\\/\",\"url\":\"https:\\\/\\\/drcengizhan.com\\\/tr\\\/sac-ekimi\\\/\",\"name\":\"Sa\u00e7 Ekimi - Dr. Cengizhan Ekizceli\",\"isPartOf\":{\"@id\":\"https:\\\/\\\/drcengizhan.com\\\/tr\\\/#website\"},\"primaryImageOfPage\":{\"@id\":\"https:\\\/\\\/drcengizhan.com\\\/tr\\\/sac-ekimi\\\/#primaryimage\"},\"image\":{\"@id\":\"https:\\\/\\\/drcengizhan.com\\\/tr\\\/sac-ekimi\\\/#primaryimage\"},\"thumbnailUrl\":\"https:\\\/\\\/drcengizhan.com\\\/wp-content\\\/uploads\\\/2024\\\/06\\\/web-drce-hair.jpg\",\"datePublished\":\"2024-06-16T06:24:12+00:00\",\"dateModified\":\"2024-09-23T13:14:17+00:00\",\"description\":\"Sa\u00e7 ekimi, do\u011fal sa\u00e7 yo\u011funlu\u011funu geri kazand\u0131rarak kal\u0131c\u0131 ve do\u011fal sonu\u00e7lar elde etmenizi sa\u011flar; ki\u015fiye \u00f6zel \u00e7\u00f6z\u00fcmler sunar.\",\"breadcrumb\":{\"@id\":\"https:\\\/\\\/drcengizhan.com\\\/tr\\\/sac-ekimi\\\/#breadcrumb\"},\"inLanguage\":\"tr\",\"potentialAction\":[{\"@type\":\"ReadAction\",\"target\":[\"https:\\\/\\\/drcengizhan.com\\\/tr\\\/sac-ekimi\\\/\"]}]},{\"@type\":\"ImageObject\",\"inLanguage\":\"tr\",\"@id\":\"https:\\\/\\\/drcengizhan.com\\\/tr\\\/sac-ekimi\\\/#primaryimage\",\"url\":\"https:\\\/\\\/drcengizhan.com\\\/wp-content\\\/uploads\\\/2024\\\/06\\\/web-drce-hair.jpg\",\"contentUrl\":\"https:\\\/\\\/drcengizhan.com\\\/wp-content\\\/uploads\\\/2024\\\/06\\\/web-drce-hair.jpg\",\"width\":1500,\"height\":1000,\"caption\":\"handsome man and doctors hands, isolated on grey, skin care concept\"},{\"@type\":\"BreadcrumbList\",\"@id\":\"https:\\\/\\\/drcengizhan.com\\\/tr\\\/sac-ekimi\\\/#breadcrumb\",\"itemListElement\":[{\"@type\":\"ListItem\",\"position\":1,\"name\":\"Home\",\"item\":\"https:\\\/\\\/drcengizhan.com\\\/tr\\\/\"},{\"@type\":\"ListItem\",\"position\":2,\"name\":\"Sa\u00e7 Ekimi\"}]},{\"@type\":\"WebSite\",\"@id\":\"https:\\\/\\\/drcengizhan.com\\\/tr\\\/#website\",\"url\":\"https:\\\/\\\/drcengizhan.com\\\/tr\\\/\",\"name\":\"Dr. Cengizhan Ekizceli\",\"description\":\"Plastic Surgeon in Turkey\",\"publisher\":{\"@id\":\"https:\\\/\\\/drcengizhan.com\\\/tr\\\/#organization\"},\"potentialAction\":[{\"@type\":\"SearchAction\",\"target\":{\"@type\":\"EntryPoint\",\"urlTemplate\":\"https:\\\/\\\/drcengizhan.com\\\/tr\\\/?s={search_term_string}\"},\"query-input\":{\"@type\":\"PropertyValueSpecification\",\"valueRequired\":true,\"valueName\":\"search_term_string\"}}],\"inLanguage\":\"tr\"},{\"@type\":\"Organization\",\"@id\":\"https:\\\/\\\/drcengizhan.com\\\/tr\\\/#organization\",\"name\":\"Dr. Cengizhan Ekizceli\",\"url\":\"https:\\\/\\\/drcengizhan.com\\\/tr\\\/\",\"logo\":{\"@type\":\"ImageObject\",\"inLanguage\":\"tr\",\"@id\":\"https:\\\/\\\/drcengizhan.com\\\/tr\\\/#\\\/schema\\\/logo\\\/image\\\/\",\"url\":\"https:\\\/\\\/drcengizhan.com\\\/wp-content\\\/uploads\\\/2024\\\/07\\\/drce_yatay_logo-e1721899271292.webp\",\"contentUrl\":\"https:\\\/\\\/drcengizhan.com\\\/wp-content\\\/uploads\\\/2024\\\/07\\\/drce_yatay_logo-e1721899271292.webp\",\"width\":960,\"height\":307,\"caption\":\"Dr. Cengizhan Ekizceli\"},\"image\":{\"@id\":\"https:\\\/\\\/drcengizhan.com\\\/tr\\\/#\\\/schema\\\/logo\\\/image\\\/\"},\"sameAs\":[\"https:\\\/\\\/www.facebook.com\\\/drcengizhan\\\/\"]}]}<\/script>\n<!-- \/ Yoast SEO Premium plugin. -->","yoast_head_json":{"title":"Sa\u00e7 Ekimi - Dr. Cengizhan Ekizceli","description":"Sa\u00e7 ekimi, do\u011fal sa\u00e7 yo\u011funlu\u011funu geri kazand\u0131rarak kal\u0131c\u0131 ve do\u011fal sonu\u00e7lar elde etmenizi sa\u011flar; ki\u015fiye \u00f6zel \u00e7\u00f6z\u00fcmler sunar.","robots":{"index":"index","follow":"follow","max-snippet":"max-snippet:-1","max-image-preview":"max-image-preview:large","max-video-preview":"max-video-preview:-1"},"canonical":"https:\/\/drcengizhan.com\/tr\/sac-ekimi\/","og_locale":"tr_TR","og_type":"article","og_title":"Sa\u00e7 Ekimi","og_description":"Sa\u00e7 ekimi, do\u011fal sa\u00e7 yo\u011funlu\u011funu geri kazand\u0131rarak kal\u0131c\u0131 ve do\u011fal sonu\u00e7lar elde etmenizi sa\u011flar; ki\u015fiye \u00f6zel \u00e7\u00f6z\u00fcmler sunar.","og_url":"https:\/\/drcengizhan.com\/tr\/sac-ekimi\/","og_site_name":"Dr. Cengizhan Ekizceli","article_publisher":"https:\/\/www.facebook.com\/drcengizhan\/","article_modified_time":"2024-09-23T13:14:17+00:00","og_image":[{"width":1500,"height":1000,"url":"https:\/\/drcengizhan.com\/wp-content\/uploads\/2024\/06\/web-drce-hair.jpg","type":"image\/jpeg"}],"twitter_card":"summary_large_image","schema":{"@context":"https:\/\/schema.org","@graph":[{"@type":"WebPage","@id":"https:\/\/drcengizhan.com\/tr\/sac-ekimi\/","url":"https:\/\/drcengizhan.com\/tr\/sac-ekimi\/","name":"Sa\u00e7 Ekimi - Dr. Cengizhan Ekizceli","isPartOf":{"@id":"https:\/\/drcengizhan.com\/tr\/#website"},"primaryImageOfPage":{"@id":"https:\/\/drcengizhan.com\/tr\/sac-ekimi\/#primaryimage"},"image":{"@id":"https:\/\/drcengizhan.com\/tr\/sac-ekimi\/#primaryimage"},"thumbnailUrl":"https:\/\/drcengizhan.com\/wp-content\/uploads\/2024\/06\/web-drce-hair.jpg","datePublished":"2024-06-16T06:24:12+00:00","dateModified":"2024-09-23T13:14:17+00:00","description":"Sa\u00e7 ekimi, do\u011fal sa\u00e7 yo\u011funlu\u011funu geri kazand\u0131rarak kal\u0131c\u0131 ve do\u011fal sonu\u00e7lar elde etmenizi sa\u011flar; ki\u015fiye \u00f6zel \u00e7\u00f6z\u00fcmler sunar.","breadcrumb":{"@id":"https:\/\/drcengizhan.com\/tr\/sac-ekimi\/#breadcrumb"},"inLanguage":"tr","potentialAction":[{"@type":"ReadAction","target":["https:\/\/drcengizhan.com\/tr\/sac-ekimi\/"]}]},{"@type":"ImageObject","inLanguage":"tr","@id":"https:\/\/drcengizhan.com\/tr\/sac-ekimi\/#primaryimage","url":"https:\/\/drcengizhan.com\/wp-content\/uploads\/2024\/06\/web-drce-hair.jpg","contentUrl":"https:\/\/drcengizhan.com\/wp-content\/uploads\/2024\/06\/web-drce-hair.jpg","width":1500,"height":1000,"caption":"handsome man and doctors hands, isolated on grey, skin care concept"},{"@type":"BreadcrumbList","@id":"https:\/\/drcengizhan.com\/tr\/sac-ekimi\/#breadcrumb","itemListElement":[{"@type":"ListItem","position":1,"name":"Home","item":"https:\/\/drcengizhan.com\/tr\/"},{"@type":"ListItem","position":2,"name":"Sa\u00e7 Ekimi"}]},{"@type":"WebSite","@id":"https:\/\/drcengizhan.com\/tr\/#website","url":"https:\/\/drcengizhan.com\/tr\/","name":"Dr. Cengizhan Ekizceli","description":"Plastic Surgeon in Turkey","publisher":{"@id":"https:\/\/drcengizhan.com\/tr\/#organization"},"potentialAction":[{"@type":"SearchAction","target":{"@type":"EntryPoint","urlTemplate":"https:\/\/drcengizhan.com\/tr\/?s={search_term_string}"},"query-input":{"@type":"PropertyValueSpecification","valueRequired":true,"valueName":"search_term_string"}}],"inLanguage":"tr"},{"@type":"Organization","@id":"https:\/\/drcengizhan.com\/tr\/#organization","name":"Dr. Cengizhan Ekizceli","url":"https:\/\/drcengizhan.com\/tr\/","logo":{"@type":"ImageObject","inLanguage":"tr","@id":"https:\/\/drcengizhan.com\/tr\/#\/schema\/logo\/image\/","url":"https:\/\/drcengizhan.com\/wp-content\/uploads\/2024\/07\/drce_yatay_logo-e1721899271292.webp","contentUrl":"https:\/\/drcengizhan.com\/wp-content\/uploads\/2024\/07\/drce_yatay_logo-e1721899271292.webp","width":960,"height":307,"caption":"Dr. Cengizhan Ekizceli"},"image":{"@id":"https:\/\/drcengizhan.com\/tr\/#\/schema\/logo\/image\/"},"sameAs":["https:\/\/www.facebook.com\/drcengizhan\/"]}]}},"_links":{"self":[{"href":"https:\/\/drcengizhan.com\/tr\/wp-json\/wp\/v2\/pages\/27459","targetHints":{"allow":["GET"]}}],"collection":[{"href":"https:\/\/drcengizhan.com\/tr\/wp-json\/wp\/v2\/pages"}],"about":[{"href":"https:\/\/drcengizhan.com\/tr\/wp-json\/wp\/v2\/types\/page"}],"author":[{"embeddable":true,"href":"https:\/\/drcengizhan.com\/tr\/wp-json\/wp\/v2\/users\/7"}],"replies":[{"embeddable":true,"href":"https:\/\/drcengizhan.com\/tr\/wp-json\/wp\/v2\/comments?post=27459"}],"version-history":[{"count":0,"href":"https:\/\/drcengizhan.com\/tr\/wp-json\/wp\/v2\/pages\/27459\/revisions"}],"wp:featuredmedia":[{"embeddable":true,"href":"https:\/\/drcengizhan.com\/tr\/wp-json\/wp\/v2\/media\/22423"}],"wp:attachment":[{"href":"https:\/\/drcengizhan.com\/tr\/wp-json\/wp\/v2\/media?parent=27459"}],"curies":[{"name":"wp","href":"https:\/\/api.w.org\/{rel}","templated":true}]}}