{"id":26857,"date":"2023-12-20T08:45:00","date_gmt":"2023-12-20T05:45:00","guid":{"rendered":"https:\/\/drcengizhan.com\/new\/?page_id=26857"},"modified":"2024-09-30T11:22:49","modified_gmt":"2024-09-30T08:22:49","slug":"cene-buyutme","status":"publish","type":"page","link":"https:\/\/drcengizhan.com\/tr\/cene-buyutme\/","title":{"rendered":"\u00c7ene B\u00fcy\u00fctme"},"content":{"rendered":"<p>Denge ve orant\u0131 esteti\u011fin temel ilkeleridir&#8230;<br \/>Belki de burun esteti\u011fi d\u0131\u015f\u0131nda denge ve orant\u0131y\u0131 sa\u011flamada \u00e7ene b\u00fcy\u00fctmeden daha etkili ba\u015fka bir ameliyat yoktur.<\/p>\n<h2>\u00c7ene b\u00fcy\u00fctme nedir?<\/h2>\n<p>Dr. Cengizhan Ekizceli&#8217;nin ger\u00e7ekle\u015ftirdi\u011fi, \u00e7enenin \u015feklinin veya boyutunun ya da her ikisinin birden de\u011fi\u015ftirildi\u011fi cerrahi bir prosed\u00fcrd\u00fcr.<br \/>hastan\u0131n iste\u011fine g\u00f6re.<br \/>Kad\u0131nlarda \u00e7enenin kenarlar\u0131 d\u00f6nd\u00fcr\u00fclebilir veya \u00e7ene daha belirgin hale getirilebilir.<br \/>erkeklerde implantasyon.<br \/>Y\u00fcz hatlar\u0131nda denge ve uyum sa\u011flamak i\u00e7in s\u0131kl\u0131kla rinoplasti ile birlikte yap\u0131l\u0131r.<\/p>\n<h2>\u00c7ene b\u00fcy\u00fctme ameliyat\u0131 kimlere uygulan\u0131r?<\/h2>\n<p>Bu prosed\u00fcr, \u00e7enelerinin \u015feklinden memnun olmayan ve bu sebeple kendini yetersiz hissetme duygusuna kap\u0131lan ki\u015filer i\u00e7in uygulan\u0131r.<br \/>\u00c7ene y\u00fcze b\u00fcy\u00fck \u00f6l\u00e7\u00fcde \u015fekil verir ve y\u00fcz\u00fcn boyutunu ve hatlar\u0131n\u0131 olumsuz y\u00f6nde etkileyebilir.<\/p>\n<h2>\u00c7ene b\u00fcy\u00fctme ameliyat\u0131 nas\u0131l yap\u0131l\u0131r?<\/h2>\n<p>Hastaya bir a\u011fr\u0131 kesici verilerek genel veya lokal anestezi kullan\u0131larak ger\u00e7ekle\u015ftirilir.<br \/>\u00c7ene alt\u0131ndan veya a\u011f\u0131z i\u00e7inden k\u00fc\u00e7\u00fck bir kesi ile yap\u0131l\u0131r ve bu kesiden plastik cerrah \u00e7ene implant\u0131 i\u00e7in bir alan haz\u0131rlar, daha sonra baz\u0131 implantlar yerle\u015ftirilir veya \u00e7eneyi b\u00fcy\u00fctmek i\u00e7in ya\u011f enjekte edilir ve kesi kapat\u0131l\u0131r.<br \/>\u00c7e\u015fitli tip ve boyutlarda implantlar vard\u0131r, ancak \u00e7ene implantlar\u0131, \u00e7ene b\u00fcy\u00fctme i\u00e7in en yayg\u0131n kullan\u0131lan\u0131 olan silikon gibi sert ve yar\u0131 sert malzemelerden olu\u015fur.<\/p>\n<h2>\u00c7ene b\u00fcy\u00fctmenin riskleri nelerdir?<\/h2>\n<p>\u00c7ene b\u00fcy\u00fctme az say\u0131da deneyimli plastik cerrah taraf\u0131ndan ger\u00e7ekle\u015ftirilmektedir.<br \/>Olas\u0131 riskler aras\u0131nda enfeksiyon, hematom (i\u00e7 kanama), implant pozisyonunda de\u011fi\u015fiklik ve k\u00f6t\u00fc iyile\u015fmi\u015f yara izinin yan\u0131 s\u0131ra anesteziden kaynaklanan yan etkiler yer al\u0131r.<\/p>\n<h2>\u00c7ene B\u00fcy\u00fctme Sonras\u0131 \u0130yile\u015fme<\/h2>\n<p>Ameliyat olan hastalar ameliyattan sonra bir veya iki hafta boyunca \u00e7al\u0131\u015fmay\u0131 b\u0131rakmal\u0131 ve di\u011fer g\u00fcnl\u00fck aktivitelerin \u00e7o\u011fundan ka\u00e7\u0131nmal\u0131d\u0131r.<br \/>Hastan\u0131n, ameliyat sonras\u0131 \u015fi\u015fli\u011fi kontrol etmesine ve yaran\u0131n iyile\u015fmesine yard\u0131mc\u0131 olmak i\u00e7in yast\u0131klar yerle\u015ftirerek ba\u015f\u0131n\u0131 y\u00fcksekte tutarak uyumas\u0131 gerekecektir.<br \/>Doktorunuz bir hafta boyunca bir diyet uygulamas\u0131n\u0131 isteyebilir.<\/p>\n<h2>\u00c7ene b\u00fcy\u00fctme i\u015fleminin sonu\u00e7lar\u0131 ne zaman ortaya \u00e7\u0131kar?<\/h2>\n<p>Sonu\u00e7, ameliyattan sonraki bir ay i\u00e7inde nihai forma yakla\u015f\u0131rken, nihai sonu\u00e7 \u015fi\u015fliklerin kayboldu\u011fu \u00fc\u00e7 ay sonra ortaya \u00e7\u0131kar.<\/p>\n\n\n<p><\/p>\n","protected":false},"excerpt":{"rendered":"<p>Denge ve orant\u0131 esteti\u011fin temel ilkeleridir&#8230;Belki de burun esteti\u011fi d\u0131\u015f\u0131nda denge ve orant\u0131y\u0131 sa\u011flamada \u00e7ene b\u00fcy\u00fctmeden daha etkili ba\u015fka bir ameliyat yoktur. \u00c7ene b\u00fcy\u00fctme nedir? Dr. Cengizhan Ekizceli&#8217;nin ger\u00e7ekle\u015ftirdi\u011fi, \u00e7enenin \u015feklinin veya boyutunun ya da her ikisinin birden de\u011fi\u015ftirildi\u011fi cerrahi bir prosed\u00fcrd\u00fcr.hastan\u0131n iste\u011fine g\u00f6re.Kad\u0131nlarda \u00e7enenin kenarlar\u0131 d\u00f6nd\u00fcr\u00fclebilir veya \u00e7ene daha belirgin hale getirilebilir.erkeklerde implantasyon.Y\u00fcz hatlar\u0131nda&hellip;<\/p>\n","protected":false},"author":6,"featured_media":20734,"parent":0,"menu_order":0,"comment_status":"closed","ping_status":"closed","template":"","meta":{"footnotes":""},"class_list":["post-26857","page","type-page","status-publish","has-post-thumbnail","hentry","description-off"],"yoast_head":"<!-- This site is optimized with the Yoast SEO Premium plugin v27.3 (Yoast SEO v27.3) - https:\/\/yoast.com\/product\/yoast-seo-premium-wordpress\/ -->\n<title>\u00c7ene B\u00fcy\u00fctme - Dr. Cengizhan Ekizceli<\/title>\n<meta name=\"description\" content=\"Meta description: Dr. Cengizhan Ekizceli, \u00e7ene b\u00fcy\u00fctme ameliyat\u0131yla y\u00fcz hatlar\u0131n\u0131 dengeleyerek do\u011fal ve estetik sonu\u00e7lar elde etmenizi sa\u011flar.\" \/>\n<meta name=\"robots\" content=\"index, follow, max-snippet:-1, max-image-preview:large, max-video-preview:-1\" \/>\n<link rel=\"canonical\" href=\"https:\/\/drcengizhan.com\/tr\/cene-buyutme\/\" \/>\n<meta property=\"og:locale\" content=\"tr_TR\" \/>\n<meta property=\"og:type\" content=\"article\" \/>\n<meta property=\"og:title\" content=\"\u00c7ene B\u00fcy\u00fctme\" \/>\n<meta property=\"og:description\" content=\"Meta description: Dr. Cengizhan Ekizceli, \u00e7ene b\u00fcy\u00fctme ameliyat\u0131yla y\u00fcz hatlar\u0131n\u0131 dengeleyerek do\u011fal ve estetik sonu\u00e7lar elde etmenizi sa\u011flar.\" \/>\n<meta property=\"og:url\" content=\"https:\/\/drcengizhan.com\/tr\/cene-buyutme\/\" \/>\n<meta property=\"og:site_name\" content=\"Dr. Cengizhan Ekizceli\" \/>\n<meta property=\"article:publisher\" content=\"https:\/\/www.facebook.com\/drcengizhan\/\" \/>\n<meta property=\"article:modified_time\" content=\"2024-09-30T08:22:49+00:00\" \/>\n<meta property=\"og:image\" content=\"https:\/\/drcengizhan.com\/wp-content\/uploads\/2018\/01\/Chin-Augmentation.png\" \/>\n\t<meta property=\"og:image:width\" content=\"485\" \/>\n\t<meta property=\"og:image:height\" content=\"320\" \/>\n\t<meta property=\"og:image:type\" content=\"image\/png\" \/>\n<meta name=\"twitter:card\" content=\"summary_large_image\" \/>\n<script type=\"application\/ld+json\" class=\"yoast-schema-graph\">{\"@context\":\"https:\\\/\\\/schema.org\",\"@graph\":[{\"@type\":\"WebPage\",\"@id\":\"https:\\\/\\\/drcengizhan.com\\\/tr\\\/cene-buyutme\\\/\",\"url\":\"https:\\\/\\\/drcengizhan.com\\\/tr\\\/cene-buyutme\\\/\",\"name\":\"\u00c7ene B\u00fcy\u00fctme - Dr. Cengizhan Ekizceli\",\"isPartOf\":{\"@id\":\"https:\\\/\\\/drcengizhan.com\\\/tr\\\/#website\"},\"primaryImageOfPage\":{\"@id\":\"https:\\\/\\\/drcengizhan.com\\\/tr\\\/cene-buyutme\\\/#primaryimage\"},\"image\":{\"@id\":\"https:\\\/\\\/drcengizhan.com\\\/tr\\\/cene-buyutme\\\/#primaryimage\"},\"thumbnailUrl\":\"https:\\\/\\\/drcengizhan.com\\\/wp-content\\\/uploads\\\/2018\\\/01\\\/Chin-Augmentation.png\",\"datePublished\":\"2023-12-20T05:45:00+00:00\",\"dateModified\":\"2024-09-30T08:22:49+00:00\",\"description\":\"Meta description: Dr. Cengizhan Ekizceli, \u00e7ene b\u00fcy\u00fctme ameliyat\u0131yla y\u00fcz hatlar\u0131n\u0131 dengeleyerek do\u011fal ve estetik sonu\u00e7lar elde etmenizi sa\u011flar.\",\"breadcrumb\":{\"@id\":\"https:\\\/\\\/drcengizhan.com\\\/tr\\\/cene-buyutme\\\/#breadcrumb\"},\"inLanguage\":\"tr\",\"potentialAction\":[{\"@type\":\"ReadAction\",\"target\":[\"https:\\\/\\\/drcengizhan.com\\\/tr\\\/cene-buyutme\\\/\"]}]},{\"@type\":\"ImageObject\",\"inLanguage\":\"tr\",\"@id\":\"https:\\\/\\\/drcengizhan.com\\\/tr\\\/cene-buyutme\\\/#primaryimage\",\"url\":\"https:\\\/\\\/drcengizhan.com\\\/wp-content\\\/uploads\\\/2018\\\/01\\\/Chin-Augmentation.png\",\"contentUrl\":\"https:\\\/\\\/drcengizhan.com\\\/wp-content\\\/uploads\\\/2018\\\/01\\\/Chin-Augmentation.png\",\"width\":485,\"height\":320},{\"@type\":\"BreadcrumbList\",\"@id\":\"https:\\\/\\\/drcengizhan.com\\\/tr\\\/cene-buyutme\\\/#breadcrumb\",\"itemListElement\":[{\"@type\":\"ListItem\",\"position\":1,\"name\":\"Home\",\"item\":\"https:\\\/\\\/drcengizhan.com\\\/tr\\\/\"},{\"@type\":\"ListItem\",\"position\":2,\"name\":\"\u00c7ene B\u00fcy\u00fctme\"}]},{\"@type\":\"WebSite\",\"@id\":\"https:\\\/\\\/drcengizhan.com\\\/tr\\\/#website\",\"url\":\"https:\\\/\\\/drcengizhan.com\\\/tr\\\/\",\"name\":\"Dr. Cengizhan Ekizceli\",\"description\":\"Plastic Surgeon in Turkey\",\"publisher\":{\"@id\":\"https:\\\/\\\/drcengizhan.com\\\/tr\\\/#organization\"},\"potentialAction\":[{\"@type\":\"SearchAction\",\"target\":{\"@type\":\"EntryPoint\",\"urlTemplate\":\"https:\\\/\\\/drcengizhan.com\\\/tr\\\/?s={search_term_string}\"},\"query-input\":{\"@type\":\"PropertyValueSpecification\",\"valueRequired\":true,\"valueName\":\"search_term_string\"}}],\"inLanguage\":\"tr\"},{\"@type\":\"Organization\",\"@id\":\"https:\\\/\\\/drcengizhan.com\\\/tr\\\/#organization\",\"name\":\"Dr. Cengizhan Ekizceli\",\"url\":\"https:\\\/\\\/drcengizhan.com\\\/tr\\\/\",\"logo\":{\"@type\":\"ImageObject\",\"inLanguage\":\"tr\",\"@id\":\"https:\\\/\\\/drcengizhan.com\\\/tr\\\/#\\\/schema\\\/logo\\\/image\\\/\",\"url\":\"https:\\\/\\\/drcengizhan.com\\\/wp-content\\\/uploads\\\/2024\\\/07\\\/drce_yatay_logo-e1721899271292.webp\",\"contentUrl\":\"https:\\\/\\\/drcengizhan.com\\\/wp-content\\\/uploads\\\/2024\\\/07\\\/drce_yatay_logo-e1721899271292.webp\",\"width\":960,\"height\":307,\"caption\":\"Dr. Cengizhan Ekizceli\"},\"image\":{\"@id\":\"https:\\\/\\\/drcengizhan.com\\\/tr\\\/#\\\/schema\\\/logo\\\/image\\\/\"},\"sameAs\":[\"https:\\\/\\\/www.facebook.com\\\/drcengizhan\\\/\"]}]}<\/script>\n<!-- \/ Yoast SEO Premium plugin. -->","yoast_head_json":{"title":"\u00c7ene B\u00fcy\u00fctme - Dr. Cengizhan Ekizceli","description":"Meta description: Dr. Cengizhan Ekizceli, \u00e7ene b\u00fcy\u00fctme ameliyat\u0131yla y\u00fcz hatlar\u0131n\u0131 dengeleyerek do\u011fal ve estetik sonu\u00e7lar elde etmenizi sa\u011flar.","robots":{"index":"index","follow":"follow","max-snippet":"max-snippet:-1","max-image-preview":"max-image-preview:large","max-video-preview":"max-video-preview:-1"},"canonical":"https:\/\/drcengizhan.com\/tr\/cene-buyutme\/","og_locale":"tr_TR","og_type":"article","og_title":"\u00c7ene B\u00fcy\u00fctme","og_description":"Meta description: Dr. Cengizhan Ekizceli, \u00e7ene b\u00fcy\u00fctme ameliyat\u0131yla y\u00fcz hatlar\u0131n\u0131 dengeleyerek do\u011fal ve estetik sonu\u00e7lar elde etmenizi sa\u011flar.","og_url":"https:\/\/drcengizhan.com\/tr\/cene-buyutme\/","og_site_name":"Dr. Cengizhan Ekizceli","article_publisher":"https:\/\/www.facebook.com\/drcengizhan\/","article_modified_time":"2024-09-30T08:22:49+00:00","og_image":[{"width":485,"height":320,"url":"https:\/\/drcengizhan.com\/wp-content\/uploads\/2018\/01\/Chin-Augmentation.png","type":"image\/png"}],"twitter_card":"summary_large_image","schema":{"@context":"https:\/\/schema.org","@graph":[{"@type":"WebPage","@id":"https:\/\/drcengizhan.com\/tr\/cene-buyutme\/","url":"https:\/\/drcengizhan.com\/tr\/cene-buyutme\/","name":"\u00c7ene B\u00fcy\u00fctme - Dr. Cengizhan Ekizceli","isPartOf":{"@id":"https:\/\/drcengizhan.com\/tr\/#website"},"primaryImageOfPage":{"@id":"https:\/\/drcengizhan.com\/tr\/cene-buyutme\/#primaryimage"},"image":{"@id":"https:\/\/drcengizhan.com\/tr\/cene-buyutme\/#primaryimage"},"thumbnailUrl":"https:\/\/drcengizhan.com\/wp-content\/uploads\/2018\/01\/Chin-Augmentation.png","datePublished":"2023-12-20T05:45:00+00:00","dateModified":"2024-09-30T08:22:49+00:00","description":"Meta description: Dr. Cengizhan Ekizceli, \u00e7ene b\u00fcy\u00fctme ameliyat\u0131yla y\u00fcz hatlar\u0131n\u0131 dengeleyerek do\u011fal ve estetik sonu\u00e7lar elde etmenizi sa\u011flar.","breadcrumb":{"@id":"https:\/\/drcengizhan.com\/tr\/cene-buyutme\/#breadcrumb"},"inLanguage":"tr","potentialAction":[{"@type":"ReadAction","target":["https:\/\/drcengizhan.com\/tr\/cene-buyutme\/"]}]},{"@type":"ImageObject","inLanguage":"tr","@id":"https:\/\/drcengizhan.com\/tr\/cene-buyutme\/#primaryimage","url":"https:\/\/drcengizhan.com\/wp-content\/uploads\/2018\/01\/Chin-Augmentation.png","contentUrl":"https:\/\/drcengizhan.com\/wp-content\/uploads\/2018\/01\/Chin-Augmentation.png","width":485,"height":320},{"@type":"BreadcrumbList","@id":"https:\/\/drcengizhan.com\/tr\/cene-buyutme\/#breadcrumb","itemListElement":[{"@type":"ListItem","position":1,"name":"Home","item":"https:\/\/drcengizhan.com\/tr\/"},{"@type":"ListItem","position":2,"name":"\u00c7ene B\u00fcy\u00fctme"}]},{"@type":"WebSite","@id":"https:\/\/drcengizhan.com\/tr\/#website","url":"https:\/\/drcengizhan.com\/tr\/","name":"Dr. Cengizhan Ekizceli","description":"Plastic Surgeon in Turkey","publisher":{"@id":"https:\/\/drcengizhan.com\/tr\/#organization"},"potentialAction":[{"@type":"SearchAction","target":{"@type":"EntryPoint","urlTemplate":"https:\/\/drcengizhan.com\/tr\/?s={search_term_string}"},"query-input":{"@type":"PropertyValueSpecification","valueRequired":true,"valueName":"search_term_string"}}],"inLanguage":"tr"},{"@type":"Organization","@id":"https:\/\/drcengizhan.com\/tr\/#organization","name":"Dr. Cengizhan Ekizceli","url":"https:\/\/drcengizhan.com\/tr\/","logo":{"@type":"ImageObject","inLanguage":"tr","@id":"https:\/\/drcengizhan.com\/tr\/#\/schema\/logo\/image\/","url":"https:\/\/drcengizhan.com\/wp-content\/uploads\/2024\/07\/drce_yatay_logo-e1721899271292.webp","contentUrl":"https:\/\/drcengizhan.com\/wp-content\/uploads\/2024\/07\/drce_yatay_logo-e1721899271292.webp","width":960,"height":307,"caption":"Dr. Cengizhan Ekizceli"},"image":{"@id":"https:\/\/drcengizhan.com\/tr\/#\/schema\/logo\/image\/"},"sameAs":["https:\/\/www.facebook.com\/drcengizhan\/"]}]}},"_links":{"self":[{"href":"https:\/\/drcengizhan.com\/tr\/wp-json\/wp\/v2\/pages\/26857","targetHints":{"allow":["GET"]}}],"collection":[{"href":"https:\/\/drcengizhan.com\/tr\/wp-json\/wp\/v2\/pages"}],"about":[{"href":"https:\/\/drcengizhan.com\/tr\/wp-json\/wp\/v2\/types\/page"}],"author":[{"embeddable":true,"href":"https:\/\/drcengizhan.com\/tr\/wp-json\/wp\/v2\/users\/6"}],"replies":[{"embeddable":true,"href":"https:\/\/drcengizhan.com\/tr\/wp-json\/wp\/v2\/comments?post=26857"}],"version-history":[{"count":0,"href":"https:\/\/drcengizhan.com\/tr\/wp-json\/wp\/v2\/pages\/26857\/revisions"}],"wp:featuredmedia":[{"embeddable":true,"href":"https:\/\/drcengizhan.com\/tr\/wp-json\/wp\/v2\/media\/20734"}],"wp:attachment":[{"href":"https:\/\/drcengizhan.com\/tr\/wp-json\/wp\/v2\/media?parent=26857"}],"curies":[{"name":"wp","href":"https:\/\/api.w.org\/{rel}","templated":true}]}}