{"id":2629,"date":"2023-12-20T11:33:50","date_gmt":"2023-12-20T08:33:50","guid":{"rendered":"https:\/\/drcengizhan.com\/?page_id=2629"},"modified":"2024-09-23T17:03:20","modified_gmt":"2024-09-23T14:03:20","slug":"boyun-germe","status":"publish","type":"page","link":"https:\/\/drcengizhan.com\/tr\/boyun-germe\/","title":{"rendered":"Boyun Germe"},"content":{"rendered":"<p>\u00c7ene, boyun ve sark\u0131k cilt alt\u0131ndaki b\u00f6lgede ya\u011f birikmesi, y\u00fcz\u00fcn g\u00f6r\u00fcn\u00fcm\u00fcn\u00fc olumsuz y\u00f6nde etkileyen ya\u011f torbalar\u0131 veya \u015fi\u015fkinliklerin olu\u015fmas\u0131na neden olarak daha ya\u015fl\u0131 g\u00f6r\u00fcnmesine neden olabilir. Genetik fakt\u00f6rler de bu t\u00fcr sorunlar\u0131n ortaya \u00e7\u0131kmas\u0131nda \u00f6nemli bir rol oynar. Neyse ki Dr. Cengizhan Ekizceli, estetik t\u0131p sayesinde bu soruna bir\u00e7ok etkili \u00e7\u00f6z\u00fcm sunar.<\/p>\n<h2>\u25cf G\u0131d\u0131 operasyonunda olas\u0131 prosed\u00fcrler nelerdir?<\/h2>\n<p><strong>Boyun germe<\/strong> ve <strong>liposuction<\/strong> gibi uygulanabilecek bir\u00e7ok i\u015flem vard\u0131r ve hastan\u0131n ihtiyac\u0131na g\u00f6re se\u00e7enekler belirlenir. Bu ba\u011flamda liposuction cilt alt\u0131ndaki ya\u011flar\u0131 al\u0131rken; boyun germe i\u015fleminde de kaslar\u0131 yeniden konumland\u0131rma yoluyla sarkm\u0131\u015f cildin giderilmesi hedeflenir.<\/p>\n<h2>\u25cf G\u0131d\u0131 ameliyat\u0131 nas\u0131l yap\u0131l\u0131r?<\/h2>\n<p>\u0130\u015flem lokal anestezi etkisinde ger\u00e7ekle\u015ftirilir ve yakla\u015f\u0131k <strong>bir saat<\/strong> s\u00fcrer. Cengizhan Ekizceli, <em>Vaser<\/em> tekni\u011fi ile liposuction yapmak i\u00e7in \u00e7ene alt\u0131ndan k\u00fc\u00e7\u00fck bir kesi uygulayarak cilt alt\u0131ndaki ya\u011flar\u0131 ultrason yard\u0131m\u0131yla eritir, ard\u0131ndan ya\u011f h\u00fccreleri bo\u015falt\u0131l\u0131r ve \u00e7\u0131kar\u0131l\u0131r. \u00c7enenin alt\u0131ndaki deriye bir bandaj yerle\u015ftirilir. Daha sonra duruma g\u00f6re ve ameliyattan \u00f6nce kararla\u015ft\u0131r\u0131ld\u0131\u011f\u0131 \u00fczere fazla deri \u00e7\u0131kar\u0131l\u0131r.<\/p>\n<h2>\u25cf Kimler G\u0131d\u0131 Ameliyat\u0131 i\u00e7in iyi bir adayd\u0131r?<\/h2>\n<p>\u00c7ene b\u00f6lgesindeki ya\u011flanma sorunu ya\u015fayan ve sa\u011fl\u0131k durumu iyi oldu\u011fu halde b\u00f6lgedeki ya\u011f ve deri fazlal\u0131klar\u0131n\u0131n bir k\u0131sm\u0131n\u0131 kaybetmek isteyen hastalar bu operasyon i\u00e7in ideal adaylard\u0131r. Bu t\u00fcr durumlarda liposuction ve boyun germe i\u015fleminin birlikte uygulanmas\u0131 en do\u011frusudur.<\/p>\n<h2>\u25cf G\u0131d\u0131 ameliyat\u0131 i\u00e7in iyile\u015fme s\u00fcresi nedir?<\/h2>\n<p>Ameliyattan sonra \u015fi\u015flik ve morluklar\u0131n ola\u011fan olmas\u0131yla birlikte, hasta <strong>\u00fc\u00e7 g\u00fcn sonra<\/strong> g\u00fcnl\u00fck rutinine ba\u015flad\u0131\u011f\u0131 takdirde kaybolmaya ba\u015flar.<\/p>\n<h2>\u25cf G\u0131d\u0131dan kurtulmak i\u00e7in ameliyata alternatif var m\u0131?<\/h2>\n<p>\u00c7ene b\u00f6lgesindeki istenmeyen ya\u011f h\u00fccrelerini par\u00e7alamak ve yok etmek i\u00e7in i\u015fe yarayan baz\u0131 se\u00e7enekler vard\u0131r ancak bu t\u00fcr y\u00f6ntemler sadece o b\u00f6lgedeki ya\u011flar\u0131 azaltmaya \u00e7al\u0131\u015ft\u0131\u011f\u0131 i\u00e7in etkisiz kabul edilir ve yeterli bir \u00e7\u00f6z\u00fcm olarak g\u00f6r\u00fclmez.<\/p>\n","protected":false},"excerpt":{"rendered":"<p>\u00c7ene, boyun ve sark\u0131k cilt alt\u0131ndaki b\u00f6lgede ya\u011f birikmesi, y\u00fcz\u00fcn g\u00f6r\u00fcn\u00fcm\u00fcn\u00fc olumsuz y\u00f6nde etkileyen ya\u011f torbalar\u0131 veya \u015fi\u015fkinliklerin olu\u015fmas\u0131na neden olarak daha ya\u015fl\u0131 g\u00f6r\u00fcnmesine neden olabilir. Genetik fakt\u00f6rler de bu t\u00fcr sorunlar\u0131n ortaya \u00e7\u0131kmas\u0131nda \u00f6nemli bir rol oynar. Neyse ki Dr. Cengizhan Ekizceli, estetik t\u0131p sayesinde bu soruna bir\u00e7ok etkili \u00e7\u00f6z\u00fcm sunar. \u25cf G\u0131d\u0131 operasyonunda&hellip;<\/p>\n","protected":false},"author":6,"featured_media":28373,"parent":0,"menu_order":0,"comment_status":"closed","ping_status":"closed","template":"","meta":{"footnotes":""},"class_list":["post-2629","page","type-page","status-publish","has-post-thumbnail","hentry"],"yoast_head":"<!-- This site is optimized with the Yoast SEO Premium plugin v27.2 (Yoast SEO v27.3) - https:\/\/yoast.com\/product\/yoast-seo-premium-wordpress\/ -->\n<title>Boyun Germe - Dr. Cengizhan Ekizceli<\/title>\n<meta name=\"description\" content=\"Meta description: Dr. Cengizhan Ekizceli, boyun germe ameliyat\u0131 ile sarkma ve k\u0131r\u0131\u015f\u0131kl\u0131klar\u0131 gidererek daha gen\u00e7 ve s\u0131k\u0131 bir boyun g\u00f6r\u00fcn\u00fcm\u00fc sunar.\" \/>\n<meta name=\"robots\" content=\"index, follow, max-snippet:-1, max-image-preview:large, max-video-preview:-1\" \/>\n<link rel=\"canonical\" href=\"https:\/\/drcengizhan.com\/double-chin\/\" \/>\n<meta property=\"og:locale\" content=\"tr_TR\" \/>\n<meta property=\"og:type\" content=\"article\" \/>\n<meta property=\"og:title\" content=\"Boyun Germe\" \/>\n<meta property=\"og:description\" content=\"Meta description: Dr. Cengizhan Ekizceli, boyun germe ameliyat\u0131 ile sarkma ve k\u0131r\u0131\u015f\u0131kl\u0131klar\u0131 gidererek daha gen\u00e7 ve s\u0131k\u0131 bir boyun g\u00f6r\u00fcn\u00fcm\u00fc sunar.\" \/>\n<meta property=\"og:url\" content=\"https:\/\/drcengizhan.com\/double-chin\/\" \/>\n<meta property=\"og:site_name\" content=\"Dr. Cengizhan Ekizceli\" \/>\n<meta property=\"article:publisher\" content=\"https:\/\/www.facebook.com\/drcengizhan\/\" \/>\n<meta property=\"article:modified_time\" content=\"2024-09-23T14:03:20+00:00\" \/>\n<meta property=\"og:image\" content=\"https:\/\/drcengizhan.com\/wp-content\/uploads\/2018\/01\/Double-Chin.png\" \/>\n\t<meta property=\"og:image:width\" content=\"486\" \/>\n\t<meta property=\"og:image:height\" content=\"325\" \/>\n\t<meta property=\"og:image:type\" content=\"image\/png\" \/>\n<meta name=\"twitter:card\" content=\"summary_large_image\" \/>\n<script type=\"application\/ld+json\" class=\"yoast-schema-graph\">{\"@context\":\"https:\\\/\\\/schema.org\",\"@graph\":[{\"@type\":\"WebPage\",\"@id\":\"https:\\\/\\\/drcengizhan.com\\\/double-chin\\\/\",\"url\":\"https:\\\/\\\/drcengizhan.com\\\/double-chin\\\/\",\"name\":\"Boyun Germe - Dr. Cengizhan Ekizceli\",\"isPartOf\":{\"@id\":\"https:\\\/\\\/drcengizhan.com\\\/#website\"},\"primaryImageOfPage\":{\"@id\":\"https:\\\/\\\/drcengizhan.com\\\/double-chin\\\/#primaryimage\"},\"image\":{\"@id\":\"https:\\\/\\\/drcengizhan.com\\\/double-chin\\\/#primaryimage\"},\"thumbnailUrl\":\"https:\\\/\\\/drcengizhan.com\\\/wp-content\\\/uploads\\\/2024\\\/10\\\/Double_Chin_by_dr_cengizhan_1920x1080.jpg\",\"datePublished\":\"2023-12-20T08:33:50+00:00\",\"dateModified\":\"2024-09-23T14:03:20+00:00\",\"description\":\"Meta description: Dr. Cengizhan Ekizceli, boyun germe ameliyat\u0131 ile sarkma ve k\u0131r\u0131\u015f\u0131kl\u0131klar\u0131 gidererek daha gen\u00e7 ve s\u0131k\u0131 bir boyun g\u00f6r\u00fcn\u00fcm\u00fc sunar.\",\"breadcrumb\":{\"@id\":\"https:\\\/\\\/drcengizhan.com\\\/double-chin\\\/#breadcrumb\"},\"inLanguage\":\"tr\",\"potentialAction\":[{\"@type\":\"ReadAction\",\"target\":[\"https:\\\/\\\/drcengizhan.com\\\/double-chin\\\/\"]}]},{\"@type\":\"ImageObject\",\"inLanguage\":\"tr\",\"@id\":\"https:\\\/\\\/drcengizhan.com\\\/double-chin\\\/#primaryimage\",\"url\":\"https:\\\/\\\/drcengizhan.com\\\/wp-content\\\/uploads\\\/2024\\\/10\\\/Double_Chin_by_dr_cengizhan_1920x1080.jpg\",\"contentUrl\":\"https:\\\/\\\/drcengizhan.com\\\/wp-content\\\/uploads\\\/2024\\\/10\\\/Double_Chin_by_dr_cengizhan_1920x1080.jpg\",\"width\":1920,\"height\":1080},{\"@type\":\"BreadcrumbList\",\"@id\":\"https:\\\/\\\/drcengizhan.com\\\/double-chin\\\/#breadcrumb\",\"itemListElement\":[{\"@type\":\"ListItem\",\"position\":1,\"name\":\"Home\",\"item\":\"https:\\\/\\\/drcengizhan.com\\\/tr\\\/\"},{\"@type\":\"ListItem\",\"position\":2,\"name\":\"Boyun Germe\"}]},{\"@type\":\"WebSite\",\"@id\":\"https:\\\/\\\/drcengizhan.com\\\/#website\",\"url\":\"https:\\\/\\\/drcengizhan.com\\\/\",\"name\":\"Dr. Cengizhan Ekizceli\",\"description\":\"Plastic Surgeon in Turkey\",\"publisher\":{\"@id\":\"https:\\\/\\\/drcengizhan.com\\\/#organization\"},\"potentialAction\":[{\"@type\":\"SearchAction\",\"target\":{\"@type\":\"EntryPoint\",\"urlTemplate\":\"https:\\\/\\\/drcengizhan.com\\\/?s={search_term_string}\"},\"query-input\":{\"@type\":\"PropertyValueSpecification\",\"valueRequired\":true,\"valueName\":\"search_term_string\"}}],\"inLanguage\":\"tr\"},{\"@type\":\"Organization\",\"@id\":\"https:\\\/\\\/drcengizhan.com\\\/#organization\",\"name\":\"Dr. Cengizhan Ekizceli\",\"url\":\"https:\\\/\\\/drcengizhan.com\\\/\",\"logo\":{\"@type\":\"ImageObject\",\"inLanguage\":\"tr\",\"@id\":\"https:\\\/\\\/drcengizhan.com\\\/#\\\/schema\\\/logo\\\/image\\\/\",\"url\":\"https:\\\/\\\/drcengizhan.com\\\/wp-content\\\/uploads\\\/2024\\\/07\\\/drce_yatay_logo-e1721899271292.webp\",\"contentUrl\":\"https:\\\/\\\/drcengizhan.com\\\/wp-content\\\/uploads\\\/2024\\\/07\\\/drce_yatay_logo-e1721899271292.webp\",\"width\":960,\"height\":307,\"caption\":\"Dr. Cengizhan Ekizceli\"},\"image\":{\"@id\":\"https:\\\/\\\/drcengizhan.com\\\/#\\\/schema\\\/logo\\\/image\\\/\"},\"sameAs\":[\"https:\\\/\\\/www.facebook.com\\\/drcengizhan\\\/\"]}]}<\/script>\n<!-- \/ Yoast SEO Premium plugin. -->","yoast_head_json":{"title":"Boyun Germe - Dr. Cengizhan Ekizceli","description":"Meta description: Dr. Cengizhan Ekizceli, boyun germe ameliyat\u0131 ile sarkma ve k\u0131r\u0131\u015f\u0131kl\u0131klar\u0131 gidererek daha gen\u00e7 ve s\u0131k\u0131 bir boyun g\u00f6r\u00fcn\u00fcm\u00fc sunar.","robots":{"index":"index","follow":"follow","max-snippet":"max-snippet:-1","max-image-preview":"max-image-preview:large","max-video-preview":"max-video-preview:-1"},"canonical":"https:\/\/drcengizhan.com\/double-chin\/","og_locale":"tr_TR","og_type":"article","og_title":"Boyun Germe","og_description":"Meta description: Dr. Cengizhan Ekizceli, boyun germe ameliyat\u0131 ile sarkma ve k\u0131r\u0131\u015f\u0131kl\u0131klar\u0131 gidererek daha gen\u00e7 ve s\u0131k\u0131 bir boyun g\u00f6r\u00fcn\u00fcm\u00fc sunar.","og_url":"https:\/\/drcengizhan.com\/double-chin\/","og_site_name":"Dr. Cengizhan Ekizceli","article_publisher":"https:\/\/www.facebook.com\/drcengizhan\/","article_modified_time":"2024-09-23T14:03:20+00:00","og_image":[{"width":486,"height":325,"url":"https:\/\/drcengizhan.com\/wp-content\/uploads\/2018\/01\/Double-Chin.png","type":"image\/png"}],"twitter_card":"summary_large_image","schema":{"@context":"https:\/\/schema.org","@graph":[{"@type":"WebPage","@id":"https:\/\/drcengizhan.com\/double-chin\/","url":"https:\/\/drcengizhan.com\/double-chin\/","name":"Boyun Germe - Dr. Cengizhan Ekizceli","isPartOf":{"@id":"https:\/\/drcengizhan.com\/#website"},"primaryImageOfPage":{"@id":"https:\/\/drcengizhan.com\/double-chin\/#primaryimage"},"image":{"@id":"https:\/\/drcengizhan.com\/double-chin\/#primaryimage"},"thumbnailUrl":"https:\/\/drcengizhan.com\/wp-content\/uploads\/2024\/10\/Double_Chin_by_dr_cengizhan_1920x1080.jpg","datePublished":"2023-12-20T08:33:50+00:00","dateModified":"2024-09-23T14:03:20+00:00","description":"Meta description: Dr. Cengizhan Ekizceli, boyun germe ameliyat\u0131 ile sarkma ve k\u0131r\u0131\u015f\u0131kl\u0131klar\u0131 gidererek daha gen\u00e7 ve s\u0131k\u0131 bir boyun g\u00f6r\u00fcn\u00fcm\u00fc sunar.","breadcrumb":{"@id":"https:\/\/drcengizhan.com\/double-chin\/#breadcrumb"},"inLanguage":"tr","potentialAction":[{"@type":"ReadAction","target":["https:\/\/drcengizhan.com\/double-chin\/"]}]},{"@type":"ImageObject","inLanguage":"tr","@id":"https:\/\/drcengizhan.com\/double-chin\/#primaryimage","url":"https:\/\/drcengizhan.com\/wp-content\/uploads\/2024\/10\/Double_Chin_by_dr_cengizhan_1920x1080.jpg","contentUrl":"https:\/\/drcengizhan.com\/wp-content\/uploads\/2024\/10\/Double_Chin_by_dr_cengizhan_1920x1080.jpg","width":1920,"height":1080},{"@type":"BreadcrumbList","@id":"https:\/\/drcengizhan.com\/double-chin\/#breadcrumb","itemListElement":[{"@type":"ListItem","position":1,"name":"Home","item":"https:\/\/drcengizhan.com\/tr\/"},{"@type":"ListItem","position":2,"name":"Boyun Germe"}]},{"@type":"WebSite","@id":"https:\/\/drcengizhan.com\/#website","url":"https:\/\/drcengizhan.com\/","name":"Dr. Cengizhan Ekizceli","description":"Plastic Surgeon in Turkey","publisher":{"@id":"https:\/\/drcengizhan.com\/#organization"},"potentialAction":[{"@type":"SearchAction","target":{"@type":"EntryPoint","urlTemplate":"https:\/\/drcengizhan.com\/?s={search_term_string}"},"query-input":{"@type":"PropertyValueSpecification","valueRequired":true,"valueName":"search_term_string"}}],"inLanguage":"tr"},{"@type":"Organization","@id":"https:\/\/drcengizhan.com\/#organization","name":"Dr. Cengizhan Ekizceli","url":"https:\/\/drcengizhan.com\/","logo":{"@type":"ImageObject","inLanguage":"tr","@id":"https:\/\/drcengizhan.com\/#\/schema\/logo\/image\/","url":"https:\/\/drcengizhan.com\/wp-content\/uploads\/2024\/07\/drce_yatay_logo-e1721899271292.webp","contentUrl":"https:\/\/drcengizhan.com\/wp-content\/uploads\/2024\/07\/drce_yatay_logo-e1721899271292.webp","width":960,"height":307,"caption":"Dr. Cengizhan Ekizceli"},"image":{"@id":"https:\/\/drcengizhan.com\/#\/schema\/logo\/image\/"},"sameAs":["https:\/\/www.facebook.com\/drcengizhan\/"]}]}},"_links":{"self":[{"href":"https:\/\/drcengizhan.com\/tr\/wp-json\/wp\/v2\/pages\/2629","targetHints":{"allow":["GET"]}}],"collection":[{"href":"https:\/\/drcengizhan.com\/tr\/wp-json\/wp\/v2\/pages"}],"about":[{"href":"https:\/\/drcengizhan.com\/tr\/wp-json\/wp\/v2\/types\/page"}],"author":[{"embeddable":true,"href":"https:\/\/drcengizhan.com\/tr\/wp-json\/wp\/v2\/users\/6"}],"replies":[{"embeddable":true,"href":"https:\/\/drcengizhan.com\/tr\/wp-json\/wp\/v2\/comments?post=2629"}],"version-history":[{"count":0,"href":"https:\/\/drcengizhan.com\/tr\/wp-json\/wp\/v2\/pages\/2629\/revisions"}],"wp:featuredmedia":[{"embeddable":true,"href":"https:\/\/drcengizhan.com\/tr\/wp-json\/wp\/v2\/media\/28373"}],"wp:attachment":[{"href":"https:\/\/drcengizhan.com\/tr\/wp-json\/wp\/v2\/media?parent=2629"}],"curies":[{"name":"wp","href":"https:\/\/api.w.org\/{rel}","templated":true}]}}