{"id":2620,"date":"2023-12-20T11:02:31","date_gmt":"2023-12-20T08:02:31","guid":{"rendered":"https:\/\/drcengizhan.com\/?page_id=2620"},"modified":"2024-09-30T13:08:30","modified_gmt":"2024-09-30T10:08:30","slug":"six-pack","status":"publish","type":"page","link":"https:\/\/drcengizhan.com\/tr\/six-pack\/","title":{"rendered":"Six-Pack (Kar\u0131n Kas\u0131) Ameliyat\u0131"},"content":{"rendered":"<p>\u00c7ekici bir g\u00f6r\u00fcn\u00fcme sahip, fit bir v\u00fccut herkesin hayallerini s\u00fcsler. Dr. Cengizhan Ekizceli&#8217;nin ger\u00e7ekle\u015ftirdi\u011fi, <strong>kar\u0131n kas\u0131 esteti\u011fi<\/strong> olarak da ifade edilebilen <strong>six-pack ameliyat\u0131 <\/strong>son zamanlar\u0131n en pop\u00fcler ameliyatlar\u0131ndan biridir. G\u00fcn\u00fcm\u00fczde pek \u00e7ok kad\u0131n ve erkek \u00fczerinde rahatl\u0131kla uygulanabilmektedir.<\/p>\r\n<h2>\u25cf Six-pack ameliyat\u0131 nedir?<\/h2>\r\n<p>Spor salonlar\u0131nda bitmek bilmeyen egzersiz programlar\u0131ndan ve olduk\u00e7a zorlay\u0131c\u0131 diyet s\u00fcre\u00e7lerinden b\u0131km\u0131\u015f ki\u015filer i\u00e7in bu ameliyat, t\u00fcm bu me\u015fakkatli y\u00f6ntemlerin yerini alan etkili ve h\u0131zl\u0131 bir \u00e7\u00f6z\u00fcmd\u00fcr.<br \/>Six-pack operasyonu; fazla ya\u011flar\u0131n al\u0131nd\u0131\u011f\u0131, kar\u0131n b\u00f6lgesinin yeniden \u015fekillendirildi\u011fi ve tek ba\u015f\u0131na diyet ve sporla elde edilmesi zor olan kar\u0131n kaslar\u0131n\u0131n g\u00fc\u00e7lendirildi\u011fi bir i\u015flemdir.<\/p>\r\n<h2>\u25cf Six-pack ameliyat\u0131 nas\u0131l yap\u0131l\u0131r?<\/h2>\r\n<p>Six-pack ameliyat\u0131 genel anestezi alt\u0131nda yap\u0131l\u0131r. Yakla\u015f\u0131k <strong>bir saat<\/strong> s\u00fcrer.<br \/>Kar\u0131n b\u00f6lgesi a\u015f\u0131nd\u0131rma i\u015flemi, Dr. Cengizhan Ekizceli taraf\u0131ndan \u00f6zel \u015fi\u015firme liposuction tekni\u011fi ile yap\u0131lmaktad\u0131r. \u0130\u015flem, cilt alt\u0131nda bulunan ya\u011f dokusunu \u00e7\u0131kar\u0131r ve \u015fekillendirir. \u0130\u015flemden \u00f6nce hastan\u0131n s\u0131kt\u0131\u011f\u0131 kar\u0131n kaslar\u0131ndan detayl\u0131 i\u015faretlemeler yap\u0131l\u0131r.<\/p>\r\n<p>Ameliyat s\u0131ras\u0131nda karn\u0131n do\u011fal hatlar\u0131 i\u00e7inde k\u00fc\u00e7\u00fck kesiler yap\u0131l\u0131r. Bu, yara izini en aza indirmeye yard\u0131mc\u0131 olur. Bu kesiler sayesinde baz\u0131 b\u00f6lgelerdeki ya\u011flar al\u0131n\u0131r, baz\u0131lar\u0131nda inceltilir ve kar\u0131n (rektus) kaslar\u0131 ve karn\u0131n ortas\u0131ndan a\u015fa\u011f\u0131 inen \u00e7izgi (linea alba) vurgulanacak \u015fekilde yeniden d\u00fczenlenir.<\/p>\r\n<h2>\u25cf Six-pack ameliyat\u0131ndan sonra iyile\u015fmek ne kadar s\u00fcrer?<\/h2>\r\n<p>Ameliyat\u0131n ba\u015f\u0131nda ve sonras\u0131nda hasta \u015fi\u015fli\u011fi azaltmak i\u00e7in kompresyon bandaj\u0131 takar. Ameliyattan bir hafta sonra da hasta g\u00fcnl\u00fck rutinine d\u00f6nebilir ancak bu ilk d\u00f6nemde \u00f6zellikle kar\u0131n egzersizleri olmak \u00fczere a\u011f\u0131r egzersizlerden ka\u00e7\u0131nmal\u0131d\u0131r.<\/p>\r\n<h2>\u25cf Nihai sonu\u00e7lar ne zaman al\u0131n\u0131r?<\/h2>\r\n<p>\u015ei\u015flikler indi\u011finde, sonu\u00e7lar ortaya \u00e7\u0131kmaya ba\u015flar ve kar\u0131n kaslar\u0131 belirginle\u015fir. Hastan\u0131n nihai sonu\u00e7lar\u0131 ise <strong>iki ila be\u015f ay<\/strong> aras\u0131nda elde edilir.<\/p>\r\n<h2>\u25cf Six-pack i\u015flemi ile hangi i\u015flemler yap\u0131labilir?<\/h2>\r\n<p>Erkeklerde six-pack operasyonuna <a href=\"https:\/\/drcengizhan.com\/tr\/jinekomasti\/\">jinekomasti<\/a> ameliyat\u0131 e\u015flik edebilir. Kad\u0131nlarda ise genellikle <a href=\"https:\/\/drcengizhan.com\/tr\/kalca-buyutme\/\">Brezilya popo esteti\u011fi<\/a> ve <a href=\"https:\/\/drcengizhan.com\/tr\/karin-germe\/\">kar\u0131n germe<\/a> operasyonlar\u0131 s\u00f6z konusudur.<\/p>\r\n\r\n<p>&nbsp;<\/p>\r\n","protected":false},"excerpt":{"rendered":"<p>\u00c7ekici bir g\u00f6r\u00fcn\u00fcme sahip, fit bir v\u00fccut herkesin hayallerini s\u00fcsler. Dr. Cengizhan Ekizceli&#8217;nin ger\u00e7ekle\u015ftirdi\u011fi, kar\u0131n kas\u0131 esteti\u011fi olarak da ifade edilebilen six-pack ameliyat\u0131 son zamanlar\u0131n en pop\u00fcler ameliyatlar\u0131ndan biridir. G\u00fcn\u00fcm\u00fczde pek \u00e7ok kad\u0131n ve erkek \u00fczerinde rahatl\u0131kla uygulanabilmektedir. \u25cf Six-pack ameliyat\u0131 nedir? Spor salonlar\u0131nda bitmek bilmeyen egzersiz programlar\u0131ndan ve olduk\u00e7a zorlay\u0131c\u0131 diyet s\u00fcre\u00e7lerinden b\u0131km\u0131\u015f ki\u015filer&hellip;<\/p>\n","protected":false},"author":5,"featured_media":28211,"parent":0,"menu_order":0,"comment_status":"closed","ping_status":"closed","template":"","meta":{"footnotes":""},"class_list":["post-2620","page","type-page","status-publish","has-post-thumbnail","hentry","description-off"],"yoast_head":"<!-- This site is optimized with the Yoast SEO Premium plugin v27.3 (Yoast SEO v27.3) - https:\/\/yoast.com\/product\/yoast-seo-premium-wordpress\/ -->\n<title>Six-Pack (Kar\u0131n Kas\u0131) Ameliyat\u0131 - Dr. Cengizhan Ekizceli<\/title>\n<meta name=\"description\" content=\"Alt\u0131 paket cerrahisi, kar\u0131n kaslar\u0131n\u0131 belirginle\u015ftirerek tonlu bir g\u00f6r\u00fcn\u00fcm elde etmenizi sa\u011flar ve estetik, kal\u0131c\u0131 sonu\u00e7lar sunar.\" \/>\n<meta name=\"robots\" content=\"index, follow, max-snippet:-1, max-image-preview:large, max-video-preview:-1\" \/>\n<link rel=\"canonical\" href=\"https:\/\/drcengizhan.com\/tr\/six-pack\/\" \/>\n<meta property=\"og:locale\" content=\"tr_TR\" \/>\n<meta property=\"og:type\" content=\"article\" \/>\n<meta property=\"og:title\" content=\"Six-Pack (Kar\u0131n Kas\u0131) Ameliyat\u0131\" \/>\n<meta property=\"og:description\" content=\"Alt\u0131 paket cerrahisi, kar\u0131n kaslar\u0131n\u0131 belirginle\u015ftirerek tonlu bir g\u00f6r\u00fcn\u00fcm elde etmenizi sa\u011flar ve estetik, kal\u0131c\u0131 sonu\u00e7lar sunar.\" \/>\n<meta property=\"og:url\" content=\"https:\/\/drcengizhan.com\/tr\/six-pack\/\" \/>\n<meta property=\"og:site_name\" content=\"Dr. Cengizhan Ekizceli\" \/>\n<meta property=\"article:publisher\" content=\"https:\/\/www.facebook.com\/drcengizhan\/\" \/>\n<meta property=\"article:modified_time\" content=\"2024-09-30T10:08:30+00:00\" \/>\n<meta property=\"og:image\" content=\"https:\/\/drcengizhan.com\/wp-content\/uploads\/2024\/09\/six_packs_by_dr_cengizhan_1920x1080-1.jpg\" \/>\n\t<meta property=\"og:image:width\" content=\"1920\" \/>\n\t<meta property=\"og:image:height\" content=\"1080\" \/>\n\t<meta property=\"og:image:type\" content=\"image\/jpeg\" \/>\n<meta name=\"twitter:card\" content=\"summary_large_image\" \/>\n<script type=\"application\/ld+json\" class=\"yoast-schema-graph\">{\"@context\":\"https:\\\/\\\/schema.org\",\"@graph\":[{\"@type\":\"WebPage\",\"@id\":\"https:\\\/\\\/drcengizhan.com\\\/tr\\\/six-pack\\\/\",\"url\":\"https:\\\/\\\/drcengizhan.com\\\/tr\\\/six-pack\\\/\",\"name\":\"Six-Pack (Kar\u0131n Kas\u0131) Ameliyat\u0131 - Dr. Cengizhan Ekizceli\",\"isPartOf\":{\"@id\":\"https:\\\/\\\/drcengizhan.com\\\/tr\\\/#website\"},\"primaryImageOfPage\":{\"@id\":\"https:\\\/\\\/drcengizhan.com\\\/tr\\\/six-pack\\\/#primaryimage\"},\"image\":{\"@id\":\"https:\\\/\\\/drcengizhan.com\\\/tr\\\/six-pack\\\/#primaryimage\"},\"thumbnailUrl\":\"https:\\\/\\\/drcengizhan.com\\\/wp-content\\\/uploads\\\/2024\\\/09\\\/six_packs_by_dr_cengizhan_1920x1080-1.jpg\",\"datePublished\":\"2023-12-20T08:02:31+00:00\",\"dateModified\":\"2024-09-30T10:08:30+00:00\",\"description\":\"Alt\u0131 paket cerrahisi, kar\u0131n kaslar\u0131n\u0131 belirginle\u015ftirerek tonlu bir g\u00f6r\u00fcn\u00fcm elde etmenizi sa\u011flar ve estetik, kal\u0131c\u0131 sonu\u00e7lar sunar.\",\"breadcrumb\":{\"@id\":\"https:\\\/\\\/drcengizhan.com\\\/tr\\\/six-pack\\\/#breadcrumb\"},\"inLanguage\":\"tr\",\"potentialAction\":[{\"@type\":\"ReadAction\",\"target\":[\"https:\\\/\\\/drcengizhan.com\\\/tr\\\/six-pack\\\/\"]}]},{\"@type\":\"ImageObject\",\"inLanguage\":\"tr\",\"@id\":\"https:\\\/\\\/drcengizhan.com\\\/tr\\\/six-pack\\\/#primaryimage\",\"url\":\"https:\\\/\\\/drcengizhan.com\\\/wp-content\\\/uploads\\\/2024\\\/09\\\/six_packs_by_dr_cengizhan_1920x1080-1.jpg\",\"contentUrl\":\"https:\\\/\\\/drcengizhan.com\\\/wp-content\\\/uploads\\\/2024\\\/09\\\/six_packs_by_dr_cengizhan_1920x1080-1.jpg\",\"width\":1920,\"height\":1080},{\"@type\":\"BreadcrumbList\",\"@id\":\"https:\\\/\\\/drcengizhan.com\\\/tr\\\/six-pack\\\/#breadcrumb\",\"itemListElement\":[{\"@type\":\"ListItem\",\"position\":1,\"name\":\"Home\",\"item\":\"https:\\\/\\\/drcengizhan.com\\\/tr\\\/\"},{\"@type\":\"ListItem\",\"position\":2,\"name\":\"Six-Pack (Kar\u0131n Kas\u0131) Ameliyat\u0131\"}]},{\"@type\":\"WebSite\",\"@id\":\"https:\\\/\\\/drcengizhan.com\\\/tr\\\/#website\",\"url\":\"https:\\\/\\\/drcengizhan.com\\\/tr\\\/\",\"name\":\"Dr. Cengizhan Ekizceli\",\"description\":\"Plastic Surgeon in Turkey\",\"publisher\":{\"@id\":\"https:\\\/\\\/drcengizhan.com\\\/tr\\\/#organization\"},\"potentialAction\":[{\"@type\":\"SearchAction\",\"target\":{\"@type\":\"EntryPoint\",\"urlTemplate\":\"https:\\\/\\\/drcengizhan.com\\\/tr\\\/?s={search_term_string}\"},\"query-input\":{\"@type\":\"PropertyValueSpecification\",\"valueRequired\":true,\"valueName\":\"search_term_string\"}}],\"inLanguage\":\"tr\"},{\"@type\":\"Organization\",\"@id\":\"https:\\\/\\\/drcengizhan.com\\\/tr\\\/#organization\",\"name\":\"Dr. Cengizhan Ekizceli\",\"url\":\"https:\\\/\\\/drcengizhan.com\\\/tr\\\/\",\"logo\":{\"@type\":\"ImageObject\",\"inLanguage\":\"tr\",\"@id\":\"https:\\\/\\\/drcengizhan.com\\\/tr\\\/#\\\/schema\\\/logo\\\/image\\\/\",\"url\":\"https:\\\/\\\/drcengizhan.com\\\/wp-content\\\/uploads\\\/2024\\\/07\\\/drce_yatay_logo-e1721899271292.webp\",\"contentUrl\":\"https:\\\/\\\/drcengizhan.com\\\/wp-content\\\/uploads\\\/2024\\\/07\\\/drce_yatay_logo-e1721899271292.webp\",\"width\":960,\"height\":307,\"caption\":\"Dr. Cengizhan Ekizceli\"},\"image\":{\"@id\":\"https:\\\/\\\/drcengizhan.com\\\/tr\\\/#\\\/schema\\\/logo\\\/image\\\/\"},\"sameAs\":[\"https:\\\/\\\/www.facebook.com\\\/drcengizhan\\\/\"]}]}<\/script>\n<!-- \/ Yoast SEO Premium plugin. -->","yoast_head_json":{"title":"Six-Pack (Kar\u0131n Kas\u0131) Ameliyat\u0131 - Dr. Cengizhan Ekizceli","description":"Alt\u0131 paket cerrahisi, kar\u0131n kaslar\u0131n\u0131 belirginle\u015ftirerek tonlu bir g\u00f6r\u00fcn\u00fcm elde etmenizi sa\u011flar ve estetik, kal\u0131c\u0131 sonu\u00e7lar sunar.","robots":{"index":"index","follow":"follow","max-snippet":"max-snippet:-1","max-image-preview":"max-image-preview:large","max-video-preview":"max-video-preview:-1"},"canonical":"https:\/\/drcengizhan.com\/tr\/six-pack\/","og_locale":"tr_TR","og_type":"article","og_title":"Six-Pack (Kar\u0131n Kas\u0131) Ameliyat\u0131","og_description":"Alt\u0131 paket cerrahisi, kar\u0131n kaslar\u0131n\u0131 belirginle\u015ftirerek tonlu bir g\u00f6r\u00fcn\u00fcm elde etmenizi sa\u011flar ve estetik, kal\u0131c\u0131 sonu\u00e7lar sunar.","og_url":"https:\/\/drcengizhan.com\/tr\/six-pack\/","og_site_name":"Dr. Cengizhan Ekizceli","article_publisher":"https:\/\/www.facebook.com\/drcengizhan\/","article_modified_time":"2024-09-30T10:08:30+00:00","og_image":[{"width":1920,"height":1080,"url":"https:\/\/drcengizhan.com\/wp-content\/uploads\/2024\/09\/six_packs_by_dr_cengizhan_1920x1080-1.jpg","type":"image\/jpeg"}],"twitter_card":"summary_large_image","schema":{"@context":"https:\/\/schema.org","@graph":[{"@type":"WebPage","@id":"https:\/\/drcengizhan.com\/tr\/six-pack\/","url":"https:\/\/drcengizhan.com\/tr\/six-pack\/","name":"Six-Pack (Kar\u0131n Kas\u0131) Ameliyat\u0131 - Dr. Cengizhan Ekizceli","isPartOf":{"@id":"https:\/\/drcengizhan.com\/tr\/#website"},"primaryImageOfPage":{"@id":"https:\/\/drcengizhan.com\/tr\/six-pack\/#primaryimage"},"image":{"@id":"https:\/\/drcengizhan.com\/tr\/six-pack\/#primaryimage"},"thumbnailUrl":"https:\/\/drcengizhan.com\/wp-content\/uploads\/2024\/09\/six_packs_by_dr_cengizhan_1920x1080-1.jpg","datePublished":"2023-12-20T08:02:31+00:00","dateModified":"2024-09-30T10:08:30+00:00","description":"Alt\u0131 paket cerrahisi, kar\u0131n kaslar\u0131n\u0131 belirginle\u015ftirerek tonlu bir g\u00f6r\u00fcn\u00fcm elde etmenizi sa\u011flar ve estetik, kal\u0131c\u0131 sonu\u00e7lar sunar.","breadcrumb":{"@id":"https:\/\/drcengizhan.com\/tr\/six-pack\/#breadcrumb"},"inLanguage":"tr","potentialAction":[{"@type":"ReadAction","target":["https:\/\/drcengizhan.com\/tr\/six-pack\/"]}]},{"@type":"ImageObject","inLanguage":"tr","@id":"https:\/\/drcengizhan.com\/tr\/six-pack\/#primaryimage","url":"https:\/\/drcengizhan.com\/wp-content\/uploads\/2024\/09\/six_packs_by_dr_cengizhan_1920x1080-1.jpg","contentUrl":"https:\/\/drcengizhan.com\/wp-content\/uploads\/2024\/09\/six_packs_by_dr_cengizhan_1920x1080-1.jpg","width":1920,"height":1080},{"@type":"BreadcrumbList","@id":"https:\/\/drcengizhan.com\/tr\/six-pack\/#breadcrumb","itemListElement":[{"@type":"ListItem","position":1,"name":"Home","item":"https:\/\/drcengizhan.com\/tr\/"},{"@type":"ListItem","position":2,"name":"Six-Pack (Kar\u0131n Kas\u0131) Ameliyat\u0131"}]},{"@type":"WebSite","@id":"https:\/\/drcengizhan.com\/tr\/#website","url":"https:\/\/drcengizhan.com\/tr\/","name":"Dr. Cengizhan Ekizceli","description":"Plastic Surgeon in Turkey","publisher":{"@id":"https:\/\/drcengizhan.com\/tr\/#organization"},"potentialAction":[{"@type":"SearchAction","target":{"@type":"EntryPoint","urlTemplate":"https:\/\/drcengizhan.com\/tr\/?s={search_term_string}"},"query-input":{"@type":"PropertyValueSpecification","valueRequired":true,"valueName":"search_term_string"}}],"inLanguage":"tr"},{"@type":"Organization","@id":"https:\/\/drcengizhan.com\/tr\/#organization","name":"Dr. Cengizhan Ekizceli","url":"https:\/\/drcengizhan.com\/tr\/","logo":{"@type":"ImageObject","inLanguage":"tr","@id":"https:\/\/drcengizhan.com\/tr\/#\/schema\/logo\/image\/","url":"https:\/\/drcengizhan.com\/wp-content\/uploads\/2024\/07\/drce_yatay_logo-e1721899271292.webp","contentUrl":"https:\/\/drcengizhan.com\/wp-content\/uploads\/2024\/07\/drce_yatay_logo-e1721899271292.webp","width":960,"height":307,"caption":"Dr. Cengizhan Ekizceli"},"image":{"@id":"https:\/\/drcengizhan.com\/tr\/#\/schema\/logo\/image\/"},"sameAs":["https:\/\/www.facebook.com\/drcengizhan\/"]}]}},"_links":{"self":[{"href":"https:\/\/drcengizhan.com\/tr\/wp-json\/wp\/v2\/pages\/2620","targetHints":{"allow":["GET"]}}],"collection":[{"href":"https:\/\/drcengizhan.com\/tr\/wp-json\/wp\/v2\/pages"}],"about":[{"href":"https:\/\/drcengizhan.com\/tr\/wp-json\/wp\/v2\/types\/page"}],"author":[{"embeddable":true,"href":"https:\/\/drcengizhan.com\/tr\/wp-json\/wp\/v2\/users\/5"}],"replies":[{"embeddable":true,"href":"https:\/\/drcengizhan.com\/tr\/wp-json\/wp\/v2\/comments?post=2620"}],"version-history":[{"count":0,"href":"https:\/\/drcengizhan.com\/tr\/wp-json\/wp\/v2\/pages\/2620\/revisions"}],"wp:featuredmedia":[{"embeddable":true,"href":"https:\/\/drcengizhan.com\/tr\/wp-json\/wp\/v2\/media\/28211"}],"wp:attachment":[{"href":"https:\/\/drcengizhan.com\/tr\/wp-json\/wp\/v2\/media?parent=2620"}],"curies":[{"name":"wp","href":"https:\/\/api.w.org\/{rel}","templated":true}]}}