{"id":2602,"date":"2023-12-20T10:33:12","date_gmt":"2023-12-20T07:33:12","guid":{"rendered":"https:\/\/drcengizhan.com\/?page_id=2602"},"modified":"2024-09-19T12:30:53","modified_gmt":"2024-09-19T09:30:53","slug":"otoplasti","status":"publish","type":"page","link":"https:\/\/drcengizhan.com\/tr\/otoplasti\/","title":{"rendered":"Otoplasti (Kulak Esteti\u011fi)"},"content":{"rendered":"<p>Dr. Cengizhan Ekizceli&#8217;nin uygulad\u0131\u011f\u0131 otoplasti ameliyat\u0131, do\u011fu\u015ftan ya da travma kaynakl\u0131 \u015fekil bozukluklar\u0131n\u0131 (<em>kep\u00e7ekulak<\/em> gibi) onararak daha do\u011fal bir \u015fekil olu\u015ftururken, kulak ve y\u00fczde orant\u0131 sa\u011flay\u0131p kulaklar\u0131n \u015feklini d\u00fczeltir.<\/p>\n<h2>\u25cfOtoplasti ameliyat\u0131 nedir?<\/h2>\n<p>Kulaklar\u0131n pozisyonunu, boyutunu veya \u015feklini d\u00fczeltmek i\u00e7in d\u0131\u015f kulakta yap\u0131lan bir operasyondur.<\/p>\n<h2>\u25cf Kulak esteti\u011fi ameliyat\u0131 i\u00e7in en uygun ya\u015f nedir?<\/h2>\n<p>Otoplasti i\u00e7in en uygun ya\u015f, hastan\u0131n kulaklar\u0131ndaki k\u0131k\u0131rdak yerle\u015fene kadar yakla\u015f\u0131k <strong>be\u015f ya\u015f\u0131ndan sonras\u0131<\/strong>d\u0131r. B\u00f6ylece \u00e7ocuk, herkes gibi normal kulaklarla okula ba\u015flayabilir.<\/p>\n<h2>\u25cfOtoplasti ameliyat\u0131 nas\u0131l yap\u0131l\u0131r?<\/h2>\n<p>Operasyon <strong>genel anestezi<\/strong> alt\u0131nda yap\u0131l\u0131r. Dr. Cengizhan Ekizceli yara izinin gizlenmesi i\u00e7in kula\u011f\u0131n arka k\u0131sm\u0131ndan ba\u015flar ve sa\u00e7 \u00e7izgisinin kafa ile birle\u015fti\u011fi yerden bir kesi uygular.<\/p>\n<h2>\u25cfOtoplasti ameliyat\u0131 i\u00e7in uygun adaylar kimlerdir?<\/h2>\n<p>Be\u015f ya\u015f\u0131n\u0131 ge\u00e7mi\u015f \u00e7ocuklar ve kulaklar\u0131n\u0131n g\u00f6r\u00fcn\u00fcm\u00fcnden memnun olmayan sa\u011fl\u0131kl\u0131 yeti\u015fkinler bu ameliyat i\u00e7in uygun adaylard\u0131r. Bu t\u00fcr durumlarda kulak k\u0131k\u0131rda\u011f\u0131, al\u0131\u015f\u0131lm\u0131\u015f boyuttan \u00e7ok daha b\u00fcy\u00fck olabilir; bu da kula\u011f\u0131n \u00e7\u0131k\u0131nt\u0131 yapmas\u0131na veya d\u0131\u015f kulakta anormallikler olu\u015fmas\u0131na yol a\u00e7abilir.<\/p>\n<h2>\u25cfOtoplasti sonras\u0131 iz kal\u0131r m\u0131?<\/h2>\n<p>Cengizhan Ekizceli, ameliyattan kaynaklanan izlerin <strong>az ve g\u00f6r\u00fcnmez<\/strong> olmas\u0131 konusunda olduk\u00e7a titizdir, bu nedenle plastik cerrahi kesilerini kula\u011f\u0131n do\u011fal k\u0131vr\u0131mlar\u0131na yerle\u015ftirmek i\u00e7in \u00e7al\u0131\u015f\u0131r, b\u00f6ylece tamamen gizlenebilirler.<\/p>\n<h2>\u25cfOtoplasti esteti\u011fi i\u015fitmeyi etkiler mi?<\/h2>\n<p>Otoplasti ameliyat\u0131, kula\u011f\u0131n <strong>d\u0131\u015f k\u0131sm\u0131n\u0131<\/strong> yeniden \u015fekillendirir ve i\u015fitme de <strong>orta ve i\u00e7 kulak<\/strong> yoluyla yap\u0131l\u0131r. Bu b\u00f6lgelere ameliyat s\u0131ras\u0131nda doktor taraf\u0131ndan <em><strong>asla<\/strong> <\/em>dokunulmad\u0131\u011f\u0131ndan <em>otoplasti i\u015fitmeyi hi\u00e7bir \u015fekilde etkilemeyecektir.<\/em><\/p>\n<h2>\u25cf Otoplasti ameliyat\u0131 a\u011fr\u0131l\u0131 m\u0131d\u0131r?<\/h2>\n<p>Genel kan\u0131ya g\u00f6re otoplasti a\u011fr\u0131l\u0131 bir s\u00fcre\u00e7 de\u011fildir; ancak ilk gece 12 saat sonra rahatl\u0131kla ge\u00e7en hafif rahats\u0131zl\u0131klar duyabilirsiniz.<\/p>\n","protected":false},"excerpt":{"rendered":"<p>Dr. Cengizhan Ekizceli&#8217;nin uygulad\u0131\u011f\u0131 otoplasti ameliyat\u0131, do\u011fu\u015ftan ya da travma kaynakl\u0131 \u015fekil bozukluklar\u0131n\u0131 (kep\u00e7ekulak gibi) onararak daha do\u011fal bir \u015fekil olu\u015ftururken, kulak ve y\u00fczde orant\u0131 sa\u011flay\u0131p kulaklar\u0131n \u015feklini d\u00fczeltir. \u25cfOtoplasti ameliyat\u0131 nedir? Kulaklar\u0131n pozisyonunu, boyutunu veya \u015feklini d\u00fczeltmek i\u00e7in d\u0131\u015f kulakta yap\u0131lan bir operasyondur. \u25cf Kulak esteti\u011fi ameliyat\u0131 i\u00e7in en uygun ya\u015f nedir? Otoplasti i\u00e7in&hellip;<\/p>\n","protected":false},"author":6,"featured_media":28377,"parent":0,"menu_order":0,"comment_status":"closed","ping_status":"closed","template":"","meta":{"footnotes":""},"class_list":["post-2602","page","type-page","status-publish","has-post-thumbnail","hentry","description-off"],"yoast_head":"<!-- This site is optimized with the Yoast SEO Premium plugin v27.2 (Yoast SEO v27.3) - https:\/\/yoast.com\/product\/yoast-seo-premium-wordpress\/ -->\n<title>Otoplasti (Kulak Esteti\u011fi) - Dr. Cengizhan Ekizceli<\/title>\n<meta name=\"description\" content=\"Otoplasti, kulaklar\u0131n \u015feklini ve konumunu d\u00fczelterek daha estetik bir g\u00f6r\u00fcn\u00fcm sa\u011flar; do\u011fal ve kal\u0131c\u0131 sonu\u00e7lar elde edilir.\" \/>\n<meta name=\"robots\" content=\"index, follow, max-snippet:-1, max-image-preview:large, max-video-preview:-1\" \/>\n<link rel=\"canonical\" href=\"https:\/\/drcengizhan.com\/otoplasty\/\" \/>\n<meta property=\"og:locale\" content=\"tr_TR\" \/>\n<meta property=\"og:type\" content=\"article\" \/>\n<meta property=\"og:title\" content=\"Otoplasti (Kulak Esteti\u011fi)\" \/>\n<meta property=\"og:description\" content=\"Otoplasti, kulaklar\u0131n \u015feklini ve konumunu d\u00fczelterek daha estetik bir g\u00f6r\u00fcn\u00fcm sa\u011flar; do\u011fal ve kal\u0131c\u0131 sonu\u00e7lar elde edilir.\" \/>\n<meta property=\"og:url\" content=\"https:\/\/drcengizhan.com\/otoplasty\/\" \/>\n<meta property=\"og:site_name\" content=\"Dr. Cengizhan Ekizceli\" \/>\n<meta property=\"article:publisher\" content=\"https:\/\/www.facebook.com\/drcengizhan\/\" \/>\n<meta property=\"article:modified_time\" content=\"2024-09-19T09:30:53+00:00\" \/>\n<meta property=\"og:image\" content=\"https:\/\/drcengizhan.com\/wp-content\/uploads\/2018\/01\/Otoplasty.png\" \/>\n\t<meta property=\"og:image:width\" content=\"486\" \/>\n\t<meta property=\"og:image:height\" content=\"323\" \/>\n\t<meta property=\"og:image:type\" content=\"image\/png\" \/>\n<meta name=\"twitter:card\" content=\"summary_large_image\" \/>\n<script type=\"application\/ld+json\" class=\"yoast-schema-graph\">{\"@context\":\"https:\\\/\\\/schema.org\",\"@graph\":[{\"@type\":\"WebPage\",\"@id\":\"https:\\\/\\\/drcengizhan.com\\\/otoplasty\\\/\",\"url\":\"https:\\\/\\\/drcengizhan.com\\\/otoplasty\\\/\",\"name\":\"Otoplasti (Kulak Esteti\u011fi) - Dr. Cengizhan Ekizceli\",\"isPartOf\":{\"@id\":\"https:\\\/\\\/drcengizhan.com\\\/#website\"},\"primaryImageOfPage\":{\"@id\":\"https:\\\/\\\/drcengizhan.com\\\/otoplasty\\\/#primaryimage\"},\"image\":{\"@id\":\"https:\\\/\\\/drcengizhan.com\\\/otoplasty\\\/#primaryimage\"},\"thumbnailUrl\":\"https:\\\/\\\/drcengizhan.com\\\/wp-content\\\/uploads\\\/2024\\\/10\\\/Otoplasty_by_dr_cengizhan_1920x1080.jpg\",\"datePublished\":\"2023-12-20T07:33:12+00:00\",\"dateModified\":\"2024-09-19T09:30:53+00:00\",\"description\":\"Otoplasti, kulaklar\u0131n \u015feklini ve konumunu d\u00fczelterek daha estetik bir g\u00f6r\u00fcn\u00fcm sa\u011flar; do\u011fal ve kal\u0131c\u0131 sonu\u00e7lar elde edilir.\",\"breadcrumb\":{\"@id\":\"https:\\\/\\\/drcengizhan.com\\\/otoplasty\\\/#breadcrumb\"},\"inLanguage\":\"tr\",\"potentialAction\":[{\"@type\":\"ReadAction\",\"target\":[\"https:\\\/\\\/drcengizhan.com\\\/otoplasty\\\/\"]}]},{\"@type\":\"ImageObject\",\"inLanguage\":\"tr\",\"@id\":\"https:\\\/\\\/drcengizhan.com\\\/otoplasty\\\/#primaryimage\",\"url\":\"https:\\\/\\\/drcengizhan.com\\\/wp-content\\\/uploads\\\/2024\\\/10\\\/Otoplasty_by_dr_cengizhan_1920x1080.jpg\",\"contentUrl\":\"https:\\\/\\\/drcengizhan.com\\\/wp-content\\\/uploads\\\/2024\\\/10\\\/Otoplasty_by_dr_cengizhan_1920x1080.jpg\",\"width\":1920,\"height\":1080},{\"@type\":\"BreadcrumbList\",\"@id\":\"https:\\\/\\\/drcengizhan.com\\\/otoplasty\\\/#breadcrumb\",\"itemListElement\":[{\"@type\":\"ListItem\",\"position\":1,\"name\":\"Home\",\"item\":\"https:\\\/\\\/drcengizhan.com\\\/tr\\\/\"},{\"@type\":\"ListItem\",\"position\":2,\"name\":\"Otoplasti (Kulak Esteti\u011fi)\"}]},{\"@type\":\"WebSite\",\"@id\":\"https:\\\/\\\/drcengizhan.com\\\/#website\",\"url\":\"https:\\\/\\\/drcengizhan.com\\\/\",\"name\":\"Dr. Cengizhan Ekizceli\",\"description\":\"Plastic Surgeon in Turkey\",\"publisher\":{\"@id\":\"https:\\\/\\\/drcengizhan.com\\\/#organization\"},\"potentialAction\":[{\"@type\":\"SearchAction\",\"target\":{\"@type\":\"EntryPoint\",\"urlTemplate\":\"https:\\\/\\\/drcengizhan.com\\\/?s={search_term_string}\"},\"query-input\":{\"@type\":\"PropertyValueSpecification\",\"valueRequired\":true,\"valueName\":\"search_term_string\"}}],\"inLanguage\":\"tr\"},{\"@type\":\"Organization\",\"@id\":\"https:\\\/\\\/drcengizhan.com\\\/#organization\",\"name\":\"Dr. Cengizhan Ekizceli\",\"url\":\"https:\\\/\\\/drcengizhan.com\\\/\",\"logo\":{\"@type\":\"ImageObject\",\"inLanguage\":\"tr\",\"@id\":\"https:\\\/\\\/drcengizhan.com\\\/#\\\/schema\\\/logo\\\/image\\\/\",\"url\":\"https:\\\/\\\/drcengizhan.com\\\/wp-content\\\/uploads\\\/2024\\\/07\\\/drce_yatay_logo-e1721899271292.webp\",\"contentUrl\":\"https:\\\/\\\/drcengizhan.com\\\/wp-content\\\/uploads\\\/2024\\\/07\\\/drce_yatay_logo-e1721899271292.webp\",\"width\":960,\"height\":307,\"caption\":\"Dr. Cengizhan Ekizceli\"},\"image\":{\"@id\":\"https:\\\/\\\/drcengizhan.com\\\/#\\\/schema\\\/logo\\\/image\\\/\"},\"sameAs\":[\"https:\\\/\\\/www.facebook.com\\\/drcengizhan\\\/\"]}]}<\/script>\n<!-- \/ Yoast SEO Premium plugin. -->","yoast_head_json":{"title":"Otoplasti (Kulak Esteti\u011fi) - Dr. Cengizhan Ekizceli","description":"Otoplasti, kulaklar\u0131n \u015feklini ve konumunu d\u00fczelterek daha estetik bir g\u00f6r\u00fcn\u00fcm sa\u011flar; do\u011fal ve kal\u0131c\u0131 sonu\u00e7lar elde edilir.","robots":{"index":"index","follow":"follow","max-snippet":"max-snippet:-1","max-image-preview":"max-image-preview:large","max-video-preview":"max-video-preview:-1"},"canonical":"https:\/\/drcengizhan.com\/otoplasty\/","og_locale":"tr_TR","og_type":"article","og_title":"Otoplasti (Kulak Esteti\u011fi)","og_description":"Otoplasti, kulaklar\u0131n \u015feklini ve konumunu d\u00fczelterek daha estetik bir g\u00f6r\u00fcn\u00fcm sa\u011flar; do\u011fal ve kal\u0131c\u0131 sonu\u00e7lar elde edilir.","og_url":"https:\/\/drcengizhan.com\/otoplasty\/","og_site_name":"Dr. Cengizhan Ekizceli","article_publisher":"https:\/\/www.facebook.com\/drcengizhan\/","article_modified_time":"2024-09-19T09:30:53+00:00","og_image":[{"width":486,"height":323,"url":"https:\/\/drcengizhan.com\/wp-content\/uploads\/2018\/01\/Otoplasty.png","type":"image\/png"}],"twitter_card":"summary_large_image","schema":{"@context":"https:\/\/schema.org","@graph":[{"@type":"WebPage","@id":"https:\/\/drcengizhan.com\/otoplasty\/","url":"https:\/\/drcengizhan.com\/otoplasty\/","name":"Otoplasti (Kulak Esteti\u011fi) - Dr. Cengizhan Ekizceli","isPartOf":{"@id":"https:\/\/drcengizhan.com\/#website"},"primaryImageOfPage":{"@id":"https:\/\/drcengizhan.com\/otoplasty\/#primaryimage"},"image":{"@id":"https:\/\/drcengizhan.com\/otoplasty\/#primaryimage"},"thumbnailUrl":"https:\/\/drcengizhan.com\/wp-content\/uploads\/2024\/10\/Otoplasty_by_dr_cengizhan_1920x1080.jpg","datePublished":"2023-12-20T07:33:12+00:00","dateModified":"2024-09-19T09:30:53+00:00","description":"Otoplasti, kulaklar\u0131n \u015feklini ve konumunu d\u00fczelterek daha estetik bir g\u00f6r\u00fcn\u00fcm sa\u011flar; do\u011fal ve kal\u0131c\u0131 sonu\u00e7lar elde edilir.","breadcrumb":{"@id":"https:\/\/drcengizhan.com\/otoplasty\/#breadcrumb"},"inLanguage":"tr","potentialAction":[{"@type":"ReadAction","target":["https:\/\/drcengizhan.com\/otoplasty\/"]}]},{"@type":"ImageObject","inLanguage":"tr","@id":"https:\/\/drcengizhan.com\/otoplasty\/#primaryimage","url":"https:\/\/drcengizhan.com\/wp-content\/uploads\/2024\/10\/Otoplasty_by_dr_cengizhan_1920x1080.jpg","contentUrl":"https:\/\/drcengizhan.com\/wp-content\/uploads\/2024\/10\/Otoplasty_by_dr_cengizhan_1920x1080.jpg","width":1920,"height":1080},{"@type":"BreadcrumbList","@id":"https:\/\/drcengizhan.com\/otoplasty\/#breadcrumb","itemListElement":[{"@type":"ListItem","position":1,"name":"Home","item":"https:\/\/drcengizhan.com\/tr\/"},{"@type":"ListItem","position":2,"name":"Otoplasti (Kulak Esteti\u011fi)"}]},{"@type":"WebSite","@id":"https:\/\/drcengizhan.com\/#website","url":"https:\/\/drcengizhan.com\/","name":"Dr. Cengizhan Ekizceli","description":"Plastic Surgeon in Turkey","publisher":{"@id":"https:\/\/drcengizhan.com\/#organization"},"potentialAction":[{"@type":"SearchAction","target":{"@type":"EntryPoint","urlTemplate":"https:\/\/drcengizhan.com\/?s={search_term_string}"},"query-input":{"@type":"PropertyValueSpecification","valueRequired":true,"valueName":"search_term_string"}}],"inLanguage":"tr"},{"@type":"Organization","@id":"https:\/\/drcengizhan.com\/#organization","name":"Dr. Cengizhan Ekizceli","url":"https:\/\/drcengizhan.com\/","logo":{"@type":"ImageObject","inLanguage":"tr","@id":"https:\/\/drcengizhan.com\/#\/schema\/logo\/image\/","url":"https:\/\/drcengizhan.com\/wp-content\/uploads\/2024\/07\/drce_yatay_logo-e1721899271292.webp","contentUrl":"https:\/\/drcengizhan.com\/wp-content\/uploads\/2024\/07\/drce_yatay_logo-e1721899271292.webp","width":960,"height":307,"caption":"Dr. Cengizhan Ekizceli"},"image":{"@id":"https:\/\/drcengizhan.com\/#\/schema\/logo\/image\/"},"sameAs":["https:\/\/www.facebook.com\/drcengizhan\/"]}]}},"_links":{"self":[{"href":"https:\/\/drcengizhan.com\/tr\/wp-json\/wp\/v2\/pages\/2602","targetHints":{"allow":["GET"]}}],"collection":[{"href":"https:\/\/drcengizhan.com\/tr\/wp-json\/wp\/v2\/pages"}],"about":[{"href":"https:\/\/drcengizhan.com\/tr\/wp-json\/wp\/v2\/types\/page"}],"author":[{"embeddable":true,"href":"https:\/\/drcengizhan.com\/tr\/wp-json\/wp\/v2\/users\/6"}],"replies":[{"embeddable":true,"href":"https:\/\/drcengizhan.com\/tr\/wp-json\/wp\/v2\/comments?post=2602"}],"version-history":[{"count":0,"href":"https:\/\/drcengizhan.com\/tr\/wp-json\/wp\/v2\/pages\/2602\/revisions"}],"wp:featuredmedia":[{"embeddable":true,"href":"https:\/\/drcengizhan.com\/tr\/wp-json\/wp\/v2\/media\/28377"}],"wp:attachment":[{"href":"https:\/\/drcengizhan.com\/tr\/wp-json\/wp\/v2\/media?parent=2602"}],"curies":[{"name":"wp","href":"https:\/\/api.w.org\/{rel}","templated":true}]}}