{"id":2585,"date":"2023-12-20T10:07:30","date_gmt":"2023-12-20T07:07:30","guid":{"rendered":"https:\/\/drcengizhan.com\/?page_id=2585"},"modified":"2024-09-30T17:34:35","modified_gmt":"2024-09-30T14:34:35","slug":"jinekomasti","status":"publish","type":"page","link":"https:\/\/drcengizhan.com\/tr\/jinekomasti\/","title":{"rendered":"Jinekomasti"},"content":{"rendered":"<p>Jinekomasti; hormonal de\u011fi\u015fiklikler, genetik, obezite veya baz\u0131 ila\u00e7lar\u0131n kullan\u0131m\u0131na ba\u011fl\u0131 olarak bir erke\u011fin hayat\u0131n\u0131n herhangi bir a\u015famas\u0131nda ortaya \u00e7\u0131kan meme b\u00fcy\u00fcmesi durumunu ifade eder.<br \/>\n<strong>Jinekomasti ameliyat\u0131<\/strong>, meme dokusundaki fazla deri ve ya\u011f\u0131n al\u0131nmas\u0131 ve ideal erkeksi g\u00f6\u011f\u00fcs hatlar\u0131n\u0131n elde edilmesi i\u00e7in Dr.Cengizhan Ekizceli taraf\u0131ndan titizlikle ger\u00e7ekle\u015ftirilir.<\/p>\n<h2>\u25cf Jinekomastide ne t\u00fcr i\u015flemler yap\u0131l\u0131r?<\/h2>\n<p>Dr. Cengizhan Ekizceli&#8217;nin jinekomasti ameliyat\u0131nda uygulad\u0131\u011f\u0131 ba\u015fl\u0131ca iki se\u00e7enek, liposuction ve fazla derinin al\u0131nmas\u0131d\u0131r.<\/p>\n<h2>\u25cf Jinekomasti ameliyat\u0131 nas\u0131l ger\u00e7ekle\u015ftirilir?<\/h2>\n<p>Cengizhan Ekizceli, <strong>genel anestezi<\/strong> alt\u0131nda ve yakla\u015f\u0131k <strong>2 saat<\/strong> boyunca jinekomasti operasyonunu ger\u00e7ekle\u015ftirir.<br \/>\nAmeliyat, memedeki fazla ya\u011f ve doku \u00e7\u0131kar\u0131larak yap\u0131l\u0131r.<br \/>\nDoktor k\u00fc\u00e7\u00fck kesiler uygular ve ya\u011f h\u00fccrelerini \u00e7\u0131karmak i\u00e7in memeye bir liposuction t\u00fcp\u00fc yerle\u015ftirir. Daha sonra fazla deri gerekti\u011fi \u00fczere \u00e7\u0131kar\u0131l\u0131r.<\/p>\n<h2>\u25cf Ameliyata nas\u0131l haz\u0131rlan\u0131l\u0131r?<\/h2>\n<p>Cengizhan Ekizceli, ameliyattan \u00f6nce hastaya gerekli t\u0131bbi testleri uygular.<\/p>\n<p>Hasta ameliyattan <strong>8 saat \u00f6nce<\/strong> kan suland\u0131r\u0131c\u0131 ila\u00e7lar\u0131 kesmeli, yemek ve su t\u00fcketmemelidir.<\/p>\n<h2>\u25cf \u0130yile\u015fme s\u00fcreci ne kadard\u0131r?<\/h2>\n<p>Hasta, operasyondan <strong>iki hafta sonra<\/strong> g\u00fcnl\u00fck rutinine d\u00f6nebilir ancak <strong>alt\u0131 haftaya kadar<\/strong> d\u00fczg\u00fcn iyile\u015febilmesi i\u00e7in yorucu fiziksel aktiviteden ka\u00e7\u0131nmal\u0131d\u0131r.<\/p>\n<h2>\u25cf Ameliyattan sonra iz kal\u0131r m\u0131?<\/h2>\n<p>Jinekomasti ameliyat\u0131ndan sonra <strong>hafif bir iz<\/strong> kalmas\u0131 muhtemeldir. \u0130zler zamanla kaybolur ve hastan\u0131n durumuna ve kullan\u0131lan tekni\u011fe g\u00f6re de de\u011fi\u015fkenlik g\u00f6sterir.<\/p>\n<h2>\u25cf Ameliyat a\u011fr\u0131l\u0131 m\u0131?<\/h2>\n<p>Verilerimize g\u00f6re, bir\u00e7ok hasta ameliyat\u0131n bekledikleri kadar a\u011fr\u0131l\u0131 olmad\u0131\u011f\u0131n\u0131 ve iyile\u015fmenin \u00e7ok kolay oldu\u011funu belirtmektedir. Ayr\u0131ca bunun spor salonunda g\u00f6\u011f\u00fcs egzersizi sonras\u0131 hissedilen a\u011fr\u0131ya \u00e7ok benzedi\u011fini bildirmi\u015flerdir.<\/p>\n<h2>\u25cf Ne kadar s\u00fcre sonra sonu\u00e7 al\u0131nabilir?<\/h2>\n<p>Sonu\u00e7lar genellikle g\u00f6\u011f\u00fcs \u00e7evresinde <em><strong>hemen<\/strong> <\/em>g\u00f6r\u00fcl\u00fcr; nihai sonu\u00e7lar ise <strong>4-6 ay<\/strong> i\u00e7inde ortaya \u00e7\u0131kar.<br \/>\nAmeliyattan sonra \u015fi\u015flik ve morluk olduk\u00e7a normaldir ve iyile\u015fme s\u00fcresi hastan\u0131n \u00f6zenine ba\u011fl\u0131d\u0131r.<\/p>\n","protected":false},"excerpt":{"rendered":"<p>Jinekomasti; hormonal de\u011fi\u015fiklikler, genetik, obezite veya baz\u0131 ila\u00e7lar\u0131n kullan\u0131m\u0131na ba\u011fl\u0131 olarak bir erke\u011fin hayat\u0131n\u0131n herhangi bir a\u015famas\u0131nda ortaya \u00e7\u0131kan meme b\u00fcy\u00fcmesi durumunu ifade eder. Jinekomasti ameliyat\u0131, meme dokusundaki fazla deri ve ya\u011f\u0131n al\u0131nmas\u0131 ve ideal erkeksi g\u00f6\u011f\u00fcs hatlar\u0131n\u0131n elde edilmesi i\u00e7in Dr.Cengizhan Ekizceli taraf\u0131ndan titizlikle ger\u00e7ekle\u015ftirilir. \u25cf Jinekomastide ne t\u00fcr i\u015flemler yap\u0131l\u0131r? Dr. Cengizhan Ekizceli&#8217;nin&hellip;<\/p>\n","protected":false},"author":5,"featured_media":28293,"parent":0,"menu_order":0,"comment_status":"closed","ping_status":"closed","template":"","meta":{"footnotes":""},"class_list":["post-2585","page","type-page","status-publish","has-post-thumbnail","hentry","description-off"],"yoast_head":"<!-- This site is optimized with the Yoast SEO Premium plugin v27.3 (Yoast SEO v27.5) - https:\/\/yoast.com\/product\/yoast-seo-premium-wordpress\/ -->\n<title>Jinekomasti - Dr. Cengizhan Ekizceli<\/title>\n<meta name=\"description\" content=\"Jinekomasti ameliyat\u0131 ile Dr. Cengizhan Ekizceli, erkeklerde fazla meme dokusunu azaltarak daha mask\u00fclen ve \u015fekilli bir g\u00f6\u011f\u00fcs g\u00f6r\u00fcn\u00fcm\u00fc sa\u011flar.\" \/>\n<meta name=\"robots\" content=\"index, follow, max-snippet:-1, max-image-preview:large, max-video-preview:-1\" \/>\n<link rel=\"canonical\" href=\"https:\/\/drcengizhan.com\/tr\/jinekomasti\/\" \/>\n<meta property=\"og:locale\" content=\"tr_TR\" \/>\n<meta property=\"og:type\" content=\"article\" \/>\n<meta property=\"og:title\" content=\"Jinekomasti\" \/>\n<meta property=\"og:description\" content=\"Jinekomasti ameliyat\u0131 ile Dr. Cengizhan Ekizceli, erkeklerde fazla meme dokusunu azaltarak daha mask\u00fclen ve \u015fekilli bir g\u00f6\u011f\u00fcs g\u00f6r\u00fcn\u00fcm\u00fc sa\u011flar.\" \/>\n<meta property=\"og:url\" content=\"https:\/\/drcengizhan.com\/tr\/jinekomasti\/\" \/>\n<meta property=\"og:site_name\" content=\"Dr. Cengizhan Ekizceli\" \/>\n<meta property=\"article:publisher\" content=\"https:\/\/www.facebook.com\/drcengizhan\/\" \/>\n<meta property=\"article:modified_time\" content=\"2024-09-30T14:34:35+00:00\" \/>\n<meta property=\"og:image\" content=\"https:\/\/drcengizhan.com\/wp-content\/uploads\/2024\/10\/Gynecomastia_by_dr_cengizhan_1920x1080.jpg\" \/>\n\t<meta property=\"og:image:width\" content=\"1920\" \/>\n\t<meta property=\"og:image:height\" content=\"1080\" \/>\n\t<meta property=\"og:image:type\" content=\"image\/jpeg\" \/>\n<meta name=\"twitter:card\" content=\"summary_large_image\" \/>\n<script type=\"application\/ld+json\" class=\"yoast-schema-graph\">{\"@context\":\"https:\\\/\\\/schema.org\",\"@graph\":[{\"@type\":\"WebPage\",\"@id\":\"https:\\\/\\\/drcengizhan.com\\\/tr\\\/jinekomasti\\\/\",\"url\":\"https:\\\/\\\/drcengizhan.com\\\/tr\\\/jinekomasti\\\/\",\"name\":\"Jinekomasti - Dr. Cengizhan Ekizceli\",\"isPartOf\":{\"@id\":\"https:\\\/\\\/drcengizhan.com\\\/tr\\\/#website\"},\"primaryImageOfPage\":{\"@id\":\"https:\\\/\\\/drcengizhan.com\\\/tr\\\/jinekomasti\\\/#primaryimage\"},\"image\":{\"@id\":\"https:\\\/\\\/drcengizhan.com\\\/tr\\\/jinekomasti\\\/#primaryimage\"},\"thumbnailUrl\":\"https:\\\/\\\/drcengizhan.com\\\/wp-content\\\/uploads\\\/2024\\\/10\\\/Gynecomastia_by_dr_cengizhan_1920x1080.jpg\",\"datePublished\":\"2023-12-20T07:07:30+00:00\",\"dateModified\":\"2024-09-30T14:34:35+00:00\",\"description\":\"Jinekomasti ameliyat\u0131 ile Dr. Cengizhan Ekizceli, erkeklerde fazla meme dokusunu azaltarak daha mask\u00fclen ve \u015fekilli bir g\u00f6\u011f\u00fcs g\u00f6r\u00fcn\u00fcm\u00fc sa\u011flar.\",\"breadcrumb\":{\"@id\":\"https:\\\/\\\/drcengizhan.com\\\/tr\\\/jinekomasti\\\/#breadcrumb\"},\"inLanguage\":\"tr\",\"potentialAction\":[{\"@type\":\"ReadAction\",\"target\":[\"https:\\\/\\\/drcengizhan.com\\\/tr\\\/jinekomasti\\\/\"]}]},{\"@type\":\"ImageObject\",\"inLanguage\":\"tr\",\"@id\":\"https:\\\/\\\/drcengizhan.com\\\/tr\\\/jinekomasti\\\/#primaryimage\",\"url\":\"https:\\\/\\\/drcengizhan.com\\\/wp-content\\\/uploads\\\/2024\\\/10\\\/Gynecomastia_by_dr_cengizhan_1920x1080.jpg\",\"contentUrl\":\"https:\\\/\\\/drcengizhan.com\\\/wp-content\\\/uploads\\\/2024\\\/10\\\/Gynecomastia_by_dr_cengizhan_1920x1080.jpg\",\"width\":1920,\"height\":1080},{\"@type\":\"BreadcrumbList\",\"@id\":\"https:\\\/\\\/drcengizhan.com\\\/tr\\\/jinekomasti\\\/#breadcrumb\",\"itemListElement\":[{\"@type\":\"ListItem\",\"position\":1,\"name\":\"Home\",\"item\":\"https:\\\/\\\/drcengizhan.com\\\/tr\\\/\"},{\"@type\":\"ListItem\",\"position\":2,\"name\":\"Jinekomasti\"}]},{\"@type\":\"WebSite\",\"@id\":\"https:\\\/\\\/drcengizhan.com\\\/tr\\\/#website\",\"url\":\"https:\\\/\\\/drcengizhan.com\\\/tr\\\/\",\"name\":\"Dr. Cengizhan Ekizceli\",\"description\":\"Plastic Surgeon in Turkey\",\"publisher\":{\"@id\":\"https:\\\/\\\/drcengizhan.com\\\/tr\\\/#organization\"},\"potentialAction\":[{\"@type\":\"SearchAction\",\"target\":{\"@type\":\"EntryPoint\",\"urlTemplate\":\"https:\\\/\\\/drcengizhan.com\\\/tr\\\/?s={search_term_string}\"},\"query-input\":{\"@type\":\"PropertyValueSpecification\",\"valueRequired\":true,\"valueName\":\"search_term_string\"}}],\"inLanguage\":\"tr\"},{\"@type\":\"Organization\",\"@id\":\"https:\\\/\\\/drcengizhan.com\\\/tr\\\/#organization\",\"name\":\"Dr. Cengizhan Ekizceli\",\"url\":\"https:\\\/\\\/drcengizhan.com\\\/tr\\\/\",\"logo\":{\"@type\":\"ImageObject\",\"inLanguage\":\"tr\",\"@id\":\"https:\\\/\\\/drcengizhan.com\\\/tr\\\/#\\\/schema\\\/logo\\\/image\\\/\",\"url\":\"https:\\\/\\\/drcengizhan.com\\\/wp-content\\\/uploads\\\/2024\\\/07\\\/drce_yatay_logo-e1721899271292.webp\",\"contentUrl\":\"https:\\\/\\\/drcengizhan.com\\\/wp-content\\\/uploads\\\/2024\\\/07\\\/drce_yatay_logo-e1721899271292.webp\",\"width\":960,\"height\":307,\"caption\":\"Dr. Cengizhan Ekizceli\"},\"image\":{\"@id\":\"https:\\\/\\\/drcengizhan.com\\\/tr\\\/#\\\/schema\\\/logo\\\/image\\\/\"},\"sameAs\":[\"https:\\\/\\\/www.facebook.com\\\/drcengizhan\\\/\"]}]}<\/script>\n<!-- \/ Yoast SEO Premium plugin. -->","yoast_head_json":{"title":"Jinekomasti - Dr. Cengizhan Ekizceli","description":"Jinekomasti ameliyat\u0131 ile Dr. Cengizhan Ekizceli, erkeklerde fazla meme dokusunu azaltarak daha mask\u00fclen ve \u015fekilli bir g\u00f6\u011f\u00fcs g\u00f6r\u00fcn\u00fcm\u00fc sa\u011flar.","robots":{"index":"index","follow":"follow","max-snippet":"max-snippet:-1","max-image-preview":"max-image-preview:large","max-video-preview":"max-video-preview:-1"},"canonical":"https:\/\/drcengizhan.com\/tr\/jinekomasti\/","og_locale":"tr_TR","og_type":"article","og_title":"Jinekomasti","og_description":"Jinekomasti ameliyat\u0131 ile Dr. Cengizhan Ekizceli, erkeklerde fazla meme dokusunu azaltarak daha mask\u00fclen ve \u015fekilli bir g\u00f6\u011f\u00fcs g\u00f6r\u00fcn\u00fcm\u00fc sa\u011flar.","og_url":"https:\/\/drcengizhan.com\/tr\/jinekomasti\/","og_site_name":"Dr. Cengizhan Ekizceli","article_publisher":"https:\/\/www.facebook.com\/drcengizhan\/","article_modified_time":"2024-09-30T14:34:35+00:00","og_image":[{"width":1920,"height":1080,"url":"https:\/\/drcengizhan.com\/wp-content\/uploads\/2024\/10\/Gynecomastia_by_dr_cengizhan_1920x1080.jpg","type":"image\/jpeg"}],"twitter_card":"summary_large_image","schema":{"@context":"https:\/\/schema.org","@graph":[{"@type":"WebPage","@id":"https:\/\/drcengizhan.com\/tr\/jinekomasti\/","url":"https:\/\/drcengizhan.com\/tr\/jinekomasti\/","name":"Jinekomasti - Dr. Cengizhan Ekizceli","isPartOf":{"@id":"https:\/\/drcengizhan.com\/tr\/#website"},"primaryImageOfPage":{"@id":"https:\/\/drcengizhan.com\/tr\/jinekomasti\/#primaryimage"},"image":{"@id":"https:\/\/drcengizhan.com\/tr\/jinekomasti\/#primaryimage"},"thumbnailUrl":"https:\/\/drcengizhan.com\/wp-content\/uploads\/2024\/10\/Gynecomastia_by_dr_cengizhan_1920x1080.jpg","datePublished":"2023-12-20T07:07:30+00:00","dateModified":"2024-09-30T14:34:35+00:00","description":"Jinekomasti ameliyat\u0131 ile Dr. Cengizhan Ekizceli, erkeklerde fazla meme dokusunu azaltarak daha mask\u00fclen ve \u015fekilli bir g\u00f6\u011f\u00fcs g\u00f6r\u00fcn\u00fcm\u00fc sa\u011flar.","breadcrumb":{"@id":"https:\/\/drcengizhan.com\/tr\/jinekomasti\/#breadcrumb"},"inLanguage":"tr","potentialAction":[{"@type":"ReadAction","target":["https:\/\/drcengizhan.com\/tr\/jinekomasti\/"]}]},{"@type":"ImageObject","inLanguage":"tr","@id":"https:\/\/drcengizhan.com\/tr\/jinekomasti\/#primaryimage","url":"https:\/\/drcengizhan.com\/wp-content\/uploads\/2024\/10\/Gynecomastia_by_dr_cengizhan_1920x1080.jpg","contentUrl":"https:\/\/drcengizhan.com\/wp-content\/uploads\/2024\/10\/Gynecomastia_by_dr_cengizhan_1920x1080.jpg","width":1920,"height":1080},{"@type":"BreadcrumbList","@id":"https:\/\/drcengizhan.com\/tr\/jinekomasti\/#breadcrumb","itemListElement":[{"@type":"ListItem","position":1,"name":"Home","item":"https:\/\/drcengizhan.com\/tr\/"},{"@type":"ListItem","position":2,"name":"Jinekomasti"}]},{"@type":"WebSite","@id":"https:\/\/drcengizhan.com\/tr\/#website","url":"https:\/\/drcengizhan.com\/tr\/","name":"Dr. Cengizhan Ekizceli","description":"Plastic Surgeon in Turkey","publisher":{"@id":"https:\/\/drcengizhan.com\/tr\/#organization"},"potentialAction":[{"@type":"SearchAction","target":{"@type":"EntryPoint","urlTemplate":"https:\/\/drcengizhan.com\/tr\/?s={search_term_string}"},"query-input":{"@type":"PropertyValueSpecification","valueRequired":true,"valueName":"search_term_string"}}],"inLanguage":"tr"},{"@type":"Organization","@id":"https:\/\/drcengizhan.com\/tr\/#organization","name":"Dr. Cengizhan Ekizceli","url":"https:\/\/drcengizhan.com\/tr\/","logo":{"@type":"ImageObject","inLanguage":"tr","@id":"https:\/\/drcengizhan.com\/tr\/#\/schema\/logo\/image\/","url":"https:\/\/drcengizhan.com\/wp-content\/uploads\/2024\/07\/drce_yatay_logo-e1721899271292.webp","contentUrl":"https:\/\/drcengizhan.com\/wp-content\/uploads\/2024\/07\/drce_yatay_logo-e1721899271292.webp","width":960,"height":307,"caption":"Dr. Cengizhan Ekizceli"},"image":{"@id":"https:\/\/drcengizhan.com\/tr\/#\/schema\/logo\/image\/"},"sameAs":["https:\/\/www.facebook.com\/drcengizhan\/"]}]}},"_links":{"self":[{"href":"https:\/\/drcengizhan.com\/tr\/wp-json\/wp\/v2\/pages\/2585","targetHints":{"allow":["GET"]}}],"collection":[{"href":"https:\/\/drcengizhan.com\/tr\/wp-json\/wp\/v2\/pages"}],"about":[{"href":"https:\/\/drcengizhan.com\/tr\/wp-json\/wp\/v2\/types\/page"}],"author":[{"embeddable":true,"href":"https:\/\/drcengizhan.com\/tr\/wp-json\/wp\/v2\/users\/5"}],"replies":[{"embeddable":true,"href":"https:\/\/drcengizhan.com\/tr\/wp-json\/wp\/v2\/comments?post=2585"}],"version-history":[{"count":0,"href":"https:\/\/drcengizhan.com\/tr\/wp-json\/wp\/v2\/pages\/2585\/revisions"}],"wp:featuredmedia":[{"embeddable":true,"href":"https:\/\/drcengizhan.com\/tr\/wp-json\/wp\/v2\/media\/28293"}],"wp:attachment":[{"href":"https:\/\/drcengizhan.com\/tr\/wp-json\/wp\/v2\/media?parent=2585"}],"curies":[{"name":"wp","href":"https:\/\/api.w.org\/{rel}","templated":true}]}}