{"id":2577,"date":"2023-12-20T09:49:29","date_gmt":"2023-12-20T06:49:29","guid":{"rendered":"https:\/\/drcengizhan.com\/?page_id=2577"},"modified":"2024-09-23T14:40:25","modified_gmt":"2024-09-23T11:40:25","slug":"kas-kaldirma","status":"publish","type":"page","link":"https:\/\/drcengizhan.com\/tr\/kas-kaldirma\/","title":{"rendered":"Ka\u015f Kald\u0131rma"},"content":{"rendered":"<p>G\u00f6zler ruhun aynas\u0131d\u0131r; ayr\u0131ca insanlar\u0131n g\u00f6rd\u00fc\u011f\u00fc ilk \u015feydir. Bu y\u00fczden bu b\u00f6lgenin canl\u0131, g\u00fczel ve simetrik kalmas\u0131 \u00f6nemlidir.<\/p>\n<p>Bu nedenle, Dr. Cengizhan Ekizceli&#8217;nin ger\u00e7ekle\u015ftirdi\u011fi <strong>ka\u015f kald\u0131rma<\/strong> i\u015flemi, aln\u0131n \u00f6n k\u0131sm\u0131ndaki deriyi ve alt\u0131ndaki dokular\u0131 s\u0131k\u0131la\u015ft\u0131rmay\u0131 ve fazla ya\u011flardan kurtulmay\u0131 ama\u00e7lar.<br \/>\nCilt ya\u015flanmas\u0131n\u0131n belirtilerini azaltmak i\u00e7in b\u00f6lgedeki kaslar\u0131 ve \u00fcst g\u00f6z kapaklar\u0131n\u0131 kald\u0131rmak da gerekli olabilir.<\/p>\n<h2>\u25cf Ka\u015f kald\u0131rma i\u015flemi nedir?<\/h2>\n<p>Bu i\u015flemde k\u0131r\u0131\u015f\u0131kl\u0131klara veya sarkmalara neden olan kaslar ve dokular s\u0131k\u0131la\u015ft\u0131r\u0131l\u0131r, cilt daha elastik hale getirilir ve ka\u015f y\u00fckselir. Bu da <em>kald\u0131r\u0131c\u0131 kaslar<\/em>\u0131n \u00e7al\u0131\u015fmas\u0131n\u0131 azalt\u0131r ve ard\u0131ndan botoks veya dolguya gerek kalmadan al\u0131n k\u0131r\u0131\u015f\u0131kl\u0131klar\u0131 kademeli olarak azal\u0131r. Operasyon, ba\u011f dokular\u0131n\u0131 ve kaslar\u0131 s\u0131k\u0131la\u015ft\u0131rmaya yard\u0131mc\u0131 olarak al\u0131n kaslar\u0131n\u0131n ka\u015f\u0131 kald\u0131rma ihtiyac\u0131n\u0131 azalt\u0131r ve ayr\u0131ca ba\u015f a\u011fr\u0131lar\u0131n\u0131 hafifletir.<\/p>\n<p><strong>Ka\u015f kald\u0131rma operasyonundan \u00f6nce;<\/strong><br \/>\nCilt tipi, dokusu ve kal\u0131nl\u0131\u011f\u0131 incelenir; hastan\u0131n bu t\u00fcr bir operasyon i\u00e7in uygun olup olmad\u0131\u011f\u0131 belirlenir. Hastan\u0131n bu operasyonu ger\u00e7ekle\u015ftirmesini engelleyen herhangi bir \u00f6zel hastal\u0131\u011f\u0131 olup olmad\u0131\u011f\u0131 tespit edilir. Hastan\u0131n y\u00fcz b\u00f6lgesinde daha \u00f6nce ba\u015fka ameliyatlar ge\u00e7irip ge\u00e7irmedi\u011fi belirlenir. Kapsaml\u0131 hematoloji ve kan testleri gibi birtak\u0131m testler uygulan\u0131r.<\/p>\n<p><strong>Ka\u015f kald\u0131rma operasyonu s\u0131ras\u0131nda;<\/strong><br \/>\n&#8211; Ka\u015f kald\u0131rma ameliyat\u0131, \u00e7e\u015fitli tekniklerle ger\u00e7ekle\u015ftirilebilir.<br \/>\n&#8211; Sa\u00e7 \u00e7izgisinin \u00fczerinde ve kula\u011f\u0131n arkas\u0131ndan y\u00fcz\u00fcn \u00fcst k\u0131sm\u0131na kadar uzanan bir kesi yap\u0131l\u0131r.<br \/>\n&#8211; Daha sonra cerrah, y\u00fcz\u00fcn \u00fcst k\u0131sm\u0131n\u0131 ayarlar; dokular\u0131 sabitler ve cilt k\u0131vr\u0131mlar\u0131n\u0131 giderir.<br \/>\n&#8211; Her iki a\u015famada da ameliyat, kaslar\u0131n s\u0131k\u0131la\u015ft\u0131r\u0131lmas\u0131n\u0131 gerektirir; ka\u015f kald\u0131r\u0131l\u0131r ve alt\u0131ndaki kas dokusu a\u00e7\u0131\u011fa \u00e7\u0131kar\u0131l\u0131r. Ard\u0131ndan da gerilir ve dikilir.<br \/>\n&#8211; Ameliyat\u0131n sonunda kesi dikilir ve \u00fczerine elastik bir bandaj yerle\u015ftirilir.<br \/>\n&#8211; Ka\u015f kald\u0131rma ameliyat\u0131 maksimum <strong>iki saat<\/strong> s\u00fcrer ve hastan\u0131n ilk sonu\u00e7lar\u0131n\u0131n kontrol\u00fc i\u00e7in <strong>birka\u00e7 g\u00fcn<\/strong> hastanede kalmas\u0131 gerekir.<\/p>\n<h2>\u25cf Ka\u015f kald\u0131rma ameliyat\u0131n\u0131n riskleri nelerdir?<\/h2>\n<p>Kesi alan\u0131nda enfeksiyon, kanama, yara izi, a\u015f\u0131r\u0131 hassasiyet; y\u00fczdeki sinirlerde hasar ve ka\u015flar aras\u0131nda asimetri gibi birtak\u0131m riskler bar\u0131nd\u0131rabilir.<\/p>\n<h2>\u25cf Ameliyattan sonra iyile\u015fme ne kadar s\u00fcrer?<\/h2>\n<p>Genellikle <strong>iki hafta<\/strong> i\u00e7inde kaybolan cilt alt\u0131nda \u015fi\u015flik ve kanama olabilir.<br \/>\nAmeliyat\u0131n ilk g\u00fcnlerinde y\u00fcz kaslar\u0131n\u0131n kullan\u0131lmas\u0131ndan ka\u00e7\u0131n\u0131lmal\u0131d\u0131r. Tak\u0131lan sarg\u0131 genellikle kanaman\u0131n durmas\u0131na ba\u011fl\u0131 olarak <strong>birka\u00e7 g\u00fcn<\/strong> i\u00e7inde \u00e7\u0131kar\u0131l\u0131r.<\/p>\n","protected":false},"excerpt":{"rendered":"<p>G\u00f6zler ruhun aynas\u0131d\u0131r; ayr\u0131ca insanlar\u0131n g\u00f6rd\u00fc\u011f\u00fc ilk \u015feydir. Bu y\u00fczden bu b\u00f6lgenin canl\u0131, g\u00fczel ve simetrik kalmas\u0131 \u00f6nemlidir. Bu nedenle, Dr. Cengizhan Ekizceli&#8217;nin ger\u00e7ekle\u015ftirdi\u011fi ka\u015f kald\u0131rma i\u015flemi, aln\u0131n \u00f6n k\u0131sm\u0131ndaki deriyi ve alt\u0131ndaki dokular\u0131 s\u0131k\u0131la\u015ft\u0131rmay\u0131 ve fazla ya\u011flardan kurtulmay\u0131 ama\u00e7lar. Cilt ya\u015flanmas\u0131n\u0131n belirtilerini azaltmak i\u00e7in b\u00f6lgedeki kaslar\u0131 ve \u00fcst g\u00f6z kapaklar\u0131n\u0131 kald\u0131rmak da gerekli olabilir.&hellip;<\/p>\n","protected":false},"author":6,"featured_media":23070,"parent":0,"menu_order":0,"comment_status":"closed","ping_status":"closed","template":"","meta":{"footnotes":""},"class_list":["post-2577","page","type-page","status-publish","has-post-thumbnail","hentry"],"yoast_head":"<!-- This site is optimized with the Yoast SEO Premium plugin v27.3 (Yoast SEO v27.4) - https:\/\/yoast.com\/product\/yoast-seo-premium-wordpress\/ -->\n<title>Ka\u015f Kald\u0131rma - Dr. Cengizhan Ekizceli<\/title>\n<meta name=\"description\" content=\"Ka\u015f kald\u0131rma ameliyat\u0131, al\u0131n b\u00f6lgesini gen\u00e7le\u015ftirerek daha canl\u0131 ve dinamik bir g\u00f6r\u00fcn\u00fcm sa\u011flar, do\u011fal sonu\u00e7lar elde edilir.\" \/>\n<meta name=\"robots\" content=\"index, follow, max-snippet:-1, max-image-preview:large, max-video-preview:-1\" \/>\n<link rel=\"canonical\" href=\"https:\/\/drcengizhan.com\/tr\/kas-kaldirma\/\" \/>\n<meta property=\"og:locale\" content=\"tr_TR\" \/>\n<meta property=\"og:type\" content=\"article\" \/>\n<meta property=\"og:title\" content=\"Ka\u015f Kald\u0131rma\" \/>\n<meta property=\"og:description\" content=\"Ka\u015f kald\u0131rma ameliyat\u0131, al\u0131n b\u00f6lgesini gen\u00e7le\u015ftirerek daha canl\u0131 ve dinamik bir g\u00f6r\u00fcn\u00fcm sa\u011flar, do\u011fal sonu\u00e7lar elde edilir.\" \/>\n<meta property=\"og:url\" content=\"https:\/\/drcengizhan.com\/tr\/kas-kaldirma\/\" \/>\n<meta property=\"og:site_name\" content=\"Dr. Cengizhan Ekizceli\" \/>\n<meta property=\"article:publisher\" content=\"https:\/\/www.facebook.com\/drcengizhan\/\" \/>\n<meta property=\"article:modified_time\" content=\"2024-09-23T11:40:25+00:00\" \/>\n<meta property=\"og:image\" content=\"https:\/\/drcengizhan.com\/wp-content\/uploads\/2024\/08\/eyebrow_lift_1360x1010.jpg\" \/>\n\t<meta property=\"og:image:width\" content=\"1360\" \/>\n\t<meta property=\"og:image:height\" content=\"1010\" \/>\n\t<meta property=\"og:image:type\" content=\"image\/jpeg\" \/>\n<meta name=\"twitter:card\" content=\"summary_large_image\" \/>\n<script type=\"application\/ld+json\" class=\"yoast-schema-graph\">{\"@context\":\"https:\\\/\\\/schema.org\",\"@graph\":[{\"@type\":\"WebPage\",\"@id\":\"https:\\\/\\\/drcengizhan.com\\\/tr\\\/kas-kaldirma\\\/\",\"url\":\"https:\\\/\\\/drcengizhan.com\\\/tr\\\/kas-kaldirma\\\/\",\"name\":\"Ka\u015f Kald\u0131rma - Dr. Cengizhan Ekizceli\",\"isPartOf\":{\"@id\":\"https:\\\/\\\/drcengizhan.com\\\/tr\\\/#website\"},\"primaryImageOfPage\":{\"@id\":\"https:\\\/\\\/drcengizhan.com\\\/tr\\\/kas-kaldirma\\\/#primaryimage\"},\"image\":{\"@id\":\"https:\\\/\\\/drcengizhan.com\\\/tr\\\/kas-kaldirma\\\/#primaryimage\"},\"thumbnailUrl\":\"https:\\\/\\\/drcengizhan.com\\\/wp-content\\\/uploads\\\/2024\\\/08\\\/eyebrow_lift_1360x1010.jpg\",\"datePublished\":\"2023-12-20T06:49:29+00:00\",\"dateModified\":\"2024-09-23T11:40:25+00:00\",\"description\":\"Ka\u015f kald\u0131rma ameliyat\u0131, al\u0131n b\u00f6lgesini gen\u00e7le\u015ftirerek daha canl\u0131 ve dinamik bir g\u00f6r\u00fcn\u00fcm sa\u011flar, do\u011fal sonu\u00e7lar elde edilir.\",\"breadcrumb\":{\"@id\":\"https:\\\/\\\/drcengizhan.com\\\/tr\\\/kas-kaldirma\\\/#breadcrumb\"},\"inLanguage\":\"tr\",\"potentialAction\":[{\"@type\":\"ReadAction\",\"target\":[\"https:\\\/\\\/drcengizhan.com\\\/tr\\\/kas-kaldirma\\\/\"]}]},{\"@type\":\"ImageObject\",\"inLanguage\":\"tr\",\"@id\":\"https:\\\/\\\/drcengizhan.com\\\/tr\\\/kas-kaldirma\\\/#primaryimage\",\"url\":\"https:\\\/\\\/drcengizhan.com\\\/wp-content\\\/uploads\\\/2024\\\/08\\\/eyebrow_lift_1360x1010.jpg\",\"contentUrl\":\"https:\\\/\\\/drcengizhan.com\\\/wp-content\\\/uploads\\\/2024\\\/08\\\/eyebrow_lift_1360x1010.jpg\",\"width\":1360,\"height\":1010},{\"@type\":\"BreadcrumbList\",\"@id\":\"https:\\\/\\\/drcengizhan.com\\\/tr\\\/kas-kaldirma\\\/#breadcrumb\",\"itemListElement\":[{\"@type\":\"ListItem\",\"position\":1,\"name\":\"Home\",\"item\":\"https:\\\/\\\/drcengizhan.com\\\/tr\\\/\"},{\"@type\":\"ListItem\",\"position\":2,\"name\":\"Ka\u015f Kald\u0131rma\"}]},{\"@type\":\"WebSite\",\"@id\":\"https:\\\/\\\/drcengizhan.com\\\/tr\\\/#website\",\"url\":\"https:\\\/\\\/drcengizhan.com\\\/tr\\\/\",\"name\":\"Dr. Cengizhan Ekizceli\",\"description\":\"Plastic Surgeon in Turkey\",\"publisher\":{\"@id\":\"https:\\\/\\\/drcengizhan.com\\\/tr\\\/#organization\"},\"potentialAction\":[{\"@type\":\"SearchAction\",\"target\":{\"@type\":\"EntryPoint\",\"urlTemplate\":\"https:\\\/\\\/drcengizhan.com\\\/tr\\\/?s={search_term_string}\"},\"query-input\":{\"@type\":\"PropertyValueSpecification\",\"valueRequired\":true,\"valueName\":\"search_term_string\"}}],\"inLanguage\":\"tr\"},{\"@type\":\"Organization\",\"@id\":\"https:\\\/\\\/drcengizhan.com\\\/tr\\\/#organization\",\"name\":\"Dr. Cengizhan Ekizceli\",\"url\":\"https:\\\/\\\/drcengizhan.com\\\/tr\\\/\",\"logo\":{\"@type\":\"ImageObject\",\"inLanguage\":\"tr\",\"@id\":\"https:\\\/\\\/drcengizhan.com\\\/tr\\\/#\\\/schema\\\/logo\\\/image\\\/\",\"url\":\"https:\\\/\\\/drcengizhan.com\\\/wp-content\\\/uploads\\\/2024\\\/07\\\/drce_yatay_logo-e1721899271292.webp\",\"contentUrl\":\"https:\\\/\\\/drcengizhan.com\\\/wp-content\\\/uploads\\\/2024\\\/07\\\/drce_yatay_logo-e1721899271292.webp\",\"width\":960,\"height\":307,\"caption\":\"Dr. Cengizhan Ekizceli\"},\"image\":{\"@id\":\"https:\\\/\\\/drcengizhan.com\\\/tr\\\/#\\\/schema\\\/logo\\\/image\\\/\"},\"sameAs\":[\"https:\\\/\\\/www.facebook.com\\\/drcengizhan\\\/\"]}]}<\/script>\n<!-- \/ Yoast SEO Premium plugin. -->","yoast_head_json":{"title":"Ka\u015f Kald\u0131rma - Dr. Cengizhan Ekizceli","description":"Ka\u015f kald\u0131rma ameliyat\u0131, al\u0131n b\u00f6lgesini gen\u00e7le\u015ftirerek daha canl\u0131 ve dinamik bir g\u00f6r\u00fcn\u00fcm sa\u011flar, do\u011fal sonu\u00e7lar elde edilir.","robots":{"index":"index","follow":"follow","max-snippet":"max-snippet:-1","max-image-preview":"max-image-preview:large","max-video-preview":"max-video-preview:-1"},"canonical":"https:\/\/drcengizhan.com\/tr\/kas-kaldirma\/","og_locale":"tr_TR","og_type":"article","og_title":"Ka\u015f Kald\u0131rma","og_description":"Ka\u015f kald\u0131rma ameliyat\u0131, al\u0131n b\u00f6lgesini gen\u00e7le\u015ftirerek daha canl\u0131 ve dinamik bir g\u00f6r\u00fcn\u00fcm sa\u011flar, do\u011fal sonu\u00e7lar elde edilir.","og_url":"https:\/\/drcengizhan.com\/tr\/kas-kaldirma\/","og_site_name":"Dr. Cengizhan Ekizceli","article_publisher":"https:\/\/www.facebook.com\/drcengizhan\/","article_modified_time":"2024-09-23T11:40:25+00:00","og_image":[{"width":1360,"height":1010,"url":"https:\/\/drcengizhan.com\/wp-content\/uploads\/2024\/08\/eyebrow_lift_1360x1010.jpg","type":"image\/jpeg"}],"twitter_card":"summary_large_image","schema":{"@context":"https:\/\/schema.org","@graph":[{"@type":"WebPage","@id":"https:\/\/drcengizhan.com\/tr\/kas-kaldirma\/","url":"https:\/\/drcengizhan.com\/tr\/kas-kaldirma\/","name":"Ka\u015f Kald\u0131rma - Dr. Cengizhan Ekizceli","isPartOf":{"@id":"https:\/\/drcengizhan.com\/tr\/#website"},"primaryImageOfPage":{"@id":"https:\/\/drcengizhan.com\/tr\/kas-kaldirma\/#primaryimage"},"image":{"@id":"https:\/\/drcengizhan.com\/tr\/kas-kaldirma\/#primaryimage"},"thumbnailUrl":"https:\/\/drcengizhan.com\/wp-content\/uploads\/2024\/08\/eyebrow_lift_1360x1010.jpg","datePublished":"2023-12-20T06:49:29+00:00","dateModified":"2024-09-23T11:40:25+00:00","description":"Ka\u015f kald\u0131rma ameliyat\u0131, al\u0131n b\u00f6lgesini gen\u00e7le\u015ftirerek daha canl\u0131 ve dinamik bir g\u00f6r\u00fcn\u00fcm sa\u011flar, do\u011fal sonu\u00e7lar elde edilir.","breadcrumb":{"@id":"https:\/\/drcengizhan.com\/tr\/kas-kaldirma\/#breadcrumb"},"inLanguage":"tr","potentialAction":[{"@type":"ReadAction","target":["https:\/\/drcengizhan.com\/tr\/kas-kaldirma\/"]}]},{"@type":"ImageObject","inLanguage":"tr","@id":"https:\/\/drcengizhan.com\/tr\/kas-kaldirma\/#primaryimage","url":"https:\/\/drcengizhan.com\/wp-content\/uploads\/2024\/08\/eyebrow_lift_1360x1010.jpg","contentUrl":"https:\/\/drcengizhan.com\/wp-content\/uploads\/2024\/08\/eyebrow_lift_1360x1010.jpg","width":1360,"height":1010},{"@type":"BreadcrumbList","@id":"https:\/\/drcengizhan.com\/tr\/kas-kaldirma\/#breadcrumb","itemListElement":[{"@type":"ListItem","position":1,"name":"Home","item":"https:\/\/drcengizhan.com\/tr\/"},{"@type":"ListItem","position":2,"name":"Ka\u015f Kald\u0131rma"}]},{"@type":"WebSite","@id":"https:\/\/drcengizhan.com\/tr\/#website","url":"https:\/\/drcengizhan.com\/tr\/","name":"Dr. Cengizhan Ekizceli","description":"Plastic Surgeon in Turkey","publisher":{"@id":"https:\/\/drcengizhan.com\/tr\/#organization"},"potentialAction":[{"@type":"SearchAction","target":{"@type":"EntryPoint","urlTemplate":"https:\/\/drcengizhan.com\/tr\/?s={search_term_string}"},"query-input":{"@type":"PropertyValueSpecification","valueRequired":true,"valueName":"search_term_string"}}],"inLanguage":"tr"},{"@type":"Organization","@id":"https:\/\/drcengizhan.com\/tr\/#organization","name":"Dr. Cengizhan Ekizceli","url":"https:\/\/drcengizhan.com\/tr\/","logo":{"@type":"ImageObject","inLanguage":"tr","@id":"https:\/\/drcengizhan.com\/tr\/#\/schema\/logo\/image\/","url":"https:\/\/drcengizhan.com\/wp-content\/uploads\/2024\/07\/drce_yatay_logo-e1721899271292.webp","contentUrl":"https:\/\/drcengizhan.com\/wp-content\/uploads\/2024\/07\/drce_yatay_logo-e1721899271292.webp","width":960,"height":307,"caption":"Dr. Cengizhan Ekizceli"},"image":{"@id":"https:\/\/drcengizhan.com\/tr\/#\/schema\/logo\/image\/"},"sameAs":["https:\/\/www.facebook.com\/drcengizhan\/"]}]}},"_links":{"self":[{"href":"https:\/\/drcengizhan.com\/tr\/wp-json\/wp\/v2\/pages\/2577","targetHints":{"allow":["GET"]}}],"collection":[{"href":"https:\/\/drcengizhan.com\/tr\/wp-json\/wp\/v2\/pages"}],"about":[{"href":"https:\/\/drcengizhan.com\/tr\/wp-json\/wp\/v2\/types\/page"}],"author":[{"embeddable":true,"href":"https:\/\/drcengizhan.com\/tr\/wp-json\/wp\/v2\/users\/6"}],"replies":[{"embeddable":true,"href":"https:\/\/drcengizhan.com\/tr\/wp-json\/wp\/v2\/comments?post=2577"}],"version-history":[{"count":0,"href":"https:\/\/drcengizhan.com\/tr\/wp-json\/wp\/v2\/pages\/2577\/revisions"}],"wp:featuredmedia":[{"embeddable":true,"href":"https:\/\/drcengizhan.com\/tr\/wp-json\/wp\/v2\/media\/23070"}],"wp:attachment":[{"href":"https:\/\/drcengizhan.com\/tr\/wp-json\/wp\/v2\/media?parent=2577"}],"curies":[{"name":"wp","href":"https:\/\/api.w.org\/{rel}","templated":true}]}}