{"id":2485,"date":"2023-12-19T08:34:43","date_gmt":"2023-12-19T05:34:43","guid":{"rendered":"https:\/\/drcengizhan.com\/?page_id=2485"},"modified":"2024-09-19T17:11:42","modified_gmt":"2024-09-19T14:11:42","slug":"kol-germe","status":"publish","type":"page","link":"https:\/\/drcengizhan.com\/tr\/kol-germe\/","title":{"rendered":"Kol Germe"},"content":{"rendered":"<p>Cengizhan Ekizceli&#8217;nin ger\u00e7ekle\u015ftirdi\u011fi kol germe ameliyat\u0131, hem erkek hem de kad\u0131n olmak \u00fczere her iki cinsiyette de \u00fcst kollardaki gev\u015fek deriyi s\u0131k\u0131la\u015ft\u0131rmak ve gerdirmek i\u00e7in yap\u0131lan hassas bir i\u015flemdir.&nbsp;<\/p>\n<h2>\u25cf Kol Germe ameliyat\u0131 nedir?<\/h2>\n<p>Kollar\u0131n sarkmas\u0131 ve gev\u015femesi orta ya\u015fl\u0131 kad\u0131nlarda s\u0131k g\u00f6r\u00fclen sorunlardan biridir. Bu sorun, fazla kilo al\u0131p vermede de g\u00f6r\u00fclmektedir. Kolsuz giysiler giyerken kollar\u0131nda gev\u015feme ve sarkma ya\u015fayan ki\u015filerde artan rahats\u0131zl\u0131k hissi ile birlikte yaz aylar\u0131nda daha da can s\u0131k\u0131c\u0131 hale gelmektedir.<br \/>\nDr. Cengizhan Ekizceli&#8217;nin ger\u00e7ekle\u015ftirdi\u011fi kol germe operasyonu, fazla sarkan cildi alarak daha p\u00fcr\u00fczs\u00fcz ve s\u0131k\u0131 hale getirmek i\u00e7in en iyi \u00e7\u00f6z\u00fcmd\u00fcr.<\/p>\n<h2>\u25cf Kol Germe ameliyat\u0131 nas\u0131l yap\u0131l\u0131r?<\/h2>\n<p>\u0130\u015flem iki veya \u00fc\u00e7 saat s\u00fcrer. Genel anestezi kullan\u0131lacakt\u0131r. Cerrah, insizyonun yap\u0131laca\u011f\u0131 \u00fcst kollar\u0131 i\u015faretleyecektir.<br \/>\nGenellikle kesiler \u00fcst kolun arka ve yan taraflar\u0131na yap\u0131l\u0131r. Buna koltuk alt\u0131ndan veya dirse\u011fin \u00fcst\u00fcnden de yakla\u015f\u0131labilir, Y\u00f6ntem \u00f6nceden belirlenecektir.<br \/>\nCerrah, fazla ya\u011f varsa liposuction yapar, ard\u0131ndan kesiyi kapatmak i\u00e7in diki\u015fler kullan\u0131r.<\/p>\n<h2>\u25cf Kimler Kol Germe ameliyat\u0131 i\u00e7in iyi bir adayd\u0131r?<\/h2>\n<p>\u0130deal adaylar, \u00f6nemli \u00f6l\u00e7\u00fcde kilo verdikten sonra veya ya\u015flanmaya ba\u011fl\u0131 olarak \u00fcst kollarda deri sarkmas\u0131 ya\u015fayanlard\u0131r ve kilo stabilitesi operasyonun ba\u015far\u0131s\u0131 i\u00e7in \u00f6n ko\u015fuldur.<\/p>\n<h2>\u25cf \u0130\u015flem sonras\u0131 iz kal\u0131r m\u0131?<\/h2>\n<p>Kol germe operasyonu kolun alt taraf\u0131nda oldu\u011fu i\u00e7in izler gizlenir ve zamanla kaybolur.<\/p>\n<h2>\u25cf Normal ya\u015famak i\u00e7in ne kadar beklemesi gerekiyor?<\/h2>\n<p>Hastan\u0131n kolunu hareket ettirmeye ba\u015flamas\u0131 i\u00e7in \u00fc\u00e7 haftaya ihtiyac\u0131 vard\u0131r, alt\u0131nc\u0131 haftadan sonra t\u00fcm aktiviteler serbesttir. Hasta ayr\u0131ca iki hafta i\u00e7inde g\u00fcnl\u00fck aktivitelerine ve rutinine devam edecektir.<\/p>\n<h2>\u25cf Kol Germe ameliyat\u0131n\u0131n iyile\u015fme s\u00fcresi nedir?<\/h2>\n<p>Hastan\u0131n kolunu hareket ettirmeye ba\u015flamas\u0131 i\u00e7in \u00fc\u00e7 haftaya ihtiyac\u0131 vard\u0131r, alt\u0131nc\u0131 haftadan sonra t\u00fcm aktiviteler serbesttir.<\/p>\n","protected":false},"excerpt":{"rendered":"<p>Cengizhan Ekizceli&#8217;nin ger\u00e7ekle\u015ftirdi\u011fi kol germe ameliyat\u0131, hem erkek hem de kad\u0131n olmak \u00fczere her iki cinsiyette de \u00fcst kollardaki gev\u015fek deriyi s\u0131k\u0131la\u015ft\u0131rmak ve gerdirmek i\u00e7in yap\u0131lan hassas bir i\u015flemdir.&nbsp; \u25cf Kol Germe ameliyat\u0131 nedir? Kollar\u0131n sarkmas\u0131 ve gev\u015femesi orta ya\u015fl\u0131 kad\u0131nlarda s\u0131k g\u00f6r\u00fclen sorunlardan biridir. Bu sorun, fazla kilo al\u0131p vermede de g\u00f6r\u00fclmektedir. Kolsuz giysiler&hellip;<\/p>\n","protected":false},"author":5,"featured_media":27516,"parent":0,"menu_order":0,"comment_status":"closed","ping_status":"closed","template":"","meta":{"footnotes":""},"class_list":["post-2485","page","type-page","status-publish","has-post-thumbnail","hentry","description-off"],"yoast_head":"<!-- This site is optimized with the Yoast SEO Premium plugin v27.3 (Yoast SEO v27.4) - https:\/\/yoast.com\/product\/yoast-seo-premium-wordpress\/ -->\n<title>Kol Germe - Dr. Cengizhan Ekizceli<\/title>\n<meta name=\"description\" content=\"Kol germe ameliyat\u0131, fazla deri ve sarkmalar\u0131 gidererek daha s\u0131k\u0131 ve \u015fekilli kollar elde edilmesini sa\u011flar, kal\u0131c\u0131 ve estetik sonu\u00e7lar sunar.\" \/>\n<meta name=\"robots\" content=\"index, follow, max-snippet:-1, max-image-preview:large, max-video-preview:-1\" \/>\n<link rel=\"canonical\" href=\"https:\/\/drcengizhan.com\/tr\/kol-germe\/\" \/>\n<meta property=\"og:locale\" content=\"tr_TR\" \/>\n<meta property=\"og:type\" content=\"article\" \/>\n<meta property=\"og:title\" content=\"Kol Germe\" \/>\n<meta property=\"og:description\" content=\"Kol germe ameliyat\u0131, fazla deri ve sarkmalar\u0131 gidererek daha s\u0131k\u0131 ve \u015fekilli kollar elde edilmesini sa\u011flar, kal\u0131c\u0131 ve estetik sonu\u00e7lar sunar.\" \/>\n<meta property=\"og:url\" content=\"https:\/\/drcengizhan.com\/tr\/kol-germe\/\" \/>\n<meta property=\"og:site_name\" content=\"Dr. Cengizhan Ekizceli\" \/>\n<meta property=\"article:publisher\" content=\"https:\/\/www.facebook.com\/drcengizhan\/\" \/>\n<meta property=\"article:modified_time\" content=\"2024-09-19T14:11:42+00:00\" \/>\n<meta property=\"og:image\" content=\"https:\/\/drcengizhan.com\/wp-content\/uploads\/2024\/09\/arm_lift_dr_cengizhan_1920x1080.jpg\" \/>\n\t<meta property=\"og:image:width\" content=\"1920\" \/>\n\t<meta property=\"og:image:height\" content=\"1080\" \/>\n\t<meta property=\"og:image:type\" content=\"image\/jpeg\" \/>\n<meta name=\"twitter:card\" content=\"summary_large_image\" \/>\n<script type=\"application\/ld+json\" class=\"yoast-schema-graph\">{\"@context\":\"https:\\\/\\\/schema.org\",\"@graph\":[{\"@type\":\"WebPage\",\"@id\":\"https:\\\/\\\/drcengizhan.com\\\/tr\\\/kol-germe\\\/\",\"url\":\"https:\\\/\\\/drcengizhan.com\\\/tr\\\/kol-germe\\\/\",\"name\":\"Kol Germe - Dr. Cengizhan Ekizceli\",\"isPartOf\":{\"@id\":\"https:\\\/\\\/drcengizhan.com\\\/tr\\\/#website\"},\"primaryImageOfPage\":{\"@id\":\"https:\\\/\\\/drcengizhan.com\\\/tr\\\/kol-germe\\\/#primaryimage\"},\"image\":{\"@id\":\"https:\\\/\\\/drcengizhan.com\\\/tr\\\/kol-germe\\\/#primaryimage\"},\"thumbnailUrl\":\"https:\\\/\\\/drcengizhan.com\\\/wp-content\\\/uploads\\\/2024\\\/09\\\/arm_lift_dr_cengizhan_1920x1080.jpg\",\"datePublished\":\"2023-12-19T05:34:43+00:00\",\"dateModified\":\"2024-09-19T14:11:42+00:00\",\"description\":\"Kol germe ameliyat\u0131, fazla deri ve sarkmalar\u0131 gidererek daha s\u0131k\u0131 ve \u015fekilli kollar elde edilmesini sa\u011flar, kal\u0131c\u0131 ve estetik sonu\u00e7lar sunar.\",\"breadcrumb\":{\"@id\":\"https:\\\/\\\/drcengizhan.com\\\/tr\\\/kol-germe\\\/#breadcrumb\"},\"inLanguage\":\"tr\",\"potentialAction\":[{\"@type\":\"ReadAction\",\"target\":[\"https:\\\/\\\/drcengizhan.com\\\/tr\\\/kol-germe\\\/\"]}]},{\"@type\":\"ImageObject\",\"inLanguage\":\"tr\",\"@id\":\"https:\\\/\\\/drcengizhan.com\\\/tr\\\/kol-germe\\\/#primaryimage\",\"url\":\"https:\\\/\\\/drcengizhan.com\\\/wp-content\\\/uploads\\\/2024\\\/09\\\/arm_lift_dr_cengizhan_1920x1080.jpg\",\"contentUrl\":\"https:\\\/\\\/drcengizhan.com\\\/wp-content\\\/uploads\\\/2024\\\/09\\\/arm_lift_dr_cengizhan_1920x1080.jpg\",\"width\":1920,\"height\":1080},{\"@type\":\"BreadcrumbList\",\"@id\":\"https:\\\/\\\/drcengizhan.com\\\/tr\\\/kol-germe\\\/#breadcrumb\",\"itemListElement\":[{\"@type\":\"ListItem\",\"position\":1,\"name\":\"Home\",\"item\":\"https:\\\/\\\/drcengizhan.com\\\/tr\\\/\"},{\"@type\":\"ListItem\",\"position\":2,\"name\":\"Kol Germe\"}]},{\"@type\":\"WebSite\",\"@id\":\"https:\\\/\\\/drcengizhan.com\\\/tr\\\/#website\",\"url\":\"https:\\\/\\\/drcengizhan.com\\\/tr\\\/\",\"name\":\"Dr. Cengizhan Ekizceli\",\"description\":\"Plastic Surgeon in Turkey\",\"publisher\":{\"@id\":\"https:\\\/\\\/drcengizhan.com\\\/tr\\\/#organization\"},\"potentialAction\":[{\"@type\":\"SearchAction\",\"target\":{\"@type\":\"EntryPoint\",\"urlTemplate\":\"https:\\\/\\\/drcengizhan.com\\\/tr\\\/?s={search_term_string}\"},\"query-input\":{\"@type\":\"PropertyValueSpecification\",\"valueRequired\":true,\"valueName\":\"search_term_string\"}}],\"inLanguage\":\"tr\"},{\"@type\":\"Organization\",\"@id\":\"https:\\\/\\\/drcengizhan.com\\\/tr\\\/#organization\",\"name\":\"Dr. Cengizhan Ekizceli\",\"url\":\"https:\\\/\\\/drcengizhan.com\\\/tr\\\/\",\"logo\":{\"@type\":\"ImageObject\",\"inLanguage\":\"tr\",\"@id\":\"https:\\\/\\\/drcengizhan.com\\\/tr\\\/#\\\/schema\\\/logo\\\/image\\\/\",\"url\":\"https:\\\/\\\/drcengizhan.com\\\/wp-content\\\/uploads\\\/2024\\\/07\\\/drce_yatay_logo-e1721899271292.webp\",\"contentUrl\":\"https:\\\/\\\/drcengizhan.com\\\/wp-content\\\/uploads\\\/2024\\\/07\\\/drce_yatay_logo-e1721899271292.webp\",\"width\":960,\"height\":307,\"caption\":\"Dr. Cengizhan Ekizceli\"},\"image\":{\"@id\":\"https:\\\/\\\/drcengizhan.com\\\/tr\\\/#\\\/schema\\\/logo\\\/image\\\/\"},\"sameAs\":[\"https:\\\/\\\/www.facebook.com\\\/drcengizhan\\\/\"]}]}<\/script>\n<!-- \/ Yoast SEO Premium plugin. -->","yoast_head_json":{"title":"Kol Germe - Dr. Cengizhan Ekizceli","description":"Kol germe ameliyat\u0131, fazla deri ve sarkmalar\u0131 gidererek daha s\u0131k\u0131 ve \u015fekilli kollar elde edilmesini sa\u011flar, kal\u0131c\u0131 ve estetik sonu\u00e7lar sunar.","robots":{"index":"index","follow":"follow","max-snippet":"max-snippet:-1","max-image-preview":"max-image-preview:large","max-video-preview":"max-video-preview:-1"},"canonical":"https:\/\/drcengizhan.com\/tr\/kol-germe\/","og_locale":"tr_TR","og_type":"article","og_title":"Kol Germe","og_description":"Kol germe ameliyat\u0131, fazla deri ve sarkmalar\u0131 gidererek daha s\u0131k\u0131 ve \u015fekilli kollar elde edilmesini sa\u011flar, kal\u0131c\u0131 ve estetik sonu\u00e7lar sunar.","og_url":"https:\/\/drcengizhan.com\/tr\/kol-germe\/","og_site_name":"Dr. Cengizhan Ekizceli","article_publisher":"https:\/\/www.facebook.com\/drcengizhan\/","article_modified_time":"2024-09-19T14:11:42+00:00","og_image":[{"width":1920,"height":1080,"url":"https:\/\/drcengizhan.com\/wp-content\/uploads\/2024\/09\/arm_lift_dr_cengizhan_1920x1080.jpg","type":"image\/jpeg"}],"twitter_card":"summary_large_image","schema":{"@context":"https:\/\/schema.org","@graph":[{"@type":"WebPage","@id":"https:\/\/drcengizhan.com\/tr\/kol-germe\/","url":"https:\/\/drcengizhan.com\/tr\/kol-germe\/","name":"Kol Germe - Dr. Cengizhan Ekizceli","isPartOf":{"@id":"https:\/\/drcengizhan.com\/tr\/#website"},"primaryImageOfPage":{"@id":"https:\/\/drcengizhan.com\/tr\/kol-germe\/#primaryimage"},"image":{"@id":"https:\/\/drcengizhan.com\/tr\/kol-germe\/#primaryimage"},"thumbnailUrl":"https:\/\/drcengizhan.com\/wp-content\/uploads\/2024\/09\/arm_lift_dr_cengizhan_1920x1080.jpg","datePublished":"2023-12-19T05:34:43+00:00","dateModified":"2024-09-19T14:11:42+00:00","description":"Kol germe ameliyat\u0131, fazla deri ve sarkmalar\u0131 gidererek daha s\u0131k\u0131 ve \u015fekilli kollar elde edilmesini sa\u011flar, kal\u0131c\u0131 ve estetik sonu\u00e7lar sunar.","breadcrumb":{"@id":"https:\/\/drcengizhan.com\/tr\/kol-germe\/#breadcrumb"},"inLanguage":"tr","potentialAction":[{"@type":"ReadAction","target":["https:\/\/drcengizhan.com\/tr\/kol-germe\/"]}]},{"@type":"ImageObject","inLanguage":"tr","@id":"https:\/\/drcengizhan.com\/tr\/kol-germe\/#primaryimage","url":"https:\/\/drcengizhan.com\/wp-content\/uploads\/2024\/09\/arm_lift_dr_cengizhan_1920x1080.jpg","contentUrl":"https:\/\/drcengizhan.com\/wp-content\/uploads\/2024\/09\/arm_lift_dr_cengizhan_1920x1080.jpg","width":1920,"height":1080},{"@type":"BreadcrumbList","@id":"https:\/\/drcengizhan.com\/tr\/kol-germe\/#breadcrumb","itemListElement":[{"@type":"ListItem","position":1,"name":"Home","item":"https:\/\/drcengizhan.com\/tr\/"},{"@type":"ListItem","position":2,"name":"Kol Germe"}]},{"@type":"WebSite","@id":"https:\/\/drcengizhan.com\/tr\/#website","url":"https:\/\/drcengizhan.com\/tr\/","name":"Dr. Cengizhan Ekizceli","description":"Plastic Surgeon in Turkey","publisher":{"@id":"https:\/\/drcengizhan.com\/tr\/#organization"},"potentialAction":[{"@type":"SearchAction","target":{"@type":"EntryPoint","urlTemplate":"https:\/\/drcengizhan.com\/tr\/?s={search_term_string}"},"query-input":{"@type":"PropertyValueSpecification","valueRequired":true,"valueName":"search_term_string"}}],"inLanguage":"tr"},{"@type":"Organization","@id":"https:\/\/drcengizhan.com\/tr\/#organization","name":"Dr. Cengizhan Ekizceli","url":"https:\/\/drcengizhan.com\/tr\/","logo":{"@type":"ImageObject","inLanguage":"tr","@id":"https:\/\/drcengizhan.com\/tr\/#\/schema\/logo\/image\/","url":"https:\/\/drcengizhan.com\/wp-content\/uploads\/2024\/07\/drce_yatay_logo-e1721899271292.webp","contentUrl":"https:\/\/drcengizhan.com\/wp-content\/uploads\/2024\/07\/drce_yatay_logo-e1721899271292.webp","width":960,"height":307,"caption":"Dr. Cengizhan Ekizceli"},"image":{"@id":"https:\/\/drcengizhan.com\/tr\/#\/schema\/logo\/image\/"},"sameAs":["https:\/\/www.facebook.com\/drcengizhan\/"]}]}},"_links":{"self":[{"href":"https:\/\/drcengizhan.com\/tr\/wp-json\/wp\/v2\/pages\/2485","targetHints":{"allow":["GET"]}}],"collection":[{"href":"https:\/\/drcengizhan.com\/tr\/wp-json\/wp\/v2\/pages"}],"about":[{"href":"https:\/\/drcengizhan.com\/tr\/wp-json\/wp\/v2\/types\/page"}],"author":[{"embeddable":true,"href":"https:\/\/drcengizhan.com\/tr\/wp-json\/wp\/v2\/users\/5"}],"replies":[{"embeddable":true,"href":"https:\/\/drcengizhan.com\/tr\/wp-json\/wp\/v2\/comments?post=2485"}],"version-history":[{"count":0,"href":"https:\/\/drcengizhan.com\/tr\/wp-json\/wp\/v2\/pages\/2485\/revisions"}],"wp:featuredmedia":[{"embeddable":true,"href":"https:\/\/drcengizhan.com\/tr\/wp-json\/wp\/v2\/media\/27516"}],"wp:attachment":[{"href":"https:\/\/drcengizhan.com\/tr\/wp-json\/wp\/v2\/media?parent=2485"}],"curies":[{"name":"wp","href":"https:\/\/api.w.org\/{rel}","templated":true}]}}