{"id":2464,"date":"2023-12-19T07:31:55","date_gmt":"2023-12-19T07:31:55","guid":{"rendered":"https:\/\/drcengizhan.com\/?page_id=2464"},"modified":"2024-09-23T14:20:38","modified_gmt":"2024-09-23T11:20:38","slug":"liposuction","status":"publish","type":"page","link":"https:\/\/drcengizhan.com\/tr\/liposuction\/","title":{"rendered":"Liposuction"},"content":{"rendered":"<p><span style=\"vertical-align: inherit;\"><span style=\"vertical-align: inherit;\">Liposuction son zamanlarda kozmetik d\u00fcnyada en s\u0131k uygulanan cerrahi i\u015flemdir.<\/span><\/span><br \/>\n<span style=\"vertical-align: inherit;\"><span style=\"vertical-align: inherit;\">Dr.Cengizhan Ekizceli&#8217;nin kar\u0131n, kal\u00e7a, s\u0131rt, kol, boyun ve bazen de y\u00fcz gibi hareketleri belirli b\u00f6lgelerdeki egzersiz ve diyet diren\u00e7li ya\u011flar\u0131 almak i\u00e7in yapt\u0131\u011f\u0131 liposuction, ki\u015finin \u015feklinin \u00f6zellikleri i\u00e7in.<\/span><\/span><\/p>\n<h2><span style=\"vertical-align: inherit;\"><span style=\"vertical-align: inherit;\">\u25cf Liposuction Ameliyat\u0131 Nedir?<\/span><\/span><\/h2>\n<p><span style=\"vertical-align: inherit;\"><span style=\"vertical-align: inherit;\">Liposuction, b\u00fcy\u00fck kozmetik ameliyatlara k\u0131yasla k\u00fc\u00e7\u00fck bir i\u015flemdir. Olu\u015fturulacak b\u00f6lgeye ve al\u0131nacak ya\u011f miktar\u0131na ba\u011fl\u0131d\u0131r. Bununla birlikte, tedavi s\u00fcreci, iyile\u015ftirme s\u00fcresi ve nihayetinde istenen sonu\u00e7lar\u0131n elde edilmesinin sa\u011flanmas\u0131 i\u00e7in haz\u0131rl\u0131k ve planlama gerektirir.<\/span><\/span><\/p>\n<h2><span style=\"vertical-align: inherit;\"><span style=\"vertical-align: inherit;\">\u25cf Liposuction ameliyat\u0131 nas\u0131l yap\u0131l\u0131r?<\/span><\/span><\/h2>\n<p><span style=\"vertical-align: inherit;\"><span style=\"vertical-align: inherit;\">Liposuction genel anestezi alt\u0131nda yap\u0131l\u0131r ve 1-4 saat s\u00fcrer. Cengizhan Ekizceli kan\u00fcl t\u00fcp\u00fcn\u00fc y\u00f6nlendirmek i\u00e7in k\u00fc\u00e7\u00fck kesiler yapar, ard\u0131ndan verilecek alan tedavi bir sol\u00fcsyonla doldurulur, ard\u0131ndan Vaser&#8217;den gelen tedavi ultrason enerjisi ba\u011f dokusundaki ya\u011f\u0131 par\u00e7alayarak yumu\u015fak hale getirir ve yumu\u015famas\u0131n\u0131 sa\u011flar. G\u00fc\u00e7l\u00fc emi\u015f olmadan ve \u00e7evre dokular\u0131 sa\u011flam bir \u015fekilde \u00e7al\u0131\u015fmay\u0131 daha kolay birle\u015ftirir, bu da geleneksel liposuction ile kar\u015f\u0131la\u015ft\u0131r\u0131ld\u0131\u011f\u0131nda daha az morarma, daha az \u015fi\u015fme ve daha az a\u011fr\u0131 anlam\u0131na gelir.<\/span><\/span><br \/>\n<span style=\"vertical-align: inherit;\"><span style=\"vertical-align: inherit;\">Daha sonra ameliyatla kapat\u0131lan kesilerden \u00f6zel bir kan\u00fcl cihaz\u0131 ile fazla ya\u011flar v\u00fccuttan al\u0131n\u0131r. Ameliyat sonras\u0131 a\u011fr\u0131y\u0131 gidermek i\u00e7in s\u0131v\u0131 takviyesi kal\u0131r ve daha sonra v\u00fccut taraf\u0131ndan emilir.<\/span><\/span><br \/>\n<span style=\"vertical-align: inherit;\"><span style=\"vertical-align: inherit;\">Kesilerin etraf\u0131ndaki diki\u015fler kapat\u0131ld\u0131ktan sonra cerrah, \u015fi\u015fmeyi azaltmak i\u00e7in cerrahi alana bir kompresyon bandaj\u0131 uygular.<\/span><\/span><\/p>\n<h2><span style=\"vertical-align: inherit;\"><span style=\"vertical-align: inherit;\">\u25cf V\u00fccuttan al\u0131nan ya\u011flar tekrar ortaya \u00e7\u0131kar m\u0131?<\/span><\/span><\/h2>\n<p><span style=\"vertical-align: inherit;\"><span style=\"vertical-align: inherit;\">Liposuction, uygulanan ya\u011f miktar\u0131i \u00e7\u0131kana kadar \u00e7\u0131karmak i\u00e7in bir kez yap\u0131l\u0131r.<\/span><\/span><br \/>\n<span style=\"vertical-align: inherit;\"><span style=\"vertical-align: inherit;\">Yani kar\u0131n b\u00f6lgesinden liposuction yap\u0131l\u0131rsa, b\u00f6lge daha az ya\u011flan\u0131r ve ayn\u0131 \u015feyler uygulan\u0131r, kol ve b\u00f6lgeleri di\u011fer b\u00f6lgeler i\u00e7in de ge\u00e7erlidir.<\/span><\/span><\/p>\n<h2><span style=\"vertical-align: inherit;\"><span style=\"vertical-align: inherit;\">\u25cf Liposuction&#8217;\u0131n cildi s\u0131k\u0131la\u015ft\u0131rmas\u0131 m\u0131?<\/span><\/span><\/h2>\n<p><span style=\"vertical-align: inherit;\"><span style=\"vertical-align: inherit;\">Liposuction sadece ya\u011flar\u0131n toplanmas\u0131 i\u015flemidir. Hastan\u0131n hamilelik ve do\u011fum a\u015famas\u0131n\u0131 ge\u00e7memi\u015fse, cildi k\u00fc\u00e7\u00fclecek ve k\u00fc\u00e7\u00fclecek kadar elastiktir. Di\u011fer v\u00fccutta bulunan liposuction sonras\u0131nda k\u0131r\u0131\u015f\u0131klar\u0131, katmanlar\u0131 ve sarkmas\u0131 varsa liposuction ile cildi s\u0131k\u0131la\u015ft\u0131rmay\u0131 kesmesi gerekir.<\/span><\/span><\/p>\n<h2><span style=\"vertical-align: inherit;\"><span style=\"vertical-align: inherit;\">\u25cf Hastan\u0131n normal ya\u015fam s\u00fcreci ne kadar s\u00fcrer?<\/span><\/span><\/h2>\n<p><span style=\"vertical-align: inherit;\"><span style=\"vertical-align: inherit;\">Baz\u0131 hastalar liposuction yapt\u0131rd\u0131ktan sonra birka\u00e7 g\u00fcn i\u00e7inde normal g\u00fcnl\u00fck rutinlerine d\u00f6nebilir, baz\u0131lar\u0131n\u0131n ise tamamen iyile\u015fmesi daha uzun s\u00fcrer. Cengizhan Ekizceli hastalar\u0131na operasyondan bir hafta sonra hafif egzersiz yapmalar\u0131n\u0131, iki hafta boyunca a\u011f\u0131rl\u0131k kald\u0131rmamalar\u0131n\u0131 ve yorucu egzersiz yapmalar\u0131n\u0131 tavsiye ediyor.<\/span><\/span><\/p>\n<h2><span style=\"vertical-align: inherit;\"><span style=\"vertical-align: inherit;\">\u25cf Ameliyattan sonra \u015fi\u015fmanl\u0131k ve morluk normal mi?<\/span><\/span><\/h2>\n<p><span style=\"vertical-align: inherit;\"><span style=\"vertical-align: inherit;\">Ameliyattan sonraki ilk birka\u00e7 g\u00fcn liposuction yap\u0131lan b\u00f6lgede morluk, \u015fi\u015flik ve a\u011fr\u0131n\u0131n d\u00fczelmeye ba\u015flamas\u0131ndan \u00f6nce biraz \u015fi\u015fmesi. Derin kanla gizlenerek gizli s\u0131v\u0131n\u0131n ortaya \u00e7\u0131kmas\u0131na yard\u0131mc\u0131 olmak i\u00e7in baz\u0131 drenajlar yerle\u015ftirilecektir. \u015ei\u015fmeyi azaltmak i\u00e7in 8 hafta boyunca bir s\u0131k\u0131\u015ft\u0131rma sarg\u0131s\u0131 da yerle\u015ftirilir.<\/span><\/span><\/p>\n<h2><span style=\"vertical-align: inherit;\"><span style=\"vertical-align: inherit;\">\u25cf Hastan\u0131n normal ya\u015fama s\u00fcreci i\u00e7in ne kadar beklemesi gerekiyor?<\/span><\/span><\/h2>\n<p><span style=\"vertical-align: inherit;\"><span style=\"vertical-align: inherit;\">Hastan\u0131n g\u00fcnl\u00fck ya\u015fam\u0131 ve ola\u011fan rutinine ge\u00e7i\u015f i\u00e7in yakla\u015f\u0131k bir haftaya ihtiya\u00e7lar\u0131 vard\u0131r.<\/span><\/span><br \/>\n<span style=\"vertical-align: inherit;\"><span style=\"vertical-align: inherit;\">Ameliyattan \u00fc\u00e7 hafta sonras\u0131na kadar yo\u011fun egzersizden ka\u00e7\u0131nmak. Yakla\u015f\u0131k iki hafta sonra hafif egzersiz yapabilirsiniz.<\/span><\/span><br \/>\n<span style=\"vertical-align: inherit;\"><span style=\"vertical-align: inherit;\">Tedavi edilen veriler uyu\u015fma hissi \u00e7ok normaldir ve normale d\u00f6ner. Sonu\u00e7lar genellikle an\u0131nda olur ve ciltte p\u00fcr\u00fczs\u00fcz ve s\u0131k\u0131 bir his b\u0131rak\u0131r.<\/span><\/span><\/p>\n<h2><span style=\"vertical-align: inherit;\"><span style=\"vertical-align: inherit;\">\u25cf Liposuction&#8217;\u0131n sonu\u00e7lar\u0131 ne zaman ortaya \u00e7\u0131kar?<\/span><\/span><\/h2>\n<p><span style=\"vertical-align: inherit;\"><span style=\"vertical-align: inherit;\">Hasta ameliyattan hemen sonra ilk sonu\u00e7lar farkl\u0131l\u0131k g\u00f6sterir ve 3 ay sonra nihai sonu\u00e7lar ortaya \u00e7\u0131kar.<\/span><\/span><\/p>\n<h2><span style=\"vertical-align: inherit;\"><span style=\"vertical-align: inherit;\">\u25cf Liposuction&#8217;\u0131n ard\u0131ndan ya\u011f de\u011fi\u015fikliklerinin yeniden b\u00fcy\u00fcmesi m\u00fc?<\/span><\/span><\/h2>\n<p><span style=\"vertical-align: inherit;\"><span style=\"vertical-align: inherit;\">Liposuction, ya\u011f al\u0131m\u0131 hedeflenen b\u00f6lgeden kal\u0131c\u0131 olarak uzakla\u015ft\u0131r\u0131l\u0131r, ancak kilo al\u0131m\u0131 fazlaysa daha \u00f6nce liposuction yap\u0131lan alanlarda yeni ya\u011flar\u0131n al\u0131nmas\u0131 m\u00fcmk\u00fcnd\u00fcr.<\/span><\/span><\/p>\n<h2><span style=\"vertical-align: inherit;\"><span style=\"vertical-align: inherit;\">\u25cf Liposuction sel\u00fclit tedavisi yard\u0131mc\u0131 olur mu?<\/span><\/span><\/h2>\n<p><span style=\"vertical-align: inherit;\"><span style=\"vertical-align: inherit;\">Liposuction, cilt dokusunu de\u011fil, sadece v\u00fccut \u00f6zelliklerini iyile\u015ftirir, bu nedenle sel\u00fclit tedavisi ile ilgisi yoktur.<\/span><\/span><\/p>\n<h2><span style=\"vertical-align: inherit;\"><span style=\"vertical-align: inherit;\">\u25cf Liposuction ile kilo vermek m\u00fcmk\u00fcn m\u00fcd\u00fcr?<\/span><\/span><\/h2>\n<p><span style=\"vertical-align: inherit;\"><span style=\"vertical-align: inherit;\">Liposuction bir kilo verme i\u015flemi de\u011fildir, daha \u00e7ok hedeflenen bak\u0131mn baz\u0131 ya\u011flar\u0131n d\u00fczenlenmesii yap\u0131larak bedenini tamamlar \u00e7\u00fcnk\u00fc ya\u011flar\u0131n b\u00fcy\u00fck parlamalar\u0131 \u00e7ok tehlikelidir. Ancak liposuction&#8217;\u0131n kilo de\u011ferinin neden de\u011ferleri.<\/span><\/span><\/p>\n","protected":false},"excerpt":{"rendered":"<p>Liposuction son zamanlarda kozmetik d\u00fcnyada en s\u0131k uygulanan cerrahi i\u015flemdir. Dr.Cengizhan Ekizceli&#8217;nin kar\u0131n, kal\u00e7a, s\u0131rt, kol, boyun ve bazen de y\u00fcz gibi hareketleri belirli b\u00f6lgelerdeki egzersiz ve diyet diren\u00e7li ya\u011flar\u0131 almak i\u00e7in yapt\u0131\u011f\u0131 liposuction, ki\u015finin \u015feklinin \u00f6zellikleri i\u00e7in. \u25cf Liposuction Ameliyat\u0131 Nedir? Liposuction, b\u00fcy\u00fck kozmetik ameliyatlara k\u0131yasla k\u00fc\u00e7\u00fck bir i\u015flemdir. Olu\u015fturulacak b\u00f6lgeye ve al\u0131nacak ya\u011f&hellip;<\/p>\n","protected":false},"author":5,"featured_media":27558,"parent":0,"menu_order":0,"comment_status":"closed","ping_status":"closed","template":"","meta":{"footnotes":""},"class_list":["post-2464","page","type-page","status-publish","has-post-thumbnail","hentry","description-off"],"yoast_head":"<!-- This site is optimized with the Yoast SEO Premium plugin v27.3 (Yoast SEO v27.3) - https:\/\/yoast.com\/product\/yoast-seo-premium-wordpress\/ -->\n<title>Liposuction - Dr. Cengizhan Ekizceli<\/title>\n<meta name=\"description\" content=\"Liposuction, v\u00fccutta istenmeyen ya\u011f birikintilerini azaltarak daha ince ve \u015fekilli bir siluet elde etmenizi sa\u011flar; kal\u0131c\u0131 ve do\u011fal sonu\u00e7lar sunar.\" \/>\n<meta name=\"robots\" content=\"index, follow, max-snippet:-1, max-image-preview:large, max-video-preview:-1\" \/>\n<link rel=\"canonical\" href=\"https:\/\/drcengizhan.com\/tr\/liposuction\/\" \/>\n<meta property=\"og:locale\" content=\"tr_TR\" \/>\n<meta property=\"og:type\" content=\"article\" \/>\n<meta property=\"og:title\" content=\"Liposuction\" \/>\n<meta property=\"og:description\" content=\"Liposuction, v\u00fccutta istenmeyen ya\u011f birikintilerini azaltarak daha ince ve \u015fekilli bir siluet elde etmenizi sa\u011flar; kal\u0131c\u0131 ve do\u011fal sonu\u00e7lar sunar.\" \/>\n<meta property=\"og:url\" content=\"https:\/\/drcengizhan.com\/tr\/liposuction\/\" \/>\n<meta property=\"og:site_name\" content=\"Dr. Cengizhan Ekizceli\" \/>\n<meta property=\"article:publisher\" content=\"https:\/\/www.facebook.com\/drcengizhan\/\" \/>\n<meta property=\"article:modified_time\" content=\"2024-09-23T11:20:38+00:00\" \/>\n<meta property=\"og:image\" content=\"https:\/\/drcengizhan.com\/wp-content\/uploads\/2024\/09\/liposuction_2nd_by_dr_cengizhan_1920x1080.jpg\" \/>\n\t<meta property=\"og:image:width\" content=\"1920\" \/>\n\t<meta property=\"og:image:height\" content=\"1080\" \/>\n\t<meta property=\"og:image:type\" content=\"image\/jpeg\" \/>\n<meta name=\"twitter:card\" content=\"summary_large_image\" \/>\n<script type=\"application\/ld+json\" class=\"yoast-schema-graph\">{\"@context\":\"https:\\\/\\\/schema.org\",\"@graph\":[{\"@type\":\"WebPage\",\"@id\":\"https:\\\/\\\/drcengizhan.com\\\/tr\\\/liposuction\\\/\",\"url\":\"https:\\\/\\\/drcengizhan.com\\\/tr\\\/liposuction\\\/\",\"name\":\"Liposuction - Dr. Cengizhan Ekizceli\",\"isPartOf\":{\"@id\":\"https:\\\/\\\/drcengizhan.com\\\/tr\\\/#website\"},\"primaryImageOfPage\":{\"@id\":\"https:\\\/\\\/drcengizhan.com\\\/tr\\\/liposuction\\\/#primaryimage\"},\"image\":{\"@id\":\"https:\\\/\\\/drcengizhan.com\\\/tr\\\/liposuction\\\/#primaryimage\"},\"thumbnailUrl\":\"https:\\\/\\\/drcengizhan.com\\\/wp-content\\\/uploads\\\/2024\\\/09\\\/liposuction_2nd_by_dr_cengizhan_1920x1080.jpg\",\"datePublished\":\"2023-12-19T07:31:55+00:00\",\"dateModified\":\"2024-09-23T11:20:38+00:00\",\"description\":\"Liposuction, v\u00fccutta istenmeyen ya\u011f birikintilerini azaltarak daha ince ve \u015fekilli bir siluet elde etmenizi sa\u011flar; kal\u0131c\u0131 ve do\u011fal sonu\u00e7lar sunar.\",\"breadcrumb\":{\"@id\":\"https:\\\/\\\/drcengizhan.com\\\/tr\\\/liposuction\\\/#breadcrumb\"},\"inLanguage\":\"tr\",\"potentialAction\":[{\"@type\":\"ReadAction\",\"target\":[\"https:\\\/\\\/drcengizhan.com\\\/tr\\\/liposuction\\\/\"]}]},{\"@type\":\"ImageObject\",\"inLanguage\":\"tr\",\"@id\":\"https:\\\/\\\/drcengizhan.com\\\/tr\\\/liposuction\\\/#primaryimage\",\"url\":\"https:\\\/\\\/drcengizhan.com\\\/wp-content\\\/uploads\\\/2024\\\/09\\\/liposuction_2nd_by_dr_cengizhan_1920x1080.jpg\",\"contentUrl\":\"https:\\\/\\\/drcengizhan.com\\\/wp-content\\\/uploads\\\/2024\\\/09\\\/liposuction_2nd_by_dr_cengizhan_1920x1080.jpg\",\"width\":1920,\"height\":1080},{\"@type\":\"BreadcrumbList\",\"@id\":\"https:\\\/\\\/drcengizhan.com\\\/tr\\\/liposuction\\\/#breadcrumb\",\"itemListElement\":[{\"@type\":\"ListItem\",\"position\":1,\"name\":\"Home\",\"item\":\"https:\\\/\\\/drcengizhan.com\\\/tr\\\/\"},{\"@type\":\"ListItem\",\"position\":2,\"name\":\"Liposuction\"}]},{\"@type\":\"WebSite\",\"@id\":\"https:\\\/\\\/drcengizhan.com\\\/tr\\\/#website\",\"url\":\"https:\\\/\\\/drcengizhan.com\\\/tr\\\/\",\"name\":\"Dr. Cengizhan Ekizceli\",\"description\":\"Plastic Surgeon in Turkey\",\"publisher\":{\"@id\":\"https:\\\/\\\/drcengizhan.com\\\/tr\\\/#organization\"},\"potentialAction\":[{\"@type\":\"SearchAction\",\"target\":{\"@type\":\"EntryPoint\",\"urlTemplate\":\"https:\\\/\\\/drcengizhan.com\\\/tr\\\/?s={search_term_string}\"},\"query-input\":{\"@type\":\"PropertyValueSpecification\",\"valueRequired\":true,\"valueName\":\"search_term_string\"}}],\"inLanguage\":\"tr\"},{\"@type\":\"Organization\",\"@id\":\"https:\\\/\\\/drcengizhan.com\\\/tr\\\/#organization\",\"name\":\"Dr. Cengizhan Ekizceli\",\"url\":\"https:\\\/\\\/drcengizhan.com\\\/tr\\\/\",\"logo\":{\"@type\":\"ImageObject\",\"inLanguage\":\"tr\",\"@id\":\"https:\\\/\\\/drcengizhan.com\\\/tr\\\/#\\\/schema\\\/logo\\\/image\\\/\",\"url\":\"https:\\\/\\\/drcengizhan.com\\\/wp-content\\\/uploads\\\/2024\\\/07\\\/drce_yatay_logo-e1721899271292.webp\",\"contentUrl\":\"https:\\\/\\\/drcengizhan.com\\\/wp-content\\\/uploads\\\/2024\\\/07\\\/drce_yatay_logo-e1721899271292.webp\",\"width\":960,\"height\":307,\"caption\":\"Dr. Cengizhan Ekizceli\"},\"image\":{\"@id\":\"https:\\\/\\\/drcengizhan.com\\\/tr\\\/#\\\/schema\\\/logo\\\/image\\\/\"},\"sameAs\":[\"https:\\\/\\\/www.facebook.com\\\/drcengizhan\\\/\"]}]}<\/script>\n<!-- \/ Yoast SEO Premium plugin. -->","yoast_head_json":{"title":"Liposuction - Dr. Cengizhan Ekizceli","description":"Liposuction, v\u00fccutta istenmeyen ya\u011f birikintilerini azaltarak daha ince ve \u015fekilli bir siluet elde etmenizi sa\u011flar; kal\u0131c\u0131 ve do\u011fal sonu\u00e7lar sunar.","robots":{"index":"index","follow":"follow","max-snippet":"max-snippet:-1","max-image-preview":"max-image-preview:large","max-video-preview":"max-video-preview:-1"},"canonical":"https:\/\/drcengizhan.com\/tr\/liposuction\/","og_locale":"tr_TR","og_type":"article","og_title":"Liposuction","og_description":"Liposuction, v\u00fccutta istenmeyen ya\u011f birikintilerini azaltarak daha ince ve \u015fekilli bir siluet elde etmenizi sa\u011flar; kal\u0131c\u0131 ve do\u011fal sonu\u00e7lar sunar.","og_url":"https:\/\/drcengizhan.com\/tr\/liposuction\/","og_site_name":"Dr. Cengizhan Ekizceli","article_publisher":"https:\/\/www.facebook.com\/drcengizhan\/","article_modified_time":"2024-09-23T11:20:38+00:00","og_image":[{"width":1920,"height":1080,"url":"https:\/\/drcengizhan.com\/wp-content\/uploads\/2024\/09\/liposuction_2nd_by_dr_cengizhan_1920x1080.jpg","type":"image\/jpeg"}],"twitter_card":"summary_large_image","schema":{"@context":"https:\/\/schema.org","@graph":[{"@type":"WebPage","@id":"https:\/\/drcengizhan.com\/tr\/liposuction\/","url":"https:\/\/drcengizhan.com\/tr\/liposuction\/","name":"Liposuction - Dr. Cengizhan Ekizceli","isPartOf":{"@id":"https:\/\/drcengizhan.com\/tr\/#website"},"primaryImageOfPage":{"@id":"https:\/\/drcengizhan.com\/tr\/liposuction\/#primaryimage"},"image":{"@id":"https:\/\/drcengizhan.com\/tr\/liposuction\/#primaryimage"},"thumbnailUrl":"https:\/\/drcengizhan.com\/wp-content\/uploads\/2024\/09\/liposuction_2nd_by_dr_cengizhan_1920x1080.jpg","datePublished":"2023-12-19T07:31:55+00:00","dateModified":"2024-09-23T11:20:38+00:00","description":"Liposuction, v\u00fccutta istenmeyen ya\u011f birikintilerini azaltarak daha ince ve \u015fekilli bir siluet elde etmenizi sa\u011flar; kal\u0131c\u0131 ve do\u011fal sonu\u00e7lar sunar.","breadcrumb":{"@id":"https:\/\/drcengizhan.com\/tr\/liposuction\/#breadcrumb"},"inLanguage":"tr","potentialAction":[{"@type":"ReadAction","target":["https:\/\/drcengizhan.com\/tr\/liposuction\/"]}]},{"@type":"ImageObject","inLanguage":"tr","@id":"https:\/\/drcengizhan.com\/tr\/liposuction\/#primaryimage","url":"https:\/\/drcengizhan.com\/wp-content\/uploads\/2024\/09\/liposuction_2nd_by_dr_cengizhan_1920x1080.jpg","contentUrl":"https:\/\/drcengizhan.com\/wp-content\/uploads\/2024\/09\/liposuction_2nd_by_dr_cengizhan_1920x1080.jpg","width":1920,"height":1080},{"@type":"BreadcrumbList","@id":"https:\/\/drcengizhan.com\/tr\/liposuction\/#breadcrumb","itemListElement":[{"@type":"ListItem","position":1,"name":"Home","item":"https:\/\/drcengizhan.com\/tr\/"},{"@type":"ListItem","position":2,"name":"Liposuction"}]},{"@type":"WebSite","@id":"https:\/\/drcengizhan.com\/tr\/#website","url":"https:\/\/drcengizhan.com\/tr\/","name":"Dr. Cengizhan Ekizceli","description":"Plastic Surgeon in Turkey","publisher":{"@id":"https:\/\/drcengizhan.com\/tr\/#organization"},"potentialAction":[{"@type":"SearchAction","target":{"@type":"EntryPoint","urlTemplate":"https:\/\/drcengizhan.com\/tr\/?s={search_term_string}"},"query-input":{"@type":"PropertyValueSpecification","valueRequired":true,"valueName":"search_term_string"}}],"inLanguage":"tr"},{"@type":"Organization","@id":"https:\/\/drcengizhan.com\/tr\/#organization","name":"Dr. Cengizhan Ekizceli","url":"https:\/\/drcengizhan.com\/tr\/","logo":{"@type":"ImageObject","inLanguage":"tr","@id":"https:\/\/drcengizhan.com\/tr\/#\/schema\/logo\/image\/","url":"https:\/\/drcengizhan.com\/wp-content\/uploads\/2024\/07\/drce_yatay_logo-e1721899271292.webp","contentUrl":"https:\/\/drcengizhan.com\/wp-content\/uploads\/2024\/07\/drce_yatay_logo-e1721899271292.webp","width":960,"height":307,"caption":"Dr. Cengizhan Ekizceli"},"image":{"@id":"https:\/\/drcengizhan.com\/tr\/#\/schema\/logo\/image\/"},"sameAs":["https:\/\/www.facebook.com\/drcengizhan\/"]}]}},"_links":{"self":[{"href":"https:\/\/drcengizhan.com\/tr\/wp-json\/wp\/v2\/pages\/2464","targetHints":{"allow":["GET"]}}],"collection":[{"href":"https:\/\/drcengizhan.com\/tr\/wp-json\/wp\/v2\/pages"}],"about":[{"href":"https:\/\/drcengizhan.com\/tr\/wp-json\/wp\/v2\/types\/page"}],"author":[{"embeddable":true,"href":"https:\/\/drcengizhan.com\/tr\/wp-json\/wp\/v2\/users\/5"}],"replies":[{"embeddable":true,"href":"https:\/\/drcengizhan.com\/tr\/wp-json\/wp\/v2\/comments?post=2464"}],"version-history":[{"count":0,"href":"https:\/\/drcengizhan.com\/tr\/wp-json\/wp\/v2\/pages\/2464\/revisions"}],"wp:featuredmedia":[{"embeddable":true,"href":"https:\/\/drcengizhan.com\/tr\/wp-json\/wp\/v2\/media\/27558"}],"wp:attachment":[{"href":"https:\/\/drcengizhan.com\/tr\/wp-json\/wp\/v2\/media?parent=2464"}],"curies":[{"name":"wp","href":"https:\/\/api.w.org\/{rel}","templated":true}]}}