{"id":28005,"date":"2023-12-20T11:02:31","date_gmt":"2023-12-20T08:02:31","guid":{"rendered":"https:\/\/drcengizhan.com\/?page_id=28005"},"modified":"2024-09-30T13:09:18","modified_gmt":"2024-09-30T10:09:18","slug":"six-pack","status":"publish","type":"page","link":"https:\/\/drcengizhan.com\/fr\/six-pack\/","title":{"rendered":"Six Pack"},"content":{"rendered":"\n<p>Un corps en forme avec une apparence physique attrayante est quelque chose que tout le monde veut.<br>La chirurgie de six packs que le Dr Cengizhan Ekizceli effectue est l&rsquo;une des op\u00e9rations les plus populaires r\u00e9cemment qui peut \u00eatre exprim\u00e9e comme l&rsquo;esth\u00e9tique des muscles abdominaux, est facilement r\u00e9alis\u00e9e sur de nombreux hommes et femmes aujourd&rsquo;hui.<\/p>\n\n\n\n<h2 class=\"wp-block-heading\" id=\"h-qu-est-ce-que-la-chirurgie-des-six-packs\">\u25cf Qu&rsquo;est-ce que la chirurgie des six packs ?<\/h2>\n\n\n\n<p>Pour les personnes qui en ont assez des programmes d&rsquo;exercices \u00e0 long terme dans les centres sportifs et des processus de r\u00e9gime tr\u00e8s difficiles, la chirurgie des six packs est une m\u00e9thode de solution tr\u00e8s efficace et rapide rempla\u00e7ant toutes ces m\u00e9thodes difficiles et fastidieuses.<br>L&rsquo;op\u00e9ration de six packs est un processus dans lequel les exc\u00e8s de graisse sont \u00e9limin\u00e9s, la zone abdominale est remodel\u00e9e et les muscles abdominaux sont renforc\u00e9s, ce qui serait difficile \u00e0 obtenir uniquement par le r\u00e9gime alimentaire et l&rsquo;exercice.<br>\u25cfComment se d\u00e9roule la chirurgie des six packs ?<\/p>\n\n\n\n<p>La chirurgie des six packs est r\u00e9alis\u00e9e sous anesth\u00e9sie g\u00e9n\u00e9rale. Cela prend environ une heure.<br>La gravure abdominale est r\u00e9alis\u00e9e par le Dr Cengizhan Ekizceli avec une technique sp\u00e9ciale de liposuccion tumescente. La proc\u00e9dure enl\u00e8ve et sculpte les tissus adipeux r\u00e9sidant sous la peau. Avant la proc\u00e9dure, des marquages d\u00e9taill\u00e9s sont effectu\u00e9s sur les abdominaux fl\u00e9chis du patient. Au cours de la chirurgie, de petites incisions sont pratiqu\u00e9es dans les contours naturels de l&rsquo;abdomen. Cela aide \u00e0 minimiser les cicatrices. Gr\u00e2ce \u00e0 ces incisions, la graisse est retir\u00e9e dans certaines zones, amincie dans d&rsquo;autres et r\u00e9arrang\u00e9e pour accentuer les muscles de l&rsquo;abdomen (rectus) et la linea alba (la ligne qui descend au centre de l&rsquo;abdomen).<\/p>\n\n\n\n<h2 class=\"wp-block-heading\" id=\"h-combien-de-temps-faut-il-pour-recuperer-apres-une-chirurgie-des-six-packs\">\u25cfCombien de temps faut-il pour r\u00e9cup\u00e9rer apr\u00e8s une chirurgie des six packs ?<\/h2>\n\n\n\n<p>Au d\u00e9but et apr\u00e8s la chirurgie, le patient porte un bandage compressif pour r\u00e9duire l&rsquo;enflure, et apr\u00e8s une semaine d&rsquo;op\u00e9ration, le patient peut reprendre sa routine quotidienne habituelle, mais il doit \u00e9viter les exercices lourds dans la premi\u00e8re p\u00e9riode, en particulier les exercices abdominaux.<\/p>\n\n\n\n<h2 class=\"wp-block-heading\" id=\"h-combien-de-temps-faut-il-pour-obtenir-les-resultats-finaux\">\u25cf Combien de temps faut-il pour obtenir les r\u00e9sultats finaux ?<\/h2>\n\n\n\n<p>Lorsque le gonflement diminue, les r\u00e9sultats commencent \u00e0 appara\u00eetre et les muscles abdominaux sont d\u00e9gag\u00e9s, dans un d\u00e9lai allant de deux \u00e0 cinq mois lorsque le patient a obtenu les r\u00e9sultats d\u00e9finitifs.<\/p>\n\n\n\n<h2 class=\"wp-block-heading\" id=\"h-quelles-operations-peuvent-etre-effectuees-avec-l-operation-six-pack\">\u25cf Quelles op\u00e9rations peuvent \u00eatre effectu\u00e9es avec l&rsquo;op\u00e9ration six-pack ?<\/h2>\n\n\n\n<p>Pour les hommes, la chirurgie de la gyn\u00e9comastie peut accompagner l&rsquo;op\u00e9ration six-pack. Quant aux femmes, le lifting br\u00e9silien des fesses et la plastie abdominale peuvent \u00eatre accompagn\u00e9s de l&rsquo;op\u00e9ration six-pack.<\/p>\n","protected":false},"excerpt":{"rendered":"<p>Un corps en forme avec une apparence physique attrayante est quelque chose que tout le monde veut.La chirurgie de six packs que le Dr Cengizhan Ekizceli effectue est l&rsquo;une des op\u00e9rations les plus populaires r\u00e9cemment qui peut \u00eatre exprim\u00e9e comme l&rsquo;esth\u00e9tique des muscles abdominaux, est facilement r\u00e9alis\u00e9e sur de nombreux hommes et femmes aujourd&rsquo;hui. \u25cf&hellip;<\/p>\n","protected":false},"author":5,"featured_media":28210,"parent":0,"menu_order":0,"comment_status":"closed","ping_status":"closed","template":"","meta":{"footnotes":""},"class_list":["post-28005","page","type-page","status-publish","has-post-thumbnail","hentry","description-off"],"yoast_head":"<!-- This site is optimized with the Yoast SEO Premium plugin v27.2 (Yoast SEO v27.3) - https:\/\/yoast.com\/product\/yoast-seo-premium-wordpress\/ -->\n<title>Six Pack - Dr. Cengizhan Ekizceli<\/title>\n<meta name=\"description\" content=\"La chirurgie des abdominaux en six packs permet de sculpter un ventre d\u00e9fini, offrant des r\u00e9sultats esth\u00e9tiques et durables gr\u00e2ce \u00e0 des techniques avanc\u00e9es.\" \/>\n<meta name=\"robots\" content=\"index, follow, max-snippet:-1, max-image-preview:large, max-video-preview:-1\" \/>\n<link rel=\"canonical\" href=\"https:\/\/drcengizhan.com\/six-pack\/\" \/>\n<meta property=\"og:locale\" content=\"fr_FR\" \/>\n<meta property=\"og:type\" content=\"article\" \/>\n<meta property=\"og:title\" content=\"Six Pack\" \/>\n<meta property=\"og:description\" content=\"La chirurgie des abdominaux en six packs permet de sculpter un ventre d\u00e9fini, offrant des r\u00e9sultats esth\u00e9tiques et durables gr\u00e2ce \u00e0 des techniques avanc\u00e9es.\" \/>\n<meta property=\"og:url\" content=\"https:\/\/drcengizhan.com\/six-pack\/\" \/>\n<meta property=\"og:site_name\" content=\"Dr. Cengizhan Ekizceli\" \/>\n<meta property=\"article:publisher\" content=\"https:\/\/www.facebook.com\/drcengizhan\/\" \/>\n<meta property=\"article:modified_time\" content=\"2024-09-30T10:09:18+00:00\" \/>\n<meta property=\"og:image\" content=\"https:\/\/drcengizhan.com\/wp-content\/uploads\/2024\/09\/six_packs_by_dr_cengizhan_1920x1080-1.jpg\" \/>\n\t<meta property=\"og:image:width\" content=\"1920\" \/>\n\t<meta property=\"og:image:height\" content=\"1080\" \/>\n\t<meta property=\"og:image:type\" content=\"image\/jpeg\" \/>\n<meta name=\"twitter:card\" content=\"summary_large_image\" \/>\n<script type=\"application\/ld+json\" class=\"yoast-schema-graph\">{\"@context\":\"https:\\\/\\\/schema.org\",\"@graph\":[{\"@type\":\"WebPage\",\"@id\":\"https:\\\/\\\/drcengizhan.com\\\/six-pack\\\/\",\"url\":\"https:\\\/\\\/drcengizhan.com\\\/six-pack\\\/\",\"name\":\"Six Pack - Dr. Cengizhan Ekizceli\",\"isPartOf\":{\"@id\":\"https:\\\/\\\/drcengizhan.com\\\/#website\"},\"primaryImageOfPage\":{\"@id\":\"https:\\\/\\\/drcengizhan.com\\\/six-pack\\\/#primaryimage\"},\"image\":{\"@id\":\"https:\\\/\\\/drcengizhan.com\\\/six-pack\\\/#primaryimage\"},\"thumbnailUrl\":\"https:\\\/\\\/drcengizhan.com\\\/wp-content\\\/uploads\\\/2024\\\/09\\\/six_packs_by_dr_cengizhan_1920x1080-1.jpg\",\"datePublished\":\"2023-12-20T08:02:31+00:00\",\"dateModified\":\"2024-09-30T10:09:18+00:00\",\"description\":\"La chirurgie des abdominaux en six packs permet de sculpter un ventre d\u00e9fini, offrant des r\u00e9sultats esth\u00e9tiques et durables gr\u00e2ce \u00e0 des techniques avanc\u00e9es.\",\"breadcrumb\":{\"@id\":\"https:\\\/\\\/drcengizhan.com\\\/six-pack\\\/#breadcrumb\"},\"inLanguage\":\"fr-FR\",\"potentialAction\":[{\"@type\":\"ReadAction\",\"target\":[\"https:\\\/\\\/drcengizhan.com\\\/six-pack\\\/\"]}]},{\"@type\":\"ImageObject\",\"inLanguage\":\"fr-FR\",\"@id\":\"https:\\\/\\\/drcengizhan.com\\\/six-pack\\\/#primaryimage\",\"url\":\"https:\\\/\\\/drcengizhan.com\\\/wp-content\\\/uploads\\\/2024\\\/09\\\/six_packs_by_dr_cengizhan_1920x1080-1.jpg\",\"contentUrl\":\"https:\\\/\\\/drcengizhan.com\\\/wp-content\\\/uploads\\\/2024\\\/09\\\/six_packs_by_dr_cengizhan_1920x1080-1.jpg\",\"width\":1920,\"height\":1080},{\"@type\":\"BreadcrumbList\",\"@id\":\"https:\\\/\\\/drcengizhan.com\\\/six-pack\\\/#breadcrumb\",\"itemListElement\":[{\"@type\":\"ListItem\",\"position\":1,\"name\":\"Home\",\"item\":\"https:\\\/\\\/drcengizhan.com\\\/fr\\\/\"},{\"@type\":\"ListItem\",\"position\":2,\"name\":\"Six Pack\"}]},{\"@type\":\"WebSite\",\"@id\":\"https:\\\/\\\/drcengizhan.com\\\/#website\",\"url\":\"https:\\\/\\\/drcengizhan.com\\\/\",\"name\":\"Dr. Cengizhan Ekizceli\",\"description\":\"Plastic Surgeon in Turkey\",\"publisher\":{\"@id\":\"https:\\\/\\\/drcengizhan.com\\\/#organization\"},\"potentialAction\":[{\"@type\":\"SearchAction\",\"target\":{\"@type\":\"EntryPoint\",\"urlTemplate\":\"https:\\\/\\\/drcengizhan.com\\\/?s={search_term_string}\"},\"query-input\":{\"@type\":\"PropertyValueSpecification\",\"valueRequired\":true,\"valueName\":\"search_term_string\"}}],\"inLanguage\":\"fr-FR\"},{\"@type\":\"Organization\",\"@id\":\"https:\\\/\\\/drcengizhan.com\\\/#organization\",\"name\":\"Dr. Cengizhan Ekizceli\",\"url\":\"https:\\\/\\\/drcengizhan.com\\\/\",\"logo\":{\"@type\":\"ImageObject\",\"inLanguage\":\"fr-FR\",\"@id\":\"https:\\\/\\\/drcengizhan.com\\\/#\\\/schema\\\/logo\\\/image\\\/\",\"url\":\"https:\\\/\\\/drcengizhan.com\\\/wp-content\\\/uploads\\\/2024\\\/07\\\/drce_yatay_logo-e1721899271292.webp\",\"contentUrl\":\"https:\\\/\\\/drcengizhan.com\\\/wp-content\\\/uploads\\\/2024\\\/07\\\/drce_yatay_logo-e1721899271292.webp\",\"width\":960,\"height\":307,\"caption\":\"Dr. Cengizhan Ekizceli\"},\"image\":{\"@id\":\"https:\\\/\\\/drcengizhan.com\\\/#\\\/schema\\\/logo\\\/image\\\/\"},\"sameAs\":[\"https:\\\/\\\/www.facebook.com\\\/drcengizhan\\\/\"]}]}<\/script>\n<!-- \/ Yoast SEO Premium plugin. -->","yoast_head_json":{"title":"Six Pack - Dr. Cengizhan Ekizceli","description":"La chirurgie des abdominaux en six packs permet de sculpter un ventre d\u00e9fini, offrant des r\u00e9sultats esth\u00e9tiques et durables gr\u00e2ce \u00e0 des techniques avanc\u00e9es.","robots":{"index":"index","follow":"follow","max-snippet":"max-snippet:-1","max-image-preview":"max-image-preview:large","max-video-preview":"max-video-preview:-1"},"canonical":"https:\/\/drcengizhan.com\/six-pack\/","og_locale":"fr_FR","og_type":"article","og_title":"Six Pack","og_description":"La chirurgie des abdominaux en six packs permet de sculpter un ventre d\u00e9fini, offrant des r\u00e9sultats esth\u00e9tiques et durables gr\u00e2ce \u00e0 des techniques avanc\u00e9es.","og_url":"https:\/\/drcengizhan.com\/six-pack\/","og_site_name":"Dr. Cengizhan Ekizceli","article_publisher":"https:\/\/www.facebook.com\/drcengizhan\/","article_modified_time":"2024-09-30T10:09:18+00:00","og_image":[{"width":1920,"height":1080,"url":"https:\/\/drcengizhan.com\/wp-content\/uploads\/2024\/09\/six_packs_by_dr_cengizhan_1920x1080-1.jpg","type":"image\/jpeg"}],"twitter_card":"summary_large_image","schema":{"@context":"https:\/\/schema.org","@graph":[{"@type":"WebPage","@id":"https:\/\/drcengizhan.com\/six-pack\/","url":"https:\/\/drcengizhan.com\/six-pack\/","name":"Six Pack - Dr. Cengizhan Ekizceli","isPartOf":{"@id":"https:\/\/drcengizhan.com\/#website"},"primaryImageOfPage":{"@id":"https:\/\/drcengizhan.com\/six-pack\/#primaryimage"},"image":{"@id":"https:\/\/drcengizhan.com\/six-pack\/#primaryimage"},"thumbnailUrl":"https:\/\/drcengizhan.com\/wp-content\/uploads\/2024\/09\/six_packs_by_dr_cengizhan_1920x1080-1.jpg","datePublished":"2023-12-20T08:02:31+00:00","dateModified":"2024-09-30T10:09:18+00:00","description":"La chirurgie des abdominaux en six packs permet de sculpter un ventre d\u00e9fini, offrant des r\u00e9sultats esth\u00e9tiques et durables gr\u00e2ce \u00e0 des techniques avanc\u00e9es.","breadcrumb":{"@id":"https:\/\/drcengizhan.com\/six-pack\/#breadcrumb"},"inLanguage":"fr-FR","potentialAction":[{"@type":"ReadAction","target":["https:\/\/drcengizhan.com\/six-pack\/"]}]},{"@type":"ImageObject","inLanguage":"fr-FR","@id":"https:\/\/drcengizhan.com\/six-pack\/#primaryimage","url":"https:\/\/drcengizhan.com\/wp-content\/uploads\/2024\/09\/six_packs_by_dr_cengizhan_1920x1080-1.jpg","contentUrl":"https:\/\/drcengizhan.com\/wp-content\/uploads\/2024\/09\/six_packs_by_dr_cengizhan_1920x1080-1.jpg","width":1920,"height":1080},{"@type":"BreadcrumbList","@id":"https:\/\/drcengizhan.com\/six-pack\/#breadcrumb","itemListElement":[{"@type":"ListItem","position":1,"name":"Home","item":"https:\/\/drcengizhan.com\/fr\/"},{"@type":"ListItem","position":2,"name":"Six Pack"}]},{"@type":"WebSite","@id":"https:\/\/drcengizhan.com\/#website","url":"https:\/\/drcengizhan.com\/","name":"Dr. Cengizhan Ekizceli","description":"Plastic Surgeon in Turkey","publisher":{"@id":"https:\/\/drcengizhan.com\/#organization"},"potentialAction":[{"@type":"SearchAction","target":{"@type":"EntryPoint","urlTemplate":"https:\/\/drcengizhan.com\/?s={search_term_string}"},"query-input":{"@type":"PropertyValueSpecification","valueRequired":true,"valueName":"search_term_string"}}],"inLanguage":"fr-FR"},{"@type":"Organization","@id":"https:\/\/drcengizhan.com\/#organization","name":"Dr. Cengizhan Ekizceli","url":"https:\/\/drcengizhan.com\/","logo":{"@type":"ImageObject","inLanguage":"fr-FR","@id":"https:\/\/drcengizhan.com\/#\/schema\/logo\/image\/","url":"https:\/\/drcengizhan.com\/wp-content\/uploads\/2024\/07\/drce_yatay_logo-e1721899271292.webp","contentUrl":"https:\/\/drcengizhan.com\/wp-content\/uploads\/2024\/07\/drce_yatay_logo-e1721899271292.webp","width":960,"height":307,"caption":"Dr. Cengizhan Ekizceli"},"image":{"@id":"https:\/\/drcengizhan.com\/#\/schema\/logo\/image\/"},"sameAs":["https:\/\/www.facebook.com\/drcengizhan\/"]}]}},"_links":{"self":[{"href":"https:\/\/drcengizhan.com\/fr\/wp-json\/wp\/v2\/pages\/28005","targetHints":{"allow":["GET"]}}],"collection":[{"href":"https:\/\/drcengizhan.com\/fr\/wp-json\/wp\/v2\/pages"}],"about":[{"href":"https:\/\/drcengizhan.com\/fr\/wp-json\/wp\/v2\/types\/page"}],"author":[{"embeddable":true,"href":"https:\/\/drcengizhan.com\/fr\/wp-json\/wp\/v2\/users\/5"}],"replies":[{"embeddable":true,"href":"https:\/\/drcengizhan.com\/fr\/wp-json\/wp\/v2\/comments?post=28005"}],"version-history":[{"count":0,"href":"https:\/\/drcengizhan.com\/fr\/wp-json\/wp\/v2\/pages\/28005\/revisions"}],"wp:featuredmedia":[{"embeddable":true,"href":"https:\/\/drcengizhan.com\/fr\/wp-json\/wp\/v2\/media\/28210"}],"wp:attachment":[{"href":"https:\/\/drcengizhan.com\/fr\/wp-json\/wp\/v2\/media?parent=28005"}],"curies":[{"name":"wp","href":"https:\/\/api.w.org\/{rel}","templated":true}]}}