{"id":28000,"date":"2023-12-20T08:20:41","date_gmt":"2023-12-20T05:20:41","guid":{"rendered":"https:\/\/drcengizhan.com\/?page_id=28000"},"modified":"2024-09-25T13:44:22","modified_gmt":"2024-09-25T10:44:22","slug":"implants-fessiers","status":"publish","type":"page","link":"https:\/\/drcengizhan.com\/fr\/implants-fessiers\/","title":{"rendered":"Implants Fessiers"},"content":{"rendered":"\n<p>La chirurgie des implants bout \u00e0 bout effectu\u00e9e par le Dr Cengizhan Ekizceli peut remodeler l&rsquo;apparence de vos fesses pour un r\u00e9sultat plus esth\u00e9tique.<br>Les implants fessiers en silicone sont des dispositifs artificiels plac\u00e9s chirurgicalement dans les fesses pour cr\u00e9er du volume dans la zone et am\u00e9liorer la forme des fesses.<\/p>\n\n\n\n<h2 class=\"wp-block-heading\" id=\"h-qu-est-ce-que-la-chirurgie-butt-implant\">\u25cf Qu&rsquo;est-ce que la chirurgie Butt Implant ?<\/h2>\n\n\n\n<p>C&rsquo;est le processus d&rsquo;augmentation des fesses, soit par l&rsquo;utilisation d&rsquo;implants, soit en transf\u00e9rant la graisse existante du patient, ou parfois une combinaison des deux.<br>Le Dr Cengizhan Ekizceli peut choisir une gamme de techniques appropri\u00e9es bas\u00e9es sur plusieurs facteurs de base tels que la taille et la forme des fesses, la quantit\u00e9 de graisse dans le corps disponible pour \u00eatre utilis\u00e9e dans le processus de liposuccion en plus de l&rsquo;\u00e9lasticit\u00e9 de la peau. comme la quantit\u00e9 de peau en exc\u00e8s.<\/p>\n\n\n\n<h2 class=\"wp-block-heading\" id=\"h-comment-se-deroule-la-chirurgie-butt-implant\">\u25cf Comment se d\u00e9roule la chirurgie Butt Implant ?<\/h2>\n\n\n\n<p>Le Dr Cengizhan Ekizceli ins\u00e8re chirurgicalement des implants en silicone solide dans les fesses par de petites incisions.<br>Les implants sont plac\u00e9s au-dessus ou au-dessous du muscle comme pr\u00e9vu \u00e0 l&rsquo;avance, et la taille des implants d\u00e9pend de la taille de la fesse que le patient d\u00e9sire.<br>Parfois, cette proc\u00e9dure est associ\u00e9e \u00e0 une liposuccion pour obtenir de meilleurs r\u00e9sultats car la graisse aide \u00e0 ramollir les implants, o\u00f9 la graisse est aspir\u00e9e du dos, du flanc, de l&rsquo;abdomen ou des cuisses, ce qui aide \u00e0 d\u00e9finir la forme du corps en forme de sablier. pour mettre en valeur les courbes.<\/p>\n\n\n\n<h2 class=\"wp-block-heading\" id=\"h-combien-de-temps-dure-une-procedure-butt-implant\">\u25cf Combien de temps dure une proc\u00e9dure Butt Implant ?<\/h2>\n\n\n\n<p>La chirurgie Butt Implant est r\u00e9alis\u00e9e sous anesth\u00e9sie g\u00e9n\u00e9rale et dure plus de deux heures, selon les techniques utilis\u00e9es dans l&rsquo;op\u00e9ration.<br>Comme si le patient subissait un implant bout \u00e0 bout avec liposuccion, chaque proc\u00e9dure prend g\u00e9n\u00e9ralement entre une ou deux heures.<\/p>\n\n\n\n<h2 class=\"wp-block-heading\" id=\"h-quand-les-implants-en-silicone-sont-ils-une-bonne-option\">\u25cf Quand les implants en silicone sont-ils une bonne option ?<\/h2>\n\n\n\n<p>Les implants en silicone sont une source s\u00fbre et efficace d&rsquo;am\u00e9lioration des fesses car ils ajoutent la bonne taille que les injections et la greffe de graisse seules ne peuvent pas faire.<br>De plus, cette proc\u00e9dure est effectu\u00e9e pour les patients qui n&rsquo;ont pas assez de graisse dans leur corps pour \u00eatre inject\u00e9s dans les fesses.<\/p>\n\n\n\n<h2 class=\"wp-block-heading\" id=\"h-combien-de-temps-faut-il-pour-obtenir-les-resultats-finaux\">\u25cf Combien de temps faut-il pour obtenir les r\u00e9sultats finaux ?<\/h2>\n\n\n\n<p>Au fil du temps, le gonflement dispara\u00eetra apr\u00e8s la chirurgie, les lignes d&rsquo;incision s&rsquo;estomperont et les r\u00e9sultats sont imm\u00e9diats.<br>Cependant, les r\u00e9sultats finaux n&rsquo;appara\u00eetront qu&rsquo;un an apr\u00e8s la chirurgie car la graisse est compl\u00e8tement plac\u00e9e, ce qui donne des r\u00e9sultats naturels en termes d&rsquo;apparence et de sensation.<\/p>\n\n\n\n<h2 class=\"wp-block-heading\" id=\"h-les-resultats-sont-ils-permanents-a-vie\">\u25cf Les r\u00e9sultats sont-ils permanents \u00e0 vie ?<\/h2>\n\n\n\n<p>Il est possible que l&rsquo;\u00e9norme taille initiale des fesses disparaisse car le corps absorbe une partie de la graisse inject\u00e9e dans les fesses avec 60 \u00e0 80% de la graisse transf\u00e9r\u00e9e.<\/p>\n\n\n\n<h2 class=\"wp-block-heading\" id=\"h-est-il-possible-que-la-prise-ou-la-perte-de-poids-affecte-la-forme-des-nouvelles-fesses\">\u25cf Est-il possible que la prise ou la perte de poids affecte la forme des nouvelles fesses ?<\/h2>\n\n\n\n<p>Bien s\u00fbr, le gain ou la perte de poids affecte la taille des fesses o\u00f9 la graisse transf\u00e9r\u00e9e peut grossir ou s&rsquo;estomper comme n&rsquo;importe quelle graisse dans le corps.<\/p>\n\n\n\n<h2 class=\"wp-block-heading\" id=\"h-y-aura-t-il-des-cicatrices-apres-la-chirurgie-butt-implant\">\u25cf Y aura-t-il des cicatrices apr\u00e8s la chirurgie Butt Implant ?<\/h2>\n\n\n\n<p>L&#8217;emplacement des incisions est soigneusement choisi car ils peuvent \u00eatre cach\u00e9s avec des v\u00eatements et des maillots de bain normaux.<br>Les points profond\u00e9ment enfonc\u00e9s dans le tissu aident \u00e9galement \u00e0 former et \u00e0 soutenir les lignes de la nouvelle forme des fesses.<br>Des sutures, des bandes, des adh\u00e9sifs cutan\u00e9s ou des clips sont utilis\u00e9s pour fermer les incisions.<\/p>\n\n\n\n<h2 class=\"wp-block-heading\" id=\"h-l-operation-est-elle-douloureuse\">\u25cf L&rsquo;op\u00e9ration est-elle douloureuse ?<\/h2>\n\n\n\n<p>Pendant l&rsquo;op\u00e9ration, le patient est sous anesth\u00e9sie g\u00e9n\u00e9rale, ce qui signifie qu&rsquo;il est d\u00e9tendu et ne ressentira aucune douleur.<br>Apr\u00e8s la chirurgie, toute douleur ou inconfort que le patient peut ressentir sera contr\u00f4l\u00e9 par des m\u00e9dicaments et s&rsquo;estompera en quelques jours.<\/p>\n\n\n\n<h2 class=\"wp-block-heading\" id=\"h-quel-est-le-temps-de-guerison-pour-une-chirurgie-butt-implant\">\u25cf Quel est le temps de gu\u00e9rison pour une chirurgie Butt Implant ?<\/h2>\n\n\n\n<p>Le processus de r\u00e9cup\u00e9ration diff\u00e8re d&rsquo;un patient \u00e0 l&rsquo;autre et, d&rsquo;autre part, la r\u00e9cup\u00e9ration d\u00e9pend en grande partie de la proc\u00e9dure approuv\u00e9e, car certains patients ont la capacit\u00e9 de mieux tol\u00e9rer les interventions chirurgicales que d&rsquo;autres.<br>En g\u00e9n\u00e9ral, la plupart des patients retournent au travail dans une semaine ou dix jours.<\/p>\n","protected":false},"excerpt":{"rendered":"<p>La chirurgie des implants bout \u00e0 bout effectu\u00e9e par le Dr Cengizhan Ekizceli peut remodeler l&rsquo;apparence de vos fesses pour un r\u00e9sultat plus esth\u00e9tique.Les implants fessiers en silicone sont des dispositifs artificiels plac\u00e9s chirurgicalement dans les fesses pour cr\u00e9er du volume dans la zone et am\u00e9liorer la forme des fesses. \u25cf Qu&rsquo;est-ce que la chirurgie&hellip;<\/p>\n","protected":false},"author":5,"featured_media":28384,"parent":0,"menu_order":0,"comment_status":"closed","ping_status":"closed","template":"","meta":{"footnotes":""},"class_list":["post-28000","page","type-page","status-publish","has-post-thumbnail","hentry","description-off"],"yoast_head":"<!-- This site is optimized with the Yoast SEO Premium plugin v27.3 (Yoast SEO v27.3) - https:\/\/yoast.com\/product\/yoast-seo-premium-wordpress\/ -->\n<title>Implants Fessiers - Dr. Cengizhan Ekizceli<\/title>\n<meta name=\"description\" content=\"Le Dr. Cengizhan Ekizceli propose des implants fessiers pour augmenter le volume des fesses et obtenir une silhouette plus galb\u00e9e et harmonieuse.\" \/>\n<meta name=\"robots\" content=\"index, follow, max-snippet:-1, max-image-preview:large, max-video-preview:-1\" \/>\n<link rel=\"canonical\" href=\"https:\/\/drcengizhan.com\/fr\/implants-fessiers\/\" \/>\n<meta property=\"og:locale\" content=\"fr_FR\" \/>\n<meta property=\"og:type\" content=\"article\" \/>\n<meta property=\"og:title\" content=\"Implants Fessiers\" \/>\n<meta property=\"og:description\" content=\"Le Dr. Cengizhan Ekizceli propose des implants fessiers pour augmenter le volume des fesses et obtenir une silhouette plus galb\u00e9e et harmonieuse.\" \/>\n<meta property=\"og:url\" content=\"https:\/\/drcengizhan.com\/fr\/implants-fessiers\/\" \/>\n<meta property=\"og:site_name\" content=\"Dr. Cengizhan Ekizceli\" \/>\n<meta property=\"article:publisher\" content=\"https:\/\/www.facebook.com\/drcengizhan\/\" \/>\n<meta property=\"article:modified_time\" content=\"2024-09-25T10:44:22+00:00\" \/>\n<meta property=\"og:image\" content=\"https:\/\/drcengizhan.com\/wp-content\/uploads\/2024\/10\/Butt_Implants_by_dr_cengizhan_1920x1080-1.jpg\" \/>\n\t<meta property=\"og:image:width\" content=\"1920\" \/>\n\t<meta property=\"og:image:height\" content=\"1080\" \/>\n\t<meta property=\"og:image:type\" content=\"image\/jpeg\" \/>\n<meta name=\"twitter:card\" content=\"summary_large_image\" \/>\n<script type=\"application\/ld+json\" class=\"yoast-schema-graph\">{\"@context\":\"https:\\\/\\\/schema.org\",\"@graph\":[{\"@type\":\"WebPage\",\"@id\":\"https:\\\/\\\/drcengizhan.com\\\/fr\\\/implants-fessiers\\\/\",\"url\":\"https:\\\/\\\/drcengizhan.com\\\/fr\\\/implants-fessiers\\\/\",\"name\":\"Implants Fessiers - Dr. Cengizhan Ekizceli\",\"isPartOf\":{\"@id\":\"https:\\\/\\\/drcengizhan.com\\\/fr\\\/#website\"},\"primaryImageOfPage\":{\"@id\":\"https:\\\/\\\/drcengizhan.com\\\/fr\\\/implants-fessiers\\\/#primaryimage\"},\"image\":{\"@id\":\"https:\\\/\\\/drcengizhan.com\\\/fr\\\/implants-fessiers\\\/#primaryimage\"},\"thumbnailUrl\":\"https:\\\/\\\/drcengizhan.com\\\/wp-content\\\/uploads\\\/2024\\\/10\\\/Butt_Implants_by_dr_cengizhan_1920x1080-1.jpg\",\"datePublished\":\"2023-12-20T05:20:41+00:00\",\"dateModified\":\"2024-09-25T10:44:22+00:00\",\"description\":\"Le Dr. Cengizhan Ekizceli propose des implants fessiers pour augmenter le volume des fesses et obtenir une silhouette plus galb\u00e9e et harmonieuse.\",\"breadcrumb\":{\"@id\":\"https:\\\/\\\/drcengizhan.com\\\/fr\\\/implants-fessiers\\\/#breadcrumb\"},\"inLanguage\":\"fr-FR\",\"potentialAction\":[{\"@type\":\"ReadAction\",\"target\":[\"https:\\\/\\\/drcengizhan.com\\\/fr\\\/implants-fessiers\\\/\"]}]},{\"@type\":\"ImageObject\",\"inLanguage\":\"fr-FR\",\"@id\":\"https:\\\/\\\/drcengizhan.com\\\/fr\\\/implants-fessiers\\\/#primaryimage\",\"url\":\"https:\\\/\\\/drcengizhan.com\\\/wp-content\\\/uploads\\\/2024\\\/10\\\/Butt_Implants_by_dr_cengizhan_1920x1080-1.jpg\",\"contentUrl\":\"https:\\\/\\\/drcengizhan.com\\\/wp-content\\\/uploads\\\/2024\\\/10\\\/Butt_Implants_by_dr_cengizhan_1920x1080-1.jpg\",\"width\":1920,\"height\":1080},{\"@type\":\"BreadcrumbList\",\"@id\":\"https:\\\/\\\/drcengizhan.com\\\/fr\\\/implants-fessiers\\\/#breadcrumb\",\"itemListElement\":[{\"@type\":\"ListItem\",\"position\":1,\"name\":\"Home\",\"item\":\"https:\\\/\\\/drcengizhan.com\\\/fr\\\/\"},{\"@type\":\"ListItem\",\"position\":2,\"name\":\"Implants Fessiers\"}]},{\"@type\":\"WebSite\",\"@id\":\"https:\\\/\\\/drcengizhan.com\\\/fr\\\/#website\",\"url\":\"https:\\\/\\\/drcengizhan.com\\\/fr\\\/\",\"name\":\"Dr. Cengizhan Ekizceli\",\"description\":\"Plastic Surgeon in Turkey\",\"publisher\":{\"@id\":\"https:\\\/\\\/drcengizhan.com\\\/fr\\\/#organization\"},\"potentialAction\":[{\"@type\":\"SearchAction\",\"target\":{\"@type\":\"EntryPoint\",\"urlTemplate\":\"https:\\\/\\\/drcengizhan.com\\\/fr\\\/?s={search_term_string}\"},\"query-input\":{\"@type\":\"PropertyValueSpecification\",\"valueRequired\":true,\"valueName\":\"search_term_string\"}}],\"inLanguage\":\"fr-FR\"},{\"@type\":\"Organization\",\"@id\":\"https:\\\/\\\/drcengizhan.com\\\/fr\\\/#organization\",\"name\":\"Dr. Cengizhan Ekizceli\",\"url\":\"https:\\\/\\\/drcengizhan.com\\\/fr\\\/\",\"logo\":{\"@type\":\"ImageObject\",\"inLanguage\":\"fr-FR\",\"@id\":\"https:\\\/\\\/drcengizhan.com\\\/fr\\\/#\\\/schema\\\/logo\\\/image\\\/\",\"url\":\"https:\\\/\\\/drcengizhan.com\\\/wp-content\\\/uploads\\\/2024\\\/07\\\/drce_yatay_logo-e1721899271292.webp\",\"contentUrl\":\"https:\\\/\\\/drcengizhan.com\\\/wp-content\\\/uploads\\\/2024\\\/07\\\/drce_yatay_logo-e1721899271292.webp\",\"width\":960,\"height\":307,\"caption\":\"Dr. Cengizhan Ekizceli\"},\"image\":{\"@id\":\"https:\\\/\\\/drcengizhan.com\\\/fr\\\/#\\\/schema\\\/logo\\\/image\\\/\"},\"sameAs\":[\"https:\\\/\\\/www.facebook.com\\\/drcengizhan\\\/\"]}]}<\/script>\n<!-- \/ Yoast SEO Premium plugin. -->","yoast_head_json":{"title":"Implants Fessiers - Dr. Cengizhan Ekizceli","description":"Le Dr. Cengizhan Ekizceli propose des implants fessiers pour augmenter le volume des fesses et obtenir une silhouette plus galb\u00e9e et harmonieuse.","robots":{"index":"index","follow":"follow","max-snippet":"max-snippet:-1","max-image-preview":"max-image-preview:large","max-video-preview":"max-video-preview:-1"},"canonical":"https:\/\/drcengizhan.com\/fr\/implants-fessiers\/","og_locale":"fr_FR","og_type":"article","og_title":"Implants Fessiers","og_description":"Le Dr. Cengizhan Ekizceli propose des implants fessiers pour augmenter le volume des fesses et obtenir une silhouette plus galb\u00e9e et harmonieuse.","og_url":"https:\/\/drcengizhan.com\/fr\/implants-fessiers\/","og_site_name":"Dr. Cengizhan Ekizceli","article_publisher":"https:\/\/www.facebook.com\/drcengizhan\/","article_modified_time":"2024-09-25T10:44:22+00:00","og_image":[{"width":1920,"height":1080,"url":"https:\/\/drcengizhan.com\/wp-content\/uploads\/2024\/10\/Butt_Implants_by_dr_cengizhan_1920x1080-1.jpg","type":"image\/jpeg"}],"twitter_card":"summary_large_image","schema":{"@context":"https:\/\/schema.org","@graph":[{"@type":"WebPage","@id":"https:\/\/drcengizhan.com\/fr\/implants-fessiers\/","url":"https:\/\/drcengizhan.com\/fr\/implants-fessiers\/","name":"Implants Fessiers - Dr. Cengizhan Ekizceli","isPartOf":{"@id":"https:\/\/drcengizhan.com\/fr\/#website"},"primaryImageOfPage":{"@id":"https:\/\/drcengizhan.com\/fr\/implants-fessiers\/#primaryimage"},"image":{"@id":"https:\/\/drcengizhan.com\/fr\/implants-fessiers\/#primaryimage"},"thumbnailUrl":"https:\/\/drcengizhan.com\/wp-content\/uploads\/2024\/10\/Butt_Implants_by_dr_cengizhan_1920x1080-1.jpg","datePublished":"2023-12-20T05:20:41+00:00","dateModified":"2024-09-25T10:44:22+00:00","description":"Le Dr. Cengizhan Ekizceli propose des implants fessiers pour augmenter le volume des fesses et obtenir une silhouette plus galb\u00e9e et harmonieuse.","breadcrumb":{"@id":"https:\/\/drcengizhan.com\/fr\/implants-fessiers\/#breadcrumb"},"inLanguage":"fr-FR","potentialAction":[{"@type":"ReadAction","target":["https:\/\/drcengizhan.com\/fr\/implants-fessiers\/"]}]},{"@type":"ImageObject","inLanguage":"fr-FR","@id":"https:\/\/drcengizhan.com\/fr\/implants-fessiers\/#primaryimage","url":"https:\/\/drcengizhan.com\/wp-content\/uploads\/2024\/10\/Butt_Implants_by_dr_cengizhan_1920x1080-1.jpg","contentUrl":"https:\/\/drcengizhan.com\/wp-content\/uploads\/2024\/10\/Butt_Implants_by_dr_cengizhan_1920x1080-1.jpg","width":1920,"height":1080},{"@type":"BreadcrumbList","@id":"https:\/\/drcengizhan.com\/fr\/implants-fessiers\/#breadcrumb","itemListElement":[{"@type":"ListItem","position":1,"name":"Home","item":"https:\/\/drcengizhan.com\/fr\/"},{"@type":"ListItem","position":2,"name":"Implants Fessiers"}]},{"@type":"WebSite","@id":"https:\/\/drcengizhan.com\/fr\/#website","url":"https:\/\/drcengizhan.com\/fr\/","name":"Dr. Cengizhan Ekizceli","description":"Plastic Surgeon in Turkey","publisher":{"@id":"https:\/\/drcengizhan.com\/fr\/#organization"},"potentialAction":[{"@type":"SearchAction","target":{"@type":"EntryPoint","urlTemplate":"https:\/\/drcengizhan.com\/fr\/?s={search_term_string}"},"query-input":{"@type":"PropertyValueSpecification","valueRequired":true,"valueName":"search_term_string"}}],"inLanguage":"fr-FR"},{"@type":"Organization","@id":"https:\/\/drcengizhan.com\/fr\/#organization","name":"Dr. Cengizhan Ekizceli","url":"https:\/\/drcengizhan.com\/fr\/","logo":{"@type":"ImageObject","inLanguage":"fr-FR","@id":"https:\/\/drcengizhan.com\/fr\/#\/schema\/logo\/image\/","url":"https:\/\/drcengizhan.com\/wp-content\/uploads\/2024\/07\/drce_yatay_logo-e1721899271292.webp","contentUrl":"https:\/\/drcengizhan.com\/wp-content\/uploads\/2024\/07\/drce_yatay_logo-e1721899271292.webp","width":960,"height":307,"caption":"Dr. Cengizhan Ekizceli"},"image":{"@id":"https:\/\/drcengizhan.com\/fr\/#\/schema\/logo\/image\/"},"sameAs":["https:\/\/www.facebook.com\/drcengizhan\/"]}]}},"_links":{"self":[{"href":"https:\/\/drcengizhan.com\/fr\/wp-json\/wp\/v2\/pages\/28000","targetHints":{"allow":["GET"]}}],"collection":[{"href":"https:\/\/drcengizhan.com\/fr\/wp-json\/wp\/v2\/pages"}],"about":[{"href":"https:\/\/drcengizhan.com\/fr\/wp-json\/wp\/v2\/types\/page"}],"author":[{"embeddable":true,"href":"https:\/\/drcengizhan.com\/fr\/wp-json\/wp\/v2\/users\/5"}],"replies":[{"embeddable":true,"href":"https:\/\/drcengizhan.com\/fr\/wp-json\/wp\/v2\/comments?post=28000"}],"version-history":[{"count":0,"href":"https:\/\/drcengizhan.com\/fr\/wp-json\/wp\/v2\/pages\/28000\/revisions"}],"wp:featuredmedia":[{"embeddable":true,"href":"https:\/\/drcengizhan.com\/fr\/wp-json\/wp\/v2\/media\/28384"}],"wp:attachment":[{"href":"https:\/\/drcengizhan.com\/fr\/wp-json\/wp\/v2\/media?parent=28000"}],"curies":[{"name":"wp","href":"https:\/\/api.w.org\/{rel}","templated":true}]}}