{"id":27814,"date":"2023-12-20T10:33:12","date_gmt":"2023-12-20T07:33:12","guid":{"rendered":"https:\/\/drcengizhan.com\/?page_id=27814"},"modified":"2024-09-23T17:11:18","modified_gmt":"2024-09-23T14:11:18","slug":"otoplastie","status":"publish","type":"page","link":"https:\/\/drcengizhan.com\/fr\/otoplastie\/","title":{"rendered":"Otoplastie"},"content":{"rendered":"\n<p>La chirurgie d&rsquo;otoplastie, pratiqu\u00e9e par le Dr Cengizhan Ekizceli, am\u00e9liore la forme des oreilles et r\u00e9pare les d\u00e9formations cong\u00e9nitales ou les blessures pour cr\u00e9er une forme plus naturelle tout en obtenant un \u00e9quilibre et une proportion avec les oreilles et le visage.<\/p>\n\n\n\n<h2 class=\"wp-block-heading\">\u25cf Qu&rsquo;est-ce que l&rsquo;otoplastie ?<\/h2>\n\n\n\n<p>C&rsquo;est une op\u00e9ration effectu\u00e9e sur l&rsquo;oreille externe pour corriger la position des oreilles, leur taille ou leur forme.<\/p>\n\n\n\n<h2 class=\"wp-block-heading\">\u25cfQuel est le meilleur \u00e2ge pour la chirurgie plastique de l&rsquo;oreille ?<\/h2>\n\n\n\n<p>Le meilleur \u00e2ge pour l&rsquo;otoplastie est apr\u00e8s l&rsquo;\u00e2ge d&rsquo;environ cinq ans jusqu&rsquo;\u00e0 ce que le cartilage des oreilles du patient se stabilise, de sorte que l&rsquo;enfant de cet \u00e2ge puisse commencer l&rsquo;\u00e9cole avec des oreilles normales.<\/p>\n\n\n\n<h2 class=\"wp-block-heading\">\u25cf Comment se d\u00e9roule la chirurgie d&rsquo;otoplastie?<\/h2>\n\n\n\n<p>L&rsquo;op\u00e9ration se fait sous anesth\u00e9sie g\u00e9n\u00e9rale. Le Dr Cengizhan Ekizceli fait une incision \u00e0 l&rsquo;arri\u00e8re de l&rsquo;oreille o\u00f9 elle se connecte \u00e0 la t\u00eate afin que la cicatrice soit cach\u00e9e.<\/p>\n\n\n\n<h2 class=\"wp-block-heading\">\u25cf Qui sont les bons candidats pour la chirurgie d&rsquo;otoplastie ?<\/h2>\n\n\n\n<p>Enfants de plus de cinq ans et adultes en bonne sant\u00e9 mais insatisfaits de l&rsquo;apparence de leurs oreilles, Comme il est possible que le cartilage de l&rsquo;oreille soit beaucoup plus gros que la taille habituelle, ce qui entra\u00eene la protrusion de l&rsquo;oreille ou qu&rsquo;il y ait des anomalies dans l&rsquo;oreille externe.<\/p>\n\n\n\n<h2 class=\"wp-block-heading\">\u25cfY aura-t-il des cicatrices apr\u00e8s la chirurgie ?<\/h2>\n\n\n\n<p>Le Dr Cengizhan Ekizceli tient \u00e0 ce que les cicatrices r\u00e9sultant de la chirurgie soient peu nombreuses et invisibles, il travaille donc \u00e0 placer les incisions de chirurgie plastique dans les plis naturels de l&rsquo;oreille, donc dans ce cas, elles sont compl\u00e8tement cach\u00e9es.<\/p>\n\n\n\n<h2 class=\"wp-block-heading\">\u25cfLa chirurgie plastique par otoplastie affecte-t-elle l&rsquo;audition ?<\/h2>\n\n\n\n<p>La chirurgie d&rsquo;otoplastie remod\u00e8le la partie externe de l&rsquo;oreille, et le processus auditif se fait par l&rsquo;oreille moyenne et interne, et ces zones ne sont jamais touch\u00e9es par le m\u00e9decin pendant la chirurgie, donc l&rsquo;otoplastie n&rsquo;affectera en aucune fa\u00e7on l&rsquo;audition.<\/p>\n\n\n\n<h2 class=\"wp-block-heading\">\u25cf L&rsquo;otoplastie est-elle douloureuse ?<\/h2>\n\n\n\n<p>L&rsquo;otoplastie n&rsquo;est pas douloureuse, mais il y a quelques l\u00e9gers inconforts la premi\u00e8re nuit, qui disparaissent apr\u00e8s 12 heures de chirurgie.<\/p>\n\n\n\n<p><\/p>\n","protected":false},"excerpt":{"rendered":"<p>La chirurgie d&rsquo;otoplastie, pratiqu\u00e9e par le Dr Cengizhan Ekizceli, am\u00e9liore la forme des oreilles et r\u00e9pare les d\u00e9formations cong\u00e9nitales ou les blessures pour cr\u00e9er une forme plus naturelle tout en obtenant un \u00e9quilibre et une proportion avec les oreilles et le visage. \u25cf Qu&rsquo;est-ce que l&rsquo;otoplastie ? C&rsquo;est une op\u00e9ration effectu\u00e9e sur l&rsquo;oreille externe pour&hellip;<\/p>\n","protected":false},"author":6,"featured_media":28376,"parent":0,"menu_order":0,"comment_status":"closed","ping_status":"closed","template":"","meta":{"footnotes":""},"class_list":["post-27814","page","type-page","status-publish","has-post-thumbnail","hentry","description-off"],"yoast_head":"<!-- This site is optimized with the Yoast SEO Premium plugin v27.5 (Yoast SEO v27.5) - https:\/\/yoast.com\/product\/yoast-seo-premium-wordpress\/ -->\n<title>Otoplastie - Dr. Cengizhan Ekizceli<\/title>\n<meta name=\"description\" content=\"L&#039;otoplastie corrige la forme et la position des oreilles, offrant une apparence esth\u00e9tique et naturelle avec des r\u00e9sultats durables.\" \/>\n<meta name=\"robots\" content=\"index, follow, max-snippet:-1, max-image-preview:large, max-video-preview:-1\" \/>\n<link rel=\"canonical\" href=\"https:\/\/drcengizhan.com\/fr\/otoplastie\/\" \/>\n<meta property=\"og:locale\" content=\"fr_FR\" \/>\n<meta property=\"og:type\" content=\"article\" \/>\n<meta property=\"og:title\" content=\"Otoplastie\" \/>\n<meta property=\"og:description\" content=\"L&#039;otoplastie corrige la forme et la position des oreilles, offrant une apparence esth\u00e9tique et naturelle avec des r\u00e9sultats durables.\" \/>\n<meta property=\"og:url\" content=\"https:\/\/drcengizhan.com\/fr\/otoplastie\/\" \/>\n<meta property=\"og:site_name\" content=\"Dr. Cengizhan Ekizceli\" \/>\n<meta property=\"article:publisher\" content=\"https:\/\/www.facebook.com\/drcengizhan\/\" \/>\n<meta property=\"article:modified_time\" content=\"2024-09-23T14:11:18+00:00\" \/>\n<meta property=\"og:image\" content=\"https:\/\/drcengizhan.com\/wp-content\/uploads\/2024\/10\/Otoplasty_by_dr_cengizhan_1920x1080.jpg\" \/>\n\t<meta property=\"og:image:width\" content=\"1920\" \/>\n\t<meta property=\"og:image:height\" content=\"1080\" \/>\n\t<meta property=\"og:image:type\" content=\"image\/jpeg\" \/>\n<meta name=\"twitter:card\" content=\"summary_large_image\" \/>\n<script type=\"application\/ld+json\" class=\"yoast-schema-graph\">{\"@context\":\"https:\\\/\\\/schema.org\",\"@graph\":[{\"@type\":\"WebPage\",\"@id\":\"https:\\\/\\\/drcengizhan.com\\\/fr\\\/otoplastie\\\/\",\"url\":\"https:\\\/\\\/drcengizhan.com\\\/fr\\\/otoplastie\\\/\",\"name\":\"Otoplastie - Dr. Cengizhan Ekizceli\",\"isPartOf\":{\"@id\":\"https:\\\/\\\/drcengizhan.com\\\/fr\\\/#website\"},\"primaryImageOfPage\":{\"@id\":\"https:\\\/\\\/drcengizhan.com\\\/fr\\\/otoplastie\\\/#primaryimage\"},\"image\":{\"@id\":\"https:\\\/\\\/drcengizhan.com\\\/fr\\\/otoplastie\\\/#primaryimage\"},\"thumbnailUrl\":\"https:\\\/\\\/drcengizhan.com\\\/wp-content\\\/uploads\\\/2024\\\/10\\\/Otoplasty_by_dr_cengizhan_1920x1080.jpg\",\"datePublished\":\"2023-12-20T07:33:12+00:00\",\"dateModified\":\"2024-09-23T14:11:18+00:00\",\"description\":\"L'otoplastie corrige la forme et la position des oreilles, offrant une apparence esth\u00e9tique et naturelle avec des r\u00e9sultats durables.\",\"breadcrumb\":{\"@id\":\"https:\\\/\\\/drcengizhan.com\\\/fr\\\/otoplastie\\\/#breadcrumb\"},\"inLanguage\":\"fr-FR\",\"potentialAction\":[{\"@type\":\"ReadAction\",\"target\":[\"https:\\\/\\\/drcengizhan.com\\\/fr\\\/otoplastie\\\/\"]}]},{\"@type\":\"ImageObject\",\"inLanguage\":\"fr-FR\",\"@id\":\"https:\\\/\\\/drcengizhan.com\\\/fr\\\/otoplastie\\\/#primaryimage\",\"url\":\"https:\\\/\\\/drcengizhan.com\\\/wp-content\\\/uploads\\\/2024\\\/10\\\/Otoplasty_by_dr_cengizhan_1920x1080.jpg\",\"contentUrl\":\"https:\\\/\\\/drcengizhan.com\\\/wp-content\\\/uploads\\\/2024\\\/10\\\/Otoplasty_by_dr_cengizhan_1920x1080.jpg\",\"width\":1920,\"height\":1080},{\"@type\":\"BreadcrumbList\",\"@id\":\"https:\\\/\\\/drcengizhan.com\\\/fr\\\/otoplastie\\\/#breadcrumb\",\"itemListElement\":[{\"@type\":\"ListItem\",\"position\":1,\"name\":\"Home\",\"item\":\"https:\\\/\\\/drcengizhan.com\\\/fr\\\/\"},{\"@type\":\"ListItem\",\"position\":2,\"name\":\"Otoplastie\"}]},{\"@type\":\"WebSite\",\"@id\":\"https:\\\/\\\/drcengizhan.com\\\/fr\\\/#website\",\"url\":\"https:\\\/\\\/drcengizhan.com\\\/fr\\\/\",\"name\":\"Dr. Cengizhan Ekizceli\",\"description\":\"Plastic Surgeon in Turkey\",\"publisher\":{\"@id\":\"https:\\\/\\\/drcengizhan.com\\\/fr\\\/#organization\"},\"potentialAction\":[{\"@type\":\"SearchAction\",\"target\":{\"@type\":\"EntryPoint\",\"urlTemplate\":\"https:\\\/\\\/drcengizhan.com\\\/fr\\\/?s={search_term_string}\"},\"query-input\":{\"@type\":\"PropertyValueSpecification\",\"valueRequired\":true,\"valueName\":\"search_term_string\"}}],\"inLanguage\":\"fr-FR\"},{\"@type\":\"Organization\",\"@id\":\"https:\\\/\\\/drcengizhan.com\\\/fr\\\/#organization\",\"name\":\"Dr. Cengizhan Ekizceli\",\"url\":\"https:\\\/\\\/drcengizhan.com\\\/fr\\\/\",\"logo\":{\"@type\":\"ImageObject\",\"inLanguage\":\"fr-FR\",\"@id\":\"https:\\\/\\\/drcengizhan.com\\\/fr\\\/#\\\/schema\\\/logo\\\/image\\\/\",\"url\":\"https:\\\/\\\/drcengizhan.com\\\/wp-content\\\/uploads\\\/2024\\\/07\\\/drce_yatay_logo-e1721899271292.webp\",\"contentUrl\":\"https:\\\/\\\/drcengizhan.com\\\/wp-content\\\/uploads\\\/2024\\\/07\\\/drce_yatay_logo-e1721899271292.webp\",\"width\":960,\"height\":307,\"caption\":\"Dr. Cengizhan Ekizceli\"},\"image\":{\"@id\":\"https:\\\/\\\/drcengizhan.com\\\/fr\\\/#\\\/schema\\\/logo\\\/image\\\/\"},\"sameAs\":[\"https:\\\/\\\/www.facebook.com\\\/drcengizhan\\\/\"]}]}<\/script>\n<!-- \/ Yoast SEO Premium plugin. -->","yoast_head_json":{"title":"Otoplastie - Dr. Cengizhan Ekizceli","description":"L'otoplastie corrige la forme et la position des oreilles, offrant une apparence esth\u00e9tique et naturelle avec des r\u00e9sultats durables.","robots":{"index":"index","follow":"follow","max-snippet":"max-snippet:-1","max-image-preview":"max-image-preview:large","max-video-preview":"max-video-preview:-1"},"canonical":"https:\/\/drcengizhan.com\/fr\/otoplastie\/","og_locale":"fr_FR","og_type":"article","og_title":"Otoplastie","og_description":"L'otoplastie corrige la forme et la position des oreilles, offrant une apparence esth\u00e9tique et naturelle avec des r\u00e9sultats durables.","og_url":"https:\/\/drcengizhan.com\/fr\/otoplastie\/","og_site_name":"Dr. Cengizhan Ekizceli","article_publisher":"https:\/\/www.facebook.com\/drcengizhan\/","article_modified_time":"2024-09-23T14:11:18+00:00","og_image":[{"width":1920,"height":1080,"url":"https:\/\/drcengizhan.com\/wp-content\/uploads\/2024\/10\/Otoplasty_by_dr_cengizhan_1920x1080.jpg","type":"image\/jpeg"}],"twitter_card":"summary_large_image","schema":{"@context":"https:\/\/schema.org","@graph":[{"@type":"WebPage","@id":"https:\/\/drcengizhan.com\/fr\/otoplastie\/","url":"https:\/\/drcengizhan.com\/fr\/otoplastie\/","name":"Otoplastie - Dr. Cengizhan Ekizceli","isPartOf":{"@id":"https:\/\/drcengizhan.com\/fr\/#website"},"primaryImageOfPage":{"@id":"https:\/\/drcengizhan.com\/fr\/otoplastie\/#primaryimage"},"image":{"@id":"https:\/\/drcengizhan.com\/fr\/otoplastie\/#primaryimage"},"thumbnailUrl":"https:\/\/drcengizhan.com\/wp-content\/uploads\/2024\/10\/Otoplasty_by_dr_cengizhan_1920x1080.jpg","datePublished":"2023-12-20T07:33:12+00:00","dateModified":"2024-09-23T14:11:18+00:00","description":"L'otoplastie corrige la forme et la position des oreilles, offrant une apparence esth\u00e9tique et naturelle avec des r\u00e9sultats durables.","breadcrumb":{"@id":"https:\/\/drcengizhan.com\/fr\/otoplastie\/#breadcrumb"},"inLanguage":"fr-FR","potentialAction":[{"@type":"ReadAction","target":["https:\/\/drcengizhan.com\/fr\/otoplastie\/"]}]},{"@type":"ImageObject","inLanguage":"fr-FR","@id":"https:\/\/drcengizhan.com\/fr\/otoplastie\/#primaryimage","url":"https:\/\/drcengizhan.com\/wp-content\/uploads\/2024\/10\/Otoplasty_by_dr_cengizhan_1920x1080.jpg","contentUrl":"https:\/\/drcengizhan.com\/wp-content\/uploads\/2024\/10\/Otoplasty_by_dr_cengizhan_1920x1080.jpg","width":1920,"height":1080},{"@type":"BreadcrumbList","@id":"https:\/\/drcengizhan.com\/fr\/otoplastie\/#breadcrumb","itemListElement":[{"@type":"ListItem","position":1,"name":"Home","item":"https:\/\/drcengizhan.com\/fr\/"},{"@type":"ListItem","position":2,"name":"Otoplastie"}]},{"@type":"WebSite","@id":"https:\/\/drcengizhan.com\/fr\/#website","url":"https:\/\/drcengizhan.com\/fr\/","name":"Dr. Cengizhan Ekizceli","description":"Plastic Surgeon in Turkey","publisher":{"@id":"https:\/\/drcengizhan.com\/fr\/#organization"},"potentialAction":[{"@type":"SearchAction","target":{"@type":"EntryPoint","urlTemplate":"https:\/\/drcengizhan.com\/fr\/?s={search_term_string}"},"query-input":{"@type":"PropertyValueSpecification","valueRequired":true,"valueName":"search_term_string"}}],"inLanguage":"fr-FR"},{"@type":"Organization","@id":"https:\/\/drcengizhan.com\/fr\/#organization","name":"Dr. Cengizhan Ekizceli","url":"https:\/\/drcengizhan.com\/fr\/","logo":{"@type":"ImageObject","inLanguage":"fr-FR","@id":"https:\/\/drcengizhan.com\/fr\/#\/schema\/logo\/image\/","url":"https:\/\/drcengizhan.com\/wp-content\/uploads\/2024\/07\/drce_yatay_logo-e1721899271292.webp","contentUrl":"https:\/\/drcengizhan.com\/wp-content\/uploads\/2024\/07\/drce_yatay_logo-e1721899271292.webp","width":960,"height":307,"caption":"Dr. Cengizhan Ekizceli"},"image":{"@id":"https:\/\/drcengizhan.com\/fr\/#\/schema\/logo\/image\/"},"sameAs":["https:\/\/www.facebook.com\/drcengizhan\/"]}]}},"_links":{"self":[{"href":"https:\/\/drcengizhan.com\/fr\/wp-json\/wp\/v2\/pages\/27814","targetHints":{"allow":["GET"]}}],"collection":[{"href":"https:\/\/drcengizhan.com\/fr\/wp-json\/wp\/v2\/pages"}],"about":[{"href":"https:\/\/drcengizhan.com\/fr\/wp-json\/wp\/v2\/types\/page"}],"author":[{"embeddable":true,"href":"https:\/\/drcengizhan.com\/fr\/wp-json\/wp\/v2\/users\/6"}],"replies":[{"embeddable":true,"href":"https:\/\/drcengizhan.com\/fr\/wp-json\/wp\/v2\/comments?post=27814"}],"version-history":[{"count":0,"href":"https:\/\/drcengizhan.com\/fr\/wp-json\/wp\/v2\/pages\/27814\/revisions"}],"wp:featuredmedia":[{"embeddable":true,"href":"https:\/\/drcengizhan.com\/fr\/wp-json\/wp\/v2\/media\/28376"}],"wp:attachment":[{"href":"https:\/\/drcengizhan.com\/fr\/wp-json\/wp\/v2\/media?parent=27814"}],"curies":[{"name":"wp","href":"https:\/\/api.w.org\/{rel}","templated":true}]}}