{"id":27810,"date":"2023-12-20T11:33:50","date_gmt":"2023-12-20T08:33:50","guid":{"rendered":"https:\/\/drcengizhan.com\/?page_id=27810"},"modified":"2024-09-30T11:17:13","modified_gmt":"2024-09-30T08:17:13","slug":"lifting-du-cou","status":"publish","type":"page","link":"https:\/\/drcengizhan.com\/fr\/lifting-du-cou\/","title":{"rendered":"Lifting Du Cou"},"content":{"rendered":"\n<p>L&rsquo;accumulation de graisse dans la zone sous le menton, le cou et la peau affaiss\u00e9e peut entra\u00eener l&rsquo;apparition de poches ou de renflements graisseux qui affectent n\u00e9gativement l&rsquo;apparence du visage, le faisant para\u00eetre plus vieux. La g\u00e9n\u00e9tique joue \u00e9galement un r\u00f4le important dans la survenue de tels probl\u00e8mes. Heureusement, le Dr Cengizhan Ekizceli peut offrir \u00e0 travers la m\u00e9decine esth\u00e9tique de nombreuses solutions efficaces \u00e0 un tel probl\u00e8me.<\/p>\n\n\n\n<h2 class=\"wp-block-heading\">\u25cfQuelles sont les proc\u00e9dures possibles dans l&rsquo;op\u00e9ration Double Menton ?<\/h2>\n\n\n\n<p>De nombreuses proc\u00e9dures peuvent \u00eatre appliqu\u00e9es, telles que le lifting du cou et la liposuccion, et les options sont d\u00e9termin\u00e9es en fonction des besoins du patient, o\u00f9 la liposuccion enl\u00e8ve la graisse sous la peau, tandis que le lifting du cou agit sur le repositionnement des muscles et l&rsquo;\u00e9limination du rel\u00e2chement cutan\u00e9. .<\/p>\n\n\n\n<h2 class=\"wp-block-heading\">\u25cfComment se d\u00e9roule la chirurgie du double menton ?<\/h2>\n\n\n\n<p>L&rsquo;intervention se d\u00e9roule sous anesth\u00e9sie locale et dure environ une heure. Le Dr Cengizhan Ekizceli fait une petite incision sous le menton pour obtenir une liposuccion en utilisant la technique Vaser pour dissoudre la graisse sous la peau \u00e0 l&rsquo;aide d&rsquo;ultrasons, puis les cellules graisseuses sont vid\u00e9es et retir\u00e9es. Un bandage sur la peau sous le menton est plac\u00e9. Puis il enl\u00e8ve l&rsquo;exc\u00e8s de peau flasque selon les besoins et comme convenu avant l&rsquo;op\u00e9ration.<\/p>\n\n\n\n<h2 class=\"wp-block-heading\">\u25cf Qui est un bon candidat pour la chirurgie du double menton ?<\/h2>\n\n\n\n<p>Les patients qui souffrent de graisse au menton et qui sont en bonne sant\u00e9 mais qui souhaitent perdre une partie de la graisse et de l&rsquo;exc\u00e8s de peau dans cette zone sont les meilleurs candidats pour cette op\u00e9ration, dans ce cas, il est pr\u00e9f\u00e9rable de combiner liposuccion et lifting du cou.<\/p>\n\n\n\n<h2 class=\"wp-block-heading\">\u25cfQuel est le temps de gu\u00e9rison pour une chirurgie du double menton ?<\/h2>\n\n\n\n<p>L&rsquo;enflure et les ecchymoses sont normales apr\u00e8s la chirurgie et commencent \u00e0 s&rsquo;estomper apr\u00e8s trois jours, lorsque le patient peut reprendre sa routine quotidienne normale.<\/p>\n\n\n\n<h2 class=\"wp-block-heading\">\u25cf Existe-t-il une alternative \u00e0 la chirurgie pour se d\u00e9barrasser d&rsquo;un double menton ?<\/h2>\n\n\n\n<p>Certaines options fonctionnent pour d\u00e9composer et d\u00e9manteler les cellules graisseuses ind\u00e9sirables dans la zone du menton, mais cette m\u00e9thode est consid\u00e9r\u00e9e comme inefficace car elle ne fonctionne que pour r\u00e9duire la graisse dans cette zone et n&rsquo;est pas consid\u00e9r\u00e9e comme une solution ad\u00e9quate.<\/p>\n","protected":false},"excerpt":{"rendered":"<p>L&rsquo;accumulation de graisse dans la zone sous le menton, le cou et la peau affaiss\u00e9e peut entra\u00eener l&rsquo;apparition de poches ou de renflements graisseux qui affectent n\u00e9gativement l&rsquo;apparence du visage, le faisant para\u00eetre plus vieux. La g\u00e9n\u00e9tique joue \u00e9galement un r\u00f4le important dans la survenue de tels probl\u00e8mes. Heureusement, le Dr Cengizhan Ekizceli peut offrir&hellip;<\/p>\n","protected":false},"author":5,"featured_media":28372,"parent":0,"menu_order":0,"comment_status":"closed","ping_status":"closed","template":"","meta":{"footnotes":""},"class_list":["post-27810","page","type-page","status-publish","has-post-thumbnail","hentry"],"yoast_head":"<!-- This site is optimized with the Yoast SEO Premium plugin v27.3 (Yoast SEO v27.3) - https:\/\/yoast.com\/product\/yoast-seo-premium-wordpress\/ -->\n<title>Lifting Du Cou - Dr. Cengizhan Ekizceli<\/title>\n<meta name=\"description\" content=\"Le lifting du cou corrige le rel\u00e2chement et les plis, redonnant au cou une apparence plus ferme et jeune, avec des r\u00e9sultats naturels et durables.\" \/>\n<meta name=\"robots\" content=\"index, follow, max-snippet:-1, max-image-preview:large, max-video-preview:-1\" \/>\n<link rel=\"canonical\" href=\"https:\/\/drcengizhan.com\/fr\/wp-json\/wp\/v2\/pages\/27810\/\" \/>\n<meta property=\"og:locale\" content=\"fr_FR\" \/>\n<meta property=\"og:type\" content=\"article\" \/>\n<meta property=\"og:title\" content=\"Lifting Du Cou\" \/>\n<meta property=\"og:description\" content=\"Le lifting du cou corrige le rel\u00e2chement et les plis, redonnant au cou une apparence plus ferme et jeune, avec des r\u00e9sultats naturels et durables.\" \/>\n<meta property=\"og:url\" content=\"https:\/\/drcengizhan.com\/fr\/lifting-du-cou\/\" \/>\n<meta property=\"og:site_name\" content=\"Dr. Cengizhan Ekizceli\" \/>\n<meta property=\"article:publisher\" content=\"https:\/\/www.facebook.com\/drcengizhan\/\" \/>\n<meta property=\"article:modified_time\" content=\"2024-09-30T08:17:13+00:00\" \/>\n<meta property=\"og:image\" content=\"https:\/\/drcengizhan.com\/wp-content\/uploads\/2024\/10\/Double_Chin_by_dr_cengizhan_1920x1080.jpg\" \/>\n\t<meta property=\"og:image:width\" content=\"1920\" \/>\n\t<meta property=\"og:image:height\" content=\"1080\" \/>\n\t<meta property=\"og:image:type\" content=\"image\/jpeg\" \/>\n<meta name=\"twitter:card\" content=\"summary_large_image\" \/>\n<script type=\"application\/ld+json\" class=\"yoast-schema-graph\">{\"@context\":\"https:\\\/\\\/schema.org\",\"@graph\":[{\"@type\":\"WebPage\",\"@id\":\"https:\\\/\\\/drcengizhan.com\\\/fr\\\/lifting-du-cou\\\/\",\"url\":\"https:\\\/\\\/drcengizhan.com\\\/fr\\\/lifting-du-cou\\\/\",\"name\":\"Lifting Du Cou - Dr. Cengizhan Ekizceli\",\"isPartOf\":{\"@id\":\"https:\\\/\\\/drcengizhan.com\\\/tr\\\/#website\"},\"primaryImageOfPage\":{\"@id\":\"https:\\\/\\\/drcengizhan.com\\\/fr\\\/lifting-du-cou\\\/#primaryimage\"},\"image\":{\"@id\":\"https:\\\/\\\/drcengizhan.com\\\/fr\\\/lifting-du-cou\\\/#primaryimage\"},\"thumbnailUrl\":\"https:\\\/\\\/drcengizhan.com\\\/wp-content\\\/uploads\\\/2024\\\/10\\\/Double_Chin_by_dr_cengizhan_1920x1080.jpg\",\"datePublished\":\"2023-12-20T08:33:50+00:00\",\"dateModified\":\"2024-09-30T08:17:13+00:00\",\"description\":\"Le lifting du cou corrige le rel\u00e2chement et les plis, redonnant au cou une apparence plus ferme et jeune, avec des r\u00e9sultats naturels et durables.\",\"breadcrumb\":{\"@id\":\"https:\\\/\\\/drcengizhan.com\\\/fr\\\/lifting-du-cou\\\/#breadcrumb\"},\"inLanguage\":\"fr-FR\",\"potentialAction\":[{\"@type\":\"ReadAction\",\"target\":[\"https:\\\/\\\/drcengizhan.com\\\/fr\\\/lifting-du-cou\\\/\"]}]},{\"@type\":\"ImageObject\",\"inLanguage\":\"fr-FR\",\"@id\":\"https:\\\/\\\/drcengizhan.com\\\/fr\\\/lifting-du-cou\\\/#primaryimage\",\"url\":\"https:\\\/\\\/drcengizhan.com\\\/wp-content\\\/uploads\\\/2024\\\/10\\\/Double_Chin_by_dr_cengizhan_1920x1080.jpg\",\"contentUrl\":\"https:\\\/\\\/drcengizhan.com\\\/wp-content\\\/uploads\\\/2024\\\/10\\\/Double_Chin_by_dr_cengizhan_1920x1080.jpg\",\"width\":1920,\"height\":1080},{\"@type\":\"BreadcrumbList\",\"@id\":\"https:\\\/\\\/drcengizhan.com\\\/fr\\\/lifting-du-cou\\\/#breadcrumb\",\"itemListElement\":[{\"@type\":\"ListItem\",\"position\":1,\"name\":\"Home\",\"item\":\"https:\\\/\\\/drcengizhan.com\\\/fr\\\/\"},{\"@type\":\"ListItem\",\"position\":2,\"name\":\"Lifting Du Cou\"}]},{\"@type\":\"WebSite\",\"@id\":\"https:\\\/\\\/drcengizhan.com\\\/tr\\\/#website\",\"url\":\"https:\\\/\\\/drcengizhan.com\\\/tr\\\/\",\"name\":\"Dr. Cengizhan Ekizceli\",\"description\":\"Plastic Surgeon in Turkey\",\"publisher\":{\"@id\":\"https:\\\/\\\/drcengizhan.com\\\/tr\\\/#organization\"},\"potentialAction\":[{\"@type\":\"SearchAction\",\"target\":{\"@type\":\"EntryPoint\",\"urlTemplate\":\"https:\\\/\\\/drcengizhan.com\\\/tr\\\/?s={search_term_string}\"},\"query-input\":{\"@type\":\"PropertyValueSpecification\",\"valueRequired\":true,\"valueName\":\"search_term_string\"}}],\"inLanguage\":\"fr-FR\"},{\"@type\":\"Organization\",\"@id\":\"https:\\\/\\\/drcengizhan.com\\\/tr\\\/#organization\",\"name\":\"Dr. Cengizhan Ekizceli\",\"url\":\"https:\\\/\\\/drcengizhan.com\\\/tr\\\/\",\"logo\":{\"@type\":\"ImageObject\",\"inLanguage\":\"fr-FR\",\"@id\":\"https:\\\/\\\/drcengizhan.com\\\/tr\\\/#\\\/schema\\\/logo\\\/image\\\/\",\"url\":\"https:\\\/\\\/drcengizhan.com\\\/wp-content\\\/uploads\\\/2024\\\/07\\\/drce_yatay_logo-e1721899271292.webp\",\"contentUrl\":\"https:\\\/\\\/drcengizhan.com\\\/wp-content\\\/uploads\\\/2024\\\/07\\\/drce_yatay_logo-e1721899271292.webp\",\"width\":960,\"height\":307,\"caption\":\"Dr. Cengizhan Ekizceli\"},\"image\":{\"@id\":\"https:\\\/\\\/drcengizhan.com\\\/tr\\\/#\\\/schema\\\/logo\\\/image\\\/\"},\"sameAs\":[\"https:\\\/\\\/www.facebook.com\\\/drcengizhan\\\/\"]}]}<\/script>\n<!-- \/ Yoast SEO Premium plugin. -->","yoast_head_json":{"title":"Lifting Du Cou - Dr. Cengizhan Ekizceli","description":"Le lifting du cou corrige le rel\u00e2chement et les plis, redonnant au cou une apparence plus ferme et jeune, avec des r\u00e9sultats naturels et durables.","robots":{"index":"index","follow":"follow","max-snippet":"max-snippet:-1","max-image-preview":"max-image-preview:large","max-video-preview":"max-video-preview:-1"},"canonical":"https:\/\/drcengizhan.com\/fr\/wp-json\/wp\/v2\/pages\/27810\/","og_locale":"fr_FR","og_type":"article","og_title":"Lifting Du Cou","og_description":"Le lifting du cou corrige le rel\u00e2chement et les plis, redonnant au cou une apparence plus ferme et jeune, avec des r\u00e9sultats naturels et durables.","og_url":"https:\/\/drcengizhan.com\/fr\/lifting-du-cou\/","og_site_name":"Dr. Cengizhan Ekizceli","article_publisher":"https:\/\/www.facebook.com\/drcengizhan\/","article_modified_time":"2024-09-30T08:17:13+00:00","og_image":[{"width":1920,"height":1080,"url":"https:\/\/drcengizhan.com\/wp-content\/uploads\/2024\/10\/Double_Chin_by_dr_cengizhan_1920x1080.jpg","type":"image\/jpeg"}],"twitter_card":"summary_large_image","schema":{"@context":"https:\/\/schema.org","@graph":[{"@type":"WebPage","@id":"https:\/\/drcengizhan.com\/fr\/lifting-du-cou\/","url":"https:\/\/drcengizhan.com\/fr\/lifting-du-cou\/","name":"Lifting Du Cou - Dr. Cengizhan Ekizceli","isPartOf":{"@id":"https:\/\/drcengizhan.com\/tr\/#website"},"primaryImageOfPage":{"@id":"https:\/\/drcengizhan.com\/fr\/lifting-du-cou\/#primaryimage"},"image":{"@id":"https:\/\/drcengizhan.com\/fr\/lifting-du-cou\/#primaryimage"},"thumbnailUrl":"https:\/\/drcengizhan.com\/wp-content\/uploads\/2024\/10\/Double_Chin_by_dr_cengizhan_1920x1080.jpg","datePublished":"2023-12-20T08:33:50+00:00","dateModified":"2024-09-30T08:17:13+00:00","description":"Le lifting du cou corrige le rel\u00e2chement et les plis, redonnant au cou une apparence plus ferme et jeune, avec des r\u00e9sultats naturels et durables.","breadcrumb":{"@id":"https:\/\/drcengizhan.com\/fr\/lifting-du-cou\/#breadcrumb"},"inLanguage":"fr-FR","potentialAction":[{"@type":"ReadAction","target":["https:\/\/drcengizhan.com\/fr\/lifting-du-cou\/"]}]},{"@type":"ImageObject","inLanguage":"fr-FR","@id":"https:\/\/drcengizhan.com\/fr\/lifting-du-cou\/#primaryimage","url":"https:\/\/drcengizhan.com\/wp-content\/uploads\/2024\/10\/Double_Chin_by_dr_cengizhan_1920x1080.jpg","contentUrl":"https:\/\/drcengizhan.com\/wp-content\/uploads\/2024\/10\/Double_Chin_by_dr_cengizhan_1920x1080.jpg","width":1920,"height":1080},{"@type":"BreadcrumbList","@id":"https:\/\/drcengizhan.com\/fr\/lifting-du-cou\/#breadcrumb","itemListElement":[{"@type":"ListItem","position":1,"name":"Home","item":"https:\/\/drcengizhan.com\/fr\/"},{"@type":"ListItem","position":2,"name":"Lifting Du Cou"}]},{"@type":"WebSite","@id":"https:\/\/drcengizhan.com\/tr\/#website","url":"https:\/\/drcengizhan.com\/tr\/","name":"Dr. Cengizhan Ekizceli","description":"Plastic Surgeon in Turkey","publisher":{"@id":"https:\/\/drcengizhan.com\/tr\/#organization"},"potentialAction":[{"@type":"SearchAction","target":{"@type":"EntryPoint","urlTemplate":"https:\/\/drcengizhan.com\/tr\/?s={search_term_string}"},"query-input":{"@type":"PropertyValueSpecification","valueRequired":true,"valueName":"search_term_string"}}],"inLanguage":"fr-FR"},{"@type":"Organization","@id":"https:\/\/drcengizhan.com\/tr\/#organization","name":"Dr. Cengizhan Ekizceli","url":"https:\/\/drcengizhan.com\/tr\/","logo":{"@type":"ImageObject","inLanguage":"fr-FR","@id":"https:\/\/drcengizhan.com\/tr\/#\/schema\/logo\/image\/","url":"https:\/\/drcengizhan.com\/wp-content\/uploads\/2024\/07\/drce_yatay_logo-e1721899271292.webp","contentUrl":"https:\/\/drcengizhan.com\/wp-content\/uploads\/2024\/07\/drce_yatay_logo-e1721899271292.webp","width":960,"height":307,"caption":"Dr. Cengizhan Ekizceli"},"image":{"@id":"https:\/\/drcengizhan.com\/tr\/#\/schema\/logo\/image\/"},"sameAs":["https:\/\/www.facebook.com\/drcengizhan\/"]}]}},"_links":{"self":[{"href":"https:\/\/drcengizhan.com\/fr\/wp-json\/wp\/v2\/pages\/27810","targetHints":{"allow":["GET"]}}],"collection":[{"href":"https:\/\/drcengizhan.com\/fr\/wp-json\/wp\/v2\/pages"}],"about":[{"href":"https:\/\/drcengizhan.com\/fr\/wp-json\/wp\/v2\/types\/page"}],"author":[{"embeddable":true,"href":"https:\/\/drcengizhan.com\/fr\/wp-json\/wp\/v2\/users\/5"}],"replies":[{"embeddable":true,"href":"https:\/\/drcengizhan.com\/fr\/wp-json\/wp\/v2\/comments?post=27810"}],"version-history":[{"count":0,"href":"https:\/\/drcengizhan.com\/fr\/wp-json\/wp\/v2\/pages\/27810\/revisions"}],"wp:featuredmedia":[{"embeddable":true,"href":"https:\/\/drcengizhan.com\/fr\/wp-json\/wp\/v2\/media\/28372"}],"wp:attachment":[{"href":"https:\/\/drcengizhan.com\/fr\/wp-json\/wp\/v2\/media?parent=27810"}],"curies":[{"name":"wp","href":"https:\/\/api.w.org\/{rel}","templated":true}]}}