{"id":27758,"date":"2023-12-20T09:49:29","date_gmt":"2023-12-20T06:49:29","guid":{"rendered":"https:\/\/drcengizhan.com\/?page_id=27758"},"modified":"2024-09-23T14:39:51","modified_gmt":"2024-09-23T11:39:51","slug":"lifting-des-sourcils","status":"publish","type":"page","link":"https:\/\/drcengizhan.com\/fr\/lifting-des-sourcils\/","title":{"rendered":"Lifting Des Sourcils"},"content":{"rendered":"\n<p>Les yeux sont un miroir de nos \u00e2mes, sont la premi\u00e8re chose que les gens voient en premier, il est donc important de garder cela<br>r\u00e9gion jeune, belle et fra\u00eeche.<\/p>\n\n\n\n<p>Par cons\u00e9quent, le processus de levage des sourcils, que le Dr Cengizhan Ekizceli effectue, vise \u00e0 resserrer la peau du visage dans la partie avant du<br>front, y compris les tissus situ\u00e9s en dessous, et pour se d\u00e9barrasser de l&rsquo;exc\u00e8s de graisse.<br>Il peut \u00e9galement \u00eatre n\u00e9cessaire de soulever les muscles et les paupi\u00e8res sup\u00e9rieures afin de r\u00e9duire les signes de peau<br>vieillissement.<\/p>\n\n\n\n<h2 class=\"wp-block-heading\">\u25cf Quel est le processus pour lever un sourcil ?<\/h2>\n\n\n\n<p>Dans cette technique, les muscles et les tissus qui causent les rides ou l&rsquo;affaissement sont resserr\u00e9s, la peau<br>devient plus \u00e9lastique et le sourcil est plus haut, ce qui conduit \u00e0 r\u00e9duire le travail de l&rsquo;\u00e9l\u00e9vateur<br>muscles, puis r\u00e9duire progressivement les rides du front sans avoir besoin de Botox ou de Filler.<br>L&rsquo;op\u00e9ration aide \u00e0 soulager les maux de t\u00eate, car elle aide \u00e0 resserrer les ligaments et les muscles, r\u00e9duisant ainsi la<br>besoin des muscles du front pour relever le sourcil.<\/p>\n\n\n\n<p><strong>Avant la proc\u00e9dure de lifting des sourcils<\/strong><br>Le type, la texture et l&rsquo;\u00e9paisseur de la peau sont examin\u00e9s, si elle convient \u00e0 une telle op\u00e9ration,<br>et il est \u00e9galement d\u00e9termin\u00e9 si le patient souffre de maladies sp\u00e9cifiques qui l&#8217;emp\u00eachent<br>d&rsquo;effectuer l&rsquo;op\u00e9ration, et s&rsquo;il a subi d&rsquo;autres interventions chirurgicales dans la zone du visage dans<br>pass\u00e9 et certains tests sont effectu\u00e9s tels que le comptage H\u00e9matologie compl\u00e8te et analyses de sang<br>essai de chimie.<\/p>\n\n\n\n<p><strong>Pendant la chirurgie du lifting des sourcils<\/strong><br>La chirurgie de lifting des sourcils peut \u00eatre r\u00e9alis\u00e9e en utilisant plusieurs techniques.<br>Une incision est pratiqu\u00e9e au-dessus de la racine des cheveux et derri\u00e8re l&rsquo;oreille, jusqu&rsquo;\u00e0 la partie sup\u00e9rieure du<br>visage.<\/p>\n\n\n\n<p>Ensuite, le chirurgien installe la partie sup\u00e9rieure du visage, fixant les tissus et supprimant les plis cutan\u00e9s.<br>Dans les deux cas, la chirurgie n\u00e9cessite un resserrement musculaire, le sourcil est relev\u00e9 et le tissu musculaire<br>dessous est expos\u00e9, puis il est \u00e9tir\u00e9 et sutur\u00e9.<br>\u00c0 la fin de l&rsquo;op\u00e9ration, l&rsquo;incision est sutur\u00e9e et un bandage \u00e9lastique est plac\u00e9 dessus.<br>La chirurgie de lifting des sourcils dure au maximum deux heures et le patient doit rester plusieurs jours dans le<br>l&rsquo;h\u00f4pital pour \u00eatre assur\u00e9 du r\u00e9sultat initial.<\/p>\n\n\n\n<h2 class=\"wp-block-heading\">\u25cf Quels sont les risques d&rsquo;un lifting frontal ?<\/h2>\n\n\n\n<p>Infection au niveau de l&rsquo;incision chirurgicale saignement, cicatrices, hypersensibilit\u00e9, l\u00e9sions des nerfs du visage<br>zone et asym\u00e9trie entre les deux sourcils.<\/p>\n\n\n\n<h2 class=\"wp-block-heading\">\u25cf Combien de temps faut-il pour r\u00e9cup\u00e9rer apr\u00e8s l&rsquo;op\u00e9ration ?<\/h2>\n\n\n\n<p>Un gonflement et des saignements sous la peau peuvent survenir, qui disparaissent g\u00e9n\u00e9ralement en deux semaines.<br>L&rsquo;utilisation des muscles faciaux doit \u00eatre \u00e9vit\u00e9e pendant les premiers jours de la chirurgie et le pansement est<br>g\u00e9n\u00e9ralement retir\u00e9 en quelques jours en fonction de l&rsquo;arr\u00eat du saignement.<\/p>\n","protected":false},"excerpt":{"rendered":"<p>Les yeux sont un miroir de nos \u00e2mes, sont la premi\u00e8re chose que les gens voient en premier, il est donc important de garder celar\u00e9gion jeune, belle et fra\u00eeche. Par cons\u00e9quent, le processus de levage des sourcils, que le Dr Cengizhan Ekizceli effectue, vise \u00e0 resserrer la peau du visage dans la partie avant dufront,&hellip;<\/p>\n","protected":false},"author":6,"featured_media":23069,"parent":0,"menu_order":0,"comment_status":"closed","ping_status":"closed","template":"","meta":{"footnotes":""},"class_list":["post-27758","page","type-page","status-publish","has-post-thumbnail","hentry"],"yoast_head":"<!-- This site is optimized with the Yoast SEO Premium plugin v27.3 (Yoast SEO v27.4) - https:\/\/yoast.com\/product\/yoast-seo-premium-wordpress\/ -->\n<title>Lifting Des Sourcils - Dr. Cengizhan Ekizceli<\/title>\n<meta name=\"description\" content=\"Le lifting des sourcils rajeunit la zone frontale en rehaussant les sourcils, offrant un regard plus frais et des r\u00e9sultats naturels.\" \/>\n<meta name=\"robots\" content=\"index, follow, max-snippet:-1, max-image-preview:large, max-video-preview:-1\" \/>\n<link rel=\"canonical\" href=\"https:\/\/drcengizhan.com\/fr\/lifting-des-sourcils\/\" \/>\n<meta property=\"og:locale\" content=\"fr_FR\" \/>\n<meta property=\"og:type\" content=\"article\" \/>\n<meta property=\"og:title\" content=\"Lifting Des Sourcils\" \/>\n<meta property=\"og:description\" content=\"Le lifting des sourcils rajeunit la zone frontale en rehaussant les sourcils, offrant un regard plus frais et des r\u00e9sultats naturels.\" \/>\n<meta property=\"og:url\" content=\"https:\/\/drcengizhan.com\/fr\/lifting-des-sourcils\/\" \/>\n<meta property=\"og:site_name\" content=\"Dr. Cengizhan Ekizceli\" \/>\n<meta property=\"article:publisher\" content=\"https:\/\/www.facebook.com\/drcengizhan\/\" \/>\n<meta property=\"article:modified_time\" content=\"2024-09-23T11:39:51+00:00\" \/>\n<meta property=\"og:image\" content=\"https:\/\/drcengizhan.com\/wp-content\/uploads\/2024\/08\/eyebrow_lift_1360x1010.jpg\" \/>\n\t<meta property=\"og:image:width\" content=\"1360\" \/>\n\t<meta property=\"og:image:height\" content=\"1010\" \/>\n\t<meta property=\"og:image:type\" content=\"image\/jpeg\" \/>\n<meta name=\"twitter:card\" content=\"summary_large_image\" \/>\n<script type=\"application\/ld+json\" class=\"yoast-schema-graph\">{\"@context\":\"https:\\\/\\\/schema.org\",\"@graph\":[{\"@type\":\"WebPage\",\"@id\":\"https:\\\/\\\/drcengizhan.com\\\/fr\\\/lifting-des-sourcils\\\/\",\"url\":\"https:\\\/\\\/drcengizhan.com\\\/fr\\\/lifting-des-sourcils\\\/\",\"name\":\"Lifting Des Sourcils - Dr. Cengizhan Ekizceli\",\"isPartOf\":{\"@id\":\"https:\\\/\\\/drcengizhan.com\\\/fr\\\/#website\"},\"primaryImageOfPage\":{\"@id\":\"https:\\\/\\\/drcengizhan.com\\\/fr\\\/lifting-des-sourcils\\\/#primaryimage\"},\"image\":{\"@id\":\"https:\\\/\\\/drcengizhan.com\\\/fr\\\/lifting-des-sourcils\\\/#primaryimage\"},\"thumbnailUrl\":\"https:\\\/\\\/drcengizhan.com\\\/wp-content\\\/uploads\\\/2024\\\/08\\\/eyebrow_lift_1360x1010.jpg\",\"datePublished\":\"2023-12-20T06:49:29+00:00\",\"dateModified\":\"2024-09-23T11:39:51+00:00\",\"description\":\"Le lifting des sourcils rajeunit la zone frontale en rehaussant les sourcils, offrant un regard plus frais et des r\u00e9sultats naturels.\",\"breadcrumb\":{\"@id\":\"https:\\\/\\\/drcengizhan.com\\\/fr\\\/lifting-des-sourcils\\\/#breadcrumb\"},\"inLanguage\":\"fr-FR\",\"potentialAction\":[{\"@type\":\"ReadAction\",\"target\":[\"https:\\\/\\\/drcengizhan.com\\\/fr\\\/lifting-des-sourcils\\\/\"]}]},{\"@type\":\"ImageObject\",\"inLanguage\":\"fr-FR\",\"@id\":\"https:\\\/\\\/drcengizhan.com\\\/fr\\\/lifting-des-sourcils\\\/#primaryimage\",\"url\":\"https:\\\/\\\/drcengizhan.com\\\/wp-content\\\/uploads\\\/2024\\\/08\\\/eyebrow_lift_1360x1010.jpg\",\"contentUrl\":\"https:\\\/\\\/drcengizhan.com\\\/wp-content\\\/uploads\\\/2024\\\/08\\\/eyebrow_lift_1360x1010.jpg\",\"width\":1360,\"height\":1010},{\"@type\":\"BreadcrumbList\",\"@id\":\"https:\\\/\\\/drcengizhan.com\\\/fr\\\/lifting-des-sourcils\\\/#breadcrumb\",\"itemListElement\":[{\"@type\":\"ListItem\",\"position\":1,\"name\":\"Home\",\"item\":\"https:\\\/\\\/drcengizhan.com\\\/fr\\\/\"},{\"@type\":\"ListItem\",\"position\":2,\"name\":\"Lifting Des Sourcils\"}]},{\"@type\":\"WebSite\",\"@id\":\"https:\\\/\\\/drcengizhan.com\\\/fr\\\/#website\",\"url\":\"https:\\\/\\\/drcengizhan.com\\\/fr\\\/\",\"name\":\"Dr. Cengizhan Ekizceli\",\"description\":\"Plastic Surgeon in Turkey\",\"publisher\":{\"@id\":\"https:\\\/\\\/drcengizhan.com\\\/fr\\\/#organization\"},\"potentialAction\":[{\"@type\":\"SearchAction\",\"target\":{\"@type\":\"EntryPoint\",\"urlTemplate\":\"https:\\\/\\\/drcengizhan.com\\\/fr\\\/?s={search_term_string}\"},\"query-input\":{\"@type\":\"PropertyValueSpecification\",\"valueRequired\":true,\"valueName\":\"search_term_string\"}}],\"inLanguage\":\"fr-FR\"},{\"@type\":\"Organization\",\"@id\":\"https:\\\/\\\/drcengizhan.com\\\/fr\\\/#organization\",\"name\":\"Dr. Cengizhan Ekizceli\",\"url\":\"https:\\\/\\\/drcengizhan.com\\\/fr\\\/\",\"logo\":{\"@type\":\"ImageObject\",\"inLanguage\":\"fr-FR\",\"@id\":\"https:\\\/\\\/drcengizhan.com\\\/fr\\\/#\\\/schema\\\/logo\\\/image\\\/\",\"url\":\"https:\\\/\\\/drcengizhan.com\\\/wp-content\\\/uploads\\\/2024\\\/07\\\/drce_yatay_logo-e1721899271292.webp\",\"contentUrl\":\"https:\\\/\\\/drcengizhan.com\\\/wp-content\\\/uploads\\\/2024\\\/07\\\/drce_yatay_logo-e1721899271292.webp\",\"width\":960,\"height\":307,\"caption\":\"Dr. Cengizhan Ekizceli\"},\"image\":{\"@id\":\"https:\\\/\\\/drcengizhan.com\\\/fr\\\/#\\\/schema\\\/logo\\\/image\\\/\"},\"sameAs\":[\"https:\\\/\\\/www.facebook.com\\\/drcengizhan\\\/\"]}]}<\/script>\n<!-- \/ Yoast SEO Premium plugin. -->","yoast_head_json":{"title":"Lifting Des Sourcils - Dr. Cengizhan Ekizceli","description":"Le lifting des sourcils rajeunit la zone frontale en rehaussant les sourcils, offrant un regard plus frais et des r\u00e9sultats naturels.","robots":{"index":"index","follow":"follow","max-snippet":"max-snippet:-1","max-image-preview":"max-image-preview:large","max-video-preview":"max-video-preview:-1"},"canonical":"https:\/\/drcengizhan.com\/fr\/lifting-des-sourcils\/","og_locale":"fr_FR","og_type":"article","og_title":"Lifting Des Sourcils","og_description":"Le lifting des sourcils rajeunit la zone frontale en rehaussant les sourcils, offrant un regard plus frais et des r\u00e9sultats naturels.","og_url":"https:\/\/drcengizhan.com\/fr\/lifting-des-sourcils\/","og_site_name":"Dr. Cengizhan Ekizceli","article_publisher":"https:\/\/www.facebook.com\/drcengizhan\/","article_modified_time":"2024-09-23T11:39:51+00:00","og_image":[{"width":1360,"height":1010,"url":"https:\/\/drcengizhan.com\/wp-content\/uploads\/2024\/08\/eyebrow_lift_1360x1010.jpg","type":"image\/jpeg"}],"twitter_card":"summary_large_image","schema":{"@context":"https:\/\/schema.org","@graph":[{"@type":"WebPage","@id":"https:\/\/drcengizhan.com\/fr\/lifting-des-sourcils\/","url":"https:\/\/drcengizhan.com\/fr\/lifting-des-sourcils\/","name":"Lifting Des Sourcils - Dr. Cengizhan Ekizceli","isPartOf":{"@id":"https:\/\/drcengizhan.com\/fr\/#website"},"primaryImageOfPage":{"@id":"https:\/\/drcengizhan.com\/fr\/lifting-des-sourcils\/#primaryimage"},"image":{"@id":"https:\/\/drcengizhan.com\/fr\/lifting-des-sourcils\/#primaryimage"},"thumbnailUrl":"https:\/\/drcengizhan.com\/wp-content\/uploads\/2024\/08\/eyebrow_lift_1360x1010.jpg","datePublished":"2023-12-20T06:49:29+00:00","dateModified":"2024-09-23T11:39:51+00:00","description":"Le lifting des sourcils rajeunit la zone frontale en rehaussant les sourcils, offrant un regard plus frais et des r\u00e9sultats naturels.","breadcrumb":{"@id":"https:\/\/drcengizhan.com\/fr\/lifting-des-sourcils\/#breadcrumb"},"inLanguage":"fr-FR","potentialAction":[{"@type":"ReadAction","target":["https:\/\/drcengizhan.com\/fr\/lifting-des-sourcils\/"]}]},{"@type":"ImageObject","inLanguage":"fr-FR","@id":"https:\/\/drcengizhan.com\/fr\/lifting-des-sourcils\/#primaryimage","url":"https:\/\/drcengizhan.com\/wp-content\/uploads\/2024\/08\/eyebrow_lift_1360x1010.jpg","contentUrl":"https:\/\/drcengizhan.com\/wp-content\/uploads\/2024\/08\/eyebrow_lift_1360x1010.jpg","width":1360,"height":1010},{"@type":"BreadcrumbList","@id":"https:\/\/drcengizhan.com\/fr\/lifting-des-sourcils\/#breadcrumb","itemListElement":[{"@type":"ListItem","position":1,"name":"Home","item":"https:\/\/drcengizhan.com\/fr\/"},{"@type":"ListItem","position":2,"name":"Lifting Des Sourcils"}]},{"@type":"WebSite","@id":"https:\/\/drcengizhan.com\/fr\/#website","url":"https:\/\/drcengizhan.com\/fr\/","name":"Dr. Cengizhan Ekizceli","description":"Plastic Surgeon in Turkey","publisher":{"@id":"https:\/\/drcengizhan.com\/fr\/#organization"},"potentialAction":[{"@type":"SearchAction","target":{"@type":"EntryPoint","urlTemplate":"https:\/\/drcengizhan.com\/fr\/?s={search_term_string}"},"query-input":{"@type":"PropertyValueSpecification","valueRequired":true,"valueName":"search_term_string"}}],"inLanguage":"fr-FR"},{"@type":"Organization","@id":"https:\/\/drcengizhan.com\/fr\/#organization","name":"Dr. Cengizhan Ekizceli","url":"https:\/\/drcengizhan.com\/fr\/","logo":{"@type":"ImageObject","inLanguage":"fr-FR","@id":"https:\/\/drcengizhan.com\/fr\/#\/schema\/logo\/image\/","url":"https:\/\/drcengizhan.com\/wp-content\/uploads\/2024\/07\/drce_yatay_logo-e1721899271292.webp","contentUrl":"https:\/\/drcengizhan.com\/wp-content\/uploads\/2024\/07\/drce_yatay_logo-e1721899271292.webp","width":960,"height":307,"caption":"Dr. Cengizhan Ekizceli"},"image":{"@id":"https:\/\/drcengizhan.com\/fr\/#\/schema\/logo\/image\/"},"sameAs":["https:\/\/www.facebook.com\/drcengizhan\/"]}]}},"_links":{"self":[{"href":"https:\/\/drcengizhan.com\/fr\/wp-json\/wp\/v2\/pages\/27758","targetHints":{"allow":["GET"]}}],"collection":[{"href":"https:\/\/drcengizhan.com\/fr\/wp-json\/wp\/v2\/pages"}],"about":[{"href":"https:\/\/drcengizhan.com\/fr\/wp-json\/wp\/v2\/types\/page"}],"author":[{"embeddable":true,"href":"https:\/\/drcengizhan.com\/fr\/wp-json\/wp\/v2\/users\/6"}],"replies":[{"embeddable":true,"href":"https:\/\/drcengizhan.com\/fr\/wp-json\/wp\/v2\/comments?post=27758"}],"version-history":[{"count":0,"href":"https:\/\/drcengizhan.com\/fr\/wp-json\/wp\/v2\/pages\/27758\/revisions"}],"wp:featuredmedia":[{"embeddable":true,"href":"https:\/\/drcengizhan.com\/fr\/wp-json\/wp\/v2\/media\/23069"}],"wp:attachment":[{"href":"https:\/\/drcengizhan.com\/fr\/wp-json\/wp\/v2\/media?parent=27758"}],"curies":[{"name":"wp","href":"https:\/\/api.w.org\/{rel}","templated":true}]}}