{"id":27728,"date":"2023-12-19T07:31:55","date_gmt":"2023-12-19T04:31:55","guid":{"rendered":"https:\/\/drcengizhan.com\/?page_id=27728"},"modified":"2024-09-30T10:44:22","modified_gmt":"2024-09-30T07:44:22","slug":"liposuccion","status":"publish","type":"page","link":"https:\/\/drcengizhan.com\/fr\/liposuccion\/","title":{"rendered":"Liposuccion"},"content":{"rendered":"\n<p>Depuis peu, la liposuccion est l&rsquo;intervention chirurgicale la plus courante dans le monde cosm\u00e9tique.<br>Liposuccion que le Dr Cengizhan Ekizceli effectue pour \u00e9liminer les graisses r\u00e9sistantes \u00e0 l&rsquo;exercice et au r\u00e9gime alimentaire de zones sp\u00e9cifiques du corps telles que l&rsquo;abdomen, les cuisses, les fesses, le dos, les bras, le cou et parfois le visage pour am\u00e9liorer la forme du corps.<\/p>\n\n\n\n<h2 class=\"wp-block-heading\">\u25cf Qu&rsquo;est-ce que la chirurgie de liposuccion ?<\/h2>\n\n\n\n<p>La liposuccion est une proc\u00e9dure mineure par rapport aux chirurgies esth\u00e9tiques majeures. Cela d\u00e9pend de la zone \u00e0 former et de la quantit\u00e9 de graisse \u00e0 extraire. Cependant, cela n\u00e9cessite une pr\u00e9paration et une planification pour assurer le d\u00e9roulement du traitement, le temps de r\u00e9cup\u00e9ration et, finalement, l&rsquo;obtention des r\u00e9sultats souhait\u00e9s.<\/p>\n\n\n\n<h2 class=\"wp-block-heading\">\u25cf Comment se d\u00e9roule la chirurgie de liposuccion ?<\/h2>\n\n\n\n<p>La liposuccion est r\u00e9alis\u00e9e sous anesth\u00e9sie g\u00e9n\u00e9rale et dure de 1 \u00e0 4 heures. Le Dr Cengizhan Ekizceli fait de petites incisions pour ins\u00e9rer le tube de la canule, puis la zone \u00e0 traiter est remplie d&rsquo;une solution m\u00e9dicale, puis l&rsquo;\u00e9nergie ultrasonore du Vaser brise doucement la graisse du tissu conjonctif, la rendant douce et lui permettant de \u00eatre retir\u00e9 plus facilement sans forte aspiration et en laissant les tissus environnants intacts, ce qui signifie moins d&rsquo;ecchymoses, moins de gonflement et moins de douleur par rapport \u00e0 la liposuccion traditionnelle.<br>Ensuite, l&rsquo;exc\u00e8s de graisse est extrait du corps \u00e0 l&rsquo;aide d&rsquo;un dispositif de canule sp\u00e9cial qui est ins\u00e9r\u00e9 \u00e0 travers les incisions qui sont ferm\u00e9es chirurgicalement \u00e0 la fin. Le liquide reste dans le corps du patient pour soulager la douleur apr\u00e8s la chirurgie et est absorb\u00e9 par le corps plus tard.<br>Apr\u00e8s avoir referm\u00e9 les points de suture autour des incisions, le chirurgien applique un bandage compressif sur la zone chirurgicale pour r\u00e9duire l&rsquo;enflure.<\/p>\n\n\n\n<h2 class=\"wp-block-heading\">\u25cf La graisse retir\u00e9e du corps r\u00e9appara\u00eetra-t-elle ?<\/h2>\n\n\n\n<p>La liposuccion est effectu\u00e9e une fois pour \u00e9liminer les cellules graisseuses du corps pour toujours.<br>Ainsi, si la liposuccion est effectu\u00e9e \u00e0 partir de la zone abdominale, la zone contiendra toujours moins de graisse, et il en va de m\u00eame pour les cuisses, les bras et d&rsquo;autres zones du corps.<\/p>\n\n\n\n<h2 class=\"wp-block-heading\">\u25cf Est-ce que la liposuccion retend la peau ?<\/h2>\n\n\n\n<p>La liposuccion est une proc\u00e9dure visant \u00e0 \u00e9liminer uniquement les graisses. Si la patiente n&rsquo;a pas travers\u00e9 l&rsquo;\u00e9tape de la grossesse et de l&rsquo;accouchement, sa peau est suffisamment \u00e9lastique pour r\u00e9tr\u00e9cir et devenir moins grosse. Dans d&rsquo;autres cas, si la patiente pr\u00e9sente des rides, des plis et un rel\u00e2chement cutan\u00e9 apr\u00e8s la liposuccion, elle doit combiner liposuccion et raffermissement de la peau.<\/p>\n\n\n\n<h2 class=\"wp-block-heading\">\u25cf De combien de temps le patient dispose-t-il pour reprendre une vie normale ?<\/h2>\n\n\n\n<p>Certains patients peuvent reprendre leur routine quotidienne normale quelques jours apr\u00e8s avoir subi une liposuccion, et d&rsquo;autres mettent plus de temps \u00e0 se r\u00e9tablir compl\u00e8tement. Le Dr Cengizhan Ekizceli conseille \u00e0 ses patients de faire de l&rsquo;exercice doucement une semaine apr\u00e8s l&rsquo;op\u00e9ration et de ne pas soulever de poids et de faire de l&rsquo;exercice intense pendant deux semaines.<\/p>\n\n\n\n<h2 class=\"wp-block-heading\">\u25cf L&rsquo;enflure et les ecchymoses sont-elles normales apr\u00e8s la chirurgie ?<\/h2>\n\n\n\n<p>Les ecchymoses, l&rsquo;enflure et la douleur dans la zone o\u00f9 la liposuccion est effectu\u00e9e pendant les premiers jours apr\u00e8s la chirurgie devraient augmenter l\u00e9g\u00e8rement avant de commencer \u00e0 s&rsquo;am\u00e9liorer. Certains drains seront plac\u00e9s pour aider \u00e0 \u00e9liminer les liquides ind\u00e9sirables m\u00e9lang\u00e9s au sang sous la peau. Un bandage compressif est \u00e9galement plac\u00e9 pendant 8 semaines pour r\u00e9duire l&rsquo;enflure.<\/p>\n\n\n\n<h2 class=\"wp-block-heading\">\u25cf Combien de temps le patient doit-il attendre pour reprendre une vie normale ?<\/h2>\n\n\n\n<p>Le patient a besoin d&rsquo;environ une semaine pour reprendre sa vie quotidienne et sa routine habituelle.<br>S&rsquo;abstenir d&rsquo;exercice intense jusqu&rsquo;\u00e0 trois semaines apr\u00e8s la chirurgie. Vous pouvez faire des exercices l\u00e9gers apr\u00e8s environ deux semaines.<br>La sensation d&rsquo;engourdissement est tout \u00e0 fait normale dans les zones trait\u00e9es, et la sensation reviendra \u00e0 la normale avec le temps. Les r\u00e9sultats sont souvent instantan\u00e9s et laissent la peau lisse et tendue.<\/p>\n\n\n\n<h2 class=\"wp-block-heading\">\u25cf Quand les r\u00e9sultats appara\u00eetront-ils apr\u00e8s la liposuccion ?<\/h2>\n\n\n\n<p>Le patient remarque les premiers r\u00e9sultats imm\u00e9diatement apr\u00e8s la chirurgie, et apr\u00e8s 3 mois, les r\u00e9sultats d\u00e9finitifs apparaissent.<\/p>\n\n\n\n<h2 class=\"wp-block-heading\">\u25cf Les cellules graisseuses repoussent-elles apr\u00e8s la liposuccion ?<\/h2>\n\n\n\n<p>La liposuccion \u00e9limine d\u00e9finitivement les cellules graisseuses de la zone cible, mais il est possible que de nouvelles cellules graisseuses se forment dans les zones pr\u00e9c\u00e9demment liposuccionn\u00e9es si la prise de poids est importante.<\/p>\n\n\n\n<h2 class=\"wp-block-heading\">\u25cf La liposuccion aide-t-elle \u00e0 traiter la cellulite ?<\/h2>\n\n\n\n<p>La liposuccion am\u00e9liore uniquement la forme du corps, pas la texture de la peau, elle n&rsquo;a donc rien \u00e0 voir avec le traitement de la cellulite.<\/p>\n\n\n\n<h2 class=\"wp-block-heading\">\u25cf Est-il possible de perdre du poids avec la liposuccion ?<\/h2>\n\n\n\n<p>La liposuccion n&rsquo;est pas une proc\u00e9dure d&rsquo;amaigrissement mais vise plut\u00f4t \u00e0 am\u00e9liorer l&rsquo;apparence en \u00e9liminant certaines cellules graisseuses des zones cibl\u00e9es car \u00e9liminer les cellules graisseuses en grande quantit\u00e9 est tr\u00e8s dangereux. Cependant, on peut dire que la liposuccion peut entra\u00eener une perte de poids.<\/p>\n","protected":false},"excerpt":{"rendered":"<p>Depuis peu, la liposuccion est l&rsquo;intervention chirurgicale la plus courante dans le monde cosm\u00e9tique.Liposuccion que le Dr Cengizhan Ekizceli effectue pour \u00e9liminer les graisses r\u00e9sistantes \u00e0 l&rsquo;exercice et au r\u00e9gime alimentaire de zones sp\u00e9cifiques du corps telles que l&rsquo;abdomen, les cuisses, les fesses, le dos, les bras, le cou et parfois le visage pour am\u00e9liorer&hellip;<\/p>\n","protected":false},"author":5,"featured_media":27555,"parent":0,"menu_order":0,"comment_status":"closed","ping_status":"closed","template":"","meta":{"footnotes":""},"class_list":["post-27728","page","type-page","status-publish","has-post-thumbnail","hentry","description-off"],"yoast_head":"<!-- This site is optimized with the Yoast SEO Premium plugin v27.3 (Yoast SEO v27.4) - https:\/\/yoast.com\/product\/yoast-seo-premium-wordpress\/ -->\n<title>Liposuccion - Dr. Cengizhan Ekizceli<\/title>\n<meta name=\"description\" content=\"La liposuccion permet de r\u00e9duire les graisses localis\u00e9es pour sculpter la silhouette, offrant des r\u00e9sultats naturels et durables.\" \/>\n<meta name=\"robots\" content=\"index, follow, max-snippet:-1, max-image-preview:large, max-video-preview:-1\" \/>\n<link rel=\"canonical\" href=\"https:\/\/drcengizhan.com\/fr\/liposuccion\/\" \/>\n<meta property=\"og:locale\" content=\"fr_FR\" \/>\n<meta property=\"og:type\" content=\"article\" \/>\n<meta property=\"og:title\" content=\"Liposuccion\" \/>\n<meta property=\"og:description\" content=\"La liposuccion permet de r\u00e9duire les graisses localis\u00e9es pour sculpter la silhouette, offrant des r\u00e9sultats naturels et durables.\" \/>\n<meta property=\"og:url\" content=\"https:\/\/drcengizhan.com\/fr\/liposuccion\/\" \/>\n<meta property=\"og:site_name\" content=\"Dr. Cengizhan Ekizceli\" \/>\n<meta property=\"article:publisher\" content=\"https:\/\/www.facebook.com\/drcengizhan\/\" \/>\n<meta property=\"article:modified_time\" content=\"2024-09-30T07:44:22+00:00\" \/>\n<meta property=\"og:image\" content=\"https:\/\/drcengizhan.com\/wp-content\/uploads\/2024\/09\/liposuction_2nd_by_dr_cengizhan_1920x1080.jpg\" \/>\n\t<meta property=\"og:image:width\" content=\"1920\" \/>\n\t<meta property=\"og:image:height\" content=\"1080\" \/>\n\t<meta property=\"og:image:type\" content=\"image\/jpeg\" \/>\n<meta name=\"twitter:card\" content=\"summary_large_image\" \/>\n<script type=\"application\/ld+json\" class=\"yoast-schema-graph\">{\"@context\":\"https:\\\/\\\/schema.org\",\"@graph\":[{\"@type\":\"WebPage\",\"@id\":\"https:\\\/\\\/drcengizhan.com\\\/fr\\\/liposuccion\\\/\",\"url\":\"https:\\\/\\\/drcengizhan.com\\\/fr\\\/liposuccion\\\/\",\"name\":\"Liposuccion - Dr. Cengizhan Ekizceli\",\"isPartOf\":{\"@id\":\"https:\\\/\\\/drcengizhan.com\\\/fr\\\/#website\"},\"primaryImageOfPage\":{\"@id\":\"https:\\\/\\\/drcengizhan.com\\\/fr\\\/liposuccion\\\/#primaryimage\"},\"image\":{\"@id\":\"https:\\\/\\\/drcengizhan.com\\\/fr\\\/liposuccion\\\/#primaryimage\"},\"thumbnailUrl\":\"https:\\\/\\\/drcengizhan.com\\\/wp-content\\\/uploads\\\/2024\\\/09\\\/liposuction_2nd_by_dr_cengizhan_1920x1080.jpg\",\"datePublished\":\"2023-12-19T04:31:55+00:00\",\"dateModified\":\"2024-09-30T07:44:22+00:00\",\"description\":\"La liposuccion permet de r\u00e9duire les graisses localis\u00e9es pour sculpter la silhouette, offrant des r\u00e9sultats naturels et durables.\",\"breadcrumb\":{\"@id\":\"https:\\\/\\\/drcengizhan.com\\\/fr\\\/liposuccion\\\/#breadcrumb\"},\"inLanguage\":\"fr-FR\",\"potentialAction\":[{\"@type\":\"ReadAction\",\"target\":[\"https:\\\/\\\/drcengizhan.com\\\/fr\\\/liposuccion\\\/\"]}]},{\"@type\":\"ImageObject\",\"inLanguage\":\"fr-FR\",\"@id\":\"https:\\\/\\\/drcengizhan.com\\\/fr\\\/liposuccion\\\/#primaryimage\",\"url\":\"https:\\\/\\\/drcengizhan.com\\\/wp-content\\\/uploads\\\/2024\\\/09\\\/liposuction_2nd_by_dr_cengizhan_1920x1080.jpg\",\"contentUrl\":\"https:\\\/\\\/drcengizhan.com\\\/wp-content\\\/uploads\\\/2024\\\/09\\\/liposuction_2nd_by_dr_cengizhan_1920x1080.jpg\",\"width\":1920,\"height\":1080},{\"@type\":\"BreadcrumbList\",\"@id\":\"https:\\\/\\\/drcengizhan.com\\\/fr\\\/liposuccion\\\/#breadcrumb\",\"itemListElement\":[{\"@type\":\"ListItem\",\"position\":1,\"name\":\"Home\",\"item\":\"https:\\\/\\\/drcengizhan.com\\\/fr\\\/\"},{\"@type\":\"ListItem\",\"position\":2,\"name\":\"Liposuccion\"}]},{\"@type\":\"WebSite\",\"@id\":\"https:\\\/\\\/drcengizhan.com\\\/fr\\\/#website\",\"url\":\"https:\\\/\\\/drcengizhan.com\\\/fr\\\/\",\"name\":\"Dr. Cengizhan Ekizceli\",\"description\":\"Plastic Surgeon in Turkey\",\"publisher\":{\"@id\":\"https:\\\/\\\/drcengizhan.com\\\/fr\\\/#organization\"},\"potentialAction\":[{\"@type\":\"SearchAction\",\"target\":{\"@type\":\"EntryPoint\",\"urlTemplate\":\"https:\\\/\\\/drcengizhan.com\\\/fr\\\/?s={search_term_string}\"},\"query-input\":{\"@type\":\"PropertyValueSpecification\",\"valueRequired\":true,\"valueName\":\"search_term_string\"}}],\"inLanguage\":\"fr-FR\"},{\"@type\":\"Organization\",\"@id\":\"https:\\\/\\\/drcengizhan.com\\\/fr\\\/#organization\",\"name\":\"Dr. Cengizhan Ekizceli\",\"url\":\"https:\\\/\\\/drcengizhan.com\\\/fr\\\/\",\"logo\":{\"@type\":\"ImageObject\",\"inLanguage\":\"fr-FR\",\"@id\":\"https:\\\/\\\/drcengizhan.com\\\/fr\\\/#\\\/schema\\\/logo\\\/image\\\/\",\"url\":\"https:\\\/\\\/drcengizhan.com\\\/wp-content\\\/uploads\\\/2024\\\/07\\\/drce_yatay_logo-e1721899271292.webp\",\"contentUrl\":\"https:\\\/\\\/drcengizhan.com\\\/wp-content\\\/uploads\\\/2024\\\/07\\\/drce_yatay_logo-e1721899271292.webp\",\"width\":960,\"height\":307,\"caption\":\"Dr. Cengizhan Ekizceli\"},\"image\":{\"@id\":\"https:\\\/\\\/drcengizhan.com\\\/fr\\\/#\\\/schema\\\/logo\\\/image\\\/\"},\"sameAs\":[\"https:\\\/\\\/www.facebook.com\\\/drcengizhan\\\/\"]}]}<\/script>\n<!-- \/ Yoast SEO Premium plugin. -->","yoast_head_json":{"title":"Liposuccion - Dr. Cengizhan Ekizceli","description":"La liposuccion permet de r\u00e9duire les graisses localis\u00e9es pour sculpter la silhouette, offrant des r\u00e9sultats naturels et durables.","robots":{"index":"index","follow":"follow","max-snippet":"max-snippet:-1","max-image-preview":"max-image-preview:large","max-video-preview":"max-video-preview:-1"},"canonical":"https:\/\/drcengizhan.com\/fr\/liposuccion\/","og_locale":"fr_FR","og_type":"article","og_title":"Liposuccion","og_description":"La liposuccion permet de r\u00e9duire les graisses localis\u00e9es pour sculpter la silhouette, offrant des r\u00e9sultats naturels et durables.","og_url":"https:\/\/drcengizhan.com\/fr\/liposuccion\/","og_site_name":"Dr. Cengizhan Ekizceli","article_publisher":"https:\/\/www.facebook.com\/drcengizhan\/","article_modified_time":"2024-09-30T07:44:22+00:00","og_image":[{"width":1920,"height":1080,"url":"https:\/\/drcengizhan.com\/wp-content\/uploads\/2024\/09\/liposuction_2nd_by_dr_cengizhan_1920x1080.jpg","type":"image\/jpeg"}],"twitter_card":"summary_large_image","schema":{"@context":"https:\/\/schema.org","@graph":[{"@type":"WebPage","@id":"https:\/\/drcengizhan.com\/fr\/liposuccion\/","url":"https:\/\/drcengizhan.com\/fr\/liposuccion\/","name":"Liposuccion - Dr. Cengizhan Ekizceli","isPartOf":{"@id":"https:\/\/drcengizhan.com\/fr\/#website"},"primaryImageOfPage":{"@id":"https:\/\/drcengizhan.com\/fr\/liposuccion\/#primaryimage"},"image":{"@id":"https:\/\/drcengizhan.com\/fr\/liposuccion\/#primaryimage"},"thumbnailUrl":"https:\/\/drcengizhan.com\/wp-content\/uploads\/2024\/09\/liposuction_2nd_by_dr_cengizhan_1920x1080.jpg","datePublished":"2023-12-19T04:31:55+00:00","dateModified":"2024-09-30T07:44:22+00:00","description":"La liposuccion permet de r\u00e9duire les graisses localis\u00e9es pour sculpter la silhouette, offrant des r\u00e9sultats naturels et durables.","breadcrumb":{"@id":"https:\/\/drcengizhan.com\/fr\/liposuccion\/#breadcrumb"},"inLanguage":"fr-FR","potentialAction":[{"@type":"ReadAction","target":["https:\/\/drcengizhan.com\/fr\/liposuccion\/"]}]},{"@type":"ImageObject","inLanguage":"fr-FR","@id":"https:\/\/drcengizhan.com\/fr\/liposuccion\/#primaryimage","url":"https:\/\/drcengizhan.com\/wp-content\/uploads\/2024\/09\/liposuction_2nd_by_dr_cengizhan_1920x1080.jpg","contentUrl":"https:\/\/drcengizhan.com\/wp-content\/uploads\/2024\/09\/liposuction_2nd_by_dr_cengizhan_1920x1080.jpg","width":1920,"height":1080},{"@type":"BreadcrumbList","@id":"https:\/\/drcengizhan.com\/fr\/liposuccion\/#breadcrumb","itemListElement":[{"@type":"ListItem","position":1,"name":"Home","item":"https:\/\/drcengizhan.com\/fr\/"},{"@type":"ListItem","position":2,"name":"Liposuccion"}]},{"@type":"WebSite","@id":"https:\/\/drcengizhan.com\/fr\/#website","url":"https:\/\/drcengizhan.com\/fr\/","name":"Dr. Cengizhan Ekizceli","description":"Plastic Surgeon in Turkey","publisher":{"@id":"https:\/\/drcengizhan.com\/fr\/#organization"},"potentialAction":[{"@type":"SearchAction","target":{"@type":"EntryPoint","urlTemplate":"https:\/\/drcengizhan.com\/fr\/?s={search_term_string}"},"query-input":{"@type":"PropertyValueSpecification","valueRequired":true,"valueName":"search_term_string"}}],"inLanguage":"fr-FR"},{"@type":"Organization","@id":"https:\/\/drcengizhan.com\/fr\/#organization","name":"Dr. Cengizhan Ekizceli","url":"https:\/\/drcengizhan.com\/fr\/","logo":{"@type":"ImageObject","inLanguage":"fr-FR","@id":"https:\/\/drcengizhan.com\/fr\/#\/schema\/logo\/image\/","url":"https:\/\/drcengizhan.com\/wp-content\/uploads\/2024\/07\/drce_yatay_logo-e1721899271292.webp","contentUrl":"https:\/\/drcengizhan.com\/wp-content\/uploads\/2024\/07\/drce_yatay_logo-e1721899271292.webp","width":960,"height":307,"caption":"Dr. Cengizhan Ekizceli"},"image":{"@id":"https:\/\/drcengizhan.com\/fr\/#\/schema\/logo\/image\/"},"sameAs":["https:\/\/www.facebook.com\/drcengizhan\/"]}]}},"_links":{"self":[{"href":"https:\/\/drcengizhan.com\/fr\/wp-json\/wp\/v2\/pages\/27728","targetHints":{"allow":["GET"]}}],"collection":[{"href":"https:\/\/drcengizhan.com\/fr\/wp-json\/wp\/v2\/pages"}],"about":[{"href":"https:\/\/drcengizhan.com\/fr\/wp-json\/wp\/v2\/types\/page"}],"author":[{"embeddable":true,"href":"https:\/\/drcengizhan.com\/fr\/wp-json\/wp\/v2\/users\/5"}],"replies":[{"embeddable":true,"href":"https:\/\/drcengizhan.com\/fr\/wp-json\/wp\/v2\/comments?post=27728"}],"version-history":[{"count":0,"href":"https:\/\/drcengizhan.com\/fr\/wp-json\/wp\/v2\/pages\/27728\/revisions"}],"wp:featuredmedia":[{"embeddable":true,"href":"https:\/\/drcengizhan.com\/fr\/wp-json\/wp\/v2\/media\/27555"}],"wp:attachment":[{"href":"https:\/\/drcengizhan.com\/fr\/wp-json\/wp\/v2\/media?parent=27728"}],"curies":[{"name":"wp","href":"https:\/\/api.w.org\/{rel}","templated":true}]}}