{"id":27667,"date":"2024-03-14T09:30:24","date_gmt":"2024-03-14T06:30:24","guid":{"rendered":"https:\/\/drcengizhan.com\/new\/?page_id=27667"},"modified":"2024-09-23T17:18:35","modified_gmt":"2024-09-23T14:18:35","slug":"brazilian-butt-lift-en-turquie-resultats","status":"publish","type":"page","link":"https:\/\/drcengizhan.com\/fr\/avant-apres\/brazilian-butt-lift-en-turquie-resultats\/","title":{"rendered":"Brazilian Butt Lift en Turquie R\u00e9sultats"},"content":{"rendered":"\t\t<div data-elementor-type=\"wp-page\" data-elementor-id=\"27667\" class=\"elementor elementor-27667 elementor-3715\" data-elementor-post-type=\"page\">\n\t\t\t\t<div class=\"elementor-element elementor-element-9889cc9 e-flex e-con-boxed e-con e-parent\" data-id=\"9889cc9\" data-element_type=\"container\" data-e-type=\"container\">\n\t\t\t\t\t<div class=\"e-con-inner\">\n\t\t\t\t<div class=\"elementor-element elementor-element-75082d54 elementor-widget elementor-widget-text-editor\" data-id=\"75082d54\" data-element_type=\"widget\" data-e-type=\"widget\" data-widget_type=\"text-editor.default\">\n\t\t\t\t<div class=\"elementor-widget-container\">\n\t\t\t\t\t\t\t\t\t<p>The results of <a href=\"https:\/\/drcengizhan.com\/brazilian-butt-lift\/\">Brazilian Butt Lift<\/a> procedures in Turkey are truly impressive! These images serve as evidence that many people&rsquo;s dreams have become a reality. The expertise of aesthetic professionals and the satisfaction of patients are evident in each image. Demonstrating that achieving the buttocks of your dreams is possible, these images reflect the remarkable success of Brazilian Butt Lift procedures in Turkey.<\/p>\t\t\t\t\t\t\t\t<\/div>\n\t\t\t\t<\/div>\n\t\t\t\t<div class=\"elementor-element elementor-element-005b68d elementor-widget elementor-widget-spacer\" data-id=\"005b68d\" data-element_type=\"widget\" data-e-type=\"widget\" data-widget_type=\"spacer.default\">\n\t\t\t\t<div class=\"elementor-widget-container\">\n\t\t\t\t\t\t\t<div class=\"elementor-spacer\">\n\t\t\t<div class=\"elementor-spacer-inner\"><\/div>\n\t\t<\/div>\n\t\t\t\t\t\t<\/div>\n\t\t\t\t<\/div>\n\t\t\t\t\t<\/div>\n\t\t\t\t<\/div>\n\t\t<div class=\"elementor-element elementor-element-b69e433 e-flex e-con-boxed e-con e-parent\" data-id=\"b69e433\" data-element_type=\"container\" data-e-type=\"container\">\n\t\t\t\t\t<div class=\"e-con-inner\">\n\t\t\t\t<div class=\"elementor-element elementor-element-7b5b1ab elementor-widget elementor-widget-gallery\" data-id=\"7b5b1ab\" data-element_type=\"widget\" data-e-type=\"widget\" data-settings=\"{&quot;columns&quot;:3,&quot;gap&quot;:{&quot;unit&quot;:&quot;px&quot;,&quot;size&quot;:70,&quot;sizes&quot;:[]},&quot;aspect_ratio&quot;:&quot;1:1&quot;,&quot;lazyload&quot;:&quot;yes&quot;,&quot;gallery_layout&quot;:&quot;grid&quot;,&quot;columns_tablet&quot;:2,&quot;columns_mobile&quot;:1,&quot;gap_tablet&quot;:{&quot;unit&quot;:&quot;px&quot;,&quot;size&quot;:10,&quot;sizes&quot;:[]},&quot;gap_mobile&quot;:{&quot;unit&quot;:&quot;px&quot;,&quot;size&quot;:10,&quot;sizes&quot;:[]},&quot;link_to&quot;:&quot;file&quot;,&quot;overlay_background&quot;:&quot;yes&quot;,&quot;content_hover_animation&quot;:&quot;fade-in&quot;}\" data-widget_type=\"gallery.default\">\n\t\t\t\t<div class=\"elementor-widget-container\">\n\t\t\t\t\t\t\t<div class=\"elementor-gallery__container\">\n\t\t\t\t\t\t\t<a class=\"e-gallery-item elementor-gallery-item elementor-animated-content\" href=\"https:\/\/drcengizhan.com\/wp-content\/uploads\/2024\/03\/bbl3.jpg\" data-elementor-open-lightbox=\"yes\" data-elementor-lightbox-slideshow=\"7b5b1ab\" data-elementor-lightbox-title=\"bbl3\" data-e-action-hash=\"#elementor-action%3Aaction%3Dlightbox%26settings%3DeyJpZCI6MjExNDcsInVybCI6Imh0dHBzOlwvXC9kcmNlbmdpemhhbi5jb21cL3dwLWNvbnRlbnRcL3VwbG9hZHNcLzIwMjRcLzAzXC9iYmwzLmpwZyIsInNsaWRlc2hvdyI6IjdiNWIxYWIifQ%3D%3D\">\n\t\t\t\t\t<div class=\"e-gallery-image elementor-gallery-item__image\" data-thumbnail=\"https:\/\/drcengizhan.com\/wp-content\/uploads\/2024\/03\/bbl3-1024x1024.jpg\" data-width=\"1024\" data-height=\"1024\" aria-label=\"\" role=\"img\" ><\/div>\n\t\t\t\t\t\t\t\t\t\t\t<div class=\"elementor-gallery-item__overlay\"><\/div>\n\t\t\t\t\t\t\t\t\t\t\t\t\t\t<\/a>\n\t\t\t\t\t\t\t<a class=\"e-gallery-item elementor-gallery-item elementor-animated-content\" href=\"https:\/\/drcengizhan.com\/wp-content\/uploads\/2024\/03\/bbl2.jpg\" data-elementor-open-lightbox=\"yes\" data-elementor-lightbox-slideshow=\"7b5b1ab\" data-elementor-lightbox-title=\"bbl2\" data-e-action-hash=\"#elementor-action%3Aaction%3Dlightbox%26settings%3DeyJpZCI6MjExNDQsInVybCI6Imh0dHBzOlwvXC9kcmNlbmdpemhhbi5jb21cL3dwLWNvbnRlbnRcL3VwbG9hZHNcLzIwMjRcLzAzXC9iYmwyLmpwZyIsInNsaWRlc2hvdyI6IjdiNWIxYWIifQ%3D%3D\">\n\t\t\t\t\t<div class=\"e-gallery-image elementor-gallery-item__image\" data-thumbnail=\"https:\/\/drcengizhan.com\/wp-content\/uploads\/2024\/03\/bbl2-1024x1024.jpg\" data-width=\"1024\" data-height=\"1024\" aria-label=\"\" role=\"img\" ><\/div>\n\t\t\t\t\t\t\t\t\t\t\t<div class=\"elementor-gallery-item__overlay\"><\/div>\n\t\t\t\t\t\t\t\t\t\t\t\t\t\t<\/a>\n\t\t\t\t\t\t\t<a class=\"e-gallery-item elementor-gallery-item elementor-animated-content\" href=\"https:\/\/drcengizhan.com\/wp-content\/uploads\/2024\/03\/bbl5.jpg\" data-elementor-open-lightbox=\"yes\" data-elementor-lightbox-slideshow=\"7b5b1ab\" data-elementor-lightbox-title=\"bbl5\" data-e-action-hash=\"#elementor-action%3Aaction%3Dlightbox%26settings%3DeyJpZCI6MjExNDEsInVybCI6Imh0dHBzOlwvXC9kcmNlbmdpemhhbi5jb21cL3dwLWNvbnRlbnRcL3VwbG9hZHNcLzIwMjRcLzAzXC9iYmw1LmpwZyIsInNsaWRlc2hvdyI6IjdiNWIxYWIifQ%3D%3D\">\n\t\t\t\t\t<div class=\"e-gallery-image elementor-gallery-item__image\" data-thumbnail=\"https:\/\/drcengizhan.com\/wp-content\/uploads\/2024\/03\/bbl5-1024x1024.jpg\" data-width=\"1024\" data-height=\"1024\" aria-label=\"\" role=\"img\" ><\/div>\n\t\t\t\t\t\t\t\t\t\t\t<div class=\"elementor-gallery-item__overlay\"><\/div>\n\t\t\t\t\t\t\t\t\t\t\t\t\t\t<\/a>\n\t\t\t\t\t\t\t<a class=\"e-gallery-item elementor-gallery-item elementor-animated-content\" href=\"https:\/\/drcengizhan.com\/wp-content\/uploads\/2024\/03\/bbl6.jpg\" data-elementor-open-lightbox=\"yes\" data-elementor-lightbox-slideshow=\"7b5b1ab\" data-elementor-lightbox-title=\"bbl6\" data-e-action-hash=\"#elementor-action%3Aaction%3Dlightbox%26settings%3DeyJpZCI6MjExMzgsInVybCI6Imh0dHBzOlwvXC9kcmNlbmdpemhhbi5jb21cL3dwLWNvbnRlbnRcL3VwbG9hZHNcLzIwMjRcLzAzXC9iYmw2LmpwZyIsInNsaWRlc2hvdyI6IjdiNWIxYWIifQ%3D%3D\">\n\t\t\t\t\t<div class=\"e-gallery-image elementor-gallery-item__image\" data-thumbnail=\"https:\/\/drcengizhan.com\/wp-content\/uploads\/2024\/03\/bbl6-1024x1024.jpg\" data-width=\"1024\" data-height=\"1024\" aria-label=\"\" role=\"img\" ><\/div>\n\t\t\t\t\t\t\t\t\t\t\t<div class=\"elementor-gallery-item__overlay\"><\/div>\n\t\t\t\t\t\t\t\t\t\t\t\t\t\t<\/a>\n\t\t\t\t\t\t\t<a class=\"e-gallery-item elementor-gallery-item elementor-animated-content\" href=\"https:\/\/drcengizhan.com\/wp-content\/uploads\/2024\/03\/bbl4.jpg\" data-elementor-open-lightbox=\"yes\" data-elementor-lightbox-slideshow=\"7b5b1ab\" data-elementor-lightbox-title=\"bbl4\" data-e-action-hash=\"#elementor-action%3Aaction%3Dlightbox%26settings%3DeyJpZCI6MjExMzUsInVybCI6Imh0dHBzOlwvXC9kcmNlbmdpemhhbi5jb21cL3dwLWNvbnRlbnRcL3VwbG9hZHNcLzIwMjRcLzAzXC9iYmw0LmpwZyIsInNsaWRlc2hvdyI6IjdiNWIxYWIifQ%3D%3D\">\n\t\t\t\t\t<div class=\"e-gallery-image elementor-gallery-item__image\" data-thumbnail=\"https:\/\/drcengizhan.com\/wp-content\/uploads\/2024\/03\/bbl4-1024x1024.jpg\" data-width=\"1024\" data-height=\"1024\" aria-label=\"\" role=\"img\" ><\/div>\n\t\t\t\t\t\t\t\t\t\t\t<div class=\"elementor-gallery-item__overlay\"><\/div>\n\t\t\t\t\t\t\t\t\t\t\t\t\t\t<\/a>\n\t\t\t\t\t\t\t<a class=\"e-gallery-item elementor-gallery-item elementor-animated-content\" href=\"https:\/\/drcengizhan.com\/wp-content\/uploads\/2024\/03\/bb1.jpg\" data-elementor-open-lightbox=\"yes\" data-elementor-lightbox-slideshow=\"7b5b1ab\" data-elementor-lightbox-title=\"bb1\" data-e-action-hash=\"#elementor-action%3Aaction%3Dlightbox%26settings%3DeyJpZCI6MjExMzIsInVybCI6Imh0dHBzOlwvXC9kcmNlbmdpemhhbi5jb21cL3dwLWNvbnRlbnRcL3VwbG9hZHNcLzIwMjRcLzAzXC9iYjEuanBnIiwic2xpZGVzaG93IjoiN2I1YjFhYiJ9\">\n\t\t\t\t\t<div class=\"e-gallery-image elementor-gallery-item__image\" data-thumbnail=\"https:\/\/drcengizhan.com\/wp-content\/uploads\/2024\/03\/bb1-1024x1024.jpg\" data-width=\"1024\" data-height=\"1024\" aria-label=\"\" role=\"img\" ><\/div>\n\t\t\t\t\t\t\t\t\t\t\t<div class=\"elementor-gallery-item__overlay\"><\/div>\n\t\t\t\t\t\t\t\t\t\t\t\t\t\t<\/a>\n\t\t\t\t\t<\/div>\n\t\t\t\t\t<\/div>\n\t\t\t\t<\/div>\n\t\t\t\t\t<\/div>\n\t\t\t\t<\/div>\n\t\t\t\t<\/div>\n\t\t","protected":false},"excerpt":{"rendered":"<p>The results of Brazilian Butt Lift procedures in Turkey are truly impressive! These images serve as evidence that many people&rsquo;s dreams have become a reality. The expertise of aesthetic professionals and the satisfaction of patients are evident in each image. Demonstrating that achieving the buttocks of your dreams is possible, these images reflect the remarkable&hellip;<\/p>\n","protected":false},"author":2,"featured_media":0,"parent":25470,"menu_order":0,"comment_status":"closed","ping_status":"closed","template":"","meta":{"footnotes":""},"class_list":["post-27667","page","type-page","status-publish","hentry"],"yoast_head":"<!-- This site is optimized with the Yoast SEO Premium plugin v27.3 (Yoast SEO v27.3) - https:\/\/yoast.com\/product\/yoast-seo-premium-wordpress\/ -->\n<title>Brazilian Butt Lift en Turquie R\u00e9sultats - Dr. Cengizhan Ekizceli<\/title>\n<meta name=\"description\" content=\"Meta description: D\u00e9couvrez les r\u00e9sultats avant et apr\u00e8s du Brazilian Butt Lift en Turquie avec le Dr. Cengizhan Ekizceli, offrant des fesses plus pleines et mieux d\u00e9finies.\" \/>\n<meta name=\"robots\" content=\"index, follow, max-snippet:-1, max-image-preview:large, max-video-preview:-1\" \/>\n<link rel=\"canonical\" href=\"https:\/\/drcengizhan.com\/fr\/avant-apres\/brazilian-butt-lift-en-turquie-resultats\/\" \/>\n<meta property=\"og:locale\" content=\"fr_FR\" \/>\n<meta property=\"og:type\" content=\"article\" \/>\n<meta property=\"og:title\" content=\"Brazilian Butt Lift en Turquie R\u00e9sultats\" \/>\n<meta property=\"og:description\" content=\"Meta description: D\u00e9couvrez les r\u00e9sultats avant et apr\u00e8s du Brazilian Butt Lift en Turquie avec le Dr. Cengizhan Ekizceli, offrant des fesses plus pleines et mieux d\u00e9finies.\" \/>\n<meta property=\"og:url\" content=\"https:\/\/drcengizhan.com\/fr\/avant-apres\/brazilian-butt-lift-en-turquie-resultats\/\" \/>\n<meta property=\"og:site_name\" content=\"Dr. Cengizhan Ekizceli\" \/>\n<meta property=\"article:publisher\" content=\"https:\/\/www.facebook.com\/drcengizhan\/\" \/>\n<meta property=\"article:modified_time\" content=\"2024-09-23T14:18:35+00:00\" \/>\n<meta name=\"twitter:card\" content=\"summary_large_image\" \/>\n<script type=\"application\/ld+json\" class=\"yoast-schema-graph\">{\"@context\":\"https:\\\/\\\/schema.org\",\"@graph\":[{\"@type\":\"WebPage\",\"@id\":\"https:\\\/\\\/drcengizhan.com\\\/fr\\\/avant-apres\\\/brazilian-butt-lift-en-turquie-resultats\\\/\",\"url\":\"https:\\\/\\\/drcengizhan.com\\\/fr\\\/avant-apres\\\/brazilian-butt-lift-en-turquie-resultats\\\/\",\"name\":\"Brazilian Butt Lift en Turquie R\u00e9sultats - Dr. Cengizhan Ekizceli\",\"isPartOf\":{\"@id\":\"https:\\\/\\\/drcengizhan.com\\\/fr\\\/#website\"},\"datePublished\":\"2024-03-14T06:30:24+00:00\",\"dateModified\":\"2024-09-23T14:18:35+00:00\",\"description\":\"Meta description: D\u00e9couvrez les r\u00e9sultats avant et apr\u00e8s du Brazilian Butt Lift en Turquie avec le Dr. Cengizhan Ekizceli, offrant des fesses plus pleines et mieux d\u00e9finies.\",\"breadcrumb\":{\"@id\":\"https:\\\/\\\/drcengizhan.com\\\/fr\\\/avant-apres\\\/brazilian-butt-lift-en-turquie-resultats\\\/#breadcrumb\"},\"inLanguage\":\"fr-FR\",\"potentialAction\":[{\"@type\":\"ReadAction\",\"target\":[\"https:\\\/\\\/drcengizhan.com\\\/fr\\\/avant-apres\\\/brazilian-butt-lift-en-turquie-resultats\\\/\"]}]},{\"@type\":\"BreadcrumbList\",\"@id\":\"https:\\\/\\\/drcengizhan.com\\\/fr\\\/avant-apres\\\/brazilian-butt-lift-en-turquie-resultats\\\/#breadcrumb\",\"itemListElement\":[{\"@type\":\"ListItem\",\"position\":1,\"name\":\"Home\",\"item\":\"https:\\\/\\\/drcengizhan.com\\\/fr\\\/\"},{\"@type\":\"ListItem\",\"position\":2,\"name\":\"Avant Apr\u00e8s\",\"item\":\"https:\\\/\\\/drcengizhan.com\\\/fr\\\/before-after\\\/\"},{\"@type\":\"ListItem\",\"position\":3,\"name\":\"Brazilian Butt Lift en Turquie R\u00e9sultats\"}]},{\"@type\":\"WebSite\",\"@id\":\"https:\\\/\\\/drcengizhan.com\\\/fr\\\/#website\",\"url\":\"https:\\\/\\\/drcengizhan.com\\\/fr\\\/\",\"name\":\"Dr. Cengizhan Ekizceli\",\"description\":\"Plastic Surgeon in Turkey\",\"publisher\":{\"@id\":\"https:\\\/\\\/drcengizhan.com\\\/fr\\\/#organization\"},\"potentialAction\":[{\"@type\":\"SearchAction\",\"target\":{\"@type\":\"EntryPoint\",\"urlTemplate\":\"https:\\\/\\\/drcengizhan.com\\\/fr\\\/?s={search_term_string}\"},\"query-input\":{\"@type\":\"PropertyValueSpecification\",\"valueRequired\":true,\"valueName\":\"search_term_string\"}}],\"inLanguage\":\"fr-FR\"},{\"@type\":\"Organization\",\"@id\":\"https:\\\/\\\/drcengizhan.com\\\/fr\\\/#organization\",\"name\":\"Dr. Cengizhan Ekizceli\",\"url\":\"https:\\\/\\\/drcengizhan.com\\\/fr\\\/\",\"logo\":{\"@type\":\"ImageObject\",\"inLanguage\":\"fr-FR\",\"@id\":\"https:\\\/\\\/drcengizhan.com\\\/fr\\\/#\\\/schema\\\/logo\\\/image\\\/\",\"url\":\"https:\\\/\\\/drcengizhan.com\\\/wp-content\\\/uploads\\\/2024\\\/07\\\/drce_yatay_logo-e1721899271292.webp\",\"contentUrl\":\"https:\\\/\\\/drcengizhan.com\\\/wp-content\\\/uploads\\\/2024\\\/07\\\/drce_yatay_logo-e1721899271292.webp\",\"width\":960,\"height\":307,\"caption\":\"Dr. Cengizhan Ekizceli\"},\"image\":{\"@id\":\"https:\\\/\\\/drcengizhan.com\\\/fr\\\/#\\\/schema\\\/logo\\\/image\\\/\"},\"sameAs\":[\"https:\\\/\\\/www.facebook.com\\\/drcengizhan\\\/\"]}]}<\/script>\n<!-- \/ Yoast SEO Premium plugin. -->","yoast_head_json":{"title":"Brazilian Butt Lift en Turquie R\u00e9sultats - Dr. Cengizhan Ekizceli","description":"Meta description: D\u00e9couvrez les r\u00e9sultats avant et apr\u00e8s du Brazilian Butt Lift en Turquie avec le Dr. Cengizhan Ekizceli, offrant des fesses plus pleines et mieux d\u00e9finies.","robots":{"index":"index","follow":"follow","max-snippet":"max-snippet:-1","max-image-preview":"max-image-preview:large","max-video-preview":"max-video-preview:-1"},"canonical":"https:\/\/drcengizhan.com\/fr\/avant-apres\/brazilian-butt-lift-en-turquie-resultats\/","og_locale":"fr_FR","og_type":"article","og_title":"Brazilian Butt Lift en Turquie R\u00e9sultats","og_description":"Meta description: D\u00e9couvrez les r\u00e9sultats avant et apr\u00e8s du Brazilian Butt Lift en Turquie avec le Dr. Cengizhan Ekizceli, offrant des fesses plus pleines et mieux d\u00e9finies.","og_url":"https:\/\/drcengizhan.com\/fr\/avant-apres\/brazilian-butt-lift-en-turquie-resultats\/","og_site_name":"Dr. Cengizhan Ekizceli","article_publisher":"https:\/\/www.facebook.com\/drcengizhan\/","article_modified_time":"2024-09-23T14:18:35+00:00","twitter_card":"summary_large_image","schema":{"@context":"https:\/\/schema.org","@graph":[{"@type":"WebPage","@id":"https:\/\/drcengizhan.com\/fr\/avant-apres\/brazilian-butt-lift-en-turquie-resultats\/","url":"https:\/\/drcengizhan.com\/fr\/avant-apres\/brazilian-butt-lift-en-turquie-resultats\/","name":"Brazilian Butt Lift en Turquie R\u00e9sultats - Dr. Cengizhan Ekizceli","isPartOf":{"@id":"https:\/\/drcengizhan.com\/fr\/#website"},"datePublished":"2024-03-14T06:30:24+00:00","dateModified":"2024-09-23T14:18:35+00:00","description":"Meta description: D\u00e9couvrez les r\u00e9sultats avant et apr\u00e8s du Brazilian Butt Lift en Turquie avec le Dr. Cengizhan Ekizceli, offrant des fesses plus pleines et mieux d\u00e9finies.","breadcrumb":{"@id":"https:\/\/drcengizhan.com\/fr\/avant-apres\/brazilian-butt-lift-en-turquie-resultats\/#breadcrumb"},"inLanguage":"fr-FR","potentialAction":[{"@type":"ReadAction","target":["https:\/\/drcengizhan.com\/fr\/avant-apres\/brazilian-butt-lift-en-turquie-resultats\/"]}]},{"@type":"BreadcrumbList","@id":"https:\/\/drcengizhan.com\/fr\/avant-apres\/brazilian-butt-lift-en-turquie-resultats\/#breadcrumb","itemListElement":[{"@type":"ListItem","position":1,"name":"Home","item":"https:\/\/drcengizhan.com\/fr\/"},{"@type":"ListItem","position":2,"name":"Avant Apr\u00e8s","item":"https:\/\/drcengizhan.com\/fr\/before-after\/"},{"@type":"ListItem","position":3,"name":"Brazilian Butt Lift en Turquie R\u00e9sultats"}]},{"@type":"WebSite","@id":"https:\/\/drcengizhan.com\/fr\/#website","url":"https:\/\/drcengizhan.com\/fr\/","name":"Dr. Cengizhan Ekizceli","description":"Plastic Surgeon in Turkey","publisher":{"@id":"https:\/\/drcengizhan.com\/fr\/#organization"},"potentialAction":[{"@type":"SearchAction","target":{"@type":"EntryPoint","urlTemplate":"https:\/\/drcengizhan.com\/fr\/?s={search_term_string}"},"query-input":{"@type":"PropertyValueSpecification","valueRequired":true,"valueName":"search_term_string"}}],"inLanguage":"fr-FR"},{"@type":"Organization","@id":"https:\/\/drcengizhan.com\/fr\/#organization","name":"Dr. Cengizhan Ekizceli","url":"https:\/\/drcengizhan.com\/fr\/","logo":{"@type":"ImageObject","inLanguage":"fr-FR","@id":"https:\/\/drcengizhan.com\/fr\/#\/schema\/logo\/image\/","url":"https:\/\/drcengizhan.com\/wp-content\/uploads\/2024\/07\/drce_yatay_logo-e1721899271292.webp","contentUrl":"https:\/\/drcengizhan.com\/wp-content\/uploads\/2024\/07\/drce_yatay_logo-e1721899271292.webp","width":960,"height":307,"caption":"Dr. Cengizhan Ekizceli"},"image":{"@id":"https:\/\/drcengizhan.com\/fr\/#\/schema\/logo\/image\/"},"sameAs":["https:\/\/www.facebook.com\/drcengizhan\/"]}]}},"_links":{"self":[{"href":"https:\/\/drcengizhan.com\/fr\/wp-json\/wp\/v2\/pages\/27667","targetHints":{"allow":["GET"]}}],"collection":[{"href":"https:\/\/drcengizhan.com\/fr\/wp-json\/wp\/v2\/pages"}],"about":[{"href":"https:\/\/drcengizhan.com\/fr\/wp-json\/wp\/v2\/types\/page"}],"author":[{"embeddable":true,"href":"https:\/\/drcengizhan.com\/fr\/wp-json\/wp\/v2\/users\/2"}],"replies":[{"embeddable":true,"href":"https:\/\/drcengizhan.com\/fr\/wp-json\/wp\/v2\/comments?post=27667"}],"version-history":[{"count":0,"href":"https:\/\/drcengizhan.com\/fr\/wp-json\/wp\/v2\/pages\/27667\/revisions"}],"up":[{"embeddable":true,"href":"https:\/\/drcengizhan.com\/fr\/wp-json\/wp\/v2\/pages\/25470"}],"wp:attachment":[{"href":"https:\/\/drcengizhan.com\/fr\/wp-json\/wp\/v2\/media?parent=27667"}],"curies":[{"name":"wp","href":"https:\/\/api.w.org\/{rel}","templated":true}]}}