{"id":26866,"date":"2023-12-20T08:45:00","date_gmt":"2023-12-20T05:45:00","guid":{"rendered":"https:\/\/drcengizhan.com\/new\/?page_id=26866"},"modified":"2024-09-26T09:50:42","modified_gmt":"2024-09-26T06:50:42","slug":"augmentation-du-menton","status":"publish","type":"page","link":"https:\/\/drcengizhan.com\/fr\/augmentation-du-menton\/","title":{"rendered":"Augmentation du menton"},"content":{"rendered":"<p>L\u2019\u00e9quilibre et la proportion sont des principes essentiels de la beaut\u00e9, \u00e0 l\u2019exception de la rhinoplastie. Il se peut qu\u2019aucune autre chirurgie ne soit aussi efficace que l\u2019augmentation du menton pour maintenir l\u2019\u00e9quilibre et la proportion.<\/p>\n<p>\u25cf Qu\u2019est-ce que l\u2019augmentation du menton ?<\/p>\n<p>C\u2019est une intervention chirurgicale r\u00e9alis\u00e9e par le Dr Cengizhan Ekizceli, au cours de laquelle la forme ou la taille du menton est modifi\u00e9e, ou les deux, selon le souhait du patient. Les contours du menton peuvent \u00eatre rotatifs chez les femmes, ou le menton peut \u00eatre rendu plus pro\u00e9minent par implantation chez les hommes. Cette op\u00e9ration est souvent r\u00e9alis\u00e9e en m\u00eame temps que la rhinoplastie pour atteindre l\u2019\u00e9quilibre et l\u2019harmonie des traits du visage.<\/p>\n<p>\u25cf Qui sont les candidats \u00e0 l\u2019augmentation du menton ?<\/p>\n<p>Cette proc\u00e9dure s\u2019adresse aux personnes insatisfaites de la forme de leur menton et souffrant d\u2019un complexe d\u2019inf\u00e9riorit\u00e9. Le menton joue un r\u00f4le important dans la forme du visage et peut affecter n\u00e9gativement la taille et les contours de celui-ci.<\/p>\n<p>\u25cf Comment se d\u00e9roule l\u2019augmentation du menton ?<\/p>\n<p>Elle se pratique sous anesth\u00e9sie g\u00e9n\u00e9rale ou locale, avec l\u2019administration d\u2019un analg\u00e9sique au patient. L\u2019op\u00e9ration se fait par une petite incision, soit sous le menton, soit \u00e0 l\u2019int\u00e9rieur de la bouche. \u00c0 travers cette incision, le chirurgien plasticien pr\u00e9pare un espace pour l\u2019implant du menton, puis des implants sont ins\u00e9r\u00e9s ou de la graisse est inject\u00e9e pour agrandir le menton, et l\u2019incision est referm\u00e9e. Il existe plusieurs types et tailles d\u2019implants, mais les implants pour le menton sont g\u00e9n\u00e9ralement en mat\u00e9riaux rigides ou semi-rigides tels que le silicone et sont les plus couramment utilis\u00e9s pour cette augmentation.<\/p>\n<p>\u25cf Quels sont les risques de l\u2019augmentation du menton ?<\/p>\n<p>L\u2019augmentation du menton est associ\u00e9e \u00e0 un petit nombre de chirurgiens plasticiens exp\u00e9riment\u00e9s. Les risques possibles incluent l\u2019infection, l\u2019h\u00e9matome (saignement interne), le d\u00e9placement de l\u2019implant et une cicatrisation d\u00e9ficiente, ainsi que des effets secondaires li\u00e9s \u00e0 l\u2019anesth\u00e9sie.<\/p>\n<p>\u25cf Phase de r\u00e9cup\u00e9ration apr\u00e8s l\u2019augmentation du menton<\/p>\n<p>Les patients ayant subi l\u2019intervention doivent s\u2019abstenir de travailler et de s\u2019engager dans la plupart des autres activit\u00e9s quotidiennes pendant une \u00e0 deux semaines apr\u00e8s la chirurgie. Le patient devra dormir avec la t\u00eate sur\u00e9lev\u00e9e en pla\u00e7ant des oreillers pour aider \u00e0 contr\u00f4ler le gonflement postop\u00e9ratoire et favoriser la cicatrisation de la plaie. Le chirurgien peut \u00e9galement recommander de suivre un r\u00e9gime pendant une semaine.<\/p>\n<p>\u25cf Quand appara\u00eetra le r\u00e9sultat final de l\u2019augmentation du menton ?<\/p>\n<p>Le r\u00e9sultat se rapproche de sa forme finale un mois apr\u00e8s l\u2019op\u00e9ration, tandis que le r\u00e9sultat d\u00e9finitif appara\u00eet apr\u00e8s trois mois, lorsque le gonflement dispara\u00eet.<\/p>\n","protected":false},"excerpt":{"rendered":"<p>L\u2019\u00e9quilibre et la proportion sont des principes essentiels de la beaut\u00e9, \u00e0 l\u2019exception de la rhinoplastie. Il se peut qu\u2019aucune autre chirurgie ne soit aussi efficace que l\u2019augmentation du menton pour maintenir l\u2019\u00e9quilibre et la proportion. \u25cf Qu\u2019est-ce que l\u2019augmentation du menton ? C\u2019est une intervention chirurgicale r\u00e9alis\u00e9e par le Dr Cengizhan Ekizceli, au cours&hellip;<\/p>\n","protected":false},"author":6,"featured_media":20733,"parent":0,"menu_order":0,"comment_status":"closed","ping_status":"closed","template":"","meta":{"footnotes":""},"class_list":["post-26866","page","type-page","status-publish","has-post-thumbnail","hentry","description-off"],"yoast_head":"<!-- This site is optimized with the Yoast SEO Premium plugin v27.5 (Yoast SEO v27.5) - https:\/\/yoast.com\/product\/yoast-seo-premium-wordpress\/ -->\n<title>Augmentation du menton - Dr. Cengizhan Ekizceli<\/title>\n<meta name=\"description\" content=\"Meta description: Le Dr. Cengizhan Ekizceli propose une augmentation du menton pour am\u00e9liorer l&#039;harmonie faciale et offrir des r\u00e9sultats naturels et \u00e9quilibr\u00e9s.\" \/>\n<meta name=\"robots\" content=\"index, follow, max-snippet:-1, max-image-preview:large, max-video-preview:-1\" \/>\n<link rel=\"canonical\" href=\"https:\/\/drcengizhan.com\/fr\/augmentation-du-menton\/\" \/>\n<meta property=\"og:locale\" content=\"fr_FR\" \/>\n<meta property=\"og:type\" content=\"article\" \/>\n<meta property=\"og:title\" content=\"Augmentation du menton\" \/>\n<meta property=\"og:description\" content=\"Meta description: Le Dr. Cengizhan Ekizceli propose une augmentation du menton pour am\u00e9liorer l&#039;harmonie faciale et offrir des r\u00e9sultats naturels et \u00e9quilibr\u00e9s.\" \/>\n<meta property=\"og:url\" content=\"https:\/\/drcengizhan.com\/fr\/augmentation-du-menton\/\" \/>\n<meta property=\"og:site_name\" content=\"Dr. Cengizhan Ekizceli\" \/>\n<meta property=\"article:publisher\" content=\"https:\/\/www.facebook.com\/drcengizhan\/\" \/>\n<meta property=\"article:modified_time\" content=\"2024-09-26T06:50:42+00:00\" \/>\n<meta property=\"og:image\" content=\"https:\/\/drcengizhan.com\/wp-content\/uploads\/2018\/01\/Chin-Augmentation.png\" \/>\n\t<meta property=\"og:image:width\" content=\"485\" \/>\n\t<meta property=\"og:image:height\" content=\"320\" \/>\n\t<meta property=\"og:image:type\" content=\"image\/png\" \/>\n<meta name=\"twitter:card\" content=\"summary_large_image\" \/>\n<script type=\"application\/ld+json\" class=\"yoast-schema-graph\">{\"@context\":\"https:\\\/\\\/schema.org\",\"@graph\":[{\"@type\":\"WebPage\",\"@id\":\"https:\\\/\\\/drcengizhan.com\\\/fr\\\/augmentation-du-menton\\\/\",\"url\":\"https:\\\/\\\/drcengizhan.com\\\/fr\\\/augmentation-du-menton\\\/\",\"name\":\"Augmentation du menton - Dr. Cengizhan Ekizceli\",\"isPartOf\":{\"@id\":\"https:\\\/\\\/drcengizhan.com\\\/fr\\\/#website\"},\"primaryImageOfPage\":{\"@id\":\"https:\\\/\\\/drcengizhan.com\\\/fr\\\/augmentation-du-menton\\\/#primaryimage\"},\"image\":{\"@id\":\"https:\\\/\\\/drcengizhan.com\\\/fr\\\/augmentation-du-menton\\\/#primaryimage\"},\"thumbnailUrl\":\"https:\\\/\\\/drcengizhan.com\\\/wp-content\\\/uploads\\\/2018\\\/01\\\/Chin-Augmentation.png\",\"datePublished\":\"2023-12-20T05:45:00+00:00\",\"dateModified\":\"2024-09-26T06:50:42+00:00\",\"description\":\"Meta description: Le Dr. Cengizhan Ekizceli propose une augmentation du menton pour am\u00e9liorer l'harmonie faciale et offrir des r\u00e9sultats naturels et \u00e9quilibr\u00e9s.\",\"breadcrumb\":{\"@id\":\"https:\\\/\\\/drcengizhan.com\\\/fr\\\/augmentation-du-menton\\\/#breadcrumb\"},\"inLanguage\":\"fr-FR\",\"potentialAction\":[{\"@type\":\"ReadAction\",\"target\":[\"https:\\\/\\\/drcengizhan.com\\\/fr\\\/augmentation-du-menton\\\/\"]}]},{\"@type\":\"ImageObject\",\"inLanguage\":\"fr-FR\",\"@id\":\"https:\\\/\\\/drcengizhan.com\\\/fr\\\/augmentation-du-menton\\\/#primaryimage\",\"url\":\"https:\\\/\\\/drcengizhan.com\\\/wp-content\\\/uploads\\\/2018\\\/01\\\/Chin-Augmentation.png\",\"contentUrl\":\"https:\\\/\\\/drcengizhan.com\\\/wp-content\\\/uploads\\\/2018\\\/01\\\/Chin-Augmentation.png\",\"width\":485,\"height\":320},{\"@type\":\"BreadcrumbList\",\"@id\":\"https:\\\/\\\/drcengizhan.com\\\/fr\\\/augmentation-du-menton\\\/#breadcrumb\",\"itemListElement\":[{\"@type\":\"ListItem\",\"position\":1,\"name\":\"Home\",\"item\":\"https:\\\/\\\/drcengizhan.com\\\/fr\\\/\"},{\"@type\":\"ListItem\",\"position\":2,\"name\":\"Augmentation du menton\"}]},{\"@type\":\"WebSite\",\"@id\":\"https:\\\/\\\/drcengizhan.com\\\/fr\\\/#website\",\"url\":\"https:\\\/\\\/drcengizhan.com\\\/fr\\\/\",\"name\":\"Dr. Cengizhan Ekizceli\",\"description\":\"Plastic Surgeon in Turkey\",\"publisher\":{\"@id\":\"https:\\\/\\\/drcengizhan.com\\\/fr\\\/#organization\"},\"potentialAction\":[{\"@type\":\"SearchAction\",\"target\":{\"@type\":\"EntryPoint\",\"urlTemplate\":\"https:\\\/\\\/drcengizhan.com\\\/fr\\\/?s={search_term_string}\"},\"query-input\":{\"@type\":\"PropertyValueSpecification\",\"valueRequired\":true,\"valueName\":\"search_term_string\"}}],\"inLanguage\":\"fr-FR\"},{\"@type\":\"Organization\",\"@id\":\"https:\\\/\\\/drcengizhan.com\\\/fr\\\/#organization\",\"name\":\"Dr. Cengizhan Ekizceli\",\"url\":\"https:\\\/\\\/drcengizhan.com\\\/fr\\\/\",\"logo\":{\"@type\":\"ImageObject\",\"inLanguage\":\"fr-FR\",\"@id\":\"https:\\\/\\\/drcengizhan.com\\\/fr\\\/#\\\/schema\\\/logo\\\/image\\\/\",\"url\":\"https:\\\/\\\/drcengizhan.com\\\/wp-content\\\/uploads\\\/2024\\\/07\\\/drce_yatay_logo-e1721899271292.webp\",\"contentUrl\":\"https:\\\/\\\/drcengizhan.com\\\/wp-content\\\/uploads\\\/2024\\\/07\\\/drce_yatay_logo-e1721899271292.webp\",\"width\":960,\"height\":307,\"caption\":\"Dr. Cengizhan Ekizceli\"},\"image\":{\"@id\":\"https:\\\/\\\/drcengizhan.com\\\/fr\\\/#\\\/schema\\\/logo\\\/image\\\/\"},\"sameAs\":[\"https:\\\/\\\/www.facebook.com\\\/drcengizhan\\\/\"]}]}<\/script>\n<!-- \/ Yoast SEO Premium plugin. -->","yoast_head_json":{"title":"Augmentation du menton - Dr. Cengizhan Ekizceli","description":"Meta description: Le Dr. Cengizhan Ekizceli propose une augmentation du menton pour am\u00e9liorer l'harmonie faciale et offrir des r\u00e9sultats naturels et \u00e9quilibr\u00e9s.","robots":{"index":"index","follow":"follow","max-snippet":"max-snippet:-1","max-image-preview":"max-image-preview:large","max-video-preview":"max-video-preview:-1"},"canonical":"https:\/\/drcengizhan.com\/fr\/augmentation-du-menton\/","og_locale":"fr_FR","og_type":"article","og_title":"Augmentation du menton","og_description":"Meta description: Le Dr. Cengizhan Ekizceli propose une augmentation du menton pour am\u00e9liorer l'harmonie faciale et offrir des r\u00e9sultats naturels et \u00e9quilibr\u00e9s.","og_url":"https:\/\/drcengizhan.com\/fr\/augmentation-du-menton\/","og_site_name":"Dr. Cengizhan Ekizceli","article_publisher":"https:\/\/www.facebook.com\/drcengizhan\/","article_modified_time":"2024-09-26T06:50:42+00:00","og_image":[{"width":485,"height":320,"url":"https:\/\/drcengizhan.com\/wp-content\/uploads\/2018\/01\/Chin-Augmentation.png","type":"image\/png"}],"twitter_card":"summary_large_image","schema":{"@context":"https:\/\/schema.org","@graph":[{"@type":"WebPage","@id":"https:\/\/drcengizhan.com\/fr\/augmentation-du-menton\/","url":"https:\/\/drcengizhan.com\/fr\/augmentation-du-menton\/","name":"Augmentation du menton - Dr. Cengizhan Ekizceli","isPartOf":{"@id":"https:\/\/drcengizhan.com\/fr\/#website"},"primaryImageOfPage":{"@id":"https:\/\/drcengizhan.com\/fr\/augmentation-du-menton\/#primaryimage"},"image":{"@id":"https:\/\/drcengizhan.com\/fr\/augmentation-du-menton\/#primaryimage"},"thumbnailUrl":"https:\/\/drcengizhan.com\/wp-content\/uploads\/2018\/01\/Chin-Augmentation.png","datePublished":"2023-12-20T05:45:00+00:00","dateModified":"2024-09-26T06:50:42+00:00","description":"Meta description: Le Dr. Cengizhan Ekizceli propose une augmentation du menton pour am\u00e9liorer l'harmonie faciale et offrir des r\u00e9sultats naturels et \u00e9quilibr\u00e9s.","breadcrumb":{"@id":"https:\/\/drcengizhan.com\/fr\/augmentation-du-menton\/#breadcrumb"},"inLanguage":"fr-FR","potentialAction":[{"@type":"ReadAction","target":["https:\/\/drcengizhan.com\/fr\/augmentation-du-menton\/"]}]},{"@type":"ImageObject","inLanguage":"fr-FR","@id":"https:\/\/drcengizhan.com\/fr\/augmentation-du-menton\/#primaryimage","url":"https:\/\/drcengizhan.com\/wp-content\/uploads\/2018\/01\/Chin-Augmentation.png","contentUrl":"https:\/\/drcengizhan.com\/wp-content\/uploads\/2018\/01\/Chin-Augmentation.png","width":485,"height":320},{"@type":"BreadcrumbList","@id":"https:\/\/drcengizhan.com\/fr\/augmentation-du-menton\/#breadcrumb","itemListElement":[{"@type":"ListItem","position":1,"name":"Home","item":"https:\/\/drcengizhan.com\/fr\/"},{"@type":"ListItem","position":2,"name":"Augmentation du menton"}]},{"@type":"WebSite","@id":"https:\/\/drcengizhan.com\/fr\/#website","url":"https:\/\/drcengizhan.com\/fr\/","name":"Dr. Cengizhan Ekizceli","description":"Plastic Surgeon in Turkey","publisher":{"@id":"https:\/\/drcengizhan.com\/fr\/#organization"},"potentialAction":[{"@type":"SearchAction","target":{"@type":"EntryPoint","urlTemplate":"https:\/\/drcengizhan.com\/fr\/?s={search_term_string}"},"query-input":{"@type":"PropertyValueSpecification","valueRequired":true,"valueName":"search_term_string"}}],"inLanguage":"fr-FR"},{"@type":"Organization","@id":"https:\/\/drcengizhan.com\/fr\/#organization","name":"Dr. Cengizhan Ekizceli","url":"https:\/\/drcengizhan.com\/fr\/","logo":{"@type":"ImageObject","inLanguage":"fr-FR","@id":"https:\/\/drcengizhan.com\/fr\/#\/schema\/logo\/image\/","url":"https:\/\/drcengizhan.com\/wp-content\/uploads\/2024\/07\/drce_yatay_logo-e1721899271292.webp","contentUrl":"https:\/\/drcengizhan.com\/wp-content\/uploads\/2024\/07\/drce_yatay_logo-e1721899271292.webp","width":960,"height":307,"caption":"Dr. Cengizhan Ekizceli"},"image":{"@id":"https:\/\/drcengizhan.com\/fr\/#\/schema\/logo\/image\/"},"sameAs":["https:\/\/www.facebook.com\/drcengizhan\/"]}]}},"_links":{"self":[{"href":"https:\/\/drcengizhan.com\/fr\/wp-json\/wp\/v2\/pages\/26866","targetHints":{"allow":["GET"]}}],"collection":[{"href":"https:\/\/drcengizhan.com\/fr\/wp-json\/wp\/v2\/pages"}],"about":[{"href":"https:\/\/drcengizhan.com\/fr\/wp-json\/wp\/v2\/types\/page"}],"author":[{"embeddable":true,"href":"https:\/\/drcengizhan.com\/fr\/wp-json\/wp\/v2\/users\/6"}],"replies":[{"embeddable":true,"href":"https:\/\/drcengizhan.com\/fr\/wp-json\/wp\/v2\/comments?post=26866"}],"version-history":[{"count":0,"href":"https:\/\/drcengizhan.com\/fr\/wp-json\/wp\/v2\/pages\/26866\/revisions"}],"wp:featuredmedia":[{"embeddable":true,"href":"https:\/\/drcengizhan.com\/fr\/wp-json\/wp\/v2\/media\/20733"}],"wp:attachment":[{"href":"https:\/\/drcengizhan.com\/fr\/wp-json\/wp\/v2\/media?parent=26866"}],"curies":[{"name":"wp","href":"https:\/\/api.w.org\/{rel}","templated":true}]}}