{"id":2647,"date":"2023-12-20T11:50:21","date_gmt":"2023-12-20T08:50:21","guid":{"rendered":"https:\/\/drcengizhan.com\/?page_id=2647"},"modified":"2024-09-19T12:28:15","modified_gmt":"2024-09-19T09:28:15","slug":"lifting-des-cuisses","status":"publish","type":"page","link":"https:\/\/drcengizhan.com\/fr\/lifting-des-cuisses\/","title":{"rendered":"Lifting Des Cuisses"},"content":{"rendered":"<p>Le vieillissement, la perte de poids massive et la difficult\u00e9 \u00e0 s&rsquo;adapter aux v\u00eatements en raison de cuisses lourdes sont les raisons courantes pour lesquelles vous devriez envisager un lifting des cuisses.<br \/>\nUn lifting des cuisses est une proc\u00e9dure pratiqu\u00e9e par le Dr Cengizhan Ekizceli qui implique l&rsquo;\u00e9limination de l&rsquo;exc\u00e8s de peau et de graisse de l&rsquo;int\u00e9rieur ou de l&rsquo;ext\u00e9rieur des cuisses.<\/p>\n<h2>\u25cf Qu&rsquo;est-ce que la chirurgie du lifting des cuisses ?<\/h2>\n<p>Il s&rsquo;agit d&rsquo;une intervention chirurgicale visant \u00e0 \u00e9liminer l&rsquo;exc\u00e8s de peau ou de graisse autour des cuisses pour obtenir un contour meilleur, plus lisse, proportionn\u00e9 et ferme.<\/p>\n<h2>\u25cfComment se d\u00e9roule la chirurgie du lifting des cuisses ?<\/h2>\n<p>Le Dr Cengizhan Ekizceli retirera d&rsquo;abord l&rsquo;exc\u00e8s de graisse si le patient a un exc\u00e8s de graisse dans les cuisses.<br \/>\nEnsuite, les zones de peau affaiss\u00e9e sont identifi\u00e9es et des incisions sont pratiqu\u00e9es pour \u00e9liminer l&rsquo;exc\u00e8s de peau.<br \/>\nEnfin, les deux c\u00f4t\u00e9s de la peau sont sutur\u00e9s et ferm\u00e9s pour terminer la chirurgie.<\/p>\n<h2>\u25cfQuels sont les avantages de la chirurgie Tight Lift ?<\/h2>\n<p>Apr\u00e8s la chirurgie, le patient se sent parfaitement \u00e0 l&rsquo;aise avec toutes les options vestimentaires.<br \/>\nEn plus de la commodit\u00e9 de pratiquer la routine quotidienne.<br \/>\nFaites de l&rsquo;exercice car les patients semblent en meilleure sant\u00e9 et plus jeunes qu&rsquo;ils ne le sont.<br \/>\nLa chirurgie de lifting des cuisses donne au patient une augmentation de l&rsquo;estime de soi, de la confiance et de l&rsquo;autosatisfaction.<\/p>\n<h2>\u25cfQuelles sont les techniques de lifting des cuisses ?<\/h2>\n<p>Les techniques de lifting des cuisses varient en fonction de la quantit\u00e9 de peau et de graisse \u00e0 enlever. Dans la technique du lifting de l&rsquo;int\u00e9rieur des cuisses, on se d\u00e9barrasse de la graisse de l&rsquo;int\u00e9rieur des cuisses, devenue difficile \u00e0 exercer et d&rsquo;un r\u00e9gime s\u00e9v\u00e8re.<br \/>\nDans la technique de lifting des cuisses des deux c\u00f4t\u00e9s, nous enlevons de plus grandes quantit\u00e9s de peau chez les patients qui ont un exc\u00e8s de peau en raison d&rsquo;une perte de poids importante.<br \/>\nIl existe \u00e9galement une technique de lifting m\u00e9dial des cuisses que nous r\u00e9alisons pour les patients qui ne sont pas satisfaits de l&rsquo;apparence de leur peau au niveau des cuisses.<br \/>\nParfois, les techniques peuvent \u00eatre combin\u00e9es pour obtenir les meilleurs r\u00e9sultats.<\/p>\n<h2>\u25cfCombien de temps prend la r\u00e9cup\u00e9ration et quand les r\u00e9sultats apparaissent-ils ?<\/h2>\n<p>La p\u00e9riode de r\u00e9cup\u00e9ration prend environ deux ou trois semaines et les r\u00e9sultats sont instantan\u00e9s.<br \/>\nUn changement significatif est not\u00e9 dans la circonf\u00e9rence des jambes.<br \/>\nLes r\u00e9sultats finaux apparaissent apr\u00e8s que la tumeur a compl\u00e8tement diminu\u00e9.<\/p>\n","protected":false},"excerpt":{"rendered":"<p>Le vieillissement, la perte de poids massive et la difficult\u00e9 \u00e0 s&rsquo;adapter aux v\u00eatements en raison de cuisses lourdes sont les raisons courantes pour lesquelles vous devriez envisager un lifting des cuisses. Un lifting des cuisses est une proc\u00e9dure pratiqu\u00e9e par le Dr Cengizhan Ekizceli qui implique l&rsquo;\u00e9limination de l&rsquo;exc\u00e8s de peau et de graisse&hellip;<\/p>\n","protected":false},"author":5,"featured_media":28962,"parent":0,"menu_order":0,"comment_status":"closed","ping_status":"closed","template":"","meta":{"footnotes":""},"class_list":["post-2647","page","type-page","status-publish","has-post-thumbnail","hentry","description-off"],"yoast_head":"<!-- This site is optimized with the Yoast SEO Premium plugin v27.3 (Yoast SEO v27.4) - https:\/\/yoast.com\/product\/yoast-seo-premium-wordpress\/ -->\n<title>Lifting Des Cuisses - Dr. Cengizhan Ekizceli<\/title>\n<meta name=\"description\" content=\"Le lifting des cuisses raffermit et remod\u00e8le les cuisses en \u00e9liminant l&#039;exc\u00e8s de peau, pour des r\u00e9sultats naturels et durables.\" \/>\n<meta name=\"robots\" content=\"index, follow, max-snippet:-1, max-image-preview:large, max-video-preview:-1\" \/>\n<link rel=\"canonical\" href=\"https:\/\/drcengizhan.com\/fr\/lifting-des-cuisses\/\" \/>\n<meta property=\"og:locale\" content=\"fr_FR\" \/>\n<meta property=\"og:type\" content=\"article\" \/>\n<meta property=\"og:title\" content=\"Lifting Des Cuisses\" \/>\n<meta property=\"og:description\" content=\"Le lifting des cuisses raffermit et remod\u00e8le les cuisses en \u00e9liminant l&#039;exc\u00e8s de peau, pour des r\u00e9sultats naturels et durables.\" \/>\n<meta property=\"og:url\" content=\"https:\/\/drcengizhan.com\/fr\/lifting-des-cuisses\/\" \/>\n<meta property=\"og:site_name\" content=\"Dr. Cengizhan Ekizceli\" \/>\n<meta property=\"article:publisher\" content=\"https:\/\/www.facebook.com\/drcengizhan\/\" \/>\n<meta property=\"article:modified_time\" content=\"2024-09-19T09:28:15+00:00\" \/>\n<meta property=\"og:image\" content=\"https:\/\/drcengizhan.com\/wp-content\/uploads\/2024\/11\/Untitled-design-1.jpg\" \/>\n\t<meta property=\"og:image:width\" content=\"1920\" \/>\n\t<meta property=\"og:image:height\" content=\"1080\" \/>\n\t<meta property=\"og:image:type\" content=\"image\/jpeg\" \/>\n<meta name=\"twitter:card\" content=\"summary_large_image\" \/>\n<script type=\"application\/ld+json\" class=\"yoast-schema-graph\">{\"@context\":\"https:\\\/\\\/schema.org\",\"@graph\":[{\"@type\":\"WebPage\",\"@id\":\"https:\\\/\\\/drcengizhan.com\\\/fr\\\/lifting-des-cuisses\\\/\",\"url\":\"https:\\\/\\\/drcengizhan.com\\\/fr\\\/lifting-des-cuisses\\\/\",\"name\":\"Lifting Des Cuisses - Dr. Cengizhan Ekizceli\",\"isPartOf\":{\"@id\":\"https:\\\/\\\/drcengizhan.com\\\/fr\\\/#website\"},\"primaryImageOfPage\":{\"@id\":\"https:\\\/\\\/drcengizhan.com\\\/fr\\\/lifting-des-cuisses\\\/#primaryimage\"},\"image\":{\"@id\":\"https:\\\/\\\/drcengizhan.com\\\/fr\\\/lifting-des-cuisses\\\/#primaryimage\"},\"thumbnailUrl\":\"https:\\\/\\\/drcengizhan.com\\\/wp-content\\\/uploads\\\/2024\\\/11\\\/Untitled-design-1.jpg\",\"datePublished\":\"2023-12-20T08:50:21+00:00\",\"dateModified\":\"2024-09-19T09:28:15+00:00\",\"description\":\"Le lifting des cuisses raffermit et remod\u00e8le les cuisses en \u00e9liminant l'exc\u00e8s de peau, pour des r\u00e9sultats naturels et durables.\",\"breadcrumb\":{\"@id\":\"https:\\\/\\\/drcengizhan.com\\\/fr\\\/lifting-des-cuisses\\\/#breadcrumb\"},\"inLanguage\":\"fr-FR\",\"potentialAction\":[{\"@type\":\"ReadAction\",\"target\":[\"https:\\\/\\\/drcengizhan.com\\\/fr\\\/lifting-des-cuisses\\\/\"]}]},{\"@type\":\"ImageObject\",\"inLanguage\":\"fr-FR\",\"@id\":\"https:\\\/\\\/drcengizhan.com\\\/fr\\\/lifting-des-cuisses\\\/#primaryimage\",\"url\":\"https:\\\/\\\/drcengizhan.com\\\/wp-content\\\/uploads\\\/2024\\\/11\\\/Untitled-design-1.jpg\",\"contentUrl\":\"https:\\\/\\\/drcengizhan.com\\\/wp-content\\\/uploads\\\/2024\\\/11\\\/Untitled-design-1.jpg\",\"width\":1920,\"height\":1080},{\"@type\":\"BreadcrumbList\",\"@id\":\"https:\\\/\\\/drcengizhan.com\\\/fr\\\/lifting-des-cuisses\\\/#breadcrumb\",\"itemListElement\":[{\"@type\":\"ListItem\",\"position\":1,\"name\":\"Home\",\"item\":\"https:\\\/\\\/drcengizhan.com\\\/fr\\\/\"},{\"@type\":\"ListItem\",\"position\":2,\"name\":\"Lifting Des Cuisses\"}]},{\"@type\":\"WebSite\",\"@id\":\"https:\\\/\\\/drcengizhan.com\\\/fr\\\/#website\",\"url\":\"https:\\\/\\\/drcengizhan.com\\\/fr\\\/\",\"name\":\"Dr. Cengizhan Ekizceli\",\"description\":\"Plastic Surgeon in Turkey\",\"publisher\":{\"@id\":\"https:\\\/\\\/drcengizhan.com\\\/fr\\\/#organization\"},\"potentialAction\":[{\"@type\":\"SearchAction\",\"target\":{\"@type\":\"EntryPoint\",\"urlTemplate\":\"https:\\\/\\\/drcengizhan.com\\\/fr\\\/?s={search_term_string}\"},\"query-input\":{\"@type\":\"PropertyValueSpecification\",\"valueRequired\":true,\"valueName\":\"search_term_string\"}}],\"inLanguage\":\"fr-FR\"},{\"@type\":\"Organization\",\"@id\":\"https:\\\/\\\/drcengizhan.com\\\/fr\\\/#organization\",\"name\":\"Dr. Cengizhan Ekizceli\",\"url\":\"https:\\\/\\\/drcengizhan.com\\\/fr\\\/\",\"logo\":{\"@type\":\"ImageObject\",\"inLanguage\":\"fr-FR\",\"@id\":\"https:\\\/\\\/drcengizhan.com\\\/fr\\\/#\\\/schema\\\/logo\\\/image\\\/\",\"url\":\"https:\\\/\\\/drcengizhan.com\\\/wp-content\\\/uploads\\\/2024\\\/07\\\/drce_yatay_logo-e1721899271292.webp\",\"contentUrl\":\"https:\\\/\\\/drcengizhan.com\\\/wp-content\\\/uploads\\\/2024\\\/07\\\/drce_yatay_logo-e1721899271292.webp\",\"width\":960,\"height\":307,\"caption\":\"Dr. Cengizhan Ekizceli\"},\"image\":{\"@id\":\"https:\\\/\\\/drcengizhan.com\\\/fr\\\/#\\\/schema\\\/logo\\\/image\\\/\"},\"sameAs\":[\"https:\\\/\\\/www.facebook.com\\\/drcengizhan\\\/\"]}]}<\/script>\n<!-- \/ Yoast SEO Premium plugin. -->","yoast_head_json":{"title":"Lifting Des Cuisses - Dr. Cengizhan Ekizceli","description":"Le lifting des cuisses raffermit et remod\u00e8le les cuisses en \u00e9liminant l'exc\u00e8s de peau, pour des r\u00e9sultats naturels et durables.","robots":{"index":"index","follow":"follow","max-snippet":"max-snippet:-1","max-image-preview":"max-image-preview:large","max-video-preview":"max-video-preview:-1"},"canonical":"https:\/\/drcengizhan.com\/fr\/lifting-des-cuisses\/","og_locale":"fr_FR","og_type":"article","og_title":"Lifting Des Cuisses","og_description":"Le lifting des cuisses raffermit et remod\u00e8le les cuisses en \u00e9liminant l'exc\u00e8s de peau, pour des r\u00e9sultats naturels et durables.","og_url":"https:\/\/drcengizhan.com\/fr\/lifting-des-cuisses\/","og_site_name":"Dr. Cengizhan Ekizceli","article_publisher":"https:\/\/www.facebook.com\/drcengizhan\/","article_modified_time":"2024-09-19T09:28:15+00:00","og_image":[{"width":1920,"height":1080,"url":"https:\/\/drcengizhan.com\/wp-content\/uploads\/2024\/11\/Untitled-design-1.jpg","type":"image\/jpeg"}],"twitter_card":"summary_large_image","schema":{"@context":"https:\/\/schema.org","@graph":[{"@type":"WebPage","@id":"https:\/\/drcengizhan.com\/fr\/lifting-des-cuisses\/","url":"https:\/\/drcengizhan.com\/fr\/lifting-des-cuisses\/","name":"Lifting Des Cuisses - Dr. Cengizhan Ekizceli","isPartOf":{"@id":"https:\/\/drcengizhan.com\/fr\/#website"},"primaryImageOfPage":{"@id":"https:\/\/drcengizhan.com\/fr\/lifting-des-cuisses\/#primaryimage"},"image":{"@id":"https:\/\/drcengizhan.com\/fr\/lifting-des-cuisses\/#primaryimage"},"thumbnailUrl":"https:\/\/drcengizhan.com\/wp-content\/uploads\/2024\/11\/Untitled-design-1.jpg","datePublished":"2023-12-20T08:50:21+00:00","dateModified":"2024-09-19T09:28:15+00:00","description":"Le lifting des cuisses raffermit et remod\u00e8le les cuisses en \u00e9liminant l'exc\u00e8s de peau, pour des r\u00e9sultats naturels et durables.","breadcrumb":{"@id":"https:\/\/drcengizhan.com\/fr\/lifting-des-cuisses\/#breadcrumb"},"inLanguage":"fr-FR","potentialAction":[{"@type":"ReadAction","target":["https:\/\/drcengizhan.com\/fr\/lifting-des-cuisses\/"]}]},{"@type":"ImageObject","inLanguage":"fr-FR","@id":"https:\/\/drcengizhan.com\/fr\/lifting-des-cuisses\/#primaryimage","url":"https:\/\/drcengizhan.com\/wp-content\/uploads\/2024\/11\/Untitled-design-1.jpg","contentUrl":"https:\/\/drcengizhan.com\/wp-content\/uploads\/2024\/11\/Untitled-design-1.jpg","width":1920,"height":1080},{"@type":"BreadcrumbList","@id":"https:\/\/drcengizhan.com\/fr\/lifting-des-cuisses\/#breadcrumb","itemListElement":[{"@type":"ListItem","position":1,"name":"Home","item":"https:\/\/drcengizhan.com\/fr\/"},{"@type":"ListItem","position":2,"name":"Lifting Des Cuisses"}]},{"@type":"WebSite","@id":"https:\/\/drcengizhan.com\/fr\/#website","url":"https:\/\/drcengizhan.com\/fr\/","name":"Dr. Cengizhan Ekizceli","description":"Plastic Surgeon in Turkey","publisher":{"@id":"https:\/\/drcengizhan.com\/fr\/#organization"},"potentialAction":[{"@type":"SearchAction","target":{"@type":"EntryPoint","urlTemplate":"https:\/\/drcengizhan.com\/fr\/?s={search_term_string}"},"query-input":{"@type":"PropertyValueSpecification","valueRequired":true,"valueName":"search_term_string"}}],"inLanguage":"fr-FR"},{"@type":"Organization","@id":"https:\/\/drcengizhan.com\/fr\/#organization","name":"Dr. Cengizhan Ekizceli","url":"https:\/\/drcengizhan.com\/fr\/","logo":{"@type":"ImageObject","inLanguage":"fr-FR","@id":"https:\/\/drcengizhan.com\/fr\/#\/schema\/logo\/image\/","url":"https:\/\/drcengizhan.com\/wp-content\/uploads\/2024\/07\/drce_yatay_logo-e1721899271292.webp","contentUrl":"https:\/\/drcengizhan.com\/wp-content\/uploads\/2024\/07\/drce_yatay_logo-e1721899271292.webp","width":960,"height":307,"caption":"Dr. Cengizhan Ekizceli"},"image":{"@id":"https:\/\/drcengizhan.com\/fr\/#\/schema\/logo\/image\/"},"sameAs":["https:\/\/www.facebook.com\/drcengizhan\/"]}]}},"_links":{"self":[{"href":"https:\/\/drcengizhan.com\/fr\/wp-json\/wp\/v2\/pages\/2647","targetHints":{"allow":["GET"]}}],"collection":[{"href":"https:\/\/drcengizhan.com\/fr\/wp-json\/wp\/v2\/pages"}],"about":[{"href":"https:\/\/drcengizhan.com\/fr\/wp-json\/wp\/v2\/types\/page"}],"author":[{"embeddable":true,"href":"https:\/\/drcengizhan.com\/fr\/wp-json\/wp\/v2\/users\/5"}],"replies":[{"embeddable":true,"href":"https:\/\/drcengizhan.com\/fr\/wp-json\/wp\/v2\/comments?post=2647"}],"version-history":[{"count":0,"href":"https:\/\/drcengizhan.com\/fr\/wp-json\/wp\/v2\/pages\/2647\/revisions"}],"wp:featuredmedia":[{"embeddable":true,"href":"https:\/\/drcengizhan.com\/fr\/wp-json\/wp\/v2\/media\/28962"}],"wp:attachment":[{"href":"https:\/\/drcengizhan.com\/fr\/wp-json\/wp\/v2\/media?parent=2647"}],"curies":[{"name":"wp","href":"https:\/\/api.w.org\/{rel}","templated":true}]}}