{"id":2591,"date":"2023-12-20T10:07:30","date_gmt":"2023-12-20T07:07:30","guid":{"rendered":"https:\/\/drcengizhan.com\/?page_id=2591"},"modified":"2024-09-30T17:34:51","modified_gmt":"2024-09-30T14:34:51","slug":"gynecomastie","status":"publish","type":"page","link":"https:\/\/drcengizhan.com\/fr\/gynecomastie\/","title":{"rendered":"Gyn\u00e9comastie"},"content":{"rendered":"<p>La gyn\u00e9comastie est la condition d&rsquo;hypertrophie des seins chez les hommes qui survient \u00e0 n&rsquo;importe quelle \u00e9tape de la vie d&rsquo;un homme en raison de changements hormonaux, de la g\u00e9n\u00e9tique, de l&rsquo;ob\u00e9sit\u00e9 ou de l&rsquo;utilisation de certains m\u00e9dicaments.<br \/>\nLa gyn\u00e9comastie est une chirurgie plastique pratiqu\u00e9e par le Dr Cengizhan Ekizceli pour \u00e9liminer l&rsquo;exc\u00e8s de peau et de graisse dans le tissu mammaire et obtenir les contours id\u00e9aux de la poitrine masculine.<\/p>\n<h2>\u25cf Quels types de chirurgies sont pratiqu\u00e9es en gyn\u00e9comastie ?<\/h2>\n<p>Le Dr Cengizhan Ekizceli propose deux options principales dans le cadre de la chirurgie de la gyn\u00e9comastie, \u00e0 savoir la liposuccion et l&rsquo;\u00e9limination de l&rsquo;exc\u00e8s de peau.<\/p>\n<h2>\u25cf Comment se d\u00e9roule la proc\u00e9dure de gyn\u00e9comastie ?<\/h2>\n<p>Le Dr Cengizhan Ekizceli effectue une op\u00e9ration de gyn\u00e9comastie sous anesth\u00e9sie g\u00e9n\u00e9rale, cela prend environ 2 heures.<br \/>\nLa chirurgie de la gyn\u00e9comastie se fait en enlevant l&rsquo;exc\u00e8s de graisse et de tissu dans le sein.<br \/>\nLe m\u00e9decin fait de petites incisions et ins\u00e8re un tube de liposuccion dans le sein pour \u00e9liminer les cellules graisseuses. Puis l&rsquo;exc\u00e8s de peau enlev\u00e9 au besoin<\/p>\n<h2>\u25cf Comment se pr\u00e9parer \u00e0 la chirurgie ?<\/h2>\n<p>Le Dr Cengizhan Ekizceli effectue les tests n\u00e9cessaires pour le patient avant la chirurgie. Le patient doit arr\u00eater de prendre des anticoagulants et \u00e9viter de manger de la nourriture et de l&rsquo;eau 8 heures avant la chirurgie.<\/p>\n<h2>\u25cf Combien de temps dure le processus de r\u00e9cup\u00e9ration ?<\/h2>\n<p>Un homme reprend ses activit\u00e9s quotidiennes deux semaines apr\u00e8s l&rsquo;op\u00e9ration et \u00e9vite toute activit\u00e9 physique intense jusqu&rsquo;\u00e0 six semaines de r\u00e9cup\u00e9ration.<\/p>\n<h2>\u25cf Y aura-t-il des cicatrices visibles apr\u00e8s la chirurgie ?<\/h2>\n<p>Bien s\u00fbr, il peut y avoir des cicatrices apr\u00e8s une chirurgie de gyn\u00e9comastie. Les cicatrices s&rsquo;estompent avec le temps et varient selon la technique qui a \u00e9t\u00e9 utilis\u00e9e selon l&rsquo;\u00e9tat du patient.<\/p>\n<h2>\u25cf L&rsquo;op\u00e9ration est-elle douloureuse ?<\/h2>\n<p>De nombreux patients admettent que la chirurgie n&rsquo;est pas aussi douloureuse qu&rsquo;ils s&rsquo;y attendaient et que la r\u00e9cup\u00e9ration est tr\u00e8s facile.<br \/>\nIls rapportent \u00e9galement que la douleur est tr\u00e8s similaire \u00e0 la sensation post-exercice de la poitrine dans le gymnase.<\/p>\n<h2>\u25cf Quand les r\u00e9sultats commencent-ils \u00e0 appara\u00eetre ?<\/h2>\n<p>La plupart des r\u00e9sultats sont imm\u00e9diats dans la zone autour de la poitrine et g\u00e9n\u00e9ralement, les r\u00e9sultats finaux apparaissent dans les 4 \u00e0 6 mois.<br \/>\nBien s\u00fbr, l&rsquo;enflure et les ecchymoses sont normales apr\u00e8s la chirurgie, et le temps de r\u00e9cup\u00e9ration d\u00e9pend du patient lui-m\u00eame.<\/p>\n","protected":false},"excerpt":{"rendered":"<p>La gyn\u00e9comastie est la condition d&rsquo;hypertrophie des seins chez les hommes qui survient \u00e0 n&rsquo;importe quelle \u00e9tape de la vie d&rsquo;un homme en raison de changements hormonaux, de la g\u00e9n\u00e9tique, de l&rsquo;ob\u00e9sit\u00e9 ou de l&rsquo;utilisation de certains m\u00e9dicaments. La gyn\u00e9comastie est une chirurgie plastique pratiqu\u00e9e par le Dr Cengizhan Ekizceli pour \u00e9liminer l&rsquo;exc\u00e8s de peau&hellip;<\/p>\n","protected":false},"author":5,"featured_media":28292,"parent":0,"menu_order":0,"comment_status":"closed","ping_status":"closed","template":"","meta":{"footnotes":""},"class_list":["post-2591","page","type-page","status-publish","has-post-thumbnail","hentry","description-off"],"yoast_head":"<!-- This site is optimized with the Yoast SEO Premium plugin v27.3 (Yoast SEO v27.5) - https:\/\/yoast.com\/product\/yoast-seo-premium-wordpress\/ -->\n<title>Gyn\u00e9comastie - Dr. Cengizhan Ekizceli<\/title>\n<meta name=\"description\" content=\"Le Dr. Cengizhan Ekizceli propose une chirurgie de la gyn\u00e9comastie pour r\u00e9duire l&#039;exc\u00e8s de tissu mammaire chez l&#039;homme et obtenir un torse plus masculin et d\u00e9fini.\" \/>\n<meta name=\"robots\" content=\"index, follow, max-snippet:-1, max-image-preview:large, max-video-preview:-1\" \/>\n<link rel=\"canonical\" href=\"https:\/\/drcengizhan.com\/fr\/gynecomastie\/\" \/>\n<meta property=\"og:locale\" content=\"fr_FR\" \/>\n<meta property=\"og:type\" content=\"article\" \/>\n<meta property=\"og:title\" content=\"Gyn\u00e9comastie\" \/>\n<meta property=\"og:description\" content=\"Le Dr. Cengizhan Ekizceli propose une chirurgie de la gyn\u00e9comastie pour r\u00e9duire l&#039;exc\u00e8s de tissu mammaire chez l&#039;homme et obtenir un torse plus masculin et d\u00e9fini.\" \/>\n<meta property=\"og:url\" content=\"https:\/\/drcengizhan.com\/fr\/gynecomastie\/\" \/>\n<meta property=\"og:site_name\" content=\"Dr. Cengizhan Ekizceli\" \/>\n<meta property=\"article:publisher\" content=\"https:\/\/www.facebook.com\/drcengizhan\/\" \/>\n<meta property=\"article:modified_time\" content=\"2024-09-30T14:34:51+00:00\" \/>\n<meta property=\"og:image\" content=\"https:\/\/drcengizhan.com\/wp-content\/uploads\/2024\/10\/Gynecomastia_by_dr_cengizhan_1920x1080.jpg\" \/>\n\t<meta property=\"og:image:width\" content=\"1920\" \/>\n\t<meta property=\"og:image:height\" content=\"1080\" \/>\n\t<meta property=\"og:image:type\" content=\"image\/jpeg\" \/>\n<meta name=\"twitter:card\" content=\"summary_large_image\" \/>\n<script type=\"application\/ld+json\" class=\"yoast-schema-graph\">{\"@context\":\"https:\\\/\\\/schema.org\",\"@graph\":[{\"@type\":\"WebPage\",\"@id\":\"https:\\\/\\\/drcengizhan.com\\\/fr\\\/gynecomastie\\\/\",\"url\":\"https:\\\/\\\/drcengizhan.com\\\/fr\\\/gynecomastie\\\/\",\"name\":\"Gyn\u00e9comastie - Dr. Cengizhan Ekizceli\",\"isPartOf\":{\"@id\":\"https:\\\/\\\/drcengizhan.com\\\/fr\\\/#website\"},\"primaryImageOfPage\":{\"@id\":\"https:\\\/\\\/drcengizhan.com\\\/fr\\\/gynecomastie\\\/#primaryimage\"},\"image\":{\"@id\":\"https:\\\/\\\/drcengizhan.com\\\/fr\\\/gynecomastie\\\/#primaryimage\"},\"thumbnailUrl\":\"https:\\\/\\\/drcengizhan.com\\\/wp-content\\\/uploads\\\/2024\\\/10\\\/Gynecomastia_by_dr_cengizhan_1920x1080.jpg\",\"datePublished\":\"2023-12-20T07:07:30+00:00\",\"dateModified\":\"2024-09-30T14:34:51+00:00\",\"description\":\"Le Dr. Cengizhan Ekizceli propose une chirurgie de la gyn\u00e9comastie pour r\u00e9duire l'exc\u00e8s de tissu mammaire chez l'homme et obtenir un torse plus masculin et d\u00e9fini.\",\"breadcrumb\":{\"@id\":\"https:\\\/\\\/drcengizhan.com\\\/fr\\\/gynecomastie\\\/#breadcrumb\"},\"inLanguage\":\"fr-FR\",\"potentialAction\":[{\"@type\":\"ReadAction\",\"target\":[\"https:\\\/\\\/drcengizhan.com\\\/fr\\\/gynecomastie\\\/\"]}]},{\"@type\":\"ImageObject\",\"inLanguage\":\"fr-FR\",\"@id\":\"https:\\\/\\\/drcengizhan.com\\\/fr\\\/gynecomastie\\\/#primaryimage\",\"url\":\"https:\\\/\\\/drcengizhan.com\\\/wp-content\\\/uploads\\\/2024\\\/10\\\/Gynecomastia_by_dr_cengizhan_1920x1080.jpg\",\"contentUrl\":\"https:\\\/\\\/drcengizhan.com\\\/wp-content\\\/uploads\\\/2024\\\/10\\\/Gynecomastia_by_dr_cengizhan_1920x1080.jpg\",\"width\":1920,\"height\":1080},{\"@type\":\"BreadcrumbList\",\"@id\":\"https:\\\/\\\/drcengizhan.com\\\/fr\\\/gynecomastie\\\/#breadcrumb\",\"itemListElement\":[{\"@type\":\"ListItem\",\"position\":1,\"name\":\"Home\",\"item\":\"https:\\\/\\\/drcengizhan.com\\\/fr\\\/\"},{\"@type\":\"ListItem\",\"position\":2,\"name\":\"Gyn\u00e9comastie\"}]},{\"@type\":\"WebSite\",\"@id\":\"https:\\\/\\\/drcengizhan.com\\\/fr\\\/#website\",\"url\":\"https:\\\/\\\/drcengizhan.com\\\/fr\\\/\",\"name\":\"Dr. Cengizhan Ekizceli\",\"description\":\"Plastic Surgeon in Turkey\",\"publisher\":{\"@id\":\"https:\\\/\\\/drcengizhan.com\\\/fr\\\/#organization\"},\"potentialAction\":[{\"@type\":\"SearchAction\",\"target\":{\"@type\":\"EntryPoint\",\"urlTemplate\":\"https:\\\/\\\/drcengizhan.com\\\/fr\\\/?s={search_term_string}\"},\"query-input\":{\"@type\":\"PropertyValueSpecification\",\"valueRequired\":true,\"valueName\":\"search_term_string\"}}],\"inLanguage\":\"fr-FR\"},{\"@type\":\"Organization\",\"@id\":\"https:\\\/\\\/drcengizhan.com\\\/fr\\\/#organization\",\"name\":\"Dr. Cengizhan Ekizceli\",\"url\":\"https:\\\/\\\/drcengizhan.com\\\/fr\\\/\",\"logo\":{\"@type\":\"ImageObject\",\"inLanguage\":\"fr-FR\",\"@id\":\"https:\\\/\\\/drcengizhan.com\\\/fr\\\/#\\\/schema\\\/logo\\\/image\\\/\",\"url\":\"https:\\\/\\\/drcengizhan.com\\\/wp-content\\\/uploads\\\/2024\\\/07\\\/drce_yatay_logo-e1721899271292.webp\",\"contentUrl\":\"https:\\\/\\\/drcengizhan.com\\\/wp-content\\\/uploads\\\/2024\\\/07\\\/drce_yatay_logo-e1721899271292.webp\",\"width\":960,\"height\":307,\"caption\":\"Dr. Cengizhan Ekizceli\"},\"image\":{\"@id\":\"https:\\\/\\\/drcengizhan.com\\\/fr\\\/#\\\/schema\\\/logo\\\/image\\\/\"},\"sameAs\":[\"https:\\\/\\\/www.facebook.com\\\/drcengizhan\\\/\"]}]}<\/script>\n<!-- \/ Yoast SEO Premium plugin. -->","yoast_head_json":{"title":"Gyn\u00e9comastie - Dr. Cengizhan Ekizceli","description":"Le Dr. Cengizhan Ekizceli propose une chirurgie de la gyn\u00e9comastie pour r\u00e9duire l'exc\u00e8s de tissu mammaire chez l'homme et obtenir un torse plus masculin et d\u00e9fini.","robots":{"index":"index","follow":"follow","max-snippet":"max-snippet:-1","max-image-preview":"max-image-preview:large","max-video-preview":"max-video-preview:-1"},"canonical":"https:\/\/drcengizhan.com\/fr\/gynecomastie\/","og_locale":"fr_FR","og_type":"article","og_title":"Gyn\u00e9comastie","og_description":"Le Dr. Cengizhan Ekizceli propose une chirurgie de la gyn\u00e9comastie pour r\u00e9duire l'exc\u00e8s de tissu mammaire chez l'homme et obtenir un torse plus masculin et d\u00e9fini.","og_url":"https:\/\/drcengizhan.com\/fr\/gynecomastie\/","og_site_name":"Dr. Cengizhan Ekizceli","article_publisher":"https:\/\/www.facebook.com\/drcengizhan\/","article_modified_time":"2024-09-30T14:34:51+00:00","og_image":[{"width":1920,"height":1080,"url":"https:\/\/drcengizhan.com\/wp-content\/uploads\/2024\/10\/Gynecomastia_by_dr_cengizhan_1920x1080.jpg","type":"image\/jpeg"}],"twitter_card":"summary_large_image","schema":{"@context":"https:\/\/schema.org","@graph":[{"@type":"WebPage","@id":"https:\/\/drcengizhan.com\/fr\/gynecomastie\/","url":"https:\/\/drcengizhan.com\/fr\/gynecomastie\/","name":"Gyn\u00e9comastie - Dr. Cengizhan Ekizceli","isPartOf":{"@id":"https:\/\/drcengizhan.com\/fr\/#website"},"primaryImageOfPage":{"@id":"https:\/\/drcengizhan.com\/fr\/gynecomastie\/#primaryimage"},"image":{"@id":"https:\/\/drcengizhan.com\/fr\/gynecomastie\/#primaryimage"},"thumbnailUrl":"https:\/\/drcengizhan.com\/wp-content\/uploads\/2024\/10\/Gynecomastia_by_dr_cengizhan_1920x1080.jpg","datePublished":"2023-12-20T07:07:30+00:00","dateModified":"2024-09-30T14:34:51+00:00","description":"Le Dr. Cengizhan Ekizceli propose une chirurgie de la gyn\u00e9comastie pour r\u00e9duire l'exc\u00e8s de tissu mammaire chez l'homme et obtenir un torse plus masculin et d\u00e9fini.","breadcrumb":{"@id":"https:\/\/drcengizhan.com\/fr\/gynecomastie\/#breadcrumb"},"inLanguage":"fr-FR","potentialAction":[{"@type":"ReadAction","target":["https:\/\/drcengizhan.com\/fr\/gynecomastie\/"]}]},{"@type":"ImageObject","inLanguage":"fr-FR","@id":"https:\/\/drcengizhan.com\/fr\/gynecomastie\/#primaryimage","url":"https:\/\/drcengizhan.com\/wp-content\/uploads\/2024\/10\/Gynecomastia_by_dr_cengizhan_1920x1080.jpg","contentUrl":"https:\/\/drcengizhan.com\/wp-content\/uploads\/2024\/10\/Gynecomastia_by_dr_cengizhan_1920x1080.jpg","width":1920,"height":1080},{"@type":"BreadcrumbList","@id":"https:\/\/drcengizhan.com\/fr\/gynecomastie\/#breadcrumb","itemListElement":[{"@type":"ListItem","position":1,"name":"Home","item":"https:\/\/drcengizhan.com\/fr\/"},{"@type":"ListItem","position":2,"name":"Gyn\u00e9comastie"}]},{"@type":"WebSite","@id":"https:\/\/drcengizhan.com\/fr\/#website","url":"https:\/\/drcengizhan.com\/fr\/","name":"Dr. Cengizhan Ekizceli","description":"Plastic Surgeon in Turkey","publisher":{"@id":"https:\/\/drcengizhan.com\/fr\/#organization"},"potentialAction":[{"@type":"SearchAction","target":{"@type":"EntryPoint","urlTemplate":"https:\/\/drcengizhan.com\/fr\/?s={search_term_string}"},"query-input":{"@type":"PropertyValueSpecification","valueRequired":true,"valueName":"search_term_string"}}],"inLanguage":"fr-FR"},{"@type":"Organization","@id":"https:\/\/drcengizhan.com\/fr\/#organization","name":"Dr. Cengizhan Ekizceli","url":"https:\/\/drcengizhan.com\/fr\/","logo":{"@type":"ImageObject","inLanguage":"fr-FR","@id":"https:\/\/drcengizhan.com\/fr\/#\/schema\/logo\/image\/","url":"https:\/\/drcengizhan.com\/wp-content\/uploads\/2024\/07\/drce_yatay_logo-e1721899271292.webp","contentUrl":"https:\/\/drcengizhan.com\/wp-content\/uploads\/2024\/07\/drce_yatay_logo-e1721899271292.webp","width":960,"height":307,"caption":"Dr. Cengizhan Ekizceli"},"image":{"@id":"https:\/\/drcengizhan.com\/fr\/#\/schema\/logo\/image\/"},"sameAs":["https:\/\/www.facebook.com\/drcengizhan\/"]}]}},"_links":{"self":[{"href":"https:\/\/drcengizhan.com\/fr\/wp-json\/wp\/v2\/pages\/2591","targetHints":{"allow":["GET"]}}],"collection":[{"href":"https:\/\/drcengizhan.com\/fr\/wp-json\/wp\/v2\/pages"}],"about":[{"href":"https:\/\/drcengizhan.com\/fr\/wp-json\/wp\/v2\/types\/page"}],"author":[{"embeddable":true,"href":"https:\/\/drcengizhan.com\/fr\/wp-json\/wp\/v2\/users\/5"}],"replies":[{"embeddable":true,"href":"https:\/\/drcengizhan.com\/fr\/wp-json\/wp\/v2\/comments?post=2591"}],"version-history":[{"count":0,"href":"https:\/\/drcengizhan.com\/fr\/wp-json\/wp\/v2\/pages\/2591\/revisions"}],"wp:featuredmedia":[{"embeddable":true,"href":"https:\/\/drcengizhan.com\/fr\/wp-json\/wp\/v2\/media\/28292"}],"wp:attachment":[{"href":"https:\/\/drcengizhan.com\/fr\/wp-json\/wp\/v2\/media?parent=2591"}],"curies":[{"name":"wp","href":"https:\/\/api.w.org\/{rel}","templated":true}]}}