{"id":2553,"date":"2023-12-20T08:06:10","date_gmt":"2023-12-20T05:06:10","guid":{"rendered":"https:\/\/drcengizhan.com\/?page_id=2553"},"modified":"2024-10-25T10:38:37","modified_gmt":"2024-10-25T07:38:37","slug":"reduction-mammaire","status":"publish","type":"page","link":"https:\/\/drcengizhan.com\/fr\/reduction-mammaire\/","title":{"rendered":"R\u00e9duction Mammaire"},"content":{"rendered":"\n<p>La r\u00e9duction mammaire est une chirurgie plastique que le Dr Cengizhan Ekizceli pratique pour r\u00e9duire la taille des gros seins en enlevant l&rsquo;exc\u00e8s de graisse, de tissu mammaire et de peau des seins pour obtenir une taille de poitrine proportionnelle au corps.<\/p>\n\n\n\n<figure class=\"wp-block-embed is-type-video is-provider-youtube wp-block-embed-youtube wp-embed-aspect-16-9 wp-has-aspect-ratio\"><div class=\"wp-block-embed__wrapper\">\n<iframe title=\"Breast Reduction \u2013 ALL EXPLAINED! | Q&amp;A with Dr. Cengizhan \ud83d\udc40\" width=\"1200\" height=\"675\" src=\"https:\/\/www.youtube.com\/embed\/-UXH4SqXHgQ?feature=oembed\" frameborder=\"0\" allow=\"accelerometer; autoplay; clipboard-write; encrypted-media; gyroscope; picture-in-picture; web-share\" referrerpolicy=\"strict-origin-when-cross-origin\" allowfullscreen><\/iframe>\n<\/div><\/figure>\n\n\n\n<h2 class=\"wp-block-heading\" id=\"h-pourquoi-la-chirurgie-de-reduction-mammaire-est-elle-necessaire\">\u25cf Pourquoi la chirurgie de r\u00e9duction mammaire est-elle n\u00e9cessaire ?<\/h2>\n\n\n\n<p>\u00c9tant donn\u00e9 que le sein est l&rsquo;une des parties les plus importantes du corps d&rsquo;une femme, la chirurgie de r\u00e9duction mammaire contribue \u00e0 am\u00e9liorer l&rsquo;image de soi en corrigeant l&rsquo;affaissement, l&rsquo;asym\u00e9trie et les d\u00e9formations du sein et du mamelon.<\/p>\n\n\n\n<h2 class=\"wp-block-heading\" id=\"h-comment-se-deroule-la-chirurgie-esthetique-de-reduction-mammaire\">\u25cf Comment se d\u00e9roule la chirurgie esth\u00e9tique de r\u00e9duction mammaire ?<\/h2>\n\n\n\n<p>La chirurgie de r\u00e9duction mammaire est r\u00e9alis\u00e9e sous anesth\u00e9sie g\u00e9n\u00e9rale et dure 2 \u00e0 5 heures.<br>Techniquement, les chirurgies de lifting et de r\u00e9duction mammaire sont similaires, c&rsquo;est pourquoi le Dr Cengizhan Ekizceli effectue la chirurgie avec une technique qui convient \u00e0 chaque patiente.<br>La position et le type de plaies sont soigneusement s\u00e9lectionn\u00e9s, en plus du fait que les cicatrices sont cach\u00e9es sous les sous-v\u00eatements.<\/p>\n\n\n\n<h2 class=\"wp-block-heading\" id=\"h-y-aura-t-il-des-cicatrices-apres-la-chirurgie-de-reduction-mammaire\">\u25cf Y aura-t-il des cicatrices apr\u00e8s la chirurgie de r\u00e9duction mammaire ?<\/h2>\n\n\n\n<p>Les cicatrices sont cach\u00e9es sous les sous-v\u00eatements et s&rsquo;estompent au fil des mois et des ann\u00e9es.<\/p>\n\n\n\n<h2 class=\"wp-block-heading\" id=\"h-l-allaitement-est-il-possible-apres-une-chirurgie-d-augmentation-mammaire\">\u25cf L&rsquo;allaitement est-il possible apr\u00e8s une chirurgie d&rsquo;augmentation mammaire ?<\/h2>\n\n\n\n<p>L&rsquo;id\u00e9e qu&rsquo;une femme ne puisse pas allaiter apr\u00e8s avoir subi une chirurgie de r\u00e9duction mammaire est un mythe. La v\u00e9rit\u00e9 est que les femmes qui ont subi une chirurgie de r\u00e9duction mammaire n&rsquo;affectent jamais le processus d&rsquo;allaitement car le tissu fonctionnel n&rsquo;est pas retir\u00e9 pendant l&rsquo;intervention chirurgicale mais est laiss\u00e9 pour permettre la production de lait apr\u00e8s la chirurgie.<br>Pendant l&rsquo;op\u00e9ration, il convient de pr\u00eater attention aux canaux de lait. Bien qu&rsquo;il soit pr\u00e9f\u00e9rable de reporter l&rsquo;op\u00e9ration jusqu&rsquo;\u00e0 la naissance des enfants.<\/p>\n\n\n\n<h2 class=\"wp-block-heading\" id=\"h-quel-est-l-age-approprie-pour-la-chirurgie-de-reduction-mammaire\">\u25cf Quel est l&rsquo;\u00e2ge appropri\u00e9 pour la chirurgie de r\u00e9duction mammaire ?<\/h2>\n\n\n\n<p>Selon le Dr Cengizhan Ekizceli, il n&rsquo;y a pas d&rsquo;\u00e2ge sp\u00e9cifique pour effectuer une chirurgie de r\u00e9duction mammaire tant que les seins sont compl\u00e8tement d\u00e9velopp\u00e9s et que la patiente est suffisamment consciente pour comprendre la proc\u00e9dure et les avantages de la chirurgie, en plus de la capacit\u00e9 de suivre le les instructions du m\u00e9decin avec pr\u00e9cision apr\u00e8s la chirurgie.<\/p>\n\n\n\n<h2 class=\"wp-block-heading\" id=\"h-y-a-t-il-de-la-douleur-apres-la-chirurgie-de-reduction-mammaire\">\u25cf Y a-t-il de la douleur apr\u00e8s la chirurgie de r\u00e9duction mammaire ?<\/h2>\n\n\n\n<p>Pendant la proc\u00e9dure, le patient est sous anesth\u00e9sie g\u00e9n\u00e9rale et ne sentira ni ne se souviendra de rien. En ce qui concerne la douleur, il faut pr\u00e9ciser que chaque patient a un certain degr\u00e9 de douleur, car chaque personne a une exp\u00e9rience diff\u00e9rente, donc les degr\u00e9s de douleur varient entre eux.<br>Mais on peut dire que la douleur caus\u00e9e par la chirurgie est tr\u00e8s minime et peut \u00eatre r\u00e9duite en utilisant des analg\u00e9siques et des m\u00e9dicaments pr\u00e9c\u00e9demment prescrits par le Dr Cengizhan Ekizceli.<\/p>\n\n\n\n<h2 class=\"wp-block-heading\" id=\"h-qui-peut-choisir-la-taille-a-laquelle-la-reduction-mammaire-est-pratiquee\">\u25cf Qui peut choisir la taille \u00e0 laquelle la r\u00e9duction mammaire est pratiqu\u00e9e ?<\/h2>\n\n\n\n<p>Le Dr Cengizhan Ekizceli discute avec la patiente des attentes concernant les r\u00e9sultats de l&rsquo;op\u00e9ration et la taille des seins et vous conseille ce qui vous convient, en particulier que certaines personnes demandent que la taille des seins soit petite et que d&rsquo;autres pr\u00e9f\u00e8rent des tailles plus grandes. qui sont plus proportionnels au corps.<\/p>\n\n\n\n<h2 class=\"wp-block-heading\" id=\"h-la-chirurgie-laisse-t-elle-des-cicatrices-l-effet-des-cicatrices-s-estompe-t-il-avec-le-temps\">\u25cf La chirurgie laisse-t-elle des cicatrices ? L&rsquo;effet des cicatrices s&rsquo;estompe-t-il avec le temps ?<\/h2>\n\n\n\n<p>Toutes les interventions chirurgicales laissent des cicatrices, dont la plupart s&rsquo;estompent avec le temps avec quelques traces, car il faut tenir compte du fait que les cicatrices diff\u00e8rent d&rsquo;une personne \u00e0 l&rsquo;autre selon la nature de la peau.<br>Il convient de noter qu&rsquo;il existe des techniques qui peuvent \u00eatre utilis\u00e9es par le Dr Cengizhan Ekizceli pour aider \u00e0 r\u00e9duire l&rsquo;apparence des cicatrices et le m\u00e9decin choisira la technique la plus appropri\u00e9e pour le corps du patient.<\/p>\n\n\n\n<h2 class=\"wp-block-heading\" id=\"h-combien-de-temps-faut-il-pour-sentir-a-nouveau-les-seins\">\u25cf Combien de temps faut-il pour sentir \u00e0 nouveau les seins ?<\/h2>\n\n\n\n<p>Cela varie d&rsquo;un patient \u00e0 l&rsquo;autre et cela peut prendre de 3 \u00e0 6 mois.<\/p>\n","protected":false},"excerpt":{"rendered":"<p>La r\u00e9duction mammaire est une chirurgie plastique que le Dr Cengizhan Ekizceli pratique pour r\u00e9duire la taille des gros seins en enlevant l&rsquo;exc\u00e8s de graisse, de tissu mammaire et de peau des seins pour obtenir une taille de poitrine proportionnelle au corps. \u25cf Pourquoi la chirurgie de r\u00e9duction mammaire est-elle n\u00e9cessaire ? \u00c9tant donn\u00e9 que&hellip;<\/p>\n","protected":false},"author":5,"featured_media":28032,"parent":0,"menu_order":0,"comment_status":"closed","ping_status":"closed","template":"","meta":{"footnotes":""},"class_list":["post-2553","page","type-page","status-publish","has-post-thumbnail","hentry","description-off"],"yoast_head":"<!-- This site is optimized with the Yoast SEO Premium plugin v27.3 (Yoast SEO v27.3) - https:\/\/yoast.com\/product\/yoast-seo-premium-wordpress\/ -->\n<title>R\u00e9duction Mammaire - Dr. Cengizhan Ekizceli<\/title>\n<meta name=\"description\" content=\"La r\u00e9duction mammaire permet d\u2019\u00e9liminer l\u2019exc\u00e8s de tissu mammaire pour offrir une silhouette plus \u00e9quilibr\u00e9e et proportionn\u00e9e, avec des r\u00e9sultats naturels et durables.\" \/>\n<meta name=\"robots\" content=\"index, follow, max-snippet:-1, max-image-preview:large, max-video-preview:-1\" \/>\n<link rel=\"canonical\" href=\"https:\/\/drcengizhan.com\/fr\/reduction-mammaire\/\" \/>\n<meta property=\"og:locale\" content=\"fr_FR\" \/>\n<meta property=\"og:type\" content=\"article\" \/>\n<meta property=\"og:title\" content=\"R\u00e9duction Mammaire\" \/>\n<meta property=\"og:description\" content=\"La r\u00e9duction mammaire permet d\u2019\u00e9liminer l\u2019exc\u00e8s de tissu mammaire pour offrir une silhouette plus \u00e9quilibr\u00e9e et proportionn\u00e9e, avec des r\u00e9sultats naturels et durables.\" \/>\n<meta property=\"og:url\" content=\"https:\/\/drcengizhan.com\/fr\/reduction-mammaire\/\" \/>\n<meta property=\"og:site_name\" content=\"Dr. Cengizhan Ekizceli\" \/>\n<meta property=\"article:publisher\" content=\"https:\/\/www.facebook.com\/drcengizhan\/\" \/>\n<meta property=\"article:modified_time\" content=\"2024-10-25T07:38:37+00:00\" \/>\n<meta property=\"og:image\" content=\"https:\/\/drcengizhan.com\/wp-content\/uploads\/2024\/09\/breast_reduction_by_dr_cengizhan_1920x1080.jpg\" \/>\n\t<meta property=\"og:image:width\" content=\"1920\" \/>\n\t<meta property=\"og:image:height\" content=\"1080\" \/>\n\t<meta property=\"og:image:type\" content=\"image\/jpeg\" \/>\n<meta name=\"twitter:card\" content=\"summary_large_image\" \/>\n<script type=\"application\/ld+json\" class=\"yoast-schema-graph\">{\"@context\":\"https:\\\/\\\/schema.org\",\"@graph\":[{\"@type\":\"WebPage\",\"@id\":\"https:\\\/\\\/drcengizhan.com\\\/fr\\\/reduction-mammaire\\\/\",\"url\":\"https:\\\/\\\/drcengizhan.com\\\/fr\\\/reduction-mammaire\\\/\",\"name\":\"R\u00e9duction Mammaire - Dr. Cengizhan Ekizceli\",\"isPartOf\":{\"@id\":\"https:\\\/\\\/drcengizhan.com\\\/fr\\\/#website\"},\"primaryImageOfPage\":{\"@id\":\"https:\\\/\\\/drcengizhan.com\\\/fr\\\/reduction-mammaire\\\/#primaryimage\"},\"image\":{\"@id\":\"https:\\\/\\\/drcengizhan.com\\\/fr\\\/reduction-mammaire\\\/#primaryimage\"},\"thumbnailUrl\":\"https:\\\/\\\/drcengizhan.com\\\/wp-content\\\/uploads\\\/2024\\\/09\\\/breast_reduction_by_dr_cengizhan_1920x1080.jpg\",\"datePublished\":\"2023-12-20T05:06:10+00:00\",\"dateModified\":\"2024-10-25T07:38:37+00:00\",\"description\":\"La r\u00e9duction mammaire permet d\u2019\u00e9liminer l\u2019exc\u00e8s de tissu mammaire pour offrir une silhouette plus \u00e9quilibr\u00e9e et proportionn\u00e9e, avec des r\u00e9sultats naturels et durables.\",\"breadcrumb\":{\"@id\":\"https:\\\/\\\/drcengizhan.com\\\/fr\\\/reduction-mammaire\\\/#breadcrumb\"},\"inLanguage\":\"fr-FR\",\"potentialAction\":[{\"@type\":\"ReadAction\",\"target\":[\"https:\\\/\\\/drcengizhan.com\\\/fr\\\/reduction-mammaire\\\/\"]}]},{\"@type\":\"ImageObject\",\"inLanguage\":\"fr-FR\",\"@id\":\"https:\\\/\\\/drcengizhan.com\\\/fr\\\/reduction-mammaire\\\/#primaryimage\",\"url\":\"https:\\\/\\\/drcengizhan.com\\\/wp-content\\\/uploads\\\/2024\\\/09\\\/breast_reduction_by_dr_cengizhan_1920x1080.jpg\",\"contentUrl\":\"https:\\\/\\\/drcengizhan.com\\\/wp-content\\\/uploads\\\/2024\\\/09\\\/breast_reduction_by_dr_cengizhan_1920x1080.jpg\",\"width\":1920,\"height\":1080},{\"@type\":\"BreadcrumbList\",\"@id\":\"https:\\\/\\\/drcengizhan.com\\\/fr\\\/reduction-mammaire\\\/#breadcrumb\",\"itemListElement\":[{\"@type\":\"ListItem\",\"position\":1,\"name\":\"Home\",\"item\":\"https:\\\/\\\/drcengizhan.com\\\/fr\\\/\"},{\"@type\":\"ListItem\",\"position\":2,\"name\":\"R\u00e9duction Mammaire\"}]},{\"@type\":\"WebSite\",\"@id\":\"https:\\\/\\\/drcengizhan.com\\\/fr\\\/#website\",\"url\":\"https:\\\/\\\/drcengizhan.com\\\/fr\\\/\",\"name\":\"Dr. Cengizhan Ekizceli\",\"description\":\"Plastic Surgeon in Turkey\",\"publisher\":{\"@id\":\"https:\\\/\\\/drcengizhan.com\\\/fr\\\/#organization\"},\"potentialAction\":[{\"@type\":\"SearchAction\",\"target\":{\"@type\":\"EntryPoint\",\"urlTemplate\":\"https:\\\/\\\/drcengizhan.com\\\/fr\\\/?s={search_term_string}\"},\"query-input\":{\"@type\":\"PropertyValueSpecification\",\"valueRequired\":true,\"valueName\":\"search_term_string\"}}],\"inLanguage\":\"fr-FR\"},{\"@type\":\"Organization\",\"@id\":\"https:\\\/\\\/drcengizhan.com\\\/fr\\\/#organization\",\"name\":\"Dr. Cengizhan Ekizceli\",\"url\":\"https:\\\/\\\/drcengizhan.com\\\/fr\\\/\",\"logo\":{\"@type\":\"ImageObject\",\"inLanguage\":\"fr-FR\",\"@id\":\"https:\\\/\\\/drcengizhan.com\\\/fr\\\/#\\\/schema\\\/logo\\\/image\\\/\",\"url\":\"https:\\\/\\\/drcengizhan.com\\\/wp-content\\\/uploads\\\/2024\\\/07\\\/drce_yatay_logo-e1721899271292.webp\",\"contentUrl\":\"https:\\\/\\\/drcengizhan.com\\\/wp-content\\\/uploads\\\/2024\\\/07\\\/drce_yatay_logo-e1721899271292.webp\",\"width\":960,\"height\":307,\"caption\":\"Dr. Cengizhan Ekizceli\"},\"image\":{\"@id\":\"https:\\\/\\\/drcengizhan.com\\\/fr\\\/#\\\/schema\\\/logo\\\/image\\\/\"},\"sameAs\":[\"https:\\\/\\\/www.facebook.com\\\/drcengizhan\\\/\"]}]}<\/script>\n<!-- \/ Yoast SEO Premium plugin. -->","yoast_head_json":{"title":"R\u00e9duction Mammaire - Dr. Cengizhan Ekizceli","description":"La r\u00e9duction mammaire permet d\u2019\u00e9liminer l\u2019exc\u00e8s de tissu mammaire pour offrir une silhouette plus \u00e9quilibr\u00e9e et proportionn\u00e9e, avec des r\u00e9sultats naturels et durables.","robots":{"index":"index","follow":"follow","max-snippet":"max-snippet:-1","max-image-preview":"max-image-preview:large","max-video-preview":"max-video-preview:-1"},"canonical":"https:\/\/drcengizhan.com\/fr\/reduction-mammaire\/","og_locale":"fr_FR","og_type":"article","og_title":"R\u00e9duction Mammaire","og_description":"La r\u00e9duction mammaire permet d\u2019\u00e9liminer l\u2019exc\u00e8s de tissu mammaire pour offrir une silhouette plus \u00e9quilibr\u00e9e et proportionn\u00e9e, avec des r\u00e9sultats naturels et durables.","og_url":"https:\/\/drcengizhan.com\/fr\/reduction-mammaire\/","og_site_name":"Dr. Cengizhan Ekizceli","article_publisher":"https:\/\/www.facebook.com\/drcengizhan\/","article_modified_time":"2024-10-25T07:38:37+00:00","og_image":[{"width":1920,"height":1080,"url":"https:\/\/drcengizhan.com\/wp-content\/uploads\/2024\/09\/breast_reduction_by_dr_cengizhan_1920x1080.jpg","type":"image\/jpeg"}],"twitter_card":"summary_large_image","schema":{"@context":"https:\/\/schema.org","@graph":[{"@type":"WebPage","@id":"https:\/\/drcengizhan.com\/fr\/reduction-mammaire\/","url":"https:\/\/drcengizhan.com\/fr\/reduction-mammaire\/","name":"R\u00e9duction Mammaire - Dr. Cengizhan Ekizceli","isPartOf":{"@id":"https:\/\/drcengizhan.com\/fr\/#website"},"primaryImageOfPage":{"@id":"https:\/\/drcengizhan.com\/fr\/reduction-mammaire\/#primaryimage"},"image":{"@id":"https:\/\/drcengizhan.com\/fr\/reduction-mammaire\/#primaryimage"},"thumbnailUrl":"https:\/\/drcengizhan.com\/wp-content\/uploads\/2024\/09\/breast_reduction_by_dr_cengizhan_1920x1080.jpg","datePublished":"2023-12-20T05:06:10+00:00","dateModified":"2024-10-25T07:38:37+00:00","description":"La r\u00e9duction mammaire permet d\u2019\u00e9liminer l\u2019exc\u00e8s de tissu mammaire pour offrir une silhouette plus \u00e9quilibr\u00e9e et proportionn\u00e9e, avec des r\u00e9sultats naturels et durables.","breadcrumb":{"@id":"https:\/\/drcengizhan.com\/fr\/reduction-mammaire\/#breadcrumb"},"inLanguage":"fr-FR","potentialAction":[{"@type":"ReadAction","target":["https:\/\/drcengizhan.com\/fr\/reduction-mammaire\/"]}]},{"@type":"ImageObject","inLanguage":"fr-FR","@id":"https:\/\/drcengizhan.com\/fr\/reduction-mammaire\/#primaryimage","url":"https:\/\/drcengizhan.com\/wp-content\/uploads\/2024\/09\/breast_reduction_by_dr_cengizhan_1920x1080.jpg","contentUrl":"https:\/\/drcengizhan.com\/wp-content\/uploads\/2024\/09\/breast_reduction_by_dr_cengizhan_1920x1080.jpg","width":1920,"height":1080},{"@type":"BreadcrumbList","@id":"https:\/\/drcengizhan.com\/fr\/reduction-mammaire\/#breadcrumb","itemListElement":[{"@type":"ListItem","position":1,"name":"Home","item":"https:\/\/drcengizhan.com\/fr\/"},{"@type":"ListItem","position":2,"name":"R\u00e9duction Mammaire"}]},{"@type":"WebSite","@id":"https:\/\/drcengizhan.com\/fr\/#website","url":"https:\/\/drcengizhan.com\/fr\/","name":"Dr. Cengizhan Ekizceli","description":"Plastic Surgeon in Turkey","publisher":{"@id":"https:\/\/drcengizhan.com\/fr\/#organization"},"potentialAction":[{"@type":"SearchAction","target":{"@type":"EntryPoint","urlTemplate":"https:\/\/drcengizhan.com\/fr\/?s={search_term_string}"},"query-input":{"@type":"PropertyValueSpecification","valueRequired":true,"valueName":"search_term_string"}}],"inLanguage":"fr-FR"},{"@type":"Organization","@id":"https:\/\/drcengizhan.com\/fr\/#organization","name":"Dr. Cengizhan Ekizceli","url":"https:\/\/drcengizhan.com\/fr\/","logo":{"@type":"ImageObject","inLanguage":"fr-FR","@id":"https:\/\/drcengizhan.com\/fr\/#\/schema\/logo\/image\/","url":"https:\/\/drcengizhan.com\/wp-content\/uploads\/2024\/07\/drce_yatay_logo-e1721899271292.webp","contentUrl":"https:\/\/drcengizhan.com\/wp-content\/uploads\/2024\/07\/drce_yatay_logo-e1721899271292.webp","width":960,"height":307,"caption":"Dr. Cengizhan Ekizceli"},"image":{"@id":"https:\/\/drcengizhan.com\/fr\/#\/schema\/logo\/image\/"},"sameAs":["https:\/\/www.facebook.com\/drcengizhan\/"]}]}},"_links":{"self":[{"href":"https:\/\/drcengizhan.com\/fr\/wp-json\/wp\/v2\/pages\/2553","targetHints":{"allow":["GET"]}}],"collection":[{"href":"https:\/\/drcengizhan.com\/fr\/wp-json\/wp\/v2\/pages"}],"about":[{"href":"https:\/\/drcengizhan.com\/fr\/wp-json\/wp\/v2\/types\/page"}],"author":[{"embeddable":true,"href":"https:\/\/drcengizhan.com\/fr\/wp-json\/wp\/v2\/users\/5"}],"replies":[{"embeddable":true,"href":"https:\/\/drcengizhan.com\/fr\/wp-json\/wp\/v2\/comments?post=2553"}],"version-history":[{"count":0,"href":"https:\/\/drcengizhan.com\/fr\/wp-json\/wp\/v2\/pages\/2553\/revisions"}],"wp:featuredmedia":[{"embeddable":true,"href":"https:\/\/drcengizhan.com\/fr\/wp-json\/wp\/v2\/media\/28032"}],"wp:attachment":[{"href":"https:\/\/drcengizhan.com\/fr\/wp-json\/wp\/v2\/media?parent=2553"}],"curies":[{"name":"wp","href":"https:\/\/api.w.org\/{rel}","templated":true}]}}