{"id":2545,"date":"2023-12-19T13:04:23","date_gmt":"2023-12-19T10:04:23","guid":{"rendered":"https:\/\/drcengizhan.com\/?page_id=2545"},"modified":"2024-10-26T00:46:04","modified_gmt":"2024-10-25T21:46:04","slug":"levage-brestois","status":"publish","type":"page","link":"https:\/\/drcengizhan.com\/fr\/levage-brestois\/","title":{"rendered":"Levage Brestois"},"content":{"rendered":"\n<h2 class=\"wp-block-heading\" id=\"h-qu-est-ce-que-le-lifting-des-seins\">\u25cf Qu&rsquo;est-ce que le lifting des seins ?<\/h2>\n\n\n\n<p>Le lifting des seins pratiqu\u00e9 par le Dr Cengizhan Ekizceli est une chirurgie esth\u00e9tique destin\u00e9e aux patientes qui se plaignent de leurs seins pour les aider \u00e0 am\u00e9liorer la forme des seins, \u00e0 restaurer leur forme juv\u00e9nile et \u00e0 renforcer leur image de soi et leur confiance en soi apr\u00e8s l&rsquo;accouchement. , l&rsquo;allaitement et la perte de poids.<br>Un lifting des seins peut \u00eatre fait en combinaison avec une augmentation mammaire ou une r\u00e9duction mammaire. Si les seins sont gros, l&rsquo;exc\u00e8s de peau et de tissu mammaire est retir\u00e9 et le mamelon est amen\u00e9 l\u00e0 o\u00f9 il devrait \u00eatre. Dans le cas de petits seins, des proth\u00e8ses en silicone sont utilis\u00e9es.<\/p>\n\n\n\n<h2 class=\"wp-block-heading\" id=\"h-qui-est-un-bon-candidat-pour-le-lifting-des-seins\">\u25cf Qui est un bon candidat pour le lifting des seins ?<\/h2>\n\n\n\n<p>Le Dr Cengizhan Ekizceli explique que le premier candidat a de gros seins d\u00e8s qu&rsquo;ils commencent \u00e0 affecter la vie du patient.<br>De m\u00eame, les patientes qui se plaignent d&rsquo;un tissu mammaire affaiss\u00e9 et qui manquent de confiance en elles dans la vie sociale sont \u00e9galement de bonnes candidates.<br>D&rsquo;autre part, il y a la restriction d&rsquo;\u00e2ge, seuls les patients \u00e2g\u00e9s de plus de dix-huit ans peuvent subir l&rsquo;intervention chirurgicale.<\/p>\n\n\n\n<h2 class=\"wp-block-heading\" id=\"h-comment-se-deroule-le-lifting-mammaire\">\u25cf Comment se d\u00e9roule le lifting mammaire ?<\/h2>\n\n\n\n<p>Le Dr Cengizhan Ekizceli effectue la proc\u00e9dure de lifting des seins sous anesth\u00e9sie g\u00e9n\u00e9rale, cela prend environ 2 \u00e0 2,5 heures.<br>Dans cette chirurgie, la premi\u00e8re chose que nous faisons est d&rsquo;extraire l&rsquo;exc\u00e8s de tissu mammaire et de l&rsquo;envoyer au service de pathologie, afin qu&rsquo;ils puissent examiner tout probl\u00e8me \u00e9ventuel.<br>plus tard, les seins sont remodel\u00e9s et l&rsquo;exc\u00e8s de tissu mammaire et de peau est retir\u00e9 pour am\u00e9liorer le contour des seins, puis le mamelon et l&rsquo;ar\u00e9ole sont repositionn\u00e9s \u00e0 une hauteur naturelle.<\/p>\n\n\n\n<h2 class=\"wp-block-heading\" id=\"h-combien-de-temps-le-patient-doit-il-attendre-pour-reprendre-une-vie-normale\">\u25cf Combien de temps le patient doit-il attendre pour reprendre une vie normale ?<\/h2>\n\n\n\n<p>Apr\u00e8s la chirurgie, le patient est conduit dans une chambre de service et surveill\u00e9 pendant une nuit. Ensuite, le patient commence \u00e0 porter un corset sp\u00e9cial et les drains sont retir\u00e9s apr\u00e8s 3 jours afin que le patient puisse reprendre sa vie quotidienne.<\/p>\n\n\n\n<h2 class=\"wp-block-heading\" id=\"h-l-operation-laisse-t-elle-des-cicatrices\">\u25cf L&rsquo;op\u00e9ration laisse-t-elle des cicatrices ?<\/h2>\n\n\n\n<p>Le Dr Cengizhan Ekizceli d\u00e9clare que cela d\u00e9pend de la technique utilis\u00e9e. Il peut \u00eatre autour de l&rsquo;ar\u00e9ole et verticalement de l&rsquo;ar\u00e9ole au pli du sein, ou autour de l&rsquo;ar\u00e9ole verticalement du pli du sein et horizontalement le long du pli du sein.<\/p>\n\n\n\n<h2 class=\"wp-block-heading\" id=\"h-comment-le-type-de-cicatrices-est-il-determine\">\u25cf Comment le type de cicatrices est-il d\u00e9termin\u00e9 ?<\/h2>\n\n\n\n<p>Elle est d\u00e9termin\u00e9e par la technique chirurgicale et par la taille du sein dans cette technique, mais il y a toujours des cicatrices apr\u00e8s la chirurgie.<br>Ils deviennent \u00e0 peine perceptibles avec le temps, puisque les patients se d\u00e9barrassent du poids, ils ne se soucient pas vraiment des cicatrices.<\/p>\n\n\n\n<h2 class=\"wp-block-heading\" id=\"h-l-allaitement-est-il-possible-apres-une-operation-de-lifting-mammaire\">\u25cf L&rsquo;allaitement est-il possible apr\u00e8s une op\u00e9ration de lifting mammaire ?<\/h2>\n\n\n\n<p>\u00c9tant donn\u00e9 que les tissus mammaires sont retir\u00e9s, la taille des seins est \u00e9galement r\u00e9duite, il y aura donc une diminution de la quantit\u00e9 de lait, mais l&rsquo;op\u00e9ration n&rsquo;affecte pas la capacit\u00e9 d&rsquo;allaitement, vous pouvez donc allaiter \u00e9galement pendant la p\u00e9riode de r\u00e9cup\u00e9ration.<\/p>\n\n\n\n<h2 class=\"wp-block-heading\" id=\"h-combien-de-temps-dure-la-periode-de-recuperation\">\u25cf Combien de temps dure la p\u00e9riode de r\u00e9cup\u00e9ration ?<\/h2>\n\n\n\n<p>Environ une semaine de repos suffit, apr\u00e8s quoi les patients peuvent reprendre leur vie quotidienne.<\/p>\n","protected":false},"excerpt":{"rendered":"<p>\u25cf Qu&rsquo;est-ce que le lifting des seins ? Le lifting des seins pratiqu\u00e9 par le Dr Cengizhan Ekizceli est une chirurgie esth\u00e9tique destin\u00e9e aux patientes qui se plaignent de leurs seins pour les aider \u00e0 am\u00e9liorer la forme des seins, \u00e0 restaurer leur forme juv\u00e9nile et \u00e0 renforcer leur image de soi et leur confiance&hellip;<\/p>\n","protected":false},"author":5,"featured_media":27568,"parent":0,"menu_order":0,"comment_status":"closed","ping_status":"closed","template":"","meta":{"footnotes":""},"class_list":["post-2545","page","type-page","status-publish","has-post-thumbnail","hentry","description-off"],"yoast_head":"<!-- This site is optimized with the Yoast SEO Premium plugin v27.3 (Yoast SEO v27.4) - https:\/\/yoast.com\/product\/yoast-seo-premium-wordpress\/ -->\n<title>Levage Brestois - Dr. Cengizhan Ekizceli<\/title>\n<meta name=\"description\" content=\"Le lifting mammaire corrige le rel\u00e2chement des seins, offrant une silhouette plus ferme et rajeunie avec des r\u00e9sultats durables et naturels.\" \/>\n<meta name=\"robots\" content=\"index, follow, max-snippet:-1, max-image-preview:large, max-video-preview:-1\" \/>\n<link rel=\"canonical\" href=\"https:\/\/drcengizhan.com\/fr\/levage-brestois\/\" \/>\n<meta property=\"og:locale\" content=\"fr_FR\" \/>\n<meta property=\"og:type\" content=\"article\" \/>\n<meta property=\"og:title\" content=\"Levage Brestois\" \/>\n<meta property=\"og:description\" content=\"Le lifting mammaire corrige le rel\u00e2chement des seins, offrant une silhouette plus ferme et rajeunie avec des r\u00e9sultats durables et naturels.\" \/>\n<meta property=\"og:url\" content=\"https:\/\/drcengizhan.com\/fr\/levage-brestois\/\" \/>\n<meta property=\"og:site_name\" content=\"Dr. Cengizhan Ekizceli\" \/>\n<meta property=\"article:publisher\" content=\"https:\/\/www.facebook.com\/drcengizhan\/\" \/>\n<meta property=\"article:modified_time\" content=\"2024-10-25T21:46:04+00:00\" \/>\n<meta property=\"og:image\" content=\"https:\/\/drcengizhan.com\/wp-content\/uploads\/2024\/09\/breast_lift_by_dr_cengizhanekizceli_1920x1080.jpg\" \/>\n\t<meta property=\"og:image:width\" content=\"1920\" \/>\n\t<meta property=\"og:image:height\" content=\"1080\" \/>\n\t<meta property=\"og:image:type\" content=\"image\/jpeg\" \/>\n<meta name=\"twitter:card\" content=\"summary_large_image\" \/>\n<script type=\"application\/ld+json\" class=\"yoast-schema-graph\">{\"@context\":\"https:\\\/\\\/schema.org\",\"@graph\":[{\"@type\":\"WebPage\",\"@id\":\"https:\\\/\\\/drcengizhan.com\\\/fr\\\/levage-brestois\\\/\",\"url\":\"https:\\\/\\\/drcengizhan.com\\\/fr\\\/levage-brestois\\\/\",\"name\":\"Levage Brestois - Dr. Cengizhan Ekizceli\",\"isPartOf\":{\"@id\":\"https:\\\/\\\/drcengizhan.com\\\/fr\\\/#website\"},\"primaryImageOfPage\":{\"@id\":\"https:\\\/\\\/drcengizhan.com\\\/fr\\\/levage-brestois\\\/#primaryimage\"},\"image\":{\"@id\":\"https:\\\/\\\/drcengizhan.com\\\/fr\\\/levage-brestois\\\/#primaryimage\"},\"thumbnailUrl\":\"https:\\\/\\\/drcengizhan.com\\\/wp-content\\\/uploads\\\/2024\\\/09\\\/breast_lift_by_dr_cengizhanekizceli_1920x1080.jpg\",\"datePublished\":\"2023-12-19T10:04:23+00:00\",\"dateModified\":\"2024-10-25T21:46:04+00:00\",\"description\":\"Le lifting mammaire corrige le rel\u00e2chement des seins, offrant une silhouette plus ferme et rajeunie avec des r\u00e9sultats durables et naturels.\",\"breadcrumb\":{\"@id\":\"https:\\\/\\\/drcengizhan.com\\\/fr\\\/levage-brestois\\\/#breadcrumb\"},\"inLanguage\":\"fr-FR\",\"potentialAction\":[{\"@type\":\"ReadAction\",\"target\":[\"https:\\\/\\\/drcengizhan.com\\\/fr\\\/levage-brestois\\\/\"]}]},{\"@type\":\"ImageObject\",\"inLanguage\":\"fr-FR\",\"@id\":\"https:\\\/\\\/drcengizhan.com\\\/fr\\\/levage-brestois\\\/#primaryimage\",\"url\":\"https:\\\/\\\/drcengizhan.com\\\/wp-content\\\/uploads\\\/2024\\\/09\\\/breast_lift_by_dr_cengizhanekizceli_1920x1080.jpg\",\"contentUrl\":\"https:\\\/\\\/drcengizhan.com\\\/wp-content\\\/uploads\\\/2024\\\/09\\\/breast_lift_by_dr_cengizhanekizceli_1920x1080.jpg\",\"width\":1920,\"height\":1080},{\"@type\":\"BreadcrumbList\",\"@id\":\"https:\\\/\\\/drcengizhan.com\\\/fr\\\/levage-brestois\\\/#breadcrumb\",\"itemListElement\":[{\"@type\":\"ListItem\",\"position\":1,\"name\":\"Home\",\"item\":\"https:\\\/\\\/drcengizhan.com\\\/fr\\\/\"},{\"@type\":\"ListItem\",\"position\":2,\"name\":\"Levage Brestois\"}]},{\"@type\":\"WebSite\",\"@id\":\"https:\\\/\\\/drcengizhan.com\\\/fr\\\/#website\",\"url\":\"https:\\\/\\\/drcengizhan.com\\\/fr\\\/\",\"name\":\"Dr. Cengizhan Ekizceli\",\"description\":\"Plastic Surgeon in Turkey\",\"publisher\":{\"@id\":\"https:\\\/\\\/drcengizhan.com\\\/fr\\\/#organization\"},\"potentialAction\":[{\"@type\":\"SearchAction\",\"target\":{\"@type\":\"EntryPoint\",\"urlTemplate\":\"https:\\\/\\\/drcengizhan.com\\\/fr\\\/?s={search_term_string}\"},\"query-input\":{\"@type\":\"PropertyValueSpecification\",\"valueRequired\":true,\"valueName\":\"search_term_string\"}}],\"inLanguage\":\"fr-FR\"},{\"@type\":\"Organization\",\"@id\":\"https:\\\/\\\/drcengizhan.com\\\/fr\\\/#organization\",\"name\":\"Dr. Cengizhan Ekizceli\",\"url\":\"https:\\\/\\\/drcengizhan.com\\\/fr\\\/\",\"logo\":{\"@type\":\"ImageObject\",\"inLanguage\":\"fr-FR\",\"@id\":\"https:\\\/\\\/drcengizhan.com\\\/fr\\\/#\\\/schema\\\/logo\\\/image\\\/\",\"url\":\"https:\\\/\\\/drcengizhan.com\\\/wp-content\\\/uploads\\\/2024\\\/07\\\/drce_yatay_logo-e1721899271292.webp\",\"contentUrl\":\"https:\\\/\\\/drcengizhan.com\\\/wp-content\\\/uploads\\\/2024\\\/07\\\/drce_yatay_logo-e1721899271292.webp\",\"width\":960,\"height\":307,\"caption\":\"Dr. Cengizhan Ekizceli\"},\"image\":{\"@id\":\"https:\\\/\\\/drcengizhan.com\\\/fr\\\/#\\\/schema\\\/logo\\\/image\\\/\"},\"sameAs\":[\"https:\\\/\\\/www.facebook.com\\\/drcengizhan\\\/\"]}]}<\/script>\n<!-- \/ Yoast SEO Premium plugin. -->","yoast_head_json":{"title":"Levage Brestois - Dr. Cengizhan Ekizceli","description":"Le lifting mammaire corrige le rel\u00e2chement des seins, offrant une silhouette plus ferme et rajeunie avec des r\u00e9sultats durables et naturels.","robots":{"index":"index","follow":"follow","max-snippet":"max-snippet:-1","max-image-preview":"max-image-preview:large","max-video-preview":"max-video-preview:-1"},"canonical":"https:\/\/drcengizhan.com\/fr\/levage-brestois\/","og_locale":"fr_FR","og_type":"article","og_title":"Levage Brestois","og_description":"Le lifting mammaire corrige le rel\u00e2chement des seins, offrant une silhouette plus ferme et rajeunie avec des r\u00e9sultats durables et naturels.","og_url":"https:\/\/drcengizhan.com\/fr\/levage-brestois\/","og_site_name":"Dr. Cengizhan Ekizceli","article_publisher":"https:\/\/www.facebook.com\/drcengizhan\/","article_modified_time":"2024-10-25T21:46:04+00:00","og_image":[{"width":1920,"height":1080,"url":"https:\/\/drcengizhan.com\/wp-content\/uploads\/2024\/09\/breast_lift_by_dr_cengizhanekizceli_1920x1080.jpg","type":"image\/jpeg"}],"twitter_card":"summary_large_image","schema":{"@context":"https:\/\/schema.org","@graph":[{"@type":"WebPage","@id":"https:\/\/drcengizhan.com\/fr\/levage-brestois\/","url":"https:\/\/drcengizhan.com\/fr\/levage-brestois\/","name":"Levage Brestois - Dr. Cengizhan Ekizceli","isPartOf":{"@id":"https:\/\/drcengizhan.com\/fr\/#website"},"primaryImageOfPage":{"@id":"https:\/\/drcengizhan.com\/fr\/levage-brestois\/#primaryimage"},"image":{"@id":"https:\/\/drcengizhan.com\/fr\/levage-brestois\/#primaryimage"},"thumbnailUrl":"https:\/\/drcengizhan.com\/wp-content\/uploads\/2024\/09\/breast_lift_by_dr_cengizhanekizceli_1920x1080.jpg","datePublished":"2023-12-19T10:04:23+00:00","dateModified":"2024-10-25T21:46:04+00:00","description":"Le lifting mammaire corrige le rel\u00e2chement des seins, offrant une silhouette plus ferme et rajeunie avec des r\u00e9sultats durables et naturels.","breadcrumb":{"@id":"https:\/\/drcengizhan.com\/fr\/levage-brestois\/#breadcrumb"},"inLanguage":"fr-FR","potentialAction":[{"@type":"ReadAction","target":["https:\/\/drcengizhan.com\/fr\/levage-brestois\/"]}]},{"@type":"ImageObject","inLanguage":"fr-FR","@id":"https:\/\/drcengizhan.com\/fr\/levage-brestois\/#primaryimage","url":"https:\/\/drcengizhan.com\/wp-content\/uploads\/2024\/09\/breast_lift_by_dr_cengizhanekizceli_1920x1080.jpg","contentUrl":"https:\/\/drcengizhan.com\/wp-content\/uploads\/2024\/09\/breast_lift_by_dr_cengizhanekizceli_1920x1080.jpg","width":1920,"height":1080},{"@type":"BreadcrumbList","@id":"https:\/\/drcengizhan.com\/fr\/levage-brestois\/#breadcrumb","itemListElement":[{"@type":"ListItem","position":1,"name":"Home","item":"https:\/\/drcengizhan.com\/fr\/"},{"@type":"ListItem","position":2,"name":"Levage Brestois"}]},{"@type":"WebSite","@id":"https:\/\/drcengizhan.com\/fr\/#website","url":"https:\/\/drcengizhan.com\/fr\/","name":"Dr. Cengizhan Ekizceli","description":"Plastic Surgeon in Turkey","publisher":{"@id":"https:\/\/drcengizhan.com\/fr\/#organization"},"potentialAction":[{"@type":"SearchAction","target":{"@type":"EntryPoint","urlTemplate":"https:\/\/drcengizhan.com\/fr\/?s={search_term_string}"},"query-input":{"@type":"PropertyValueSpecification","valueRequired":true,"valueName":"search_term_string"}}],"inLanguage":"fr-FR"},{"@type":"Organization","@id":"https:\/\/drcengizhan.com\/fr\/#organization","name":"Dr. Cengizhan Ekizceli","url":"https:\/\/drcengizhan.com\/fr\/","logo":{"@type":"ImageObject","inLanguage":"fr-FR","@id":"https:\/\/drcengizhan.com\/fr\/#\/schema\/logo\/image\/","url":"https:\/\/drcengizhan.com\/wp-content\/uploads\/2024\/07\/drce_yatay_logo-e1721899271292.webp","contentUrl":"https:\/\/drcengizhan.com\/wp-content\/uploads\/2024\/07\/drce_yatay_logo-e1721899271292.webp","width":960,"height":307,"caption":"Dr. Cengizhan Ekizceli"},"image":{"@id":"https:\/\/drcengizhan.com\/fr\/#\/schema\/logo\/image\/"},"sameAs":["https:\/\/www.facebook.com\/drcengizhan\/"]}]}},"_links":{"self":[{"href":"https:\/\/drcengizhan.com\/fr\/wp-json\/wp\/v2\/pages\/2545","targetHints":{"allow":["GET"]}}],"collection":[{"href":"https:\/\/drcengizhan.com\/fr\/wp-json\/wp\/v2\/pages"}],"about":[{"href":"https:\/\/drcengizhan.com\/fr\/wp-json\/wp\/v2\/types\/page"}],"author":[{"embeddable":true,"href":"https:\/\/drcengizhan.com\/fr\/wp-json\/wp\/v2\/users\/5"}],"replies":[{"embeddable":true,"href":"https:\/\/drcengizhan.com\/fr\/wp-json\/wp\/v2\/comments?post=2545"}],"version-history":[{"count":0,"href":"https:\/\/drcengizhan.com\/fr\/wp-json\/wp\/v2\/pages\/2545\/revisions"}],"wp:featuredmedia":[{"embeddable":true,"href":"https:\/\/drcengizhan.com\/fr\/wp-json\/wp\/v2\/media\/27568"}],"wp:attachment":[{"href":"https:\/\/drcengizhan.com\/fr\/wp-json\/wp\/v2\/media?parent=2545"}],"curies":[{"name":"wp","href":"https:\/\/api.w.org\/{rel}","templated":true}]}}