{"id":2481,"date":"2023-12-19T07:56:08","date_gmt":"2023-12-19T04:56:08","guid":{"rendered":"https:\/\/drcengizhan.com\/?page_id=2481"},"modified":"2024-09-24T18:07:21","modified_gmt":"2024-09-24T15:07:21","slug":"tummy-tuck","status":"publish","type":"page","link":"https:\/\/drcengizhan.com\/fr\/tummy-tuck\/","title":{"rendered":"Abdominoplastie (Tummy Tuck)"},"content":{"rendered":"<p>L&rsquo;accouchement ou un changement significatif de poids peut \u00e9largir et s\u00e9parer les muscles abdominaux. Cela entra\u00eene souvent une apparence gonfl\u00e9e persistante du ventre que vous pourriez d\u00e9tester voir.<\/p>\n<p>Ne vous culpabilisez pas si un r\u00e9gime excessif ou des exercices intensifs ne donnent pas un ventre plus plat ! M\u00eame en l&rsquo;absence de graisse abdominale, le rel\u00e2chement de la paroi abdominale peut cr\u00e9er une peau flasque dans la zone concern\u00e9e.<\/p>\n<p>Le Dr Cengizhan Ekizceli pratique l&rsquo;abdominoplastie, \u00e9galement connue sous le nom de plastie abdominale, une proc\u00e9dure chirurgicale sophistiqu\u00e9e con\u00e7ue pour r\u00e9soudre ce probl\u00e8me. L&rsquo;op\u00e9ration renforce non seulement les muscles abdominaux, mais \u00e9limine \u00e9galement l&rsquo;exc\u00e8s de peau et de tissu adipeux des r\u00e9gions abdominales inf\u00e9rieure et sup\u00e9rieure.<\/p>\n<p>L&rsquo;objectif final est de restaurer efficacement la fermet\u00e9 de la paroi abdominale. Cette proc\u00e9dure transformatrice peut aider les patients \u00e0 retrouver une silhouette tonique et galb\u00e9e, am\u00e9liorant \u00e0 la fois leur apparence et leur confiance.<\/p>\n<h2>\u00c9tapes de la chirurgie<\/h2>\n<h3>Pr\u00e9-op\u00e9ration<\/h3>\n<h4>Consultation et planification :<\/h4>\n<p>Votre parcours commence par une consultation approfondie avec un chirurgien plasticien certifi\u00e9. Lors de cette s\u00e9ance, votre m\u00e9decin \u00e9valuera vos ant\u00e9c\u00e9dents m\u00e9dicaux, discutera de vos objectifs esth\u00e9tiques et effectuera un examen physique. C&rsquo;est le moment de poser des questions et d&rsquo;exprimer vos pr\u00e9occupations. Le chirurgien expliquera les diff\u00e9rents types de proc\u00e9dures d&rsquo;abdominoplastie (voir ci-dessous) et recommandera la meilleure option pour vous !<\/p>\n<p>Obtenez une consultation gratuite en ligne \u00e0 l&rsquo;avance !<br \/>\nCliquez ici pour commencer votre parcours ! \ud83e\udd29<\/p>\n<h4>Comment vous pr\u00e9parer \u00e0 l&rsquo;op\u00e9ration :<\/h4>\n<p>Dans les semaines pr\u00e9c\u00e9dant votre abdominoplastie, il vous sera conseill\u00e9 de&#8230;<\/p>\n<ul>\n<li>Arr\u00eater de fumer si vous \u00eates fumeur. Le tabagisme peut entraver la r\u00e9cup\u00e9ration et augmenter le risque de complications.<\/li>\n<li>\u00c9viter certains m\u00e9dicaments. Les m\u00e9dicaments anticoagulants et les suppl\u00e9ments tels que l&rsquo;aspirine, les anti-inflammatoires et les suppl\u00e9ments \u00e0 base de plantes ne doivent pas \u00eatre pris.<\/li>\n<li>Maintenir une alimentation saine. Manger un r\u00e9gime \u00e9quilibr\u00e9 riche en vitamines et en prot\u00e9ines peut am\u00e9liorer les capacit\u00e9s de gu\u00e9rison de votre corps.<\/li>\n<li>Organiser une assistance. Pr\u00e9voyez quelqu&rsquo;un pour vous ramener chez vous apr\u00e8s l&rsquo;op\u00e9ration et vous aider pendant la p\u00e9riode de r\u00e9cup\u00e9ration initiale.<\/li>\n<\/ul>\n<h4>Comment votre m\u00e9decin vous instruira :<\/h4>\n<p>Votre chirurgien vous donnera des instructions sp\u00e9cifiques \u00e0 suivre la veille et le jour de l&rsquo;op\u00e9ration. Cela peut inclure le je\u00fbne apr\u00e8s minuit et l&rsquo;\u00e9vitement de l&rsquo;utilisation de lotions ou de cr\u00e8mes sur la zone abdominale.<\/p>\n<h3>Pendant l&rsquo;op\u00e9ration<\/h3>\n<h4>Anesth\u00e9sie :<\/h4>\n<p>Avant que tout ne commence, vous recevrez une anesth\u00e9sie pour votre confort. Il peut s&rsquo;agir d&rsquo;une anesth\u00e9sie g\u00e9n\u00e9rale ou d&rsquo;une s\u00e9dation intraveineuse, selon ce que votre m\u00e9decin juge appropri\u00e9 \u00e0 votre condition individuelle.<\/p>\n<h4>Incision et r\u00e9paration musculaire :<\/h4>\n<p>Le chirurgien pratiquera une incision horizontale entre la ligne des poils pubiens et le nombril. La longueur et la forme de l&rsquo;incision d\u00e9pendent de la quantit\u00e9 d&rsquo;exc\u00e8s de peau. Les muscles abdominaux sous-jacents affaiblis sont ensuite r\u00e9par\u00e9s et sutur\u00e9s.<\/p>\n<h4>\u00c9limination des rel\u00e2chements et de la graisse :<\/h4>\n<p>Le chirurgien \u00e9liminera l&rsquo;exc\u00e8s de peau et de graisse \u00e0 travers l&rsquo;incision. La liposuccion peut \u00e9galement \u00eatre utilis\u00e9e pour am\u00e9liorer les contours.<\/p>\n<p>Une fois l&rsquo;exc\u00e8s de tissu retir\u00e9, la peau restante est tir\u00e9e vers le bas et sutur\u00e9e. Une nouvelle ouverture pour le nombril est cr\u00e9\u00e9e, puis celui-ci est sutur\u00e9 en place.<\/p>\n<h4>Fermeture des incisions :<\/h4>\n<p>Enfin, les incisions sont ferm\u00e9es avec des sutures. Des drains sont plac\u00e9s sous la peau pour \u00e9liminer tout exc\u00e8s de liquide ou de sang.<\/p>\n<h3>Post-op\u00e9ration<\/h3>\n<h4>D\u00e9but de la r\u00e9cup\u00e9ration :<\/h4>\n<p>Apr\u00e8s votre abdominoplastie, vous pouvez vous attendre \u00e0 un gonflement, des ecchymoses et de l&rsquo;inconfort. Des analg\u00e9siques prescrits et des professionnels de sant\u00e9 d\u00e9sign\u00e9s pour prendre soin de vos besoins vous aideront \u00e0 g\u00e9rer tout inconfort.<\/p>\n<h4>Instructions de soins \u00e0 domicile :<\/h4>\n<p>Vous recevrez des instructions sur la fa\u00e7on de vous habiller, de mettre le v\u00eatement de compression, d&rsquo;entretenir les drains et de prendre les m\u00e9dicaments prescrits.<\/p>\n<h4>Rendez-vous de suivi :<\/h4>\n<p>Veillez \u00e0 assister \u00e0 tous les rendez-vous de contr\u00f4le pr\u00e9vus pour que votre m\u00e9decin puisse suivre vos progr\u00e8s de gu\u00e9rison et r\u00e9pondre \u00e0 toute pr\u00e9occupation \u00e9ventuelle.<\/p>\n<h4>Retour progressif aux activit\u00e9s :<\/h4>\n<p>\u00c9vitez les activit\u00e9s intenses pendant au moins six semaines. La plupart des patients peuvent reprendre le travail dans les deux semaines, selon le type d&#8217;emploi.<\/p>\n<h4>Soins \u00e0 long terme :<\/h4>\n<p>Maintenez un poids stable, suivez les recommandations de soins des cicatrices et priorisez votre bien-\u00eatre \u00e9motionnel ! \u2600\ufe0f<\/p>\n<h2>Types d&rsquo;abdominoplastie<\/h2>\n<h3>Mini abdominoplastie (Abdominoplastie 90)<\/h3>\n<p>Cette proc\u00e9dure, \u00e9galement appel\u00e9e abdominoplastie partielle, cible uniquement la partie inf\u00e9rieure de l&rsquo;abdomen sous le nombril. Elle est id\u00e9ale pour les patients pr\u00e9sentant un exc\u00e8s l\u00e9ger \u00e0 mod\u00e9r\u00e9 de peau et de graisse dans la zone stomacale.<\/p>\n<p>L&rsquo;incision est plus petite et g\u00e9n\u00e9ralement limit\u00e9e \u00e0 la ligne du bikini, ce qui entra\u00eene moins de cicatrices. Le nombril reste g\u00e9n\u00e9ralement intact ou peut \u00eatre l\u00e9g\u00e8rement repositionn\u00e9.<\/p>\n<h3>Abdominoplastie standard (Abdominoplastie 180)<\/h3>\n<p>\u00c9galement connue sous le nom d&rsquo;abdominoplastie compl\u00e8te ou traditionnelle, cette proc\u00e9dure traite l&rsquo;exc\u00e8s de peau et de graisse sur toute la partie avant de la zone abdominale. L&rsquo;incision est faite horizontalement de hanche \u00e0 hanche, permettant au chirurgien de retirer l&rsquo;exc\u00e8s de tissu, de resserrer les muscles abdominaux et de repositionner le nombril pour une apparence plus rajeunie.<\/p>\n<h3>Abdominoplastie \u00e9tendue (Abdominoplastie 270)<\/h3>\n<p>Cette proc\u00e9dure cible non seulement l&rsquo;exc\u00e8s de peau et de graisse dans la partie inf\u00e9rieure de l&rsquo;abdomen, mais s&rsquo;\u00e9tend \u00e9galement sur les c\u00f4t\u00e9s. En allongeant l&rsquo;incision faite lors d&rsquo;une abdominoplastie standard, elle traite l&rsquo;exc\u00e8s de peau et de graisse dans les zones lat\u00e9rales, r\u00e9sultant en un remodelage plus complet de la taille.<\/p>\n<h3>Lipectomie en ceinture (Abdominoplastie 360)<\/h3>\n<p>Cette proc\u00e9dure, \u00e9galement d\u00e9crite comme une abdominoplastie circonf\u00e9rentielle, traite l&rsquo;exc\u00e8s de peau et de graisse dans tout l&rsquo;abdomen, y compris l&rsquo;avant, les c\u00f4t\u00e9s et le dos.<\/p>\n<p>L&rsquo;incision s&rsquo;\u00e9tend tout autour de la taille, permettant au chirurgien de retirer l&rsquo;exc\u00e8s de tissu et de remodeler toute la partie m\u00e9diane. Elle est id\u00e9ale pour les patients qui ont connu une perte de poids significative ou qui ont un exc\u00e8s de peau et de graisse dans plusieurs zones de l&rsquo;abdomen.<\/p>\n<h3>Abdominoplastie en fleur de lys (Abdominoplastie FDL)<\/h3>\n<p>Cette proc\u00e9dure convient aux patients pr\u00e9sentant un exc\u00e8s important de peau et de graisse dans leur estomac, souvent apr\u00e8s une perte de poids massive ou de multiples grossesses. Elle implique une incision verticale en plus de l&rsquo;incision horizontale pour traiter l&rsquo;exc\u00e8s de tissu \u00e0 la fois verticalement et horizontalement. Cela permet un retrait maximal de tissu et un remodelage de l&rsquo;abdomen, r\u00e9sultant en une transformation plus audacieuse.<\/p>\n<h2>Abdominoplastie pour hommes<\/h2>\n<p>Principalement en raison d&rsquo;une perte de poids significative, les hommes auront un exc\u00e8s de peau en particulier sur leur zone abdominale. L&rsquo;abdominoplastie est \u00e9galement une solution cosm\u00e9tique courante pour obtenir un haut du corps plus tonique et d\u00e9fini pour les hommes.<\/p>\n<p>Une \u00ab\u00a0abdominoplastie masculine\u00a0\u00bb n&rsquo;est pas si diff\u00e9rente d&rsquo;une abdominoplastie standard, cependant. Il n&rsquo;y a que quelques l\u00e9g\u00e8res diff\u00e9rences qui peuvent modifier le processus chirurgical, qui sont :<\/p>\n<ul>\n<li>Focus musculaire \u2192 Les abdominoplasties masculines mettent souvent l&rsquo;accent sur les muscles grands droits de l&rsquo;abdomen pour am\u00e9liorer l&rsquo;apparence d&rsquo;un abdomen tonique et muscl\u00e9, incorporant parfois une d\u00e9finition en six-pack.<\/li>\n<li>Placement de l&rsquo;incision \u2192 Les incisions peuvent \u00eatre positionn\u00e9es pour s&rsquo;aligner sur les contours naturels de la physionomie masculine, souvent plus bas pour \u00eatre facilement dissimul\u00e9es par les v\u00eatements.<\/li>\n<li>Distribution de la graisse \u2192 Les hommes ont g\u00e9n\u00e9ralement des sch\u00e9mas de distribution de graisse diff\u00e9rents, et la proc\u00e9dure peut impliquer une liposuccion plus cibl\u00e9e pour traiter ces zones.<\/li>\n<li>\u00c9paisseur de la peau \u2192 La peau masculine est g\u00e9n\u00e9ralement plus \u00e9paisse et plus fibreuse, ce qui peut affecter la technique chirurgicale et le processus de r\u00e9cup\u00e9ration.<\/li>\n<li>Op\u00e9rations combin\u00e9es \u2192 Comme il est peu probable que la peau l\u00e2che se limite uniquement \u00e0 l&rsquo;estomac (affaissement des seins, etc.), une chirurgie de gyn\u00e9comastie est \u00e9galement appliqu\u00e9e pendant ces traitements. La gyn\u00e9comastie est une condition m\u00e9dicale provoquant l&rsquo;\u00e9largissement du tissu mammaire masculin en raison de d\u00e9s\u00e9quilibres hormonaux, et la chirurgie de gyn\u00e9comastie fait r\u00e9f\u00e9rence \u00e0 l&rsquo;\u00e9limination de cet exc\u00e8s de tissu mammaire, r\u00e9sultant en une poitrine plus plate et plus masculine.<\/li>\n<\/ul>\n<h2>R\u00e9cup\u00e9ration apr\u00e8s l&rsquo;abdominoplastie<\/h2>\n<p>La gu\u00e9rison apr\u00e8s une abdominoplastie implique plusieurs \u00e9tapes pour assurer une r\u00e9cup\u00e9ration et des r\u00e9sultats optimaux.<\/p>\n<ul>\n<li>Initialement, un drain est plac\u00e9 pour \u00e9liminer l&rsquo;exc\u00e8s de fluides, qui est g\u00e9n\u00e9ralement retir\u00e9 dans les 2 \u00e0 4 jours.<\/li>\n<li>Il est conseill\u00e9 aux patients de porter un v\u00eatement de compression pendant 4 \u00e0 6 semaines apr\u00e8s l&rsquo;op\u00e9ration pour soutenir les tissus en cours de gu\u00e9rison et r\u00e9duire le gonflement.<\/li>\n<li>Pendant les 7 \u00e0 10 premiers jours, il est crucial de se pencher \u00e0 la taille en position debout pour prot\u00e9ger la plaie chirurgicale, apr\u00e8s quoi se tenir droit devient plus confortable.<\/li>\n<li>La cicatrice r\u00e9sultante s&rsquo;estompera progressivement avec le temps gr\u00e2ce aux produits de soin de la peau prescrits, atteignant son apparence finale dans les six mois \u00e0 un an, et est g\u00e9n\u00e9ralement dissimul\u00e9e par les sous-v\u00eatements ou un maillot de bain.<\/li>\n<\/ul>\n<h2>FAQ<\/h2>\n<h3>Combien de temps faut-il attendre avant de voir le r\u00e9sultat final de l&rsquo;abdominoplastie ?<\/h3>\n<p>Le r\u00e9sultat final d&rsquo;une abdominoplastie est g\u00e9n\u00e9ralement visible juste apr\u00e8s l&rsquo;op\u00e9ration. Mais le processus de gu\u00e9rison est achev\u00e9 dans les six mois \u00e0 un an, car le gonflement diminue et la cicatrice s&rsquo;estompe pendant cette p\u00e9riode.<\/p>\n<h3>La Turquie est-elle un pays s\u00fbr pour obtenir une abdominoplastie ?<\/h3>\n<p>Choisir la Turquie pour une abdominoplastie avec le Dr Cengizhan Ekizceli donne acc\u00e8s \u00e0 des soins m\u00e9dicaux de haute qualit\u00e9 et \u00e0 des installations avanc\u00e9es. L&rsquo;expertise du Dr Cengizhan assure des r\u00e9sultats fiables, et l&rsquo;infrastructure bien d\u00e9velopp\u00e9e du tourisme m\u00e9dical en Turquie soutient un processus de r\u00e9cup\u00e9ration en douceur pour vous !<\/p>\n<h3>Quelles chirurgies peuvent \u00eatre combin\u00e9es avec l&rsquo;abdominoplastie ?<\/h3>\n<p>La liposuccion est une chirurgie courante qui peut \u00eatre combin\u00e9e avec l&rsquo;abdominoplastie. Cette combinaison peut am\u00e9liorer les r\u00e9sultats de remodelage globaux en \u00e9liminant l&rsquo;exc\u00e8s de graisse en plus du resserrement de la zone abdominale.<\/p>\n<h3>Qui sont de bons candidats pour une abdominoplastie ?<\/h3>\n<p>Les bons candidats \u00e0 l&rsquo;abdominoplastie ont un exc\u00e8s de peau et des muscles affaiblis dans leur estomac en raison d&rsquo;une perte de poids significative ou d&rsquo;un accouchement. Ils doi<\/p>\n","protected":false},"excerpt":{"rendered":"<p>L&rsquo;accouchement ou un changement significatif de poids peut \u00e9largir et s\u00e9parer les muscles abdominaux. Cela entra\u00eene souvent une apparence gonfl\u00e9e persistante du ventre que vous pourriez d\u00e9tester voir. Ne vous culpabilisez pas si un r\u00e9gime excessif ou des exercices intensifs ne donnent pas un ventre plus plat ! M\u00eame en l&rsquo;absence de graisse abdominale, le&hellip;<\/p>\n","protected":false},"author":5,"featured_media":26415,"parent":0,"menu_order":0,"comment_status":"closed","ping_status":"closed","template":"","meta":{"footnotes":""},"class_list":["post-2481","page","type-page","status-publish","has-post-thumbnail","hentry","description-off"],"yoast_head":"<!-- This site is optimized with the Yoast SEO Premium plugin v27.3 (Yoast SEO v27.3) - https:\/\/yoast.com\/product\/yoast-seo-premium-wordpress\/ -->\n<title>Abdominoplastie (Tummy Tuck) - Dr. Cengizhan Ekizceli<\/title>\n<meta name=\"description\" content=\"Meta description: Le Dr. Cengizhan Ekizceli propose des abdominoplasties pour r\u00e9duire l&#039;exc\u00e8s de peau et am\u00e9liorer la silhouette avec des r\u00e9sultats naturels et durables.\" \/>\n<meta name=\"robots\" content=\"index, follow, max-snippet:-1, max-image-preview:large, max-video-preview:-1\" \/>\n<link rel=\"canonical\" href=\"https:\/\/drcengizhan.com\/fr\/tummy-tuck\/\" \/>\n<meta property=\"og:locale\" content=\"fr_FR\" \/>\n<meta property=\"og:type\" content=\"article\" \/>\n<meta property=\"og:title\" content=\"Abdominoplastie (Tummy Tuck)\" \/>\n<meta property=\"og:description\" content=\"Meta description: Le Dr. Cengizhan Ekizceli propose des abdominoplasties pour r\u00e9duire l&#039;exc\u00e8s de peau et am\u00e9liorer la silhouette avec des r\u00e9sultats naturels et durables.\" \/>\n<meta property=\"og:url\" content=\"https:\/\/drcengizhan.com\/fr\/tummy-tuck\/\" \/>\n<meta property=\"og:site_name\" content=\"Dr. Cengizhan Ekizceli\" \/>\n<meta property=\"article:publisher\" content=\"https:\/\/www.facebook.com\/drcengizhan\/\" \/>\n<meta property=\"article:modified_time\" content=\"2024-09-24T15:07:21+00:00\" \/>\n<meta property=\"og:image\" content=\"https:\/\/drcengizhan.com\/wp-content\/uploads\/2024\/09\/body_cover_1920x1080.jpg\" \/>\n\t<meta property=\"og:image:width\" content=\"1920\" \/>\n\t<meta property=\"og:image:height\" content=\"1080\" \/>\n\t<meta property=\"og:image:type\" content=\"image\/jpeg\" \/>\n<meta name=\"twitter:card\" content=\"summary_large_image\" \/>\n<script type=\"application\/ld+json\" class=\"yoast-schema-graph\">{\"@context\":\"https:\\\/\\\/schema.org\",\"@graph\":[{\"@type\":\"WebPage\",\"@id\":\"https:\\\/\\\/drcengizhan.com\\\/fr\\\/tummy-tuck\\\/\",\"url\":\"https:\\\/\\\/drcengizhan.com\\\/fr\\\/tummy-tuck\\\/\",\"name\":\"Abdominoplastie (Tummy Tuck) - Dr. Cengizhan Ekizceli\",\"isPartOf\":{\"@id\":\"https:\\\/\\\/drcengizhan.com\\\/fr\\\/#website\"},\"primaryImageOfPage\":{\"@id\":\"https:\\\/\\\/drcengizhan.com\\\/fr\\\/tummy-tuck\\\/#primaryimage\"},\"image\":{\"@id\":\"https:\\\/\\\/drcengizhan.com\\\/fr\\\/tummy-tuck\\\/#primaryimage\"},\"thumbnailUrl\":\"https:\\\/\\\/drcengizhan.com\\\/wp-content\\\/uploads\\\/2024\\\/09\\\/body_cover_1920x1080.jpg\",\"datePublished\":\"2023-12-19T04:56:08+00:00\",\"dateModified\":\"2024-09-24T15:07:21+00:00\",\"description\":\"Meta description: Le Dr. Cengizhan Ekizceli propose des abdominoplasties pour r\u00e9duire l'exc\u00e8s de peau et am\u00e9liorer la silhouette avec des r\u00e9sultats naturels et durables.\",\"breadcrumb\":{\"@id\":\"https:\\\/\\\/drcengizhan.com\\\/fr\\\/tummy-tuck\\\/#breadcrumb\"},\"inLanguage\":\"fr-FR\",\"potentialAction\":[{\"@type\":\"ReadAction\",\"target\":[\"https:\\\/\\\/drcengizhan.com\\\/fr\\\/tummy-tuck\\\/\"]}]},{\"@type\":\"ImageObject\",\"inLanguage\":\"fr-FR\",\"@id\":\"https:\\\/\\\/drcengizhan.com\\\/fr\\\/tummy-tuck\\\/#primaryimage\",\"url\":\"https:\\\/\\\/drcengizhan.com\\\/wp-content\\\/uploads\\\/2024\\\/09\\\/body_cover_1920x1080.jpg\",\"contentUrl\":\"https:\\\/\\\/drcengizhan.com\\\/wp-content\\\/uploads\\\/2024\\\/09\\\/body_cover_1920x1080.jpg\",\"width\":1920,\"height\":1080},{\"@type\":\"BreadcrumbList\",\"@id\":\"https:\\\/\\\/drcengizhan.com\\\/fr\\\/tummy-tuck\\\/#breadcrumb\",\"itemListElement\":[{\"@type\":\"ListItem\",\"position\":1,\"name\":\"Home\",\"item\":\"https:\\\/\\\/drcengizhan.com\\\/fr\\\/\"},{\"@type\":\"ListItem\",\"position\":2,\"name\":\"Abdominoplastie (Tummy Tuck)\"}]},{\"@type\":\"WebSite\",\"@id\":\"https:\\\/\\\/drcengizhan.com\\\/fr\\\/#website\",\"url\":\"https:\\\/\\\/drcengizhan.com\\\/fr\\\/\",\"name\":\"Dr. Cengizhan Ekizceli\",\"description\":\"Plastic Surgeon in Turkey\",\"publisher\":{\"@id\":\"https:\\\/\\\/drcengizhan.com\\\/fr\\\/#organization\"},\"potentialAction\":[{\"@type\":\"SearchAction\",\"target\":{\"@type\":\"EntryPoint\",\"urlTemplate\":\"https:\\\/\\\/drcengizhan.com\\\/fr\\\/?s={search_term_string}\"},\"query-input\":{\"@type\":\"PropertyValueSpecification\",\"valueRequired\":true,\"valueName\":\"search_term_string\"}}],\"inLanguage\":\"fr-FR\"},{\"@type\":\"Organization\",\"@id\":\"https:\\\/\\\/drcengizhan.com\\\/fr\\\/#organization\",\"name\":\"Dr. Cengizhan Ekizceli\",\"url\":\"https:\\\/\\\/drcengizhan.com\\\/fr\\\/\",\"logo\":{\"@type\":\"ImageObject\",\"inLanguage\":\"fr-FR\",\"@id\":\"https:\\\/\\\/drcengizhan.com\\\/fr\\\/#\\\/schema\\\/logo\\\/image\\\/\",\"url\":\"https:\\\/\\\/drcengizhan.com\\\/wp-content\\\/uploads\\\/2024\\\/07\\\/drce_yatay_logo-e1721899271292.webp\",\"contentUrl\":\"https:\\\/\\\/drcengizhan.com\\\/wp-content\\\/uploads\\\/2024\\\/07\\\/drce_yatay_logo-e1721899271292.webp\",\"width\":960,\"height\":307,\"caption\":\"Dr. Cengizhan Ekizceli\"},\"image\":{\"@id\":\"https:\\\/\\\/drcengizhan.com\\\/fr\\\/#\\\/schema\\\/logo\\\/image\\\/\"},\"sameAs\":[\"https:\\\/\\\/www.facebook.com\\\/drcengizhan\\\/\"]}]}<\/script>\n<!-- \/ Yoast SEO Premium plugin. -->","yoast_head_json":{"title":"Abdominoplastie (Tummy Tuck) - Dr. Cengizhan Ekizceli","description":"Meta description: Le Dr. Cengizhan Ekizceli propose des abdominoplasties pour r\u00e9duire l'exc\u00e8s de peau et am\u00e9liorer la silhouette avec des r\u00e9sultats naturels et durables.","robots":{"index":"index","follow":"follow","max-snippet":"max-snippet:-1","max-image-preview":"max-image-preview:large","max-video-preview":"max-video-preview:-1"},"canonical":"https:\/\/drcengizhan.com\/fr\/tummy-tuck\/","og_locale":"fr_FR","og_type":"article","og_title":"Abdominoplastie (Tummy Tuck)","og_description":"Meta description: Le Dr. Cengizhan Ekizceli propose des abdominoplasties pour r\u00e9duire l'exc\u00e8s de peau et am\u00e9liorer la silhouette avec des r\u00e9sultats naturels et durables.","og_url":"https:\/\/drcengizhan.com\/fr\/tummy-tuck\/","og_site_name":"Dr. Cengizhan Ekizceli","article_publisher":"https:\/\/www.facebook.com\/drcengizhan\/","article_modified_time":"2024-09-24T15:07:21+00:00","og_image":[{"width":1920,"height":1080,"url":"https:\/\/drcengizhan.com\/wp-content\/uploads\/2024\/09\/body_cover_1920x1080.jpg","type":"image\/jpeg"}],"twitter_card":"summary_large_image","schema":{"@context":"https:\/\/schema.org","@graph":[{"@type":"WebPage","@id":"https:\/\/drcengizhan.com\/fr\/tummy-tuck\/","url":"https:\/\/drcengizhan.com\/fr\/tummy-tuck\/","name":"Abdominoplastie (Tummy Tuck) - Dr. Cengizhan Ekizceli","isPartOf":{"@id":"https:\/\/drcengizhan.com\/fr\/#website"},"primaryImageOfPage":{"@id":"https:\/\/drcengizhan.com\/fr\/tummy-tuck\/#primaryimage"},"image":{"@id":"https:\/\/drcengizhan.com\/fr\/tummy-tuck\/#primaryimage"},"thumbnailUrl":"https:\/\/drcengizhan.com\/wp-content\/uploads\/2024\/09\/body_cover_1920x1080.jpg","datePublished":"2023-12-19T04:56:08+00:00","dateModified":"2024-09-24T15:07:21+00:00","description":"Meta description: Le Dr. Cengizhan Ekizceli propose des abdominoplasties pour r\u00e9duire l'exc\u00e8s de peau et am\u00e9liorer la silhouette avec des r\u00e9sultats naturels et durables.","breadcrumb":{"@id":"https:\/\/drcengizhan.com\/fr\/tummy-tuck\/#breadcrumb"},"inLanguage":"fr-FR","potentialAction":[{"@type":"ReadAction","target":["https:\/\/drcengizhan.com\/fr\/tummy-tuck\/"]}]},{"@type":"ImageObject","inLanguage":"fr-FR","@id":"https:\/\/drcengizhan.com\/fr\/tummy-tuck\/#primaryimage","url":"https:\/\/drcengizhan.com\/wp-content\/uploads\/2024\/09\/body_cover_1920x1080.jpg","contentUrl":"https:\/\/drcengizhan.com\/wp-content\/uploads\/2024\/09\/body_cover_1920x1080.jpg","width":1920,"height":1080},{"@type":"BreadcrumbList","@id":"https:\/\/drcengizhan.com\/fr\/tummy-tuck\/#breadcrumb","itemListElement":[{"@type":"ListItem","position":1,"name":"Home","item":"https:\/\/drcengizhan.com\/fr\/"},{"@type":"ListItem","position":2,"name":"Abdominoplastie (Tummy Tuck)"}]},{"@type":"WebSite","@id":"https:\/\/drcengizhan.com\/fr\/#website","url":"https:\/\/drcengizhan.com\/fr\/","name":"Dr. Cengizhan Ekizceli","description":"Plastic Surgeon in Turkey","publisher":{"@id":"https:\/\/drcengizhan.com\/fr\/#organization"},"potentialAction":[{"@type":"SearchAction","target":{"@type":"EntryPoint","urlTemplate":"https:\/\/drcengizhan.com\/fr\/?s={search_term_string}"},"query-input":{"@type":"PropertyValueSpecification","valueRequired":true,"valueName":"search_term_string"}}],"inLanguage":"fr-FR"},{"@type":"Organization","@id":"https:\/\/drcengizhan.com\/fr\/#organization","name":"Dr. Cengizhan Ekizceli","url":"https:\/\/drcengizhan.com\/fr\/","logo":{"@type":"ImageObject","inLanguage":"fr-FR","@id":"https:\/\/drcengizhan.com\/fr\/#\/schema\/logo\/image\/","url":"https:\/\/drcengizhan.com\/wp-content\/uploads\/2024\/07\/drce_yatay_logo-e1721899271292.webp","contentUrl":"https:\/\/drcengizhan.com\/wp-content\/uploads\/2024\/07\/drce_yatay_logo-e1721899271292.webp","width":960,"height":307,"caption":"Dr. Cengizhan Ekizceli"},"image":{"@id":"https:\/\/drcengizhan.com\/fr\/#\/schema\/logo\/image\/"},"sameAs":["https:\/\/www.facebook.com\/drcengizhan\/"]}]}},"_links":{"self":[{"href":"https:\/\/drcengizhan.com\/fr\/wp-json\/wp\/v2\/pages\/2481","targetHints":{"allow":["GET"]}}],"collection":[{"href":"https:\/\/drcengizhan.com\/fr\/wp-json\/wp\/v2\/pages"}],"about":[{"href":"https:\/\/drcengizhan.com\/fr\/wp-json\/wp\/v2\/types\/page"}],"author":[{"embeddable":true,"href":"https:\/\/drcengizhan.com\/fr\/wp-json\/wp\/v2\/users\/5"}],"replies":[{"embeddable":true,"href":"https:\/\/drcengizhan.com\/fr\/wp-json\/wp\/v2\/comments?post=2481"}],"version-history":[{"count":0,"href":"https:\/\/drcengizhan.com\/fr\/wp-json\/wp\/v2\/pages\/2481\/revisions"}],"wp:featuredmedia":[{"embeddable":true,"href":"https:\/\/drcengizhan.com\/fr\/wp-json\/wp\/v2\/media\/26415"}],"wp:attachment":[{"href":"https:\/\/drcengizhan.com\/fr\/wp-json\/wp\/v2\/media?parent=2481"}],"curies":[{"name":"wp","href":"https:\/\/api.w.org\/{rel}","templated":true}]}}